{"id":17534,"date":"2026-04-15T18:10:07","date_gmt":"2026-04-15T16:10:07","guid":{"rendered":"https:\/\/www.eukratom.com\/shop\/sin categor\u00eda\/green-thai\/"},"modified":"2026-04-15T18:10:07","modified_gmt":"2026-04-15T16:10:07","slug":"green-thai","status":"publish","type":"product","link":"https:\/\/www.eukratom.com\/es\/shop\/comprar-kratom\/green-kratom\/green-thai\/","title":{"rendered":"Green Thai"},"content":{"rendered":"<h2>Comprar Green Thai en l\u00ednea<\/h2>\n<h3>\u00bfQu\u00e9 es el Kratom Green Thai?<\/h3>\n<p>El Green Thai es un polvo de alta calidad derivado de las hojas del \u00e1rbol <em>Mitragyna speciosa<\/em>, cultivado en las h\u00famedas tierras bajas del norte de Tailandia. Conocida por su vibrante tono verde y su rico perfil, esta variedad se seca meticulosamente y se muele hasta obtener una consistencia fina, preservando su esencia cruda y natural. La Green Thai es conocida como la mejor hoja en polvo de alta calidad de la cadena. Este producto se ofrece como polvo de hoja fino.   <\/p>\n<p>\ud83c\udf3f Recolectada de \u00e1rboles maduros cultivados en Tailandia<br \/>\ud83d\udca1 Polvo de hojas de un verde vibrante<br \/>\ud83e\uddfc Polvo finamente molido<br \/>\ud83c\udf31 Producto bot\u00e1nico 100% natural, sin aditivos ni rellenos<br \/>\ud83e\uddea Pureza y seguridad probadas en laboratorios independientes<br \/>\ud83d\udce6 Envasada en una bolsita resellable para una frescura duradera<\/p>\n<hr>\n<h3>Descripci\u00f3n bot\u00e1nica<\/h3>\n<p><strong>Nombre cient\u00edfico:<\/strong> <em>Mitragyna speciosa<\/em><br \/><strong>Familia:<\/strong> Rubi\u00e1ceas<br \/><strong>Orden:<\/strong> Gentianales<br \/><strong>Altura de crecimiento:<\/strong> 10-25 metros<br \/><strong>Hojas:<\/strong> Brillantes, de color verde intenso, normalmente de 9-24 cm de longitud<br \/><strong>Flores:<\/strong> Racimos compactos, de color amarillo crema, de 3-4 cm de di\u00e1metro<br \/><strong>Fruto:<\/strong> C\u00e1psulas secas con semillas finas<\/p>\n<hr>\n<h3>Composici\u00f3n qu\u00edmica del tailand\u00e9s verde<\/h3>\n<p>La Green Thai es conocida por su equilibrado espectro de alcaloides, lo que la convierte en una variedad distintiva entre las variedades de kratom. Su vibrante color de hoja es el resultado de una cuidadosa recolecci\u00f3n durante la fase de madurez media de la planta, combinada con unas condiciones \u00f3ptimas de secado. La consistencia y pureza de esta variedad la convierten en la opci\u00f3n preferida de los formuladores que buscan un material fiable de origen natural.  <\/p>\n<hr>\n<h3>Informaci\u00f3n sobre el producto<\/h3>\n<p><strong>Contenido:<\/strong> 100% polvo de hoja de <em>Mitragyna speciosa<\/em> <br \/><strong>Origen:<\/strong> Tailandia<br \/><strong>Formato:<\/strong> Polvo de hoja finamente molido<br \/><strong>Utilizaci\u00f3n:<\/strong> Materia prima bot\u00e1nica destinada \u00fanicamente a uso cosm\u00e9tico, artesanal o de investigaci\u00f3n. No est\u00e1 destinado al consumo humano ni a la alimentaci\u00f3n animal. <\/p>\n<hr>\n<h3>\u00bfC\u00f3mo se debe conservar el thai verde?<\/h3>\n<p>Para conservar su color natural y su fina textura, guarda el Green Thai en un lugar fresco y seco, lejos de la luz solar y la humedad. Mant\u00e9n la bolsa cerrada y guardada fuera del alcance de los ni\u00f1os y los animales dom\u00e9sticos. <\/p>\n<hr>\n<h3>\ud83e\uddea Calidad y pruebas<\/h3>\n<p>El Green Thai se produce siguiendo las t\u00e9cnicas tradicionales de su regi\u00f3n de origen. Tras su elaboraci\u00f3n, el polvo se env\u00eda a laboratorios independientes de Europa para un exhaustivo control de calidad. Cada lote se somete a un cribado para detectar contaminantes microbianos, como E. coli, Salmonella, moho, levaduras, Enterobacteriaceae y metales pesados.  <\/p>\n<p>Este riguroso protocolo de pruebas garantiza que todo el material bot\u00e1nico cumple las normas de calidad y seguridad de EUKratom. Nuestro compromiso es proporcionar bot\u00e1nicos verificados exhaustivamente y de origen responsable para uso profesional y artesanal.  M\u00e1s informaci\u00f3n sobre <a href=\"https:\/\/www.eukratom.com\/kratom-lab-tests\/\"><strong>nuestra calidad y pruebas aqu\u00ed.<\/strong><\/a><\/p>\n<hr>\n<h3>\ud83d\udd17 \u00bfEs ilegal el Kratom donde vives?<\/h3>\n<p>\u00bfBuscas opciones bot\u00e1nicas naturales? No te pierdas nuestra completa gama de alternativas al kratom cuidadosamente seleccionadas, ideales para los usuarios que quieren dejar el kratom o para los que viven donde el kratom es ilegal. <strong><a class=\"\" href=\"https:\/\/www.eukratom.com\/es\/products\/comprar-kratom\/kratom-alternatives\/\" rel=\"noopener\"> Explora aqu\u00ed nuestras alternativas al kratom \u2192<\/a><\/strong><\/p>\n","protected":false},"excerpt":{"rendered":"<p>El Kratom Green Thai es una cepa de primera calidad procedente directamente de la exuberante naturaleza de Tailandia. Conocido por su equilibrado perfil de alcaloides, este aut\u00e9ntico kratom tailand\u00e9s se cosecha y seca cuidadosamente para preservar su calidad natural. La mejor elecci\u00f3n para quienes buscan kratom tailand\u00e9s aut\u00e9ntico con frescura y pureza constantes. Perfecto para los clientes que buscan kratom tailand\u00e9s de alta calidad en Europa.   <\/p>\n","protected":false},"featured_media":17519,"comment_status":"open","ping_status":"closed","template":"","meta":[],"product_brand":[],"product_cat":[401,402],"product_tag":[],"class_list":{"0":"post-17534","1":"product","2":"type-product","3":"status-publish","4":"has-post-thumbnail","6":"product_cat-comprar-kratom","7":"product_cat-green-kratom","9":"first","10":"outofstock","11":"taxable","12":"shipping-taxable","13":"purchasable","14":"product-type-variable","15":"has-default-attributes"},"yoast_head":"<!-- This site is optimized with the Yoast SEO plugin v27.4 - https:\/\/yoast.com\/product\/yoast-seo-wordpress\/ -->\n<title>Comprar aut\u00e9ntico Green Thai online en Europa | EUKRATOM<\/title>\n<meta name=\"description\" content=\"Comprar Green Thai online en Europa. Kratom premium de Tailandia. Cosechado de \u00e1rboles cultivados exclusivamente. De confianza y probado en laboratorio. Env\u00edo r\u00e1pido.\" \/>\n<meta name=\"robots\" content=\"index, follow, max-snippet:-1, max-image-preview:large, max-video-preview:-1\" \/>\n<link rel=\"canonical\" href=\"https:\/\/www.eukratom.com\/es\/shop\/comprar-kratom\/green-kratom\/green-thai\/\" \/>\n<meta property=\"og:locale\" content=\"es_ES\" \/>\n<meta property=\"og:type\" content=\"article\" \/>\n<meta property=\"og:title\" content=\"Comprar aut\u00e9ntico Green Thai online en Europa | EUKRATOM\" \/>\n<meta property=\"og:description\" content=\"Comprar Green Thai online en Europa. Kratom premium de Tailandia. Cosechado de \u00e1rboles cultivados exclusivamente. De confianza y probado en laboratorio. Env\u00edo r\u00e1pido.\" \/>\n<meta property=\"og:url\" content=\"https:\/\/www.eukratom.com\/es\/shop\/comprar-kratom\/green-kratom\/green-thai\/\" \/>\n<meta property=\"og:site_name\" content=\"EUKRATOM\" \/>\n<meta property=\"og:image\" content=\"https:\/\/www.eukratom.com\/wp-content\/uploads\/2026\/04\/Green-Thai-Kratom.webp\" \/>\n\t<meta property=\"og:image:width\" content=\"1000\" \/>\n\t<meta property=\"og:image:height\" content=\"1000\" \/>\n\t<meta property=\"og:image:type\" content=\"image\/webp\" \/>\n<meta name=\"twitter:card\" content=\"summary_large_image\" \/>\n<meta name=\"twitter:label1\" content=\"Tiempo de lectura\" \/>\n\t<meta name=\"twitter:data1\" content=\"3 minutos\" \/>\n<script type=\"application\/ld+json\" class=\"yoast-schema-graph\">{\"@context\":\"https:\\\/\\\/schema.org\",\"@graph\":[{\"@type\":\"WebPage\",\"@id\":\"https:\\\/\\\/www.eukratom.com\\\/es\\\/shop\\\/comprar-kratom\\\/green-kratom\\\/green-thai\\\/\",\"url\":\"https:\\\/\\\/www.eukratom.com\\\/es\\\/shop\\\/comprar-kratom\\\/green-kratom\\\/green-thai\\\/\",\"name\":\"Comprar aut\u00e9ntico Green Thai online en Europa | EUKRATOM\",\"isPartOf\":{\"@id\":\"https:\\\/\\\/www.eukratom.com\\\/es\\\/#website\"},\"primaryImageOfPage\":{\"@id\":\"https:\\\/\\\/www.eukratom.com\\\/es\\\/shop\\\/comprar-kratom\\\/green-kratom\\\/green-thai\\\/#primaryimage\"},\"image\":{\"@id\":\"https:\\\/\\\/www.eukratom.com\\\/es\\\/shop\\\/comprar-kratom\\\/green-kratom\\\/green-thai\\\/#primaryimage\"},\"thumbnailUrl\":\"https:\\\/\\\/www.eukratom.com\\\/wp-content\\\/uploads\\\/2026\\\/04\\\/Green-Thai-Kratom.webp\",\"datePublished\":\"2026-04-15T16:10:07+00:00\",\"description\":\"Comprar Green Thai online en Europa. Kratom premium de Tailandia. Cosechado de \u00e1rboles cultivados exclusivamente. De confianza y probado en laboratorio. Env\u00edo r\u00e1pido.\",\"breadcrumb\":{\"@id\":\"https:\\\/\\\/www.eukratom.com\\\/es\\\/shop\\\/comprar-kratom\\\/green-kratom\\\/green-thai\\\/#breadcrumb\"},\"inLanguage\":\"es\",\"potentialAction\":[{\"@type\":\"ReadAction\",\"target\":[\"https:\\\/\\\/www.eukratom.com\\\/es\\\/shop\\\/comprar-kratom\\\/green-kratom\\\/green-thai\\\/\"]}]},{\"@type\":\"ImageObject\",\"inLanguage\":\"es\",\"@id\":\"https:\\\/\\\/www.eukratom.com\\\/es\\\/shop\\\/comprar-kratom\\\/green-kratom\\\/green-thai\\\/#primaryimage\",\"url\":\"https:\\\/\\\/www.eukratom.com\\\/wp-content\\\/uploads\\\/2026\\\/04\\\/Green-Thai-Kratom.webp\",\"contentUrl\":\"https:\\\/\\\/www.eukratom.com\\\/wp-content\\\/uploads\\\/2026\\\/04\\\/Green-Thai-Kratom.webp\",\"width\":1000,\"height\":1000,\"caption\":\"Kratom Green Thai en polvo\"},{\"@type\":\"BreadcrumbList\",\"@id\":\"https:\\\/\\\/www.eukratom.com\\\/es\\\/shop\\\/comprar-kratom\\\/green-kratom\\\/green-thai\\\/#breadcrumb\",\"itemListElement\":[{\"@type\":\"ListItem\",\"position\":1,\"name\":\"Home\",\"item\":\"https:\\\/\\\/www.eukratom.com\\\/es\\\/\"},{\"@type\":\"ListItem\",\"position\":2,\"name\":\"Tienda\",\"item\":\"https:\\\/\\\/www.eukratom.com\\\/es\\\/tienda\\\/\"},{\"@type\":\"ListItem\",\"position\":3,\"name\":\"Private: Green Thai\"}]},{\"@type\":\"WebSite\",\"@id\":\"https:\\\/\\\/www.eukratom.com\\\/es\\\/#website\",\"url\":\"https:\\\/\\\/www.eukratom.com\\\/es\\\/\",\"name\":\"EUKRATOM\",\"description\":\"Best Kratom Online in Europe\",\"publisher\":{\"@id\":\"https:\\\/\\\/www.eukratom.com\\\/es\\\/#organization\"},\"potentialAction\":[{\"@type\":\"SearchAction\",\"target\":{\"@type\":\"EntryPoint\",\"urlTemplate\":\"https:\\\/\\\/www.eukratom.com\\\/es\\\/?s={search_term_string}\"},\"query-input\":{\"@type\":\"PropertyValueSpecification\",\"valueRequired\":true,\"valueName\":\"search_term_string\"}}],\"inLanguage\":\"es\"},{\"@type\":\"Organization\",\"@id\":\"https:\\\/\\\/www.eukratom.com\\\/es\\\/#organization\",\"name\":\"EUKRATOM\",\"url\":\"https:\\\/\\\/www.eukratom.com\\\/es\\\/\",\"logo\":{\"@type\":\"ImageObject\",\"inLanguage\":\"es\",\"@id\":\"https:\\\/\\\/www.eukratom.com\\\/es\\\/#\\\/schema\\\/logo\\\/image\\\/\",\"url\":\"https:\\\/\\\/www.eukratom.com\\\/wp-content\\\/uploads\\\/2023\\\/02\\\/EUkratom.com_.svg\",\"contentUrl\":\"https:\\\/\\\/www.eukratom.com\\\/wp-content\\\/uploads\\\/2023\\\/02\\\/EUkratom.com_.svg\",\"width\":1,\"height\":1,\"caption\":\"EUKRATOM\"},\"image\":{\"@id\":\"https:\\\/\\\/www.eukratom.com\\\/es\\\/#\\\/schema\\\/logo\\\/image\\\/\"}}]}<\/script>\n<!-- \/ Yoast SEO plugin. -->","yoast_head_json":{"title":"Comprar aut\u00e9ntico Green Thai online en Europa | EUKRATOM","description":"Comprar Green Thai online en Europa. Kratom premium de Tailandia. Cosechado de \u00e1rboles cultivados exclusivamente. De confianza y probado en laboratorio. Env\u00edo r\u00e1pido.","robots":{"index":"index","follow":"follow","max-snippet":"max-snippet:-1","max-image-preview":"max-image-preview:large","max-video-preview":"max-video-preview:-1"},"canonical":"https:\/\/www.eukratom.com\/es\/shop\/comprar-kratom\/green-kratom\/green-thai\/","og_locale":"es_ES","og_type":"article","og_title":"Comprar aut\u00e9ntico Green Thai online en Europa | EUKRATOM","og_description":"Comprar Green Thai online en Europa. Kratom premium de Tailandia. Cosechado de \u00e1rboles cultivados exclusivamente. De confianza y probado en laboratorio. Env\u00edo r\u00e1pido.","og_url":"https:\/\/www.eukratom.com\/es\/shop\/comprar-kratom\/green-kratom\/green-thai\/","og_site_name":"EUKRATOM","og_image":[{"width":1000,"height":1000,"url":"https:\/\/www.eukratom.com\/wp-content\/uploads\/2026\/04\/Green-Thai-Kratom.webp","type":"image\/webp"}],"twitter_card":"summary_large_image","twitter_misc":{"Tiempo de lectura":"3 minutos"},"schema":{"@context":"https:\/\/schema.org","@graph":[{"@type":"WebPage","@id":"https:\/\/www.eukratom.com\/es\/shop\/comprar-kratom\/green-kratom\/green-thai\/","url":"https:\/\/www.eukratom.com\/es\/shop\/comprar-kratom\/green-kratom\/green-thai\/","name":"Comprar aut\u00e9ntico Green Thai online en Europa | EUKRATOM","isPartOf":{"@id":"https:\/\/www.eukratom.com\/es\/#website"},"primaryImageOfPage":{"@id":"https:\/\/www.eukratom.com\/es\/shop\/comprar-kratom\/green-kratom\/green-thai\/#primaryimage"},"image":{"@id":"https:\/\/www.eukratom.com\/es\/shop\/comprar-kratom\/green-kratom\/green-thai\/#primaryimage"},"thumbnailUrl":"https:\/\/www.eukratom.com\/wp-content\/uploads\/2026\/04\/Green-Thai-Kratom.webp","datePublished":"2026-04-15T16:10:07+00:00","description":"Comprar Green Thai online en Europa. Kratom premium de Tailandia. Cosechado de \u00e1rboles cultivados exclusivamente. De confianza y probado en laboratorio. Env\u00edo r\u00e1pido.","breadcrumb":{"@id":"https:\/\/www.eukratom.com\/es\/shop\/comprar-kratom\/green-kratom\/green-thai\/#breadcrumb"},"inLanguage":"es","potentialAction":[{"@type":"ReadAction","target":["https:\/\/www.eukratom.com\/es\/shop\/comprar-kratom\/green-kratom\/green-thai\/"]}]},{"@type":"ImageObject","inLanguage":"es","@id":"https:\/\/www.eukratom.com\/es\/shop\/comprar-kratom\/green-kratom\/green-thai\/#primaryimage","url":"https:\/\/www.eukratom.com\/wp-content\/uploads\/2026\/04\/Green-Thai-Kratom.webp","contentUrl":"https:\/\/www.eukratom.com\/wp-content\/uploads\/2026\/04\/Green-Thai-Kratom.webp","width":1000,"height":1000,"caption":"Kratom Green Thai en polvo"},{"@type":"BreadcrumbList","@id":"https:\/\/www.eukratom.com\/es\/shop\/comprar-kratom\/green-kratom\/green-thai\/#breadcrumb","itemListElement":[{"@type":"ListItem","position":1,"name":"Home","item":"https:\/\/www.eukratom.com\/es\/"},{"@type":"ListItem","position":2,"name":"Tienda","item":"https:\/\/www.eukratom.com\/es\/tienda\/"},{"@type":"ListItem","position":3,"name":"Private: Green Thai"}]},{"@type":"WebSite","@id":"https:\/\/www.eukratom.com\/es\/#website","url":"https:\/\/www.eukratom.com\/es\/","name":"EUKRATOM","description":"Best Kratom Online in Europe","publisher":{"@id":"https:\/\/www.eukratom.com\/es\/#organization"},"potentialAction":[{"@type":"SearchAction","target":{"@type":"EntryPoint","urlTemplate":"https:\/\/www.eukratom.com\/es\/?s={search_term_string}"},"query-input":{"@type":"PropertyValueSpecification","valueRequired":true,"valueName":"search_term_string"}}],"inLanguage":"es"},{"@type":"Organization","@id":"https:\/\/www.eukratom.com\/es\/#organization","name":"EUKRATOM","url":"https:\/\/www.eukratom.com\/es\/","logo":{"@type":"ImageObject","inLanguage":"es","@id":"https:\/\/www.eukratom.com\/es\/#\/schema\/logo\/image\/","url":"https:\/\/www.eukratom.com\/wp-content\/uploads\/2023\/02\/EUkratom.com_.svg","contentUrl":"https:\/\/www.eukratom.com\/wp-content\/uploads\/2023\/02\/EUkratom.com_.svg","width":1,"height":1,"caption":"EUKRATOM"},"image":{"@id":"https:\/\/www.eukratom.com\/es\/#\/schema\/logo\/image\/"}}]}},"jetpack_sharing_enabled":true,"_links":{"self":[{"href":"https:\/\/www.eukratom.com\/es\/wp-json\/wp\/v2\/product\/17534","targetHints":{"allow":["GET"]}}],"collection":[{"href":"https:\/\/www.eukratom.com\/es\/wp-json\/wp\/v2\/product"}],"about":[{"href":"https:\/\/www.eukratom.com\/es\/wp-json\/wp\/v2\/types\/product"}],"replies":[{"embeddable":true,"href":"https:\/\/www.eukratom.com\/es\/wp-json\/wp\/v2\/comments?post=17534"}],"wp:featuredmedia":[{"embeddable":true,"href":"https:\/\/www.eukratom.com\/es\/wp-json\/wp\/v2\/media\/17519"}],"wp:attachment":[{"href":"https:\/\/www.eukratom.com\/es\/wp-json\/wp\/v2\/media?parent=17534"}],"wp:term":[{"taxonomy":"product_brand","embeddable":true,"href":"https:\/\/www.eukratom.com\/es\/wp-json\/wp\/v2\/product_brand?post=17534"},{"taxonomy":"product_cat","embeddable":true,"href":"https:\/\/www.eukratom.com\/es\/wp-json\/wp\/v2\/product_cat?post=17534"},{"taxonomy":"product_tag","embeddable":true,"href":"https:\/\/www.eukratom.com\/es\/wp-json\/wp\/v2\/product_tag?post=17534"}],"curies":[{"name":"wp","href":"https:\/\/api.w.org\/{rel}","templated":true}]}}