{"id":12704,"date":"2021-06-16T22:18:55","date_gmt":"2021-06-16T20:18:55","guid":{"rendered":"https:\/\/www.eukratom.com\/shop\/sin%20categor\u00eda\/wild-green-borneo\/"},"modified":"2026-04-23T16:23:19","modified_gmt":"2026-04-23T14:23:19","slug":"wild-green-borneo","status":"publish","type":"product","link":"https:\/\/www.eukratom.com\/es\/shop\/comprar-kratom\/green-kratom\/wild-green-borneo\/","title":{"rendered":"Wild Green Borneo"},"content":{"rendered":"<h2><strong>Comprar Wild Green Borneo Online<\/strong><\/h2>\n<h3>\u00bfQu\u00e9 es el Kratom Wild Green Borneo?<\/h3>\n<p>Wild Green Borneo es un polvo de hoja de Kratom finamente molido, procedente de \u00e1rboles maduros de Mitragyna speciosa que se encuentran en las profundidades de las selvas tropicales de Borneo. Estos \u00e1rboles prosperan en entornos tropicales con mucha humedad y suelos ricos en nutrientes. Las hojas se recogen de \u00e1rboles silvestres y se procesan con m\u00e9todos tradicionales de secado para preservar su composici\u00f3n natural. El polvo se utiliza mucho y es especialmente apreciado por su tono verde vibrante y su origen natural. Disponible como polvo de hoja finamente molido.    <\/p>\n<ul>\n<li data-start=\"792\" data-end=\"841\">\n<p data-start=\"794\" data-end=\"841\">\ud83c\udf3f Recolectada en estado salvaje en \u00e1rboles maduros de Borneo<\/p>\n<\/li>\n<li data-start=\"842\" data-end=\"896\">\n<p data-start=\"844\" data-end=\"896\">\ud83d\udc9a Vibrante color verde polvo<\/p>\n<\/li>\n<li data-start=\"897\" data-end=\"957\">\n<p data-start=\"899\" data-end=\"957\">\ud83e\uddfc Polvos de hoja finamente molidos<\/p>\n<\/li>\n<li data-start=\"958\" data-end=\"1010\">\n<p data-start=\"960\" data-end=\"1010\">\ud83c\udf31 100% bot\u00e1nico puro &#8211; sin aditivos ni rellenos<\/p>\n<\/li>\n<li data-start=\"1011\" data-end=\"1051\">\n<p data-start=\"1013\" data-end=\"1051\">\ud83e\uddea Calidad y pureza probadas en laboratorio<\/p>\n<\/li>\n<li data-start=\"1052\" data-end=\"1102\">\n<p data-start=\"1054\" data-end=\"1102\">\ud83d\udce6 Bolsa con cierre para una frescura duradera<\/p>\n<\/li>\n<\/ul>\n<h3 data-start=\"904\" data-end=\"928\">Descripci\u00f3n bot\u00e1nica<\/h3>\n<ul data-start=\"930\" data-end=\"1223\">\n<li data-start=\"930\" data-end=\"975\">\n<p data-start=\"932\" data-end=\"975\"><strong data-start=\"932\" data-end=\"952\">Nombre cient\u00edfico:<\/strong> <a href=\"https:\/\/sv.wikipedia.org\/wiki\/Kratom\"><em data-start=\"953\" data-end=\"973\">Mitragyna speciosa<\/em><\/a><\/p>\n<\/li>\n<li data-start=\"976\" data-end=\"1001\">\n<p data-start=\"978\" data-end=\"1001\"><strong data-start=\"978\" data-end=\"989\">Familia:<\/strong> Rubi\u00e1ceas<\/p>\n<\/li>\n<li data-start=\"1002\" data-end=\"1028\">\n<p data-start=\"1004\" data-end=\"1028\"><strong data-start=\"1004\" data-end=\"1014\">Orden:<\/strong> Gentianales<\/p>\n<\/li>\n<li data-start=\"1029\" data-end=\"1064\">\n<p data-start=\"1031\" data-end=\"1064\"><strong data-start=\"1031\" data-end=\"1049\">Altura de crecimiento:<\/strong> 12-20 metros<\/p>\n<\/li>\n<li data-start=\"1065\" data-end=\"1119\">\n<p data-start=\"1067\" data-end=\"1119\"><strong data-start=\"1067\" data-end=\"1078\">Hojas:<\/strong> Anchas, ovaladas, de 10-20 cm de longitud<\/p>\n<\/li>\n<li data-start=\"1120\" data-end=\"1172\">\n<p data-start=\"1122\" data-end=\"1172\"><strong data-start=\"1122\" data-end=\"1134\">Flores:<\/strong> Peque\u00f1os racimos redondos de color blanco amarillento<\/p>\n<\/li>\n<li data-start=\"1173\" data-end=\"1223\">\n<p data-start=\"1175\" data-end=\"1223\"><strong data-start=\"1175\" data-end=\"1185\">Fruto:<\/strong> En forma de c\u00e1psula, contiene semillas diminutas<\/p>\n<\/li>\n<\/ul>\n<h3 data-start=\"1230\" data-end=\"1253\">Composici\u00f3n qu\u00edmica del Borneo Verde Silvestre<\/h3>\n<p data-start=\"1255\" data-end=\"1620\">El Borneo Verde Silvestre es conocido por su rico perfil bot\u00e1nico. Las hojas contienen mayores cantidades de alcaloides ind\u00f3licos naturales. Su estado natural conserva el color m\u00e1s claro y las caracter\u00edsticas \u00fanicas asociadas a las variedades verdes de <em data-start=\"1599\" data-end=\"1619\">Mitragyna speciosa<\/em>. Debido a su origen silvestre, esta variante suele considerarse m\u00e1s robusta en su forma cruda, lo que la convierte en la opci\u00f3n preferida de quienes buscan polvo bot\u00e1nico inalterado.   <\/p>\n<h3 data-start=\"1818\" data-end=\"1840\">Informaci\u00f3n sobre el producto<\/h3>\n<ul data-start=\"1842\" data-end=\"2180\">\n<li data-start=\"1842\" data-end=\"1918\">\n<p data-start=\"1844\" data-end=\"1918\"><strong data-start=\"1844\" data-end=\"1857\">Contenido:<\/strong> 100% <em data-start=\"1863\" data-end=\"1883\">Mitragyna speciosa<\/em> (variante verde silvestre) hoja en polvo<\/p>\n<\/li>\n<li data-start=\"1919\" data-end=\"1961\">\n<p data-start=\"1921\" data-end=\"1961\"><strong data-start=\"1921\" data-end=\"1932\">Origen:<\/strong> Borneo (regi\u00f3n de Kalimantan)<\/p>\n<\/li>\n<li data-start=\"1962\" data-end=\"2008\">\n<p data-start=\"1964\" data-end=\"2008\"><strong data-start=\"1964\" data-end=\"1975\">Formato:<\/strong> Polvo de hoja finamente molido<\/p>\n<\/li>\n<li data-start=\"2009\" data-end=\"2180\">\n<p data-start=\"2011\" data-end=\"2180\"><strong data-start=\"2011\" data-end=\"2019\">Utilizaci\u00f3n:<\/strong> Materia prima bot\u00e1nica <a href=\"https:\/\/www.eukratom.com\/how-to-make-body-scrub\/\">s\u00f3lo<\/a> para fines artesanales, cosm\u00e9ticos y t\u00e9cnicos. Este producto <strong data-start=\"2109\" data-end=\"2179\">no est\u00e1 destinado a ser utilizado como alimento, pienso o para cualquier forma de consumo humano<\/strong>.<\/p>\n<\/li>\n<\/ul>\n<h3 data-start=\"2187\" data-end=\"2229\">\u00bfC\u00f3mo debe conservarse el Borneo Verde Silvestre?<\/h3>\n<p data-start=\"2231\" data-end=\"2437\">Gu\u00e1rdalo en un lugar fresco y seco, alejado de la luz solar y la humedad. Mantenlo fuera del alcance de los ni\u00f1os y los animales dom\u00e9sticos. Un almacenamiento adecuado garantiza que el producto conserve su color, textura e integridad bot\u00e1nica con el paso del tiempo.  <\/p>\n<h3 data-start=\"2444\" data-end=\"2464\">Calidad y pruebas<\/h3>\n<p data-start=\"2466\" data-end=\"2764\">El Borneo Verde Silvestre se recolecta, seca y muele cuidadosamente en Indonesia antes de enviarlo a nuestros laboratorios independientes asociados de Europa. Estos laboratorios realizan pruebas exhaustivas de calidad para garantizar que el producto est\u00e1 libre de E. coli, Salmonella, levaduras\/moho, Enterobacteriaceae y metales pesados. <\/p>\n<p data-start=\"2766\" data-end=\"3019\">Cada lote se somete a un minucioso proceso de verificaci\u00f3n para confirmar la seguridad y el cumplimiento de las normas aplicables. Nos tomamos muy en serio la calidad del producto y la seguridad del cliente, y seguimos protocolos estrictos para ofrecer el nivel m\u00e1s alto posible en cada envase. <\/p>\n<h3 data-start=\"182\" data-end=\"225\">\ud83d\udd17 \u00bfEs ilegal el Kratom donde vives?<\/h3>\n<p data-start=\"226\" data-end=\"439\">\u00bfBuscas opciones bot\u00e1nicas naturales? No te pierdas nuestra completa gama de alternativas al kratom cuidadosamente seleccionadas, ideales para los usuarios que quieren dejar el kratom o para los que viven donde el kratom es ilegal. <strong data-start=\"392\" data-end=\"439\"><a class=\"\" href=\"https:\/\/www.eukratom.com\/es\/products\/comprar-kratom\/kratom-alternatives\/\" rel=\"noopener\" data-start=\"394\" data-end=\"437\">  Explora aqu\u00ed nuestras alternativas al kratom \u2192<\/a><\/strong><\/p>\n","protected":false},"excerpt":{"rendered":"<p>Borneo Verde Salvaje es un producto de primera calidad que procede del coraz\u00f3n de las selvas tropicales de Borneo, donde se deja crecer a los \u00e1rboles silvestres en su entorno natural. Estos \u00e1rboles tienen una edad media de 8 a\u00f1os y producen hojas con un tono verde y venas rojas, en lugar de blancas. Debido a su rareza y a las dificultades asociadas a su recolecci\u00f3n, el kratom salvaje es muy codiciado y exclusivo. Comparado con el kratom verde cultivado, el kratom salvaje posee caracter\u00edsticas de producto superiores, lo que lo convierte en una opci\u00f3n verdaderamente \u00fanica y deseable.   <\/p>\n","protected":false},"featured_media":13867,"comment_status":"open","ping_status":"closed","template":"","meta":[],"product_brand":[],"product_cat":[401,402],"product_tag":[],"class_list":{"0":"post-12704","1":"product","2":"type-product","3":"status-publish","4":"has-post-thumbnail","6":"product_cat-comprar-kratom","7":"product_cat-green-kratom","9":"first","10":"instock","11":"featured","12":"taxable","13":"shipping-taxable","14":"purchasable","15":"product-type-variable","16":"has-default-attributes"},"yoast_head":"<!-- This site is optimized with the Yoast SEO plugin v27.4 - https:\/\/yoast.com\/product\/yoast-seo-wordpress\/ -->\n<title>Comprar Wild Green Borneo Online | Kratom Premium<\/title>\n<meta name=\"description\" content=\"Comprar Wild Green Borneo Online. Cosechado de \u00e1rboles silvestres de Borneo. Kratom asequible, de confianza y probado en laboratorio. Env\u00edo r\u00e1pido.\" \/>\n<meta name=\"robots\" content=\"index, follow, max-snippet:-1, max-image-preview:large, max-video-preview:-1\" \/>\n<link rel=\"canonical\" href=\"https:\/\/www.eukratom.com\/es\/shop\/comprar-kratom\/green-kratom\/wild-green-borneo\/\" \/>\n<meta property=\"og:locale\" content=\"es_ES\" \/>\n<meta property=\"og:type\" content=\"article\" \/>\n<meta property=\"og:title\" content=\"Comprar Wild Green Borneo Online | Kratom Premium\" \/>\n<meta property=\"og:description\" content=\"Comprar Wild Green Borneo Online. Cosechado de \u00e1rboles silvestres de Borneo. Kratom asequible, de confianza y probado en laboratorio. Env\u00edo r\u00e1pido.\" \/>\n<meta property=\"og:url\" content=\"https:\/\/www.eukratom.com\/es\/shop\/comprar-kratom\/green-kratom\/wild-green-borneo\/\" \/>\n<meta property=\"og:site_name\" content=\"EUKRATOM\" \/>\n<meta property=\"article:modified_time\" content=\"2026-04-23T14:23:19+00:00\" \/>\n<meta property=\"og:image\" content=\"https:\/\/www.eukratom.com\/wp-content\/uploads\/2021\/06\/Wild-Green-Borneo-1.webp\" \/>\n\t<meta property=\"og:image:width\" content=\"750\" \/>\n\t<meta property=\"og:image:height\" content=\"750\" \/>\n\t<meta property=\"og:image:type\" content=\"image\/webp\" \/>\n<meta name=\"twitter:card\" content=\"summary_large_image\" \/>\n<meta name=\"twitter:label1\" content=\"Tiempo de lectura\" \/>\n\t<meta name=\"twitter:data1\" content=\"3 minutos\" \/>\n<script type=\"application\/ld+json\" class=\"yoast-schema-graph\">{\"@context\":\"https:\\\/\\\/schema.org\",\"@graph\":[{\"@type\":\"WebPage\",\"@id\":\"https:\\\/\\\/www.eukratom.com\\\/es\\\/shop\\\/comprar-kratom\\\/green-kratom\\\/wild-green-borneo\\\/\",\"url\":\"https:\\\/\\\/www.eukratom.com\\\/es\\\/shop\\\/comprar-kratom\\\/green-kratom\\\/wild-green-borneo\\\/\",\"name\":\"Comprar Wild Green Borneo Online | Kratom Premium\",\"isPartOf\":{\"@id\":\"https:\\\/\\\/www.eukratom.com\\\/es\\\/#website\"},\"primaryImageOfPage\":{\"@id\":\"https:\\\/\\\/www.eukratom.com\\\/es\\\/shop\\\/comprar-kratom\\\/green-kratom\\\/wild-green-borneo\\\/#primaryimage\"},\"image\":{\"@id\":\"https:\\\/\\\/www.eukratom.com\\\/es\\\/shop\\\/comprar-kratom\\\/green-kratom\\\/wild-green-borneo\\\/#primaryimage\"},\"thumbnailUrl\":\"https:\\\/\\\/www.eukratom.com\\\/wp-content\\\/uploads\\\/2021\\\/06\\\/Wild-Green-Borneo-1.webp\",\"datePublished\":\"2021-06-16T20:18:55+00:00\",\"dateModified\":\"2026-04-23T14:23:19+00:00\",\"description\":\"Comprar Wild Green Borneo Online. Cosechado de \u00e1rboles silvestres de Borneo. Kratom asequible, de confianza y probado en laboratorio. Env\u00edo r\u00e1pido.\",\"breadcrumb\":{\"@id\":\"https:\\\/\\\/www.eukratom.com\\\/es\\\/shop\\\/comprar-kratom\\\/green-kratom\\\/wild-green-borneo\\\/#breadcrumb\"},\"inLanguage\":\"es\",\"potentialAction\":[{\"@type\":\"ReadAction\",\"target\":[\"https:\\\/\\\/www.eukratom.com\\\/es\\\/shop\\\/comprar-kratom\\\/green-kratom\\\/wild-green-borneo\\\/\"]}]},{\"@type\":\"ImageObject\",\"inLanguage\":\"es\",\"@id\":\"https:\\\/\\\/www.eukratom.com\\\/es\\\/shop\\\/comprar-kratom\\\/green-kratom\\\/wild-green-borneo\\\/#primaryimage\",\"url\":\"https:\\\/\\\/www.eukratom.com\\\/wp-content\\\/uploads\\\/2021\\\/06\\\/Wild-Green-Borneo-1.webp\",\"contentUrl\":\"https:\\\/\\\/www.eukratom.com\\\/wp-content\\\/uploads\\\/2021\\\/06\\\/Wild-Green-Borneo-1.webp\",\"width\":750,\"height\":750,\"caption\":\"Kratom salvaje verde de Borneo en polvo\"},{\"@type\":\"BreadcrumbList\",\"@id\":\"https:\\\/\\\/www.eukratom.com\\\/es\\\/shop\\\/comprar-kratom\\\/green-kratom\\\/wild-green-borneo\\\/#breadcrumb\",\"itemListElement\":[{\"@type\":\"ListItem\",\"position\":1,\"name\":\"Home\",\"item\":\"https:\\\/\\\/www.eukratom.com\\\/es\\\/\"},{\"@type\":\"ListItem\",\"position\":2,\"name\":\"Tienda\",\"item\":\"https:\\\/\\\/www.eukratom.com\\\/es\\\/tienda\\\/\"},{\"@type\":\"ListItem\",\"position\":3,\"name\":\"Wild Green Borneo\"}]},{\"@type\":\"WebSite\",\"@id\":\"https:\\\/\\\/www.eukratom.com\\\/es\\\/#website\",\"url\":\"https:\\\/\\\/www.eukratom.com\\\/es\\\/\",\"name\":\"EUKRATOM\",\"description\":\"Best Kratom Online in Europe\",\"publisher\":{\"@id\":\"https:\\\/\\\/www.eukratom.com\\\/es\\\/#organization\"},\"potentialAction\":[{\"@type\":\"SearchAction\",\"target\":{\"@type\":\"EntryPoint\",\"urlTemplate\":\"https:\\\/\\\/www.eukratom.com\\\/es\\\/?s={search_term_string}\"},\"query-input\":{\"@type\":\"PropertyValueSpecification\",\"valueRequired\":true,\"valueName\":\"search_term_string\"}}],\"inLanguage\":\"es\"},{\"@type\":\"Organization\",\"@id\":\"https:\\\/\\\/www.eukratom.com\\\/es\\\/#organization\",\"name\":\"EUKRATOM\",\"url\":\"https:\\\/\\\/www.eukratom.com\\\/es\\\/\",\"logo\":{\"@type\":\"ImageObject\",\"inLanguage\":\"es\",\"@id\":\"https:\\\/\\\/www.eukratom.com\\\/es\\\/#\\\/schema\\\/logo\\\/image\\\/\",\"url\":\"https:\\\/\\\/www.eukratom.com\\\/wp-content\\\/uploads\\\/2023\\\/02\\\/EUkratom.com_.svg\",\"contentUrl\":\"https:\\\/\\\/www.eukratom.com\\\/wp-content\\\/uploads\\\/2023\\\/02\\\/EUkratom.com_.svg\",\"width\":1,\"height\":1,\"caption\":\"EUKRATOM\"},\"image\":{\"@id\":\"https:\\\/\\\/www.eukratom.com\\\/es\\\/#\\\/schema\\\/logo\\\/image\\\/\"}}]}<\/script>\n<!-- \/ Yoast SEO plugin. -->","yoast_head_json":{"title":"Comprar Wild Green Borneo Online | Kratom Premium","description":"Comprar Wild Green Borneo Online. Cosechado de \u00e1rboles silvestres de Borneo. Kratom asequible, de confianza y probado en laboratorio. Env\u00edo r\u00e1pido.","robots":{"index":"index","follow":"follow","max-snippet":"max-snippet:-1","max-image-preview":"max-image-preview:large","max-video-preview":"max-video-preview:-1"},"canonical":"https:\/\/www.eukratom.com\/es\/shop\/comprar-kratom\/green-kratom\/wild-green-borneo\/","og_locale":"es_ES","og_type":"article","og_title":"Comprar Wild Green Borneo Online | Kratom Premium","og_description":"Comprar Wild Green Borneo Online. Cosechado de \u00e1rboles silvestres de Borneo. Kratom asequible, de confianza y probado en laboratorio. Env\u00edo r\u00e1pido.","og_url":"https:\/\/www.eukratom.com\/es\/shop\/comprar-kratom\/green-kratom\/wild-green-borneo\/","og_site_name":"EUKRATOM","article_modified_time":"2026-04-23T14:23:19+00:00","og_image":[{"width":750,"height":750,"url":"https:\/\/www.eukratom.com\/wp-content\/uploads\/2021\/06\/Wild-Green-Borneo-1.webp","type":"image\/webp"}],"twitter_card":"summary_large_image","twitter_misc":{"Tiempo de lectura":"3 minutos"},"schema":{"@context":"https:\/\/schema.org","@graph":[{"@type":"WebPage","@id":"https:\/\/www.eukratom.com\/es\/shop\/comprar-kratom\/green-kratom\/wild-green-borneo\/","url":"https:\/\/www.eukratom.com\/es\/shop\/comprar-kratom\/green-kratom\/wild-green-borneo\/","name":"Comprar Wild Green Borneo Online | Kratom Premium","isPartOf":{"@id":"https:\/\/www.eukratom.com\/es\/#website"},"primaryImageOfPage":{"@id":"https:\/\/www.eukratom.com\/es\/shop\/comprar-kratom\/green-kratom\/wild-green-borneo\/#primaryimage"},"image":{"@id":"https:\/\/www.eukratom.com\/es\/shop\/comprar-kratom\/green-kratom\/wild-green-borneo\/#primaryimage"},"thumbnailUrl":"https:\/\/www.eukratom.com\/wp-content\/uploads\/2021\/06\/Wild-Green-Borneo-1.webp","datePublished":"2021-06-16T20:18:55+00:00","dateModified":"2026-04-23T14:23:19+00:00","description":"Comprar Wild Green Borneo Online. Cosechado de \u00e1rboles silvestres de Borneo. Kratom asequible, de confianza y probado en laboratorio. Env\u00edo r\u00e1pido.","breadcrumb":{"@id":"https:\/\/www.eukratom.com\/es\/shop\/comprar-kratom\/green-kratom\/wild-green-borneo\/#breadcrumb"},"inLanguage":"es","potentialAction":[{"@type":"ReadAction","target":["https:\/\/www.eukratom.com\/es\/shop\/comprar-kratom\/green-kratom\/wild-green-borneo\/"]}]},{"@type":"ImageObject","inLanguage":"es","@id":"https:\/\/www.eukratom.com\/es\/shop\/comprar-kratom\/green-kratom\/wild-green-borneo\/#primaryimage","url":"https:\/\/www.eukratom.com\/wp-content\/uploads\/2021\/06\/Wild-Green-Borneo-1.webp","contentUrl":"https:\/\/www.eukratom.com\/wp-content\/uploads\/2021\/06\/Wild-Green-Borneo-1.webp","width":750,"height":750,"caption":"Kratom salvaje verde de Borneo en polvo"},{"@type":"BreadcrumbList","@id":"https:\/\/www.eukratom.com\/es\/shop\/comprar-kratom\/green-kratom\/wild-green-borneo\/#breadcrumb","itemListElement":[{"@type":"ListItem","position":1,"name":"Home","item":"https:\/\/www.eukratom.com\/es\/"},{"@type":"ListItem","position":2,"name":"Tienda","item":"https:\/\/www.eukratom.com\/es\/tienda\/"},{"@type":"ListItem","position":3,"name":"Wild Green Borneo"}]},{"@type":"WebSite","@id":"https:\/\/www.eukratom.com\/es\/#website","url":"https:\/\/www.eukratom.com\/es\/","name":"EUKRATOM","description":"Best Kratom Online in Europe","publisher":{"@id":"https:\/\/www.eukratom.com\/es\/#organization"},"potentialAction":[{"@type":"SearchAction","target":{"@type":"EntryPoint","urlTemplate":"https:\/\/www.eukratom.com\/es\/?s={search_term_string}"},"query-input":{"@type":"PropertyValueSpecification","valueRequired":true,"valueName":"search_term_string"}}],"inLanguage":"es"},{"@type":"Organization","@id":"https:\/\/www.eukratom.com\/es\/#organization","name":"EUKRATOM","url":"https:\/\/www.eukratom.com\/es\/","logo":{"@type":"ImageObject","inLanguage":"es","@id":"https:\/\/www.eukratom.com\/es\/#\/schema\/logo\/image\/","url":"https:\/\/www.eukratom.com\/wp-content\/uploads\/2023\/02\/EUkratom.com_.svg","contentUrl":"https:\/\/www.eukratom.com\/wp-content\/uploads\/2023\/02\/EUkratom.com_.svg","width":1,"height":1,"caption":"EUKRATOM"},"image":{"@id":"https:\/\/www.eukratom.com\/es\/#\/schema\/logo\/image\/"}}]}},"jetpack_sharing_enabled":true,"_links":{"self":[{"href":"https:\/\/www.eukratom.com\/es\/wp-json\/wp\/v2\/product\/12704","targetHints":{"allow":["GET"]}}],"collection":[{"href":"https:\/\/www.eukratom.com\/es\/wp-json\/wp\/v2\/product"}],"about":[{"href":"https:\/\/www.eukratom.com\/es\/wp-json\/wp\/v2\/types\/product"}],"replies":[{"embeddable":true,"href":"https:\/\/www.eukratom.com\/es\/wp-json\/wp\/v2\/comments?post=12704"}],"wp:featuredmedia":[{"embeddable":true,"href":"https:\/\/www.eukratom.com\/es\/wp-json\/wp\/v2\/media\/13867"}],"wp:attachment":[{"href":"https:\/\/www.eukratom.com\/es\/wp-json\/wp\/v2\/media?parent=12704"}],"wp:term":[{"taxonomy":"product_brand","embeddable":true,"href":"https:\/\/www.eukratom.com\/es\/wp-json\/wp\/v2\/product_brand?post=12704"},{"taxonomy":"product_cat","embeddable":true,"href":"https:\/\/www.eukratom.com\/es\/wp-json\/wp\/v2\/product_cat?post=12704"},{"taxonomy":"product_tag","embeddable":true,"href":"https:\/\/www.eukratom.com\/es\/wp-json\/wp\/v2\/product_tag?post=12704"}],"curies":[{"name":"wp","href":"https:\/\/api.w.org\/{rel}","templated":true}]}}