{"id":12670,"date":"2022-05-08T12:06:45","date_gmt":"2022-05-08T10:06:45","guid":{"rendered":"https:\/\/www.eukratom.com\/shop\/sin%20categor\u00eda\/red-maeng-da\/"},"modified":"2026-04-06T16:31:50","modified_gmt":"2026-04-06T14:31:50","slug":"red-maeng-da","status":"publish","type":"product","link":"https:\/\/www.eukratom.com\/es\/shop\/comprar-kratom\/red-kratom\/red-maeng-da\/","title":{"rendered":"Red Maeng Da"},"content":{"rendered":"<h2>Comprar Red Maeng Da Online<\/strong><\/h2>\n<h3>\u00bfQu\u00e9 es el Kratom Red Maeng Da?<\/h3>\n<p>El Red Maeng Da es un polvo de alta calidad derivado de las hojas del \u00e1rbol Mitragyna speciosa, cultivado en las exuberantes y h\u00famedas regiones de Kalimantan Occidental. Conocida por su tono rojo intenso y su rico perfil, esta variedad se fermenta cuidadosamente, luego se seca y se muele hasta obtener una consistencia fina, preservando su esencia cruda y natural. El Maeng Da Rojo se conoce como polvo de hoja de alta calidad (Maeng Da se traduce como &#8220;de grado chulo&#8221;). Este producto se ofrece como polvo de hoja fino.   <\/p>\n<p data-start=\"775\" data-end=\"1139\">\ud83c\udf3f Recolectada de \u00e1rboles maduros cultivados en el sudeste asi\u00e1tico<br data-start=\"823\" data-end=\"826\">\ud83d\udca1 Polvo de hojas de color rojo intenso<br data-start=\"887\" data-end=\"890\">\ud83e\uddfc Polvo finamente molido<br data-start=\"956\" data-end=\"959\">\ud83c\udf31 Producto bot\u00e1nico 100% crudo, sin aditivos ni rellenos<br data-start=\"1014\" data-end=\"1017\">\ud83e\uddea Pureza y seguridad probadas en laboratorios independientes<br data-start=\"1079\" data-end=\"1082\">\ud83d\udce6 Envasada en una bolsita resellable para una frescura duradera<\/p>\n<hr data-start=\"1141\" data-end=\"1144\">\n<h3 data-start=\"1146\" data-end=\"1173\">Descripci\u00f3n bot\u00e1nica<\/h3>\n<p data-start=\"1174\" data-end=\"1451\"><strong data-start=\"1174\" data-end=\"1194\">Nombre cient\u00edfico:<\/strong> <em data-start=\"1195\" data-end=\"1215\">Mitragyna speciosa<\/em><br data-start=\"1215\" data-end=\"1218\"><strong data-start=\"1218\" data-end=\"1229\">Familia:<\/strong> Rubi\u00e1ceas<br data-start=\"1239\" data-end=\"1242\"><strong data-start=\"1242\" data-end=\"1252\">Orden:<\/strong> Gentianales<br data-start=\"1264\" data-end=\"1267\"><strong data-start=\"1267\" data-end=\"1285\">Altura de crecimiento:<\/strong> 10-25 metros<br data-start=\"1298\" data-end=\"1301\"><strong data-start=\"1301\" data-end=\"1312\">Hojas:<\/strong> Vetas rojas, verde intenso, normalmente de 12-22 cm de longitud<br data-start=\"1361\" data-end=\"1364\"><strong data-start=\"1364\" data-end=\"1376\">Flores:<\/strong> Racimos compactos, de color amarillo crema<br data-start=\"1407\" data-end=\"1410\"><strong data-start=\"1410\" data-end=\"1420\">Fruto:<\/strong> C\u00e1psulas secas con semillas finas<\/p>\n<hr data-start=\"1453\" data-end=\"1456\">\n<h3 data-start=\"1458\" data-end=\"1500\">Composici\u00f3n qu\u00edmica del Red Maeng Da<\/h3>\n<p data-start=\"1502\" data-end=\"1900\">El Red Maeng Da es conocido por su robusto espectro de alcaloides, que lo convierte en una variedad distintiva entre las variedades de kratom. Su color intenso es el resultado de la fermentaci\u00f3n y el procesamiento cuidadoso durante la fase de madurez media-tard\u00eda de la planta. La consistencia y pureza de esta variedad la convierten en la opci\u00f3n preferida de los formuladores que buscan un material fiable de origen natural.  <\/p>\n<hr data-start=\"2024\" data-end=\"2027\">\n<h3 data-start=\"2029\" data-end=\"2054\">Informaci\u00f3n sobre el producto<\/h3>\n<p data-start=\"2056\" data-end=\"2379\"><strong data-start=\"2056\" data-end=\"2069\">Contenido:<\/strong> 100% polvo de hoja de <em data-start=\"2075\" data-end=\"2095\">Mitragyna speciosa<\/em> (variante Maeng Da)<br data-start=\"2132\" data-end=\"2135\"><strong data-start=\"2135\" data-end=\"2146\">Origen:<\/strong> Borneo (regi\u00f3n de Kalimantan)<br data-start=\"2188\" data-end=\"2191\"><strong data-start=\"2191\" data-end=\"2202\">Formato:<\/strong> Polvo de hoja finamente molido<br data-start=\"2233\" data-end=\"2236\"><strong data-start=\"2236\" data-end=\"2244\">Utilizaci\u00f3n:<\/strong> Materia prima bot\u00e1nica destinada \u00fanicamente a uso cosm\u00e9tico, artesanal o de investigaci\u00f3n. No est\u00e1 destinado al consumo humano ni a la alimentaci\u00f3n animal. <\/p>\n<hr data-start=\"2381\" data-end=\"2384\">\n<h3 data-start=\"2386\" data-end=\"2426\">\u00bfC\u00f3mo se debe conservar el Red Maeng Da?<\/h3>\n<p data-start=\"2428\" data-end=\"2626\">Para conservar su color natural y su fina textura, guarda el Red Maeng Da en un lugar fresco y seco, lejos de la luz solar y la humedad. Mant\u00e9n la bolsa cerrada y guardada fuera del alcance de los ni\u00f1os y los animales dom\u00e9sticos. <\/p>\n<hr data-start=\"2628\" data-end=\"2631\">\n<h3 data-start=\"2633\" data-end=\"2657\">\ud83e\uddea Calidad y pruebas<\/h3>\n<p data-start=\"2659\" data-end=\"2996\">El Red Maeng Da se produce siguiendo las t\u00e9cnicas tradicionales de su regi\u00f3n de origen. Tras su procesamiento, el polvo se env\u00eda a laboratorios independientes de Europa para un exhaustivo control de calidad. Cada lote se somete a an\u00e1lisis para detectar contaminantes microbianos, como E. coli, Salmonella, moho, levaduras, Enterobacteriaceae y metales pesados.  <\/p>\n<p data-start=\"2998\" data-end=\"3224\">Este riguroso protocolo de pruebas garantiza que todo el material bot\u00e1nico cumple las normas de calidad y seguridad de EUKratom. Nuestro compromiso es proporcionar bot\u00e1nicos verificados exhaustivamente y de origen responsable para uso profesional y artesanal. <\/p>\n<hr data-start=\"3226\" data-end=\"3229\">\n<h3 data-start=\"182\" data-end=\"225\">\ud83d\udd17 \u00bfEs ilegal el Kratom donde vives?<\/h3>\n<p data-start=\"226\" data-end=\"439\">\u00bfBuscas opciones bot\u00e1nicas naturales? No te pierdas nuestra completa gama de alternativas al kratom cuidadosamente seleccionadas, ideales para los usuarios que quieren dejar el kratom o para los que viven donde el kratom es ilegal. <strong data-start=\"392\" data-end=\"439\"><a class=\"\" href=\"https:\/\/www.eukratom.com\/es\/products\/comprar-kratom\/kratom-alternatives\/\" rel=\"noopener\" data-start=\"394\" data-end=\"437\">  Explora aqu\u00ed nuestras alternativas al kratom \u2192<\/a><\/strong><\/p>\n","protected":false},"excerpt":{"rendered":"<p>El Red Maeng Da es un producto de kratom de primera calidad que se cosecha en plantaciones situadas en Kalimantan Occidental. Las hojas de esta variedad poseen un marcado car\u00e1cter rojo y otros atributos que se han puesto de manifiesto mediante un proceso de fermentaci\u00f3n tradicional. El suelo f\u00e9rtil de estas plantaciones se asemeja mucho al h\u00e1bitat natural de los \u00e1rboles de kratom, lo que da como resultado hojas que poseen propiedades \u00fanicas y un aroma claro y distinto. La plantaci\u00f3n se cuida meticulosamente, con los \u00e1rboles colocados estrat\u00e9gicamente para garantizar la producci\u00f3n de hojas de la m\u00e1xima calidad. El Maeng Da Rojo se cultiva exclusivamente, lo que lo convierte en un producto muy codiciado y exclusivo. Si buscas una <g id=\"gid_0\">experiencia de kratom rojo \u00fanica<\/g> y de alta calidad, el Maeng Da Rojo es una elecci\u00f3n excelente.     <\/p>\n","protected":false},"featured_media":13842,"comment_status":"open","ping_status":"closed","template":"","meta":[],"product_brand":[],"product_cat":[401,404,457],"product_tag":[],"class_list":{"0":"post-12670","1":"product","2":"type-product","3":"status-publish","4":"has-post-thumbnail","6":"product_cat-comprar-kratom","7":"product_cat-red-kratom","8":"product_cat-ofertas","10":"first","11":"instock","12":"featured","13":"taxable","14":"shipping-taxable","15":"purchasable","16":"product-type-variable","17":"has-default-attributes"},"yoast_head":"<!-- This site is optimized with the Yoast SEO plugin v27.4 - https:\/\/yoast.com\/product\/yoast-seo-wordpress\/ -->\n<title>Comprar Red Maeng Da Online | Kratom Premium | EUKratom<\/title>\n<meta name=\"description\" content=\"Comprar Red Maeng Da online en Europa. Kratom de primera calidad. Cosechado de \u00e1rboles cultivados exclusivamente. De confianza y probado en laboratorio. Env\u00edo r\u00e1pido.\" \/>\n<meta name=\"robots\" content=\"index, follow, max-snippet:-1, max-image-preview:large, max-video-preview:-1\" \/>\n<link rel=\"canonical\" href=\"https:\/\/www.eukratom.com\/es\/shop\/comprar-kratom\/red-kratom\/red-maeng-da\/\" \/>\n<meta property=\"og:locale\" content=\"es_ES\" \/>\n<meta property=\"og:type\" content=\"article\" \/>\n<meta property=\"og:title\" content=\"Comprar Red Maeng Da Online | Kratom Premium | EUKratom\" \/>\n<meta property=\"og:description\" content=\"Comprar Red Maeng Da online en Europa. Kratom de primera calidad. Cosechado de \u00e1rboles cultivados exclusivamente. De confianza y probado en laboratorio. Env\u00edo r\u00e1pido.\" \/>\n<meta property=\"og:url\" content=\"https:\/\/www.eukratom.com\/es\/shop\/comprar-kratom\/red-kratom\/red-maeng-da\/\" \/>\n<meta property=\"og:site_name\" content=\"EUKRATOM\" \/>\n<meta property=\"article:modified_time\" content=\"2026-04-06T14:31:50+00:00\" \/>\n<meta property=\"og:image\" content=\"https:\/\/www.eukratom.com\/wp-content\/uploads\/2022\/05\/Red-Maeng-Da.webp\" \/>\n\t<meta property=\"og:image:width\" content=\"750\" \/>\n\t<meta property=\"og:image:height\" content=\"750\" \/>\n\t<meta property=\"og:image:type\" content=\"image\/webp\" \/>\n<meta name=\"twitter:card\" content=\"summary_large_image\" \/>\n<meta name=\"twitter:label1\" content=\"Tiempo de lectura\" \/>\n\t<meta name=\"twitter:data1\" content=\"3 minutos\" \/>\n<script type=\"application\/ld+json\" class=\"yoast-schema-graph\">{\"@context\":\"https:\\\/\\\/schema.org\",\"@graph\":[{\"@type\":\"WebPage\",\"@id\":\"https:\\\/\\\/www.eukratom.com\\\/es\\\/shop\\\/comprar-kratom\\\/red-kratom\\\/red-maeng-da\\\/\",\"url\":\"https:\\\/\\\/www.eukratom.com\\\/es\\\/shop\\\/comprar-kratom\\\/red-kratom\\\/red-maeng-da\\\/\",\"name\":\"Comprar Red Maeng Da Online | Kratom Premium | EUKratom\",\"isPartOf\":{\"@id\":\"https:\\\/\\\/www.eukratom.com\\\/es\\\/#website\"},\"primaryImageOfPage\":{\"@id\":\"https:\\\/\\\/www.eukratom.com\\\/es\\\/shop\\\/comprar-kratom\\\/red-kratom\\\/red-maeng-da\\\/#primaryimage\"},\"image\":{\"@id\":\"https:\\\/\\\/www.eukratom.com\\\/es\\\/shop\\\/comprar-kratom\\\/red-kratom\\\/red-maeng-da\\\/#primaryimage\"},\"thumbnailUrl\":\"https:\\\/\\\/www.eukratom.com\\\/wp-content\\\/uploads\\\/2022\\\/05\\\/Red-Maeng-Da.webp\",\"datePublished\":\"2022-05-08T10:06:45+00:00\",\"dateModified\":\"2026-04-06T14:31:50+00:00\",\"description\":\"Comprar Red Maeng Da online en Europa. Kratom de primera calidad. Cosechado de \u00e1rboles cultivados exclusivamente. De confianza y probado en laboratorio. Env\u00edo r\u00e1pido.\",\"breadcrumb\":{\"@id\":\"https:\\\/\\\/www.eukratom.com\\\/es\\\/shop\\\/comprar-kratom\\\/red-kratom\\\/red-maeng-da\\\/#breadcrumb\"},\"inLanguage\":\"es\",\"potentialAction\":[{\"@type\":\"ReadAction\",\"target\":[\"https:\\\/\\\/www.eukratom.com\\\/es\\\/shop\\\/comprar-kratom\\\/red-kratom\\\/red-maeng-da\\\/\"]}]},{\"@type\":\"ImageObject\",\"inLanguage\":\"es\",\"@id\":\"https:\\\/\\\/www.eukratom.com\\\/es\\\/shop\\\/comprar-kratom\\\/red-kratom\\\/red-maeng-da\\\/#primaryimage\",\"url\":\"https:\\\/\\\/www.eukratom.com\\\/wp-content\\\/uploads\\\/2022\\\/05\\\/Red-Maeng-Da.webp\",\"contentUrl\":\"https:\\\/\\\/www.eukratom.com\\\/wp-content\\\/uploads\\\/2022\\\/05\\\/Red-Maeng-Da.webp\",\"width\":750,\"height\":750,\"caption\":\"Kratom Maeng Da rojo en polvo\"},{\"@type\":\"BreadcrumbList\",\"@id\":\"https:\\\/\\\/www.eukratom.com\\\/es\\\/shop\\\/comprar-kratom\\\/red-kratom\\\/red-maeng-da\\\/#breadcrumb\",\"itemListElement\":[{\"@type\":\"ListItem\",\"position\":1,\"name\":\"Home\",\"item\":\"https:\\\/\\\/www.eukratom.com\\\/es\\\/\"},{\"@type\":\"ListItem\",\"position\":2,\"name\":\"Tienda\",\"item\":\"https:\\\/\\\/www.eukratom.com\\\/es\\\/tienda\\\/\"},{\"@type\":\"ListItem\",\"position\":3,\"name\":\"Red Maeng Da\"}]},{\"@type\":\"WebSite\",\"@id\":\"https:\\\/\\\/www.eukratom.com\\\/es\\\/#website\",\"url\":\"https:\\\/\\\/www.eukratom.com\\\/es\\\/\",\"name\":\"EUKRATOM\",\"description\":\"Best Kratom Online in Europe\",\"publisher\":{\"@id\":\"https:\\\/\\\/www.eukratom.com\\\/es\\\/#organization\"},\"potentialAction\":[{\"@type\":\"SearchAction\",\"target\":{\"@type\":\"EntryPoint\",\"urlTemplate\":\"https:\\\/\\\/www.eukratom.com\\\/es\\\/?s={search_term_string}\"},\"query-input\":{\"@type\":\"PropertyValueSpecification\",\"valueRequired\":true,\"valueName\":\"search_term_string\"}}],\"inLanguage\":\"es\"},{\"@type\":\"Organization\",\"@id\":\"https:\\\/\\\/www.eukratom.com\\\/es\\\/#organization\",\"name\":\"EUKRATOM\",\"url\":\"https:\\\/\\\/www.eukratom.com\\\/es\\\/\",\"logo\":{\"@type\":\"ImageObject\",\"inLanguage\":\"es\",\"@id\":\"https:\\\/\\\/www.eukratom.com\\\/es\\\/#\\\/schema\\\/logo\\\/image\\\/\",\"url\":\"https:\\\/\\\/www.eukratom.com\\\/wp-content\\\/uploads\\\/2023\\\/02\\\/EUkratom.com_.svg\",\"contentUrl\":\"https:\\\/\\\/www.eukratom.com\\\/wp-content\\\/uploads\\\/2023\\\/02\\\/EUkratom.com_.svg\",\"width\":1,\"height\":1,\"caption\":\"EUKRATOM\"},\"image\":{\"@id\":\"https:\\\/\\\/www.eukratom.com\\\/es\\\/#\\\/schema\\\/logo\\\/image\\\/\"}}]}<\/script>\n<!-- \/ Yoast SEO plugin. -->","yoast_head_json":{"title":"Comprar Red Maeng Da Online | Kratom Premium | EUKratom","description":"Comprar Red Maeng Da online en Europa. Kratom de primera calidad. Cosechado de \u00e1rboles cultivados exclusivamente. De confianza y probado en laboratorio. Env\u00edo r\u00e1pido.","robots":{"index":"index","follow":"follow","max-snippet":"max-snippet:-1","max-image-preview":"max-image-preview:large","max-video-preview":"max-video-preview:-1"},"canonical":"https:\/\/www.eukratom.com\/es\/shop\/comprar-kratom\/red-kratom\/red-maeng-da\/","og_locale":"es_ES","og_type":"article","og_title":"Comprar Red Maeng Da Online | Kratom Premium | EUKratom","og_description":"Comprar Red Maeng Da online en Europa. Kratom de primera calidad. Cosechado de \u00e1rboles cultivados exclusivamente. De confianza y probado en laboratorio. Env\u00edo r\u00e1pido.","og_url":"https:\/\/www.eukratom.com\/es\/shop\/comprar-kratom\/red-kratom\/red-maeng-da\/","og_site_name":"EUKRATOM","article_modified_time":"2026-04-06T14:31:50+00:00","og_image":[{"width":750,"height":750,"url":"https:\/\/www.eukratom.com\/wp-content\/uploads\/2022\/05\/Red-Maeng-Da.webp","type":"image\/webp"}],"twitter_card":"summary_large_image","twitter_misc":{"Tiempo de lectura":"3 minutos"},"schema":{"@context":"https:\/\/schema.org","@graph":[{"@type":"WebPage","@id":"https:\/\/www.eukratom.com\/es\/shop\/comprar-kratom\/red-kratom\/red-maeng-da\/","url":"https:\/\/www.eukratom.com\/es\/shop\/comprar-kratom\/red-kratom\/red-maeng-da\/","name":"Comprar Red Maeng Da Online | Kratom Premium | EUKratom","isPartOf":{"@id":"https:\/\/www.eukratom.com\/es\/#website"},"primaryImageOfPage":{"@id":"https:\/\/www.eukratom.com\/es\/shop\/comprar-kratom\/red-kratom\/red-maeng-da\/#primaryimage"},"image":{"@id":"https:\/\/www.eukratom.com\/es\/shop\/comprar-kratom\/red-kratom\/red-maeng-da\/#primaryimage"},"thumbnailUrl":"https:\/\/www.eukratom.com\/wp-content\/uploads\/2022\/05\/Red-Maeng-Da.webp","datePublished":"2022-05-08T10:06:45+00:00","dateModified":"2026-04-06T14:31:50+00:00","description":"Comprar Red Maeng Da online en Europa. Kratom de primera calidad. Cosechado de \u00e1rboles cultivados exclusivamente. De confianza y probado en laboratorio. Env\u00edo r\u00e1pido.","breadcrumb":{"@id":"https:\/\/www.eukratom.com\/es\/shop\/comprar-kratom\/red-kratom\/red-maeng-da\/#breadcrumb"},"inLanguage":"es","potentialAction":[{"@type":"ReadAction","target":["https:\/\/www.eukratom.com\/es\/shop\/comprar-kratom\/red-kratom\/red-maeng-da\/"]}]},{"@type":"ImageObject","inLanguage":"es","@id":"https:\/\/www.eukratom.com\/es\/shop\/comprar-kratom\/red-kratom\/red-maeng-da\/#primaryimage","url":"https:\/\/www.eukratom.com\/wp-content\/uploads\/2022\/05\/Red-Maeng-Da.webp","contentUrl":"https:\/\/www.eukratom.com\/wp-content\/uploads\/2022\/05\/Red-Maeng-Da.webp","width":750,"height":750,"caption":"Kratom Maeng Da rojo en polvo"},{"@type":"BreadcrumbList","@id":"https:\/\/www.eukratom.com\/es\/shop\/comprar-kratom\/red-kratom\/red-maeng-da\/#breadcrumb","itemListElement":[{"@type":"ListItem","position":1,"name":"Home","item":"https:\/\/www.eukratom.com\/es\/"},{"@type":"ListItem","position":2,"name":"Tienda","item":"https:\/\/www.eukratom.com\/es\/tienda\/"},{"@type":"ListItem","position":3,"name":"Red Maeng Da"}]},{"@type":"WebSite","@id":"https:\/\/www.eukratom.com\/es\/#website","url":"https:\/\/www.eukratom.com\/es\/","name":"EUKRATOM","description":"Best Kratom Online in Europe","publisher":{"@id":"https:\/\/www.eukratom.com\/es\/#organization"},"potentialAction":[{"@type":"SearchAction","target":{"@type":"EntryPoint","urlTemplate":"https:\/\/www.eukratom.com\/es\/?s={search_term_string}"},"query-input":{"@type":"PropertyValueSpecification","valueRequired":true,"valueName":"search_term_string"}}],"inLanguage":"es"},{"@type":"Organization","@id":"https:\/\/www.eukratom.com\/es\/#organization","name":"EUKRATOM","url":"https:\/\/www.eukratom.com\/es\/","logo":{"@type":"ImageObject","inLanguage":"es","@id":"https:\/\/www.eukratom.com\/es\/#\/schema\/logo\/image\/","url":"https:\/\/www.eukratom.com\/wp-content\/uploads\/2023\/02\/EUkratom.com_.svg","contentUrl":"https:\/\/www.eukratom.com\/wp-content\/uploads\/2023\/02\/EUkratom.com_.svg","width":1,"height":1,"caption":"EUKRATOM"},"image":{"@id":"https:\/\/www.eukratom.com\/es\/#\/schema\/logo\/image\/"}}]}},"jetpack_sharing_enabled":true,"_links":{"self":[{"href":"https:\/\/www.eukratom.com\/es\/wp-json\/wp\/v2\/product\/12670","targetHints":{"allow":["GET"]}}],"collection":[{"href":"https:\/\/www.eukratom.com\/es\/wp-json\/wp\/v2\/product"}],"about":[{"href":"https:\/\/www.eukratom.com\/es\/wp-json\/wp\/v2\/types\/product"}],"replies":[{"embeddable":true,"href":"https:\/\/www.eukratom.com\/es\/wp-json\/wp\/v2\/comments?post=12670"}],"wp:featuredmedia":[{"embeddable":true,"href":"https:\/\/www.eukratom.com\/es\/wp-json\/wp\/v2\/media\/13842"}],"wp:attachment":[{"href":"https:\/\/www.eukratom.com\/es\/wp-json\/wp\/v2\/media?parent=12670"}],"wp:term":[{"taxonomy":"product_brand","embeddable":true,"href":"https:\/\/www.eukratom.com\/es\/wp-json\/wp\/v2\/product_brand?post=12670"},{"taxonomy":"product_cat","embeddable":true,"href":"https:\/\/www.eukratom.com\/es\/wp-json\/wp\/v2\/product_cat?post=12670"},{"taxonomy":"product_tag","embeddable":true,"href":"https:\/\/www.eukratom.com\/es\/wp-json\/wp\/v2\/product_tag?post=12670"}],"curies":[{"name":"wp","href":"https:\/\/api.w.org\/{rel}","templated":true}]}}