{"id":12664,"date":"2022-07-10T12:06:31","date_gmt":"2022-07-10T10:06:31","guid":{"rendered":"https:\/\/www.eukratom.com\/shop\/sin%20categor\u00eda\/paquete-de-muestras-20-g-x-3\/"},"modified":"2026-04-06T16:30:33","modified_gmt":"2026-04-06T14:30:33","slug":"paquete-de-muestras-20-g-x-3","status":"publish","type":"product","link":"https:\/\/www.eukratom.com\/es\/shop\/sample-packs\/paquete-de-muestras-20-g-x-3\/","title":{"rendered":"Paquete de muestras 20 g x 3"},"content":{"rendered":"<p>Las hojas se manipulan, muelen y transportan desde unas instalaciones altamente higi\u00e9nicas y certificadas por las &#8220;Buenas Pr\u00e1cticas de Fabricaci\u00f3n&#8221; en Indonesia. Despu\u00e9s, un laboratorio externo analiza el polvo para confirmar su calidad y comprobar que carece de metales pesados, levaduras, enterobacterias, E. coli y salmonela. <\/p>\n","protected":false},"excerpt":{"rendered":"<div id=\"product-tab\" class=\"woocommerce-tabs woocommerce-tabs-pfv10he7 resp-htabs\">\n<div class=\"resp-tabs-container\">\n<div id=\"tab-description\" class=\"tab-content resp-tab-content resp-tab-content-active\" aria-labelledby=\"tab_item-0\">\n<div>Prueba nuestra gama de Kratom con un<a href=\"https:\/\/www.eukratom.com\/products\/sample-packs\/\">&#8220;Paquete de Muestra<\/a>&#8220;. En este paquete obtienes 3 variedades diferentes de 20g cada una. Especifica cu\u00e1les quieres en el campo de mensaje al pagar &#8211; de lo contrario, EUKratom recopilar\u00e1 los 3 productos m\u00e1s populares en este momento.  <\/div>\n<\/div>\n<\/div>\n<\/div>\n","protected":false},"featured_media":12666,"comment_status":"open","ping_status":"closed","template":"","meta":[],"product_brand":[],"product_cat":[405],"product_tag":[],"class_list":{"0":"post-12664","1":"product","2":"type-product","3":"status-publish","4":"has-post-thumbnail","6":"product_cat-sample-packs","8":"first","9":"instock","10":"featured","11":"taxable","12":"shipping-taxable","13":"purchasable","14":"product-type-simple"},"yoast_head":"<!-- This site is optimized with the Yoast SEO plugin v27.5 - https:\/\/yoast.com\/product\/yoast-seo-wordpress\/ -->\n<title>Comprar Paquete de muestras 20g x 3 en l\u00ednea | EUKRATOM<\/title>\n<meta name=\"description\" content=\"Prueba una variedad de kratom con nuestro paquete de muestras de 20 g x 3. Perfecto para descubrir la mezcla adecuada para ti. \u00a1Compra ahora y experimenta los beneficios del kratom!\" \/>\n<meta name=\"robots\" content=\"index, follow, max-snippet:-1, max-image-preview:large, max-video-preview:-1\" \/>\n<link rel=\"canonical\" href=\"https:\/\/www.eukratom.com\/es\/shop\/sample-packs\/paquete-de-muestras-20-g-x-3\/\" \/>\n<meta property=\"og:locale\" content=\"es_ES\" \/>\n<meta property=\"og:type\" content=\"article\" \/>\n<meta property=\"og:title\" content=\"Comprar Paquete de muestras 20g x 3 en l\u00ednea | EUKRATOM\" \/>\n<meta property=\"og:description\" content=\"Prueba una variedad de kratom con nuestro paquete de muestras de 20 g x 3. Perfecto para descubrir la mezcla adecuada para ti. \u00a1Compra ahora y experimenta los beneficios del kratom!\" \/>\n<meta property=\"og:url\" content=\"https:\/\/www.eukratom.com\/es\/shop\/sample-packs\/paquete-de-muestras-20-g-x-3\/\" \/>\n<meta property=\"og:site_name\" content=\"EUKRATOM\" \/>\n<meta property=\"article:modified_time\" content=\"2026-04-06T14:30:33+00:00\" \/>\n<meta property=\"og:image\" content=\"https:\/\/www.eukratom.com\/wp-content\/uploads\/2022\/07\/Sample-Pack-3-pcs.webp\" \/>\n\t<meta property=\"og:image:width\" content=\"1000\" \/>\n\t<meta property=\"og:image:height\" content=\"1000\" \/>\n\t<meta property=\"og:image:type\" content=\"image\/webp\" \/>\n<meta name=\"twitter:card\" content=\"summary_large_image\" \/>\n<script type=\"application\/ld+json\" class=\"yoast-schema-graph\">{\"@context\":\"https:\\\/\\\/schema.org\",\"@graph\":[{\"@type\":\"WebPage\",\"@id\":\"https:\\\/\\\/www.eukratom.com\\\/es\\\/shop\\\/sample-packs\\\/paquete-de-muestras-20-g-x-3\\\/\",\"url\":\"https:\\\/\\\/www.eukratom.com\\\/es\\\/shop\\\/sample-packs\\\/paquete-de-muestras-20-g-x-3\\\/\",\"name\":\"Comprar Paquete de muestras 20g x 3 en l\u00ednea | EUKRATOM\",\"isPartOf\":{\"@id\":\"https:\\\/\\\/www.eukratom.com\\\/es\\\/#website\"},\"primaryImageOfPage\":{\"@id\":\"https:\\\/\\\/www.eukratom.com\\\/es\\\/shop\\\/sample-packs\\\/paquete-de-muestras-20-g-x-3\\\/#primaryimage\"},\"image\":{\"@id\":\"https:\\\/\\\/www.eukratom.com\\\/es\\\/shop\\\/sample-packs\\\/paquete-de-muestras-20-g-x-3\\\/#primaryimage\"},\"thumbnailUrl\":\"https:\\\/\\\/www.eukratom.com\\\/wp-content\\\/uploads\\\/2022\\\/07\\\/Sample-Pack-3-pcs.webp\",\"datePublished\":\"2022-07-10T10:06:31+00:00\",\"dateModified\":\"2026-04-06T14:30:33+00:00\",\"description\":\"Prueba una variedad de kratom con nuestro paquete de muestras de 20 g x 3. Perfecto para descubrir la mezcla adecuada para ti. \u00a1Compra ahora y experimenta los beneficios del kratom!\",\"breadcrumb\":{\"@id\":\"https:\\\/\\\/www.eukratom.com\\\/es\\\/shop\\\/sample-packs\\\/paquete-de-muestras-20-g-x-3\\\/#breadcrumb\"},\"inLanguage\":\"es\",\"potentialAction\":[{\"@type\":\"ReadAction\",\"target\":[\"https:\\\/\\\/www.eukratom.com\\\/es\\\/shop\\\/sample-packs\\\/paquete-de-muestras-20-g-x-3\\\/\"]}]},{\"@type\":\"ImageObject\",\"inLanguage\":\"es\",\"@id\":\"https:\\\/\\\/www.eukratom.com\\\/es\\\/shop\\\/sample-packs\\\/paquete-de-muestras-20-g-x-3\\\/#primaryimage\",\"url\":\"https:\\\/\\\/www.eukratom.com\\\/wp-content\\\/uploads\\\/2022\\\/07\\\/Sample-Pack-3-pcs.webp\",\"contentUrl\":\"https:\\\/\\\/www.eukratom.com\\\/wp-content\\\/uploads\\\/2022\\\/07\\\/Sample-Pack-3-pcs.webp\",\"width\":1000,\"height\":1000,\"caption\":\"Paquete de muestras 20 g x 3\"},{\"@type\":\"BreadcrumbList\",\"@id\":\"https:\\\/\\\/www.eukratom.com\\\/es\\\/shop\\\/sample-packs\\\/paquete-de-muestras-20-g-x-3\\\/#breadcrumb\",\"itemListElement\":[{\"@type\":\"ListItem\",\"position\":1,\"name\":\"Home\",\"item\":\"https:\\\/\\\/www.eukratom.com\\\/es\\\/\"},{\"@type\":\"ListItem\",\"position\":2,\"name\":\"Tienda\",\"item\":\"https:\\\/\\\/www.eukratom.com\\\/es\\\/tienda\\\/\"},{\"@type\":\"ListItem\",\"position\":3,\"name\":\"Paquete de muestras 20 g x 3\"}]},{\"@type\":\"WebSite\",\"@id\":\"https:\\\/\\\/www.eukratom.com\\\/es\\\/#website\",\"url\":\"https:\\\/\\\/www.eukratom.com\\\/es\\\/\",\"name\":\"EUKRATOM\",\"description\":\"Best Kratom Online in Europe\",\"publisher\":{\"@id\":\"https:\\\/\\\/www.eukratom.com\\\/es\\\/#organization\"},\"potentialAction\":[{\"@type\":\"SearchAction\",\"target\":{\"@type\":\"EntryPoint\",\"urlTemplate\":\"https:\\\/\\\/www.eukratom.com\\\/es\\\/?s={search_term_string}\"},\"query-input\":{\"@type\":\"PropertyValueSpecification\",\"valueRequired\":true,\"valueName\":\"search_term_string\"}}],\"inLanguage\":\"es\"},{\"@type\":\"Organization\",\"@id\":\"https:\\\/\\\/www.eukratom.com\\\/es\\\/#organization\",\"name\":\"EUKRATOM\",\"url\":\"https:\\\/\\\/www.eukratom.com\\\/es\\\/\",\"logo\":{\"@type\":\"ImageObject\",\"inLanguage\":\"es\",\"@id\":\"https:\\\/\\\/www.eukratom.com\\\/es\\\/#\\\/schema\\\/logo\\\/image\\\/\",\"url\":\"https:\\\/\\\/www.eukratom.com\\\/wp-content\\\/uploads\\\/2023\\\/02\\\/EUkratom.com_.svg\",\"contentUrl\":\"https:\\\/\\\/www.eukratom.com\\\/wp-content\\\/uploads\\\/2023\\\/02\\\/EUkratom.com_.svg\",\"width\":1,\"height\":1,\"caption\":\"EUKRATOM\"},\"image\":{\"@id\":\"https:\\\/\\\/www.eukratom.com\\\/es\\\/#\\\/schema\\\/logo\\\/image\\\/\"}}]}<\/script>\n<!-- \/ Yoast SEO plugin. -->","yoast_head_json":{"title":"Comprar Paquete de muestras 20g x 3 en l\u00ednea | EUKRATOM","description":"Prueba una variedad de kratom con nuestro paquete de muestras de 20 g x 3. Perfecto para descubrir la mezcla adecuada para ti. \u00a1Compra ahora y experimenta los beneficios del kratom!","robots":{"index":"index","follow":"follow","max-snippet":"max-snippet:-1","max-image-preview":"max-image-preview:large","max-video-preview":"max-video-preview:-1"},"canonical":"https:\/\/www.eukratom.com\/es\/shop\/sample-packs\/paquete-de-muestras-20-g-x-3\/","og_locale":"es_ES","og_type":"article","og_title":"Comprar Paquete de muestras 20g x 3 en l\u00ednea | EUKRATOM","og_description":"Prueba una variedad de kratom con nuestro paquete de muestras de 20 g x 3. Perfecto para descubrir la mezcla adecuada para ti. \u00a1Compra ahora y experimenta los beneficios del kratom!","og_url":"https:\/\/www.eukratom.com\/es\/shop\/sample-packs\/paquete-de-muestras-20-g-x-3\/","og_site_name":"EUKRATOM","article_modified_time":"2026-04-06T14:30:33+00:00","og_image":[{"width":1000,"height":1000,"url":"https:\/\/www.eukratom.com\/wp-content\/uploads\/2022\/07\/Sample-Pack-3-pcs.webp","type":"image\/webp"}],"twitter_card":"summary_large_image","schema":{"@context":"https:\/\/schema.org","@graph":[{"@type":"WebPage","@id":"https:\/\/www.eukratom.com\/es\/shop\/sample-packs\/paquete-de-muestras-20-g-x-3\/","url":"https:\/\/www.eukratom.com\/es\/shop\/sample-packs\/paquete-de-muestras-20-g-x-3\/","name":"Comprar Paquete de muestras 20g x 3 en l\u00ednea | EUKRATOM","isPartOf":{"@id":"https:\/\/www.eukratom.com\/es\/#website"},"primaryImageOfPage":{"@id":"https:\/\/www.eukratom.com\/es\/shop\/sample-packs\/paquete-de-muestras-20-g-x-3\/#primaryimage"},"image":{"@id":"https:\/\/www.eukratom.com\/es\/shop\/sample-packs\/paquete-de-muestras-20-g-x-3\/#primaryimage"},"thumbnailUrl":"https:\/\/www.eukratom.com\/wp-content\/uploads\/2022\/07\/Sample-Pack-3-pcs.webp","datePublished":"2022-07-10T10:06:31+00:00","dateModified":"2026-04-06T14:30:33+00:00","description":"Prueba una variedad de kratom con nuestro paquete de muestras de 20 g x 3. Perfecto para descubrir la mezcla adecuada para ti. \u00a1Compra ahora y experimenta los beneficios del kratom!","breadcrumb":{"@id":"https:\/\/www.eukratom.com\/es\/shop\/sample-packs\/paquete-de-muestras-20-g-x-3\/#breadcrumb"},"inLanguage":"es","potentialAction":[{"@type":"ReadAction","target":["https:\/\/www.eukratom.com\/es\/shop\/sample-packs\/paquete-de-muestras-20-g-x-3\/"]}]},{"@type":"ImageObject","inLanguage":"es","@id":"https:\/\/www.eukratom.com\/es\/shop\/sample-packs\/paquete-de-muestras-20-g-x-3\/#primaryimage","url":"https:\/\/www.eukratom.com\/wp-content\/uploads\/2022\/07\/Sample-Pack-3-pcs.webp","contentUrl":"https:\/\/www.eukratom.com\/wp-content\/uploads\/2022\/07\/Sample-Pack-3-pcs.webp","width":1000,"height":1000,"caption":"Paquete de muestras 20 g x 3"},{"@type":"BreadcrumbList","@id":"https:\/\/www.eukratom.com\/es\/shop\/sample-packs\/paquete-de-muestras-20-g-x-3\/#breadcrumb","itemListElement":[{"@type":"ListItem","position":1,"name":"Home","item":"https:\/\/www.eukratom.com\/es\/"},{"@type":"ListItem","position":2,"name":"Tienda","item":"https:\/\/www.eukratom.com\/es\/tienda\/"},{"@type":"ListItem","position":3,"name":"Paquete de muestras 20 g x 3"}]},{"@type":"WebSite","@id":"https:\/\/www.eukratom.com\/es\/#website","url":"https:\/\/www.eukratom.com\/es\/","name":"EUKRATOM","description":"Best Kratom Online in Europe","publisher":{"@id":"https:\/\/www.eukratom.com\/es\/#organization"},"potentialAction":[{"@type":"SearchAction","target":{"@type":"EntryPoint","urlTemplate":"https:\/\/www.eukratom.com\/es\/?s={search_term_string}"},"query-input":{"@type":"PropertyValueSpecification","valueRequired":true,"valueName":"search_term_string"}}],"inLanguage":"es"},{"@type":"Organization","@id":"https:\/\/www.eukratom.com\/es\/#organization","name":"EUKRATOM","url":"https:\/\/www.eukratom.com\/es\/","logo":{"@type":"ImageObject","inLanguage":"es","@id":"https:\/\/www.eukratom.com\/es\/#\/schema\/logo\/image\/","url":"https:\/\/www.eukratom.com\/wp-content\/uploads\/2023\/02\/EUkratom.com_.svg","contentUrl":"https:\/\/www.eukratom.com\/wp-content\/uploads\/2023\/02\/EUkratom.com_.svg","width":1,"height":1,"caption":"EUKRATOM"},"image":{"@id":"https:\/\/www.eukratom.com\/es\/#\/schema\/logo\/image\/"}}]}},"jetpack_sharing_enabled":true,"_links":{"self":[{"href":"https:\/\/www.eukratom.com\/es\/wp-json\/wp\/v2\/product\/12664","targetHints":{"allow":["GET"]}}],"collection":[{"href":"https:\/\/www.eukratom.com\/es\/wp-json\/wp\/v2\/product"}],"about":[{"href":"https:\/\/www.eukratom.com\/es\/wp-json\/wp\/v2\/types\/product"}],"replies":[{"embeddable":true,"href":"https:\/\/www.eukratom.com\/es\/wp-json\/wp\/v2\/comments?post=12664"}],"wp:featuredmedia":[{"embeddable":true,"href":"https:\/\/www.eukratom.com\/es\/wp-json\/wp\/v2\/media\/12666"}],"wp:attachment":[{"href":"https:\/\/www.eukratom.com\/es\/wp-json\/wp\/v2\/media?parent=12664"}],"wp:term":[{"taxonomy":"product_brand","embeddable":true,"href":"https:\/\/www.eukratom.com\/es\/wp-json\/wp\/v2\/product_brand?post=12664"},{"taxonomy":"product_cat","embeddable":true,"href":"https:\/\/www.eukratom.com\/es\/wp-json\/wp\/v2\/product_cat?post=12664"},{"taxonomy":"product_tag","embeddable":true,"href":"https:\/\/www.eukratom.com\/es\/wp-json\/wp\/v2\/product_tag?post=12664"}],"curies":[{"name":"wp","href":"https:\/\/api.w.org\/{rel}","templated":true}]}}