{"id":12654,"date":"2022-09-14T19:06:44","date_gmt":"2022-09-14T17:06:44","guid":{"rendered":"https:\/\/www.eukratom.com\/shop\/sin%20categor\u00eda\/flores-mixtas\/"},"modified":"2025-12-25T10:37:32","modified_gmt":"2025-12-25T09:37:32","slug":"flores-mixtas","status":"publish","type":"product","link":"https:\/\/www.eukratom.com\/es\/shop\/accesorios\/flores-mixtas\/","title":{"rendered":"Flores mixtas"},"content":{"rendered":"<p><strong>Especificaciones:<\/strong><br \/>\nContenido: Peon\u00eda, melocot\u00f3n, amaranto, nomeolvides, perifollo, clavel, flor de paja.<br \/>\nParte de la planta: Capullos y flores<br \/>\nEstado: Seco<br \/>\nAroma: Afrutado, especiado y vigorizante<br \/>\nUsos: Perfecto para hacer jab\u00f3n, velas, mezclas de incienso, cajas de fragancias, sales de ba\u00f1o, bombas de ba\u00f1o, popurr\u00ed, decoraci\u00f3n, etc.<br \/>\nPeso: 70 g<\/p>\n","protected":false},"excerpt":{"rendered":"<p>7 flores secas diferentes &#8211; perfectas para hacer jab\u00f3n, velas, mezclas de incienso, cajas perfumadas, popurr\u00ed, decoraci\u00f3n, etc.<\/p>\n","protected":false},"featured_media":12656,"comment_status":"open","ping_status":"closed","template":"","meta":[],"product_brand":[],"product_cat":[400],"product_tag":[],"class_list":{"0":"post-12654","1":"product","2":"type-product","3":"status-publish","4":"has-post-thumbnail","6":"product_cat-accesorios","8":"first","9":"outofstock","10":"featured","11":"taxable","12":"shipping-taxable","13":"purchasable","14":"product-type-simple"},"yoast_head":"<!-- This site is optimized with the Yoast SEO plugin v27.5 - https:\/\/yoast.com\/product\/yoast-seo-wordpress\/ -->\n<title>Comprar Flores mixtas online | EUKRATOM<\/title>\n<meta name=\"description\" content=\"Compra flores mixtas en EUKratom.com. Perfectas para hacer jab\u00f3n, velas, mezclas de incienso, cajas perfumadas, popurr\u00ed, decoraci\u00f3n, etc.\" \/>\n<meta name=\"robots\" content=\"index, follow, max-snippet:-1, max-image-preview:large, max-video-preview:-1\" \/>\n<link rel=\"canonical\" href=\"https:\/\/www.eukratom.com\/es\/shop\/accesorios\/flores-mixtas\/\" \/>\n<meta property=\"og:locale\" content=\"es_ES\" \/>\n<meta property=\"og:type\" content=\"article\" \/>\n<meta property=\"og:title\" content=\"Comprar Flores mixtas online | EUKRATOM\" \/>\n<meta property=\"og:description\" content=\"Compra flores mixtas en EUKratom.com. Perfectas para hacer jab\u00f3n, velas, mezclas de incienso, cajas perfumadas, popurr\u00ed, decoraci\u00f3n, etc.\" \/>\n<meta property=\"og:url\" content=\"https:\/\/www.eukratom.com\/es\/shop\/accesorios\/flores-mixtas\/\" \/>\n<meta property=\"og:site_name\" content=\"EUKRATOM\" \/>\n<meta property=\"article:modified_time\" content=\"2025-12-25T09:37:32+00:00\" \/>\n<meta property=\"og:image\" content=\"https:\/\/www.eukratom.com\/wp-content\/uploads\/2022\/09\/Mixed-flowers.webp\" \/>\n\t<meta property=\"og:image:width\" content=\"1000\" \/>\n\t<meta property=\"og:image:height\" content=\"1000\" \/>\n\t<meta property=\"og:image:type\" content=\"image\/webp\" \/>\n<meta name=\"twitter:card\" content=\"summary_large_image\" \/>\n<script type=\"application\/ld+json\" class=\"yoast-schema-graph\">{\"@context\":\"https:\\\/\\\/schema.org\",\"@graph\":[{\"@type\":\"WebPage\",\"@id\":\"https:\\\/\\\/www.eukratom.com\\\/es\\\/shop\\\/accesorios\\\/flores-mixtas\\\/\",\"url\":\"https:\\\/\\\/www.eukratom.com\\\/es\\\/shop\\\/accesorios\\\/flores-mixtas\\\/\",\"name\":\"Comprar Flores mixtas online | EUKRATOM\",\"isPartOf\":{\"@id\":\"https:\\\/\\\/www.eukratom.com\\\/es\\\/#website\"},\"primaryImageOfPage\":{\"@id\":\"https:\\\/\\\/www.eukratom.com\\\/es\\\/shop\\\/accesorios\\\/flores-mixtas\\\/#primaryimage\"},\"image\":{\"@id\":\"https:\\\/\\\/www.eukratom.com\\\/es\\\/shop\\\/accesorios\\\/flores-mixtas\\\/#primaryimage\"},\"thumbnailUrl\":\"https:\\\/\\\/www.eukratom.com\\\/wp-content\\\/uploads\\\/2022\\\/09\\\/Mixed-flowers.webp\",\"datePublished\":\"2022-09-14T17:06:44+00:00\",\"dateModified\":\"2025-12-25T09:37:32+00:00\",\"description\":\"Compra flores mixtas en EUKratom.com. Perfectas para hacer jab\u00f3n, velas, mezclas de incienso, cajas perfumadas, popurr\u00ed, decoraci\u00f3n, etc.\",\"breadcrumb\":{\"@id\":\"https:\\\/\\\/www.eukratom.com\\\/es\\\/shop\\\/accesorios\\\/flores-mixtas\\\/#breadcrumb\"},\"inLanguage\":\"es\",\"potentialAction\":[{\"@type\":\"ReadAction\",\"target\":[\"https:\\\/\\\/www.eukratom.com\\\/es\\\/shop\\\/accesorios\\\/flores-mixtas\\\/\"]}]},{\"@type\":\"ImageObject\",\"inLanguage\":\"es\",\"@id\":\"https:\\\/\\\/www.eukratom.com\\\/es\\\/shop\\\/accesorios\\\/flores-mixtas\\\/#primaryimage\",\"url\":\"https:\\\/\\\/www.eukratom.com\\\/wp-content\\\/uploads\\\/2022\\\/09\\\/Mixed-flowers.webp\",\"contentUrl\":\"https:\\\/\\\/www.eukratom.com\\\/wp-content\\\/uploads\\\/2022\\\/09\\\/Mixed-flowers.webp\",\"width\":1000,\"height\":1000,\"caption\":\"Flores mixtas\"},{\"@type\":\"BreadcrumbList\",\"@id\":\"https:\\\/\\\/www.eukratom.com\\\/es\\\/shop\\\/accesorios\\\/flores-mixtas\\\/#breadcrumb\",\"itemListElement\":[{\"@type\":\"ListItem\",\"position\":1,\"name\":\"Home\",\"item\":\"https:\\\/\\\/www.eukratom.com\\\/es\\\/\"},{\"@type\":\"ListItem\",\"position\":2,\"name\":\"Tienda\",\"item\":\"https:\\\/\\\/www.eukratom.com\\\/es\\\/tienda\\\/\"},{\"@type\":\"ListItem\",\"position\":3,\"name\":\"Flores mixtas\"}]},{\"@type\":\"WebSite\",\"@id\":\"https:\\\/\\\/www.eukratom.com\\\/es\\\/#website\",\"url\":\"https:\\\/\\\/www.eukratom.com\\\/es\\\/\",\"name\":\"EUKRATOM\",\"description\":\"Best Kratom Online in Europe\",\"publisher\":{\"@id\":\"https:\\\/\\\/www.eukratom.com\\\/es\\\/#organization\"},\"potentialAction\":[{\"@type\":\"SearchAction\",\"target\":{\"@type\":\"EntryPoint\",\"urlTemplate\":\"https:\\\/\\\/www.eukratom.com\\\/es\\\/?s={search_term_string}\"},\"query-input\":{\"@type\":\"PropertyValueSpecification\",\"valueRequired\":true,\"valueName\":\"search_term_string\"}}],\"inLanguage\":\"es\"},{\"@type\":\"Organization\",\"@id\":\"https:\\\/\\\/www.eukratom.com\\\/es\\\/#organization\",\"name\":\"EUKRATOM\",\"url\":\"https:\\\/\\\/www.eukratom.com\\\/es\\\/\",\"logo\":{\"@type\":\"ImageObject\",\"inLanguage\":\"es\",\"@id\":\"https:\\\/\\\/www.eukratom.com\\\/es\\\/#\\\/schema\\\/logo\\\/image\\\/\",\"url\":\"https:\\\/\\\/www.eukratom.com\\\/wp-content\\\/uploads\\\/2023\\\/02\\\/EUkratom.com_.svg\",\"contentUrl\":\"https:\\\/\\\/www.eukratom.com\\\/wp-content\\\/uploads\\\/2023\\\/02\\\/EUkratom.com_.svg\",\"width\":1,\"height\":1,\"caption\":\"EUKRATOM\"},\"image\":{\"@id\":\"https:\\\/\\\/www.eukratom.com\\\/es\\\/#\\\/schema\\\/logo\\\/image\\\/\"}}]}<\/script>\n<!-- \/ Yoast SEO plugin. -->","yoast_head_json":{"title":"Comprar Flores mixtas online | EUKRATOM","description":"Compra flores mixtas en EUKratom.com. Perfectas para hacer jab\u00f3n, velas, mezclas de incienso, cajas perfumadas, popurr\u00ed, decoraci\u00f3n, etc.","robots":{"index":"index","follow":"follow","max-snippet":"max-snippet:-1","max-image-preview":"max-image-preview:large","max-video-preview":"max-video-preview:-1"},"canonical":"https:\/\/www.eukratom.com\/es\/shop\/accesorios\/flores-mixtas\/","og_locale":"es_ES","og_type":"article","og_title":"Comprar Flores mixtas online | EUKRATOM","og_description":"Compra flores mixtas en EUKratom.com. Perfectas para hacer jab\u00f3n, velas, mezclas de incienso, cajas perfumadas, popurr\u00ed, decoraci\u00f3n, etc.","og_url":"https:\/\/www.eukratom.com\/es\/shop\/accesorios\/flores-mixtas\/","og_site_name":"EUKRATOM","article_modified_time":"2025-12-25T09:37:32+00:00","og_image":[{"width":1000,"height":1000,"url":"https:\/\/www.eukratom.com\/wp-content\/uploads\/2022\/09\/Mixed-flowers.webp","type":"image\/webp"}],"twitter_card":"summary_large_image","schema":{"@context":"https:\/\/schema.org","@graph":[{"@type":"WebPage","@id":"https:\/\/www.eukratom.com\/es\/shop\/accesorios\/flores-mixtas\/","url":"https:\/\/www.eukratom.com\/es\/shop\/accesorios\/flores-mixtas\/","name":"Comprar Flores mixtas online | EUKRATOM","isPartOf":{"@id":"https:\/\/www.eukratom.com\/es\/#website"},"primaryImageOfPage":{"@id":"https:\/\/www.eukratom.com\/es\/shop\/accesorios\/flores-mixtas\/#primaryimage"},"image":{"@id":"https:\/\/www.eukratom.com\/es\/shop\/accesorios\/flores-mixtas\/#primaryimage"},"thumbnailUrl":"https:\/\/www.eukratom.com\/wp-content\/uploads\/2022\/09\/Mixed-flowers.webp","datePublished":"2022-09-14T17:06:44+00:00","dateModified":"2025-12-25T09:37:32+00:00","description":"Compra flores mixtas en EUKratom.com. Perfectas para hacer jab\u00f3n, velas, mezclas de incienso, cajas perfumadas, popurr\u00ed, decoraci\u00f3n, etc.","breadcrumb":{"@id":"https:\/\/www.eukratom.com\/es\/shop\/accesorios\/flores-mixtas\/#breadcrumb"},"inLanguage":"es","potentialAction":[{"@type":"ReadAction","target":["https:\/\/www.eukratom.com\/es\/shop\/accesorios\/flores-mixtas\/"]}]},{"@type":"ImageObject","inLanguage":"es","@id":"https:\/\/www.eukratom.com\/es\/shop\/accesorios\/flores-mixtas\/#primaryimage","url":"https:\/\/www.eukratom.com\/wp-content\/uploads\/2022\/09\/Mixed-flowers.webp","contentUrl":"https:\/\/www.eukratom.com\/wp-content\/uploads\/2022\/09\/Mixed-flowers.webp","width":1000,"height":1000,"caption":"Flores mixtas"},{"@type":"BreadcrumbList","@id":"https:\/\/www.eukratom.com\/es\/shop\/accesorios\/flores-mixtas\/#breadcrumb","itemListElement":[{"@type":"ListItem","position":1,"name":"Home","item":"https:\/\/www.eukratom.com\/es\/"},{"@type":"ListItem","position":2,"name":"Tienda","item":"https:\/\/www.eukratom.com\/es\/tienda\/"},{"@type":"ListItem","position":3,"name":"Flores mixtas"}]},{"@type":"WebSite","@id":"https:\/\/www.eukratom.com\/es\/#website","url":"https:\/\/www.eukratom.com\/es\/","name":"EUKRATOM","description":"Best Kratom Online in Europe","publisher":{"@id":"https:\/\/www.eukratom.com\/es\/#organization"},"potentialAction":[{"@type":"SearchAction","target":{"@type":"EntryPoint","urlTemplate":"https:\/\/www.eukratom.com\/es\/?s={search_term_string}"},"query-input":{"@type":"PropertyValueSpecification","valueRequired":true,"valueName":"search_term_string"}}],"inLanguage":"es"},{"@type":"Organization","@id":"https:\/\/www.eukratom.com\/es\/#organization","name":"EUKRATOM","url":"https:\/\/www.eukratom.com\/es\/","logo":{"@type":"ImageObject","inLanguage":"es","@id":"https:\/\/www.eukratom.com\/es\/#\/schema\/logo\/image\/","url":"https:\/\/www.eukratom.com\/wp-content\/uploads\/2023\/02\/EUkratom.com_.svg","contentUrl":"https:\/\/www.eukratom.com\/wp-content\/uploads\/2023\/02\/EUkratom.com_.svg","width":1,"height":1,"caption":"EUKRATOM"},"image":{"@id":"https:\/\/www.eukratom.com\/es\/#\/schema\/logo\/image\/"}}]}},"jetpack_sharing_enabled":true,"_links":{"self":[{"href":"https:\/\/www.eukratom.com\/es\/wp-json\/wp\/v2\/product\/12654","targetHints":{"allow":["GET"]}}],"collection":[{"href":"https:\/\/www.eukratom.com\/es\/wp-json\/wp\/v2\/product"}],"about":[{"href":"https:\/\/www.eukratom.com\/es\/wp-json\/wp\/v2\/types\/product"}],"replies":[{"embeddable":true,"href":"https:\/\/www.eukratom.com\/es\/wp-json\/wp\/v2\/comments?post=12654"}],"wp:featuredmedia":[{"embeddable":true,"href":"https:\/\/www.eukratom.com\/es\/wp-json\/wp\/v2\/media\/12656"}],"wp:attachment":[{"href":"https:\/\/www.eukratom.com\/es\/wp-json\/wp\/v2\/media?parent=12654"}],"wp:term":[{"taxonomy":"product_brand","embeddable":true,"href":"https:\/\/www.eukratom.com\/es\/wp-json\/wp\/v2\/product_brand?post=12654"},{"taxonomy":"product_cat","embeddable":true,"href":"https:\/\/www.eukratom.com\/es\/wp-json\/wp\/v2\/product_cat?post=12654"},{"taxonomy":"product_tag","embeddable":true,"href":"https:\/\/www.eukratom.com\/es\/wp-json\/wp\/v2\/product_tag?post=12654"}],"curies":[{"name":"wp","href":"https:\/\/api.w.org\/{rel}","templated":true}]}}