{"id":13364,"date":"2025-09-25T14:10:08","date_gmt":"2025-09-25T12:10:08","guid":{"rendered":"https:\/\/www.eukratom.com\/como-hacer-bombas-de-bano\/"},"modified":"2025-12-21T13:15:02","modified_gmt":"2025-12-21T12:15:02","slug":"como-hacer-bombas-de-bano","status":"publish","type":"page","link":"https:\/\/www.eukratom.com\/es\/como-hacer-bombas-de-bano\/","title":{"rendered":"C\u00f3mo hacer bombas de ba\u00f1o"},"content":{"rendered":"\n  <div class=\"banner has-hover\" id=\"banner-380423557\">\n          <div class=\"banner-inner fill\">\n        <div class=\"banner-bg fill\" >\n            <img loading=\"lazy\" decoding=\"async\" width=\"1020\" height=\"680\" src=\"https:\/\/www.eukratom.com\/wp-content\/uploads\/2025\/09\/bath_bombs-Banner-1024x683.webp\" class=\"bg attachment-large size-large\" alt=\"Bombas de ba\u00f1o verdes y amarillas hechas a mano\" \/>                                    \n                    <\/div>\n\t\t\n        <div class=\"banner-layers container\">\n            <div class=\"fill banner-link\"><\/div>            \n   <div id=\"text-box-1572649363\" class=\"text-box banner-layer x50 md-x50 lg-x50 y50 md-y50 lg-y50 res-text\">\n                                <div class=\"text-box-content text dark\">\n              \n              <div class=\"text-inner text-center\">\n                  \n\t<div id=\"text-2745780461\" class=\"text\">\n\t\t\n<h1 class=\"uppercase\">Bombas de ba\u00f1o DIY<\/h1>\n\t\t\n<style>\n#text-2745780461 {\n  font-size: 0.75rem;\n}\n@media (min-width:550px) {\n  #text-2745780461 {\n    font-size: 0.75rem;\n  }\n}\n<\/style>\n\t<\/div>\n\t\n\t<div id=\"text-1463718522\" class=\"text\">\n\t\t\n<p> \u2013 Easy Homemade Recipe with Natural Ingredients<\/p>\n\t\t\n<style>\n#text-1463718522 {\n  font-size: 1.25rem;\n}\n<\/style>\n\t<\/div>\n\t\n              <\/div>\n           <\/div>\n                            \n<style>\n#text-box-1572649363 {\n  width: 60%;\n}\n#text-box-1572649363 .text-box-content {\n  font-size: 100%;\n}\n<\/style>\n    <\/div>\n \n        <\/div>\n      <\/div>\n\n            \n<style>\n#banner-380423557 {\n  padding-top: 500px;\n}\n<\/style>\n  <\/div>\n\n\n<p>Hacer tus propias bombas de ba\u00f1o en casa es un proyecto DIY divertido y relajante que te permite personalizar los aromas, colores e ingredientes a tu gusto. Tanto si las haces para ti, como para regalar o simplemente para darte un peque\u00f1o lujo de autocuidado, esta receta te guiar\u00e1 paso a paso por el proceso. No necesitas ning\u00fan equipo sofisticado: \u00a1s\u00f3lo unos cuantos ingredientes sencillos y un poco de creatividad!  <\/p>\n<h3 data-start=\"70\" data-end=\"140\">\ud83d\udec1 <strong data-start=\"77\" data-end=\"103\">Receta b\u00e1sica de bombas de ba\u00f1o de kratom<\/strong> (rinde unas 4-6, seg\u00fan el tama\u00f1o)<\/h3>\n<h4 data-start=\"142\" data-end=\"163\"><strong data-start=\"147\" data-end=\"163\">Ingredientes:<\/strong><\/h4>\n<ul data-start=\"164\" data-end=\"657\">\n<li data-start=\"164\" data-end=\"191\">\n<p data-start=\"166\" data-end=\"191\">1\/2 taza de <strong data-start=\"174\" data-end=\"189\">\u00e1cido c\u00edtrico<\/strong><\/p>\n<\/li>\n<li data-start=\"192\" data-end=\"217\">\n<p data-start=\"194\" data-end=\"217\">1 taza de <strong data-start=\"200\" data-end=\"215\">bicarbonato s\u00f3dico<\/strong><\/p>\n<\/li>\n<li data-start=\"218\" data-end=\"261\">\n<p data-start=\"220\" data-end=\"261\">1\/2 taza de <strong data-start=\"228\" data-end=\"242\">maicena<\/strong> (o f\u00e9cula de patata)<\/p>\n<\/li>\n<li data-start=\"262\" data-end=\"316\">\n<p data-start=\"264\" data-end=\"316\">1\/4 de taza de <strong data-start=\"272\" data-end=\"286\">sal de Epsom<\/strong> (opcional &#8211; ablanda la piel)<\/p>\n<\/li>\n<li data-start=\"317\" data-end=\"353\">\n<p data-start=\"319\" data-end=\"353\">1-2 cucharaditas de <strong data-start=\"327\" data-end=\"336\">agua<\/strong> (\u00a1util\u00edzalas con moderaci\u00f3n!)<\/p>\n<\/li>\n<li data-start=\"354\" data-end=\"424\">\n<p data-start=\"356\" data-end=\"424\">1-2 cucharaditas de <strong data-start=\"364\" data-end=\"379\">aceite portador<\/strong> (por ejemplo, aceite de coco, de almendras o de oliva)<\/p>\n<\/li>\n<li data-start=\"425\" data-end=\"491\">\n<p data-start=\"427\" data-end=\"491\">10-20 gotas <strong data-start=\"439\" data-end=\"456\">de aceite esencial<\/strong> (por ejemplo, <a href=\"https:\/\/www.eukratom.com\/es\/shop\/accesorios\/aceite-de-lavanda\/\">lavanda<\/a>, lim\u00f3n, eucalipto)<\/p>\n<\/li>\n<li data-start=\"492\" data-end=\"560\">\n<p data-start=\"494\" data-end=\"560\">1-2 cucharaditas<strong data-start=\"494\" data-end=\"512\"> Color opcional<\/strong> (por ejemplo, <a href=\"https:\/\/www.eukratom.com\/es\/products\/comprar-kratom\/\">Kratom<\/a>, Sakea naa, Javanica)<\/p>\n<\/li>\n<li data-start=\"561\" data-end=\"657\">\n<p data-start=\"563\" data-end=\"657\"><strong data-start=\"563\" data-end=\"582\">Moldes para bombas de ba\u00f1o<\/strong> o moldes de silicona (puedes utilizar adornos navide\u00f1os de pl\u00e1stico o moldes para magdalenas)<\/p>\n<\/li>\n<\/ul>\n<hr data-start=\"659\" data-end=\"662\">\n<h3 data-start=\"664\" data-end=\"685\">\ud83d\udee0\ufe0f Instrucciones:<\/h3>\n<ol data-start=\"687\" data-end=\"1574\">\n<li data-start=\"687\" data-end=\"798\">\n<p data-start=\"690\" data-end=\"714\"><strong data-start=\"690\" data-end=\"714\">Mezcla los ingredientes secos:<\/strong><\/p>\n<ul data-start=\"718\" data-end=\"798\">\n<li data-start=\"718\" data-end=\"798\">\n<p data-start=\"720\" data-end=\"798\">En un bol grande, mezcla el bicarbonato, el \u00e1cido c\u00edtrico, la maicena, el kratom y la sal de Epsom.<\/p>\n<\/li>\n<\/ul>\n<\/li>\n<li data-start=\"800\" data-end=\"1006\">\n<p data-start=\"803\" data-end=\"846\"><strong data-start=\"803\" data-end=\"846\">Mezcla los ingredientes h\u00famedos en un cuenco aparte:<\/strong><\/p>\n<ul data-start=\"850\" data-end=\"1006\">\n<li data-start=\"850\" data-end=\"903\">\n<p data-start=\"852\" data-end=\"903\">Combina el aceite, el aceite esencial, el color y el agua.<\/p>\n<\/li>\n<li data-start=\"907\" data-end=\"1006\">\n<p data-start=\"909\" data-end=\"1006\">Remueve suavemente: demasiado l\u00edquido o a\u00f1adirlo demasiado deprisa puede hacer que la mezcla efervesca antes de tiempo.<\/p>\n<\/li>\n<\/ul>\n<\/li>\n<li data-start=\"1008\" data-end=\"1253\">\n<p data-start=\"1011\" data-end=\"1054\"><strong data-start=\"1011\" data-end=\"1054\">Combina lentamente los ingredientes h\u00famedos y secos:<\/strong><\/p>\n<ul data-start=\"1058\" data-end=\"1253\">\n<li data-start=\"1058\" data-end=\"1153\">\n<p data-start=\"1060\" data-end=\"1153\">A\u00f1ade la mezcla l\u00edquida poco a poco a los ingredientes secos, removiendo constantemente para evitar que se forme una efervescencia.<\/p>\n<\/li>\n<li data-start=\"1157\" data-end=\"1253\">\n<p data-start=\"1159\" data-end=\"1253\">La textura final debe parecerse a la de la arena h\u00fameda: debe mantener su forma al presionarla.<\/p>\n<\/li>\n<\/ul>\n<\/li>\n<li data-start=\"1255\" data-end=\"1399\">\n<p data-start=\"1258\" data-end=\"1283\"><strong data-start=\"1258\" data-end=\"1283\">Moldea tus bombas de ba\u00f1o:<\/strong><\/p>\n<ul data-start=\"1287\" data-end=\"1399\">\n<li data-start=\"1287\" data-end=\"1399\">\n<p data-start=\"1289\" data-end=\"1399\">Presiona firmemente la mezcla en los moldes. Si utilizas dos mitades (para una bomba redonda), presi\u00f3nalas bien. <\/p>\n<\/li>\n<\/ul>\n<\/li>\n<li data-start=\"1401\" data-end=\"1574\">\n<p data-start=\"1404\" data-end=\"1421\"><strong data-start=\"1404\" data-end=\"1421\">D\u00e9jalos secar:<\/strong><\/p>\n<ul data-start=\"1425\" data-end=\"1574\">\n<li data-start=\"1425\" data-end=\"1574\">\n<p data-start=\"1427\" data-end=\"1574\">Deja secar las bombas de ba\u00f1o en el molde durante al menos 24 horas. Una vez endurecidas, s\u00e1calas y gu\u00e1rdalas en un recipiente herm\u00e9tico o envu\u00e9lvelas en bolsas de celof\u00e1n. <\/p>\n<\/li>\n<\/ul>\n<\/li>\n<\/ol>\n<hr data-start=\"1576\" data-end=\"1579\">\n<h3 data-start=\"1581\" data-end=\"1593\">\ud83d\udca1 Consejos:<\/h3>\n<ul data-start=\"1594\" data-end=\"1840\">\n<li data-start=\"1594\" data-end=\"1670\">\n<p data-start=\"1596\" data-end=\"1670\">Utiliza <strong data-start=\"1600\" data-end=\"1610\">guantes<\/strong> si tienes la piel sensible (el \u00e1cido c\u00edtrico puede ser irritante).<\/p>\n<\/li>\n<li data-start=\"1671\" data-end=\"1724\">\n<p data-start=\"1673\" data-end=\"1724\">No dejes que los ni\u00f1os manipulen \u00e1cido c\u00edtrico sin supervisi\u00f3n.<\/p>\n<\/li>\n<li data-start=\"1725\" data-end=\"1840\">\n<p data-start=\"1727\" data-end=\"1840\">\u00bfQuieres a\u00f1adir <strong data-start=\"1739\" data-end=\"1750\">purpurina<\/strong> o <strong data-start=\"1760\" data-end=\"1771\">flores sec<\/strong>as? Col\u00f3calos en el fondo del molde antes de introducir la mezcla.<\/p>\n<\/li>\n<\/ul>\n","protected":false},"excerpt":{"rendered":"<p>Hacer tus propias bombas de ba\u00f1o en casa es un proyecto DIY divertido y relajante que te permite personalizar los aromas, colores e ingredientes a tu gusto. Tanto si las haces para ti, como para regalar o simplemente para darte un peque\u00f1o lujo de autocuidado, esta receta te guiar\u00e1 paso a paso por el proceso. [&#8230;]\n","protected":false},"author":624,"featured_media":13363,"parent":0,"menu_order":0,"comment_status":"closed","ping_status":"closed","template":"","meta":{"footnotes":""},"class_list":["post-13364","page","type-page","status-publish","has-post-thumbnail","hentry"],"yoast_head":"<!-- This site is optimized with the Yoast SEO plugin v27.4 - https:\/\/yoast.com\/product\/yoast-seo-wordpress\/ -->\n<title>Bombas de ba\u00f1o DIY - Receta casera f\u00e1cil | EUKRATOM%<\/title>\n<meta name=\"description\" content=\"Aprende a hacer tus propias bombas de ba\u00f1o coloridas y perfumadas en casa con esta sencilla receta paso a paso con ingredientes naturales.\" \/>\n<meta name=\"robots\" content=\"index, follow, max-snippet:-1, max-image-preview:large, max-video-preview:-1\" \/>\n<link rel=\"canonical\" href=\"https:\/\/www.eukratom.com\/es\/como-hacer-bombas-de-bano\/\" \/>\n<meta property=\"og:locale\" content=\"es_ES\" \/>\n<meta property=\"og:type\" content=\"article\" \/>\n<meta property=\"og:title\" content=\"Bombas de ba\u00f1o DIY - Receta casera f\u00e1cil | EUKRATOM%\" \/>\n<meta property=\"og:description\" content=\"Aprende a hacer tus propias bombas de ba\u00f1o coloridas y perfumadas en casa con esta sencilla receta paso a paso con ingredientes naturales.\" \/>\n<meta property=\"og:url\" content=\"https:\/\/www.eukratom.com\/es\/como-hacer-bombas-de-bano\/\" \/>\n<meta property=\"og:site_name\" content=\"EUKRATOM\" \/>\n<meta property=\"article:modified_time\" content=\"2025-12-21T12:15:02+00:00\" \/>\n<meta property=\"og:image\" content=\"https:\/\/www.eukratom.com\/wp-content\/uploads\/2025\/09\/bath_bombs-Banner.webp\" \/>\n\t<meta property=\"og:image:width\" content=\"1344\" \/>\n\t<meta property=\"og:image:height\" content=\"896\" \/>\n\t<meta property=\"og:image:type\" content=\"image\/webp\" \/>\n<meta name=\"twitter:card\" content=\"summary_large_image\" \/>\n<meta name=\"twitter:label1\" content=\"Tiempo de lectura\" \/>\n\t<meta name=\"twitter:data1\" content=\"2 minutos\" \/>\n<script type=\"application\/ld+json\" class=\"yoast-schema-graph\">{\"@context\":\"https:\\\/\\\/schema.org\",\"@graph\":[{\"@type\":\"WebPage\",\"@id\":\"https:\\\/\\\/www.eukratom.com\\\/es\\\/como-hacer-bombas-de-bano\\\/\",\"url\":\"https:\\\/\\\/www.eukratom.com\\\/es\\\/como-hacer-bombas-de-bano\\\/\",\"name\":\"Bombas de ba\u00f1o DIY - Receta casera f\u00e1cil | EUKRATOM%\",\"isPartOf\":{\"@id\":\"https:\\\/\\\/www.eukratom.com\\\/es\\\/#website\"},\"primaryImageOfPage\":{\"@id\":\"https:\\\/\\\/www.eukratom.com\\\/es\\\/como-hacer-bombas-de-bano\\\/#primaryimage\"},\"image\":{\"@id\":\"https:\\\/\\\/www.eukratom.com\\\/es\\\/como-hacer-bombas-de-bano\\\/#primaryimage\"},\"thumbnailUrl\":\"https:\\\/\\\/www.eukratom.com\\\/wp-content\\\/uploads\\\/2025\\\/09\\\/bath_bombs-Banner.webp\",\"datePublished\":\"2025-09-25T12:10:08+00:00\",\"dateModified\":\"2025-12-21T12:15:02+00:00\",\"description\":\"Aprende a hacer tus propias bombas de ba\u00f1o coloridas y perfumadas en casa con esta sencilla receta paso a paso con ingredientes naturales.\",\"breadcrumb\":{\"@id\":\"https:\\\/\\\/www.eukratom.com\\\/es\\\/como-hacer-bombas-de-bano\\\/#breadcrumb\"},\"inLanguage\":\"es\",\"potentialAction\":[{\"@type\":\"ReadAction\",\"target\":[\"https:\\\/\\\/www.eukratom.com\\\/es\\\/como-hacer-bombas-de-bano\\\/\"]}]},{\"@type\":\"ImageObject\",\"inLanguage\":\"es\",\"@id\":\"https:\\\/\\\/www.eukratom.com\\\/es\\\/como-hacer-bombas-de-bano\\\/#primaryimage\",\"url\":\"https:\\\/\\\/www.eukratom.com\\\/wp-content\\\/uploads\\\/2025\\\/09\\\/bath_bombs-Banner.webp\",\"contentUrl\":\"https:\\\/\\\/www.eukratom.com\\\/wp-content\\\/uploads\\\/2025\\\/09\\\/bath_bombs-Banner.webp\",\"width\":1344,\"height\":896,\"caption\":\"Bombas de ba\u00f1o verdes y amarillas hechas a mano\"},{\"@type\":\"BreadcrumbList\",\"@id\":\"https:\\\/\\\/www.eukratom.com\\\/es\\\/como-hacer-bombas-de-bano\\\/#breadcrumb\",\"itemListElement\":[{\"@type\":\"ListItem\",\"position\":1,\"name\":\"Home\",\"item\":\"https:\\\/\\\/www.eukratom.com\\\/es\\\/\"},{\"@type\":\"ListItem\",\"position\":2,\"name\":\"C\u00f3mo hacer bombas de ba\u00f1o\"}]},{\"@type\":\"WebSite\",\"@id\":\"https:\\\/\\\/www.eukratom.com\\\/es\\\/#website\",\"url\":\"https:\\\/\\\/www.eukratom.com\\\/es\\\/\",\"name\":\"EUKRATOM\",\"description\":\"Best Kratom Online in Europe\",\"publisher\":{\"@id\":\"https:\\\/\\\/www.eukratom.com\\\/es\\\/#organization\"},\"potentialAction\":[{\"@type\":\"SearchAction\",\"target\":{\"@type\":\"EntryPoint\",\"urlTemplate\":\"https:\\\/\\\/www.eukratom.com\\\/es\\\/?s={search_term_string}\"},\"query-input\":{\"@type\":\"PropertyValueSpecification\",\"valueRequired\":true,\"valueName\":\"search_term_string\"}}],\"inLanguage\":\"es\"},{\"@type\":\"Organization\",\"@id\":\"https:\\\/\\\/www.eukratom.com\\\/es\\\/#organization\",\"name\":\"EUKRATOM\",\"url\":\"https:\\\/\\\/www.eukratom.com\\\/es\\\/\",\"logo\":{\"@type\":\"ImageObject\",\"inLanguage\":\"es\",\"@id\":\"https:\\\/\\\/www.eukratom.com\\\/es\\\/#\\\/schema\\\/logo\\\/image\\\/\",\"url\":\"https:\\\/\\\/www.eukratom.com\\\/wp-content\\\/uploads\\\/2023\\\/02\\\/EUkratom.com_.svg\",\"contentUrl\":\"https:\\\/\\\/www.eukratom.com\\\/wp-content\\\/uploads\\\/2023\\\/02\\\/EUkratom.com_.svg\",\"width\":1,\"height\":1,\"caption\":\"EUKRATOM\"},\"image\":{\"@id\":\"https:\\\/\\\/www.eukratom.com\\\/es\\\/#\\\/schema\\\/logo\\\/image\\\/\"}}]}<\/script>\n<!-- \/ Yoast SEO plugin. -->","yoast_head_json":{"title":"Bombas de ba\u00f1o DIY - Receta casera f\u00e1cil | EUKRATOM%","description":"Aprende a hacer tus propias bombas de ba\u00f1o coloridas y perfumadas en casa con esta sencilla receta paso a paso con ingredientes naturales.","robots":{"index":"index","follow":"follow","max-snippet":"max-snippet:-1","max-image-preview":"max-image-preview:large","max-video-preview":"max-video-preview:-1"},"canonical":"https:\/\/www.eukratom.com\/es\/como-hacer-bombas-de-bano\/","og_locale":"es_ES","og_type":"article","og_title":"Bombas de ba\u00f1o DIY - Receta casera f\u00e1cil | EUKRATOM%","og_description":"Aprende a hacer tus propias bombas de ba\u00f1o coloridas y perfumadas en casa con esta sencilla receta paso a paso con ingredientes naturales.","og_url":"https:\/\/www.eukratom.com\/es\/como-hacer-bombas-de-bano\/","og_site_name":"EUKRATOM","article_modified_time":"2025-12-21T12:15:02+00:00","og_image":[{"width":1344,"height":896,"url":"https:\/\/www.eukratom.com\/wp-content\/uploads\/2025\/09\/bath_bombs-Banner.webp","type":"image\/webp"}],"twitter_card":"summary_large_image","twitter_misc":{"Tiempo de lectura":"2 minutos"},"schema":{"@context":"https:\/\/schema.org","@graph":[{"@type":"WebPage","@id":"https:\/\/www.eukratom.com\/es\/como-hacer-bombas-de-bano\/","url":"https:\/\/www.eukratom.com\/es\/como-hacer-bombas-de-bano\/","name":"Bombas de ba\u00f1o DIY - Receta casera f\u00e1cil | EUKRATOM%","isPartOf":{"@id":"https:\/\/www.eukratom.com\/es\/#website"},"primaryImageOfPage":{"@id":"https:\/\/www.eukratom.com\/es\/como-hacer-bombas-de-bano\/#primaryimage"},"image":{"@id":"https:\/\/www.eukratom.com\/es\/como-hacer-bombas-de-bano\/#primaryimage"},"thumbnailUrl":"https:\/\/www.eukratom.com\/wp-content\/uploads\/2025\/09\/bath_bombs-Banner.webp","datePublished":"2025-09-25T12:10:08+00:00","dateModified":"2025-12-21T12:15:02+00:00","description":"Aprende a hacer tus propias bombas de ba\u00f1o coloridas y perfumadas en casa con esta sencilla receta paso a paso con ingredientes naturales.","breadcrumb":{"@id":"https:\/\/www.eukratom.com\/es\/como-hacer-bombas-de-bano\/#breadcrumb"},"inLanguage":"es","potentialAction":[{"@type":"ReadAction","target":["https:\/\/www.eukratom.com\/es\/como-hacer-bombas-de-bano\/"]}]},{"@type":"ImageObject","inLanguage":"es","@id":"https:\/\/www.eukratom.com\/es\/como-hacer-bombas-de-bano\/#primaryimage","url":"https:\/\/www.eukratom.com\/wp-content\/uploads\/2025\/09\/bath_bombs-Banner.webp","contentUrl":"https:\/\/www.eukratom.com\/wp-content\/uploads\/2025\/09\/bath_bombs-Banner.webp","width":1344,"height":896,"caption":"Bombas de ba\u00f1o verdes y amarillas hechas a mano"},{"@type":"BreadcrumbList","@id":"https:\/\/www.eukratom.com\/es\/como-hacer-bombas-de-bano\/#breadcrumb","itemListElement":[{"@type":"ListItem","position":1,"name":"Home","item":"https:\/\/www.eukratom.com\/es\/"},{"@type":"ListItem","position":2,"name":"C\u00f3mo hacer bombas de ba\u00f1o"}]},{"@type":"WebSite","@id":"https:\/\/www.eukratom.com\/es\/#website","url":"https:\/\/www.eukratom.com\/es\/","name":"EUKRATOM","description":"Best Kratom Online in Europe","publisher":{"@id":"https:\/\/www.eukratom.com\/es\/#organization"},"potentialAction":[{"@type":"SearchAction","target":{"@type":"EntryPoint","urlTemplate":"https:\/\/www.eukratom.com\/es\/?s={search_term_string}"},"query-input":{"@type":"PropertyValueSpecification","valueRequired":true,"valueName":"search_term_string"}}],"inLanguage":"es"},{"@type":"Organization","@id":"https:\/\/www.eukratom.com\/es\/#organization","name":"EUKRATOM","url":"https:\/\/www.eukratom.com\/es\/","logo":{"@type":"ImageObject","inLanguage":"es","@id":"https:\/\/www.eukratom.com\/es\/#\/schema\/logo\/image\/","url":"https:\/\/www.eukratom.com\/wp-content\/uploads\/2023\/02\/EUkratom.com_.svg","contentUrl":"https:\/\/www.eukratom.com\/wp-content\/uploads\/2023\/02\/EUkratom.com_.svg","width":1,"height":1,"caption":"EUKRATOM"},"image":{"@id":"https:\/\/www.eukratom.com\/es\/#\/schema\/logo\/image\/"}}]}},"jetpack_sharing_enabled":true,"_links":{"self":[{"href":"https:\/\/www.eukratom.com\/es\/wp-json\/wp\/v2\/pages\/13364","targetHints":{"allow":["GET"]}}],"collection":[{"href":"https:\/\/www.eukratom.com\/es\/wp-json\/wp\/v2\/pages"}],"about":[{"href":"https:\/\/www.eukratom.com\/es\/wp-json\/wp\/v2\/types\/page"}],"author":[{"embeddable":true,"href":"https:\/\/www.eukratom.com\/es\/wp-json\/wp\/v2\/users\/624"}],"replies":[{"embeddable":true,"href":"https:\/\/www.eukratom.com\/es\/wp-json\/wp\/v2\/comments?post=13364"}],"version-history":[{"count":7,"href":"https:\/\/www.eukratom.com\/es\/wp-json\/wp\/v2\/pages\/13364\/revisions"}],"predecessor-version":[{"id":14637,"href":"https:\/\/www.eukratom.com\/es\/wp-json\/wp\/v2\/pages\/13364\/revisions\/14637"}],"wp:featuredmedia":[{"embeddable":true,"href":"https:\/\/www.eukratom.com\/es\/wp-json\/wp\/v2\/media\/13363"}],"wp:attachment":[{"href":"https:\/\/www.eukratom.com\/es\/wp-json\/wp\/v2\/media?parent=13364"}],"curies":[{"name":"wp","href":"https:\/\/api.w.org\/{rel}","templated":true}]}}