{"id":12329,"date":"2025-06-28T17:44:22","date_gmt":"2025-06-28T15:44:22","guid":{"rendered":"https:\/\/www.eukratom.com\/kratom-al-por-mayor\/"},"modified":"2025-12-23T13:14:25","modified_gmt":"2025-12-23T12:14:25","slug":"kratom-al-por-mayor","status":"publish","type":"page","link":"https:\/\/www.eukratom.com\/es\/kratom-al-por-mayor\/","title":{"rendered":"Kratom al por mayor"},"content":{"rendered":"  <div id=\"page-header-869968912\" class=\"page-header-wrapper\">\n  <div class=\"page-title light simple-title\">\n\n    \n    <div class=\"page-title-inner container align-center text-center flex-row-col medium-flex-wrap\" >\n              <div class=\"title-wrapper flex-col\">\n          <h1 class=\"entry-title mb-0\">\n            Comprar Kratom y Alternativas al por mayor          <\/h1>\n        <\/div>\n                    <div class=\"title-content flex-col\">\n        <div class=\"title-breadcrumbs pb-half pt-half\"><nav class=\"woocommerce-breadcrumb breadcrumbs uppercase\" aria-label=\"Breadcrumb\">Inicio<\/nav><\/div>      <\/div>\n    <\/div>\n\n       <\/div>\n    <\/div>\n  \n\n\t<section class=\"section\" id=\"section_1143421211\">\n\t\t<div class=\"section-bg fill\" >\n\t\t\t<img loading=\"lazy\" decoding=\"async\" width=\"1200\" height=\"550\" src=\"https:\/\/www.eukratom.com\/wp-content\/uploads\/2025\/06\/EUkratom.webp\" class=\"bg attachment- size-\" alt=\"El mejor kratom de la UE en EUkratom\" \/>\t\t\t\t\t\t\n\t\t\t\n\n\t\t<\/div>\n\n\t\t\n\t<div class=\"ux-shape-divider ux-shape-divider--bottom ux-shape-divider--style-waves-opacity-3\">\n\t\t<svg viewBox=\"0 0 1000 300\" xmlns=\"http:\/\/www.w3.org\/2000\/svg\" preserveAspectRatio=\"none\">\n\t<path class=\"ux-shape-fill\" opacity=\"0.05\" d=\"M1014 264V386H206L34 300C34 300 344.42 277.16 436 221C542 156 590 160 704 209C811 255 899.11 214.94 979 346L1014 264Z\"\/>\n\t<path class=\"ux-shape-fill\" opacity=\"0.1\" d=\"M-302 55C-302 55 -66.73 263.25 50 214C178 160 283 116 353 141C445.68 174.1 534.28 256.19 588 249C692.9 235 764.52 75.94 855 131C940.61 183.09 1000 254 1000 254V328L-306 338L-302 55Z\"\/>\n\t<path class=\"ux-shape-fill\" opacity=\"0.15\" d=\"M-286 255C-286 255 -72 152 52 126C176 100 255 155 436 227C581.57 284.91 614.7 277.79 708 227C787 184 1009 3.0001 1093 164C1146 265.63 1031 293 1031 293L924 377L-288 389L-286 255Z\"\/>\n\t<path class=\"ux-shape-fill\" opacity=\"0.3\" d=\"M-24 69C-24 69 275.68 370.66 389 314C397 310 622 316 673 356C690.47 369.7 845 224 890 182C944.8 130.85 1018 92 1078 143C1154.12 207.7 1196 242 1196 242L1184 374L-28 386L-24 69Z\"\/>\n\t<path class=\"ux-shape-fill\" d=\"M-12 201C-12 201 58 284 182 258C306 232 342.29 221.23 456 264C565 305 640.82 288.36 721 249C776 222 837.5 191.31 935 253C984 284 1030 279 1030 279L1024 430L-12 440V201Z\"\/>\n<\/svg>\n\t<\/div>\n\n\t\t<div class=\"section-content relative\">\n\t\t\t\n\t\t<\/div>\n\n\t\t\n<style>\n#section_1143421211 {\n  padding-top: 30px;\n  padding-bottom: 30px;\n  min-height: 300px;\n}\n#section_1143421211 .ux-shape-divider--bottom svg {\n  height: 50px;\n  --divider-width: 100%;\n}\n<\/style>\n\t<\/section>\n\t\n\n\t<section class=\"section\" id=\"section_1898294336\">\n\t\t<div class=\"section-bg fill\" >\n\t\t\t\t\t\t\t\t\t\n\t\t\t\n\n\t\t<\/div>\n\n\t\t\n\n\t\t<div class=\"section-content relative\">\n\t\t\t\n<div class=\"row row-collapse\"  id=\"row-340209694\">\n\n\t<div id=\"col-2124584775\" class=\"col medium-9 small-12 large-9\"  >\n\t\t\t\t<div class=\"col-inner\"  >\n\t\t\t\n\t\t\t\n\t<div id=\"text-2069008922\" class=\"text\">\n\t\t\n<h2>Kratom Wholesale &#8211; Pedidos al por mayor y suministro B2B<\/h2>\n<p>\u00bfBuscas un proveedor de kratom fiable para compras al por mayor o al por mayor? En <strong>EUKratom<\/strong>, ofrecemos kratom de alta calidad a precios al por mayor para minoristas, distribuidores y compradores de gran volumen de todo el mundo. <\/p>\n<h3>\u00bfPor qu\u00e9 elegir EUKratom como tu socio mayorista de kratom?<\/h3>\n<ul>\n<li><strong><a href=\"https:\/\/nusabotanicals.com\/\">Poseemos y controlamos<\/a> toda la cadena de valor<\/strong> en Indonesia<\/li>\n<li><strong>Kratom de primera calidad, probado en laboratorio<\/strong>, procedente de fuentes fiables<\/li>\n<li><strong>Env\u00edo r\u00e1pido a la UE<\/strong> desde nuestro almac\u00e9n europeo<\/li>\n<li><strong>Precios competitivos<\/strong> con presupuestos personalizados<\/li>\n<li><strong>Tama\u00f1os de pedido<\/strong> y opciones de embalaje flexibles<\/li>\n<li><strong>Asistencia B2B en ingl\u00e9s<\/strong><\/li>\n<\/ul>\n<h3>Adaptamos nuestra oferta a tus necesidades<\/h3>\n<ul>\n<li>\u00bfNecesitas un env\u00edo r\u00e1pido desde nuestro almac\u00e9n europeo?<\/li>\n<li>\u00bfBuscas los productos m\u00e1s frescos procedentes directamente de los agricultores?<\/li>\n<li>\u00bfQuieres bolsas stand-up rellenas y selladas con tu marca, listas para vender?<\/li>\n<li>\u00bfPrefieres envases a granel al vac\u00edo de 1-5 kg?<\/li>\n<li>\u00bfNecesitas un sitio web profesional?<\/li>\n<\/ul>\n<p><strong>El cielo es el l\u00edmite: dinos lo que necesitas y lo haremos realidad.<\/strong><\/p>\n<h3>\u00bfNecesitas un sitio web?<\/h3>\n<p>Tambi\u00e9n ofrecemos soluciones web completas para revendedores, mayoristas y marcas blancas. Tanto si necesitas una simple p\u00e1gina de aterrizaje como una tienda de comercio electr\u00f3nico con todas las funciones, podemos ayudarte a estar en l\u00ednea, de forma r\u00e1pida, profesional y asequible. Tambi\u00e9n ofrecemos servicios mensuales de SEO para mejorar tu posicionamiento.  <\/p>\n<h3>\u00bfQui\u00e9n puede pedir Kratom al por mayor?<\/h3>\n<p>Trabajamos con una amplia gama de socios, entre los que se incluyen:<\/p>\n<ul>\n<li>Tiendas online y minoristas f\u00edsicos<\/li>\n<li>Revendedores que buscan productos de alto margen<\/li>\n<li>Grandes compradores individuales<\/li>\n<\/ul>\n<h3>C\u00f3mo hacer una solicitud de venta al por mayor<\/h3>\n<p>To request a wholesale price list or place a bulk order, contact us through the form below or email us directly at: <a href=\"mailto:contact@eukratom.com\">contact@eukratom.com<\/a>. Partner with one of Europe\u2019s most trusted kratom providers \u2014 we\u2019re ready to support your business growth with reliable products and great service.<\/p>\n<h2>Kratom Alternatives Wholesale &#8211; Pedidos al por mayor y suministro B2B<\/h2>\n<p>Adem\u00e1s de Kratom de primera calidad, EUKratom tambi\u00e9n suministra una gama de alternativas naturales al kratom adecuadas para revendedores y marcas de bienestar, especialmente en regiones donde el kratom est\u00e1 prohibido o restringido. Estas alternativas bot\u00e1nicas tambi\u00e9n pueden pedirse a granel, con el mismo servicio fiable y precios competitivos. Nuestra selecci\u00f3n incluye:  <\/p>\n<ul>\n<li><strong>Mitragyna Hirsuta<\/strong><\/li>\n<li><strong>Mitragyna Javanica<\/strong><\/li>\n<li><strong>Mitragyna Rotundifolia<\/strong><\/li>\n<li><strong>Sakae Naa (Combretum quadrangulare)<\/strong><\/li>\n<li><strong>Loto azul (Nymphaea caerulea)<\/strong><\/li>\n<li><strong>Akuamma (Picralima nitida)<\/strong><\/li>\n<li><strong>Damiana (Turnera diffusa)<\/strong><\/li>\n<\/ul>\n<h2>\u00bfListo para empezar?<\/h2>\n<p>Rellena el siguiente formulario y nuestro equipo se pondr\u00e1 en contacto contigo en un plazo de 24 horas para informarte sobre precios, disponibilidad y pr\u00f3ximos pasos. Sin compromiso, s\u00f3lo una conversaci\u00f3n. <\/p>\n\t\t\n<style>\n#text-2069008922 {\n  text-align: left;\n}\n<\/style>\n\t<\/div>\n\t\n\t\t<\/div>\n\t\t\t\t\t<\/div>\n\n\t\n\n\t<div id=\"col-1964454249\" class=\"col medium-9 small-12 large-9\"  >\n\t\t\t\t<div class=\"col-inner text-left\"  >\n\t\t\t\n\t\t\t\n\n<div class=\"wpcf7 no-js\" id=\"wpcf7-f12375-o1\" lang=\"es-ES\" dir=\"ltr\" data-wpcf7-id=\"12375\">\n<div class=\"screen-reader-response\"><p role=\"status\" aria-live=\"polite\" aria-atomic=\"true\"><\/p> <ul><\/ul><\/div>\n<form action=\"\/es\/wp-json\/wp\/v2\/pages\/12329#wpcf7-f12375-o1\" method=\"post\" class=\"wpcf7-form init\" aria-label=\"Formulario de contacto\" novalidate=\"novalidate\" data-status=\"init\">\n<fieldset class=\"hidden-fields-container\"><input type=\"hidden\" name=\"_wpcf7\" value=\"12375\" \/><input type=\"hidden\" name=\"_wpcf7_version\" value=\"6.1.5\" \/><input type=\"hidden\" name=\"_wpcf7_locale\" value=\"es_ES\" \/><input type=\"hidden\" name=\"_wpcf7_unit_tag\" value=\"wpcf7-f12375-o1\" \/><input type=\"hidden\" name=\"_wpcf7_container_post\" value=\"0\" \/><input type=\"hidden\" name=\"_wpcf7_posted_data_hash\" value=\"\" \/>\n<\/fieldset>\n<p>[text* tu-nombre marcador de posici\u00f3n \"Nombre completo*\"]\n<\/p>\n<p><span class=\"wpcf7-form-control-wrap\" data-name=\"your-company\"><input size=\"40\" maxlength=\"400\" class=\"wpcf7-form-control wpcf7-text\" aria-invalid=\"false\" placeholder=\"Nombre de la empresa\" value=\"\" type=\"text\" name=\"your-company\" \/><\/span>\n<\/p>\n<p>[email* tu-email marcador de posici\u00f3n \"Direcci\u00f3n de correo electr\u00f3nico*\"]\n<\/p>\n<p><span class=\"wpcf7-form-control-wrap\" data-name=\"your-phone\"><input size=\"40\" maxlength=\"400\" class=\"wpcf7-form-control wpcf7-tel wpcf7-text wpcf7-validates-as-tel\" aria-invalid=\"false\" placeholder=\"N\u00famero de tel\u00e9fono\" value=\"\" type=\"tel\" name=\"your-phone\" \/><\/span>\n<\/p>\n<p>[text* tu-pa\u00eds marcador de posici\u00f3n \"Pa\u00eds*\"]\n<\/p>\n<p><span class=\"wpcf7-form-control-wrap\" data-name=\"your-business-type\"><select class=\"wpcf7-form-control wpcf7-select wpcf7-validates-as-required\" id=\"your-business-type\" aria-required=\"true\" aria-invalid=\"false\" name=\"your-business-type\"><option value=\"Tipo de empresa*\">Tipo de empresa*<\/option><option value=\"Minorista\">Minorista<\/option><option value=\"Distribuidor\">Distribuidor<\/option><option value=\"Tienda en l\u00ednea\">Tienda en l\u00ednea<\/option><option value=\"Pedido personal a granel\">Pedido personal a granel<\/option><option value=\"Otros\">Otros<\/option><\/select><\/span>\n<\/p>\n<p><span class=\"wpcf7-form-control-wrap\" data-name=\"your-volume\"><select class=\"wpcf7-form-control wpcf7-select\" id=\"your-volume\" aria-invalid=\"false\" name=\"your-volume\"><option value=\"Volumen mensual estimado\">Volumen mensual estimado<\/option><option value=\"10-20 kg\">10-20 kg<\/option><option value=\"20-50 kg\">20-50 kg<\/option><option value=\"50-100 kg\">50-100 kg<\/option><option value=\"100-500 kg\">100-500 kg<\/option><option value=\"500+ kg\">500+ kg<\/option><option value=\"A\u00fan no estoy seguro\">A\u00fan no estoy seguro<\/option><\/select><\/span>\n<\/p>\n<p><label>\u00bfQu\u00e9 productos te interesan?<\/label><br \/>\n<span class=\"wpcf7-form-control-wrap\" data-name=\"your-products\"><span class=\"wpcf7-form-control wpcf7-checkbox wpcf7-validates-as-required\"><span class=\"wpcf7-list-item first\"><label><input type=\"checkbox\" name=\"your-products[]\" value=\"Kratom en polvo\" \/><span class=\"wpcf7-list-item-label\">Kratom en polvo<\/span><\/label><\/span><span class=\"wpcf7-list-item\"><label><input type=\"checkbox\" name=\"your-products[]\" value=\"Mitragyna Hirsuta\" \/><span class=\"wpcf7-list-item-label\">Mitragyna Hirsuta<\/span><\/label><\/span><span class=\"wpcf7-list-item\"><label><input type=\"checkbox\" name=\"your-products[]\" value=\"Mitragyna Javanica\" \/><span class=\"wpcf7-list-item-label\">Mitragyna Javanica<\/span><\/label><\/span><span class=\"wpcf7-list-item\"><label><input type=\"checkbox\" name=\"your-products[]\" value=\"Mitragyna Rotundifolia\" \/><span class=\"wpcf7-list-item-label\">Mitragyna Rotundifolia<\/span><\/label><\/span><span class=\"wpcf7-list-item\"><label><input type=\"checkbox\" name=\"your-products[]\" value=\"Sakae Naa\" \/><span class=\"wpcf7-list-item-label\">Sakae Naa<\/span><\/label><\/span><span class=\"wpcf7-list-item\"><label><input type=\"checkbox\" name=\"your-products[]\" value=\"Akuamma\" \/><span class=\"wpcf7-list-item-label\">Akuamma<\/span><\/label><\/span><span class=\"wpcf7-list-item\"><label><input type=\"checkbox\" name=\"your-products[]\" value=\"Loto azul\" \/><span class=\"wpcf7-list-item-label\">Loto azul<\/span><\/label><\/span><span class=\"wpcf7-list-item last\"><label><input type=\"checkbox\" name=\"your-products[]\" value=\"Damiana\" \/><span class=\"wpcf7-list-item-label\">Damiana<\/span><\/label><\/span><\/span><\/span>\n<\/p>\n<p><label>\u00bfC\u00f3mo lo quieres empaquetado?<\/label><br \/>\n<span class=\"wpcf7-form-control-wrap\" data-name=\"your-packaging\"><span class=\"wpcf7-form-control wpcf7-checkbox wpcf7-validates-as-required\"><span class=\"wpcf7-list-item first\"><label><input type=\"checkbox\" name=\"your-packaging[]\" value=\"Bolsas a granel (1-5 kg al vac\u00edo)\" \/><span class=\"wpcf7-list-item-label\">Bolsas a granel (1-5 kg al vac\u00edo)<\/span><\/label><\/span><span class=\"wpcf7-list-item\"><label><input type=\"checkbox\" name=\"your-packaging[]\" value=\"Etiqueta privada\" \/><span class=\"wpcf7-list-item-label\">Etiqueta privada<\/span><\/label><\/span><span class=\"wpcf7-list-item last\"><label><input type=\"checkbox\" name=\"your-packaging[]\" value=\"Bolsas prellenadas Stand-up\" \/><span class=\"wpcf7-list-item-label\">Bolsas prellenadas Stand-up<\/span><\/label><\/span><\/span><\/span>\n<\/p>\n<p><label>\u00bfTe interesan nuestros otros servicios?<\/label><br \/>\n<span class=\"wpcf7-form-control-wrap\" data-name=\"your-services\"><span class=\"wpcf7-form-control wpcf7-checkbox wpcf7-validates-as-required\"><span class=\"wpcf7-list-item first\"><label><input type=\"checkbox\" name=\"your-services[]\" value=\"Un nuevo sitio web listo para usar\" \/><span class=\"wpcf7-list-item-label\">Un nuevo sitio web listo para usar<\/span><\/label><\/span><span class=\"wpcf7-list-item\"><label><input type=\"checkbox\" name=\"your-services[]\" value=\"SEO mensual para posicionarse mejor\" \/><span class=\"wpcf7-list-item-label\">SEO mensual para posicionarse mejor<\/span><\/label><\/span><span class=\"wpcf7-list-item last\"><label><input type=\"checkbox\" name=\"your-services[]\" value=\"No, gracias\" \/><span class=\"wpcf7-list-item-label\">No, gracias<\/span><\/label><\/span><\/span><\/span>\n<\/p>\n<p><label for=\"your-message\">Cu\u00e9ntanos un poco tus necesidades<\/label><br \/>\n<span class=\"wpcf7-form-control-wrap\" data-name=\"your-message\"><textarea cols=\"40\" rows=\"10\" maxlength=\"2000\" class=\"wpcf7-form-control wpcf7-textarea\" id=\"your-message\" aria-invalid=\"false\" placeholder=\"Escribe cualquier cosa que debamos saber, como preferencias de entrega, solicitud de cepa, detalles de la marca, etc.\" name=\"your-message\"><\/textarea><\/span>\n<\/p>\n<p><input class=\"wpcf7-form-control wpcf7-submit has-spinner\" type=\"submit\" value=\"Iniciar consulta mayorista\" \/>\n<\/p><input type=\"hidden\" id=\"ct_checkjs_cf7_9de6d14fff9806d4bcd1ef555be766cd\" name=\"ct_checkjs_cf7\" value=\"0\" \/><script >setTimeout(function(){var ct_input_name = \"ct_checkjs_cf7_9de6d14fff9806d4bcd1ef555be766cd\";if (document.getElementById(ct_input_name) !== null) {var ct_input_value = document.getElementById(ct_input_name).value;document.getElementById(ct_input_name).value = document.getElementById(ct_input_name).value.replace(ct_input_value, '1169281599');}}, 1000);<\/script><input\n                    class=\"apbct_special_field apbct_email_id__wp_contact_form_7\"\n                    name=\"apbct__email_id__wp_contact_form_7\"\n                    aria-label=\"apbct__label_id__wp_contact_form_7\"\n                    type=\"text\" size=\"30\" maxlength=\"200\" autocomplete=\"off\"\n                    value=\"\"\n                \/><div class=\"wpcf7-response-output\" aria-hidden=\"true\"><\/div>\n<\/form>\n<\/div>\n\n\t\t<\/div>\n\t\t\t\t\t<\/div>\n\n\t\n<\/div>\n\t\t<\/div>\n\n\t\t\n<style>\n#section_1898294336 {\n  padding-top: 30px;\n  padding-bottom: 30px;\n}\n<\/style>\n\t<\/section>\n\t\n","protected":false},"excerpt":{"rendered":"","protected":false},"author":6,"featured_media":0,"parent":0,"menu_order":0,"comment_status":"closed","ping_status":"closed","template":"","meta":{"footnotes":""},"class_list":["post-12329","page","type-page","status-publish","hentry"],"yoast_head":"<!-- This site is optimized with the Yoast SEO plugin v27.5 - https:\/\/yoast.com\/product\/yoast-seo-wordpress\/ -->\n<title>Kratom y alternativas al por mayor | Proveedor B2B UE<\/title>\n<meta name=\"description\" content=\"Compra Kratom y alternativas al Kratom al por mayor. Proveedor B2B en la UE con productos analizados y env\u00edo r\u00e1pido a granel.\" \/>\n<meta name=\"robots\" content=\"index, follow, max-snippet:-1, max-image-preview:large, max-video-preview:-1\" \/>\n<link rel=\"canonical\" href=\"https:\/\/www.eukratom.com\/es\/kratom-al-por-mayor\/\" \/>\n<meta property=\"og:locale\" content=\"es_ES\" \/>\n<meta property=\"og:type\" content=\"article\" \/>\n<meta property=\"og:title\" content=\"Kratom y alternativas al por mayor | Proveedor B2B UE\" \/>\n<meta property=\"og:description\" content=\"Compra Kratom y alternativas al Kratom al por mayor. Proveedor B2B en la UE con productos analizados y env\u00edo r\u00e1pido a granel.\" \/>\n<meta property=\"og:url\" content=\"https:\/\/www.eukratom.com\/es\/kratom-al-por-mayor\/\" \/>\n<meta property=\"og:site_name\" content=\"EUKRATOM\" \/>\n<meta property=\"article:modified_time\" content=\"2025-12-23T12:14:25+00:00\" \/>\n<meta name=\"twitter:card\" content=\"summary_large_image\" \/>\n<meta name=\"twitter:label1\" content=\"Tiempo de lectura\" \/>\n\t<meta name=\"twitter:data1\" content=\"3 minutos\" \/>\n<script type=\"application\/ld+json\" class=\"yoast-schema-graph\">{\"@context\":\"https:\\\/\\\/schema.org\",\"@graph\":[{\"@type\":\"WebPage\",\"@id\":\"https:\\\/\\\/www.eukratom.com\\\/es\\\/kratom-al-por-mayor\\\/\",\"url\":\"https:\\\/\\\/www.eukratom.com\\\/es\\\/kratom-al-por-mayor\\\/\",\"name\":\"Kratom y alternativas al por mayor | Proveedor B2B UE\",\"isPartOf\":{\"@id\":\"https:\\\/\\\/www.eukratom.com\\\/es\\\/#website\"},\"datePublished\":\"2025-06-28T15:44:22+00:00\",\"dateModified\":\"2025-12-23T12:14:25+00:00\",\"description\":\"Compra Kratom y alternativas al Kratom al por mayor. Proveedor B2B en la UE con productos analizados y env\u00edo r\u00e1pido a granel.\",\"breadcrumb\":{\"@id\":\"https:\\\/\\\/www.eukratom.com\\\/es\\\/kratom-al-por-mayor\\\/#breadcrumb\"},\"inLanguage\":\"es\",\"potentialAction\":[{\"@type\":\"ReadAction\",\"target\":[\"https:\\\/\\\/www.eukratom.com\\\/es\\\/kratom-al-por-mayor\\\/\"]}]},{\"@type\":\"BreadcrumbList\",\"@id\":\"https:\\\/\\\/www.eukratom.com\\\/es\\\/kratom-al-por-mayor\\\/#breadcrumb\",\"itemListElement\":[{\"@type\":\"ListItem\",\"position\":1,\"name\":\"Home\",\"item\":\"https:\\\/\\\/www.eukratom.com\\\/es\\\/\"},{\"@type\":\"ListItem\",\"position\":2,\"name\":\"Kratom al por mayor\"}]},{\"@type\":\"WebSite\",\"@id\":\"https:\\\/\\\/www.eukratom.com\\\/es\\\/#website\",\"url\":\"https:\\\/\\\/www.eukratom.com\\\/es\\\/\",\"name\":\"EUKRATOM\",\"description\":\"Best Kratom Online in Europe\",\"publisher\":{\"@id\":\"https:\\\/\\\/www.eukratom.com\\\/es\\\/#organization\"},\"potentialAction\":[{\"@type\":\"SearchAction\",\"target\":{\"@type\":\"EntryPoint\",\"urlTemplate\":\"https:\\\/\\\/www.eukratom.com\\\/es\\\/?s={search_term_string}\"},\"query-input\":{\"@type\":\"PropertyValueSpecification\",\"valueRequired\":true,\"valueName\":\"search_term_string\"}}],\"inLanguage\":\"es\"},{\"@type\":\"Organization\",\"@id\":\"https:\\\/\\\/www.eukratom.com\\\/es\\\/#organization\",\"name\":\"EUKRATOM\",\"url\":\"https:\\\/\\\/www.eukratom.com\\\/es\\\/\",\"logo\":{\"@type\":\"ImageObject\",\"inLanguage\":\"es\",\"@id\":\"https:\\\/\\\/www.eukratom.com\\\/es\\\/#\\\/schema\\\/logo\\\/image\\\/\",\"url\":\"https:\\\/\\\/www.eukratom.com\\\/wp-content\\\/uploads\\\/2023\\\/02\\\/EUkratom.com_.svg\",\"contentUrl\":\"https:\\\/\\\/www.eukratom.com\\\/wp-content\\\/uploads\\\/2023\\\/02\\\/EUkratom.com_.svg\",\"width\":1,\"height\":1,\"caption\":\"EUKRATOM\"},\"image\":{\"@id\":\"https:\\\/\\\/www.eukratom.com\\\/es\\\/#\\\/schema\\\/logo\\\/image\\\/\"}}]}<\/script>\n<!-- \/ Yoast SEO plugin. -->","yoast_head_json":{"title":"Kratom y alternativas al por mayor | Proveedor B2B UE","description":"Compra Kratom y alternativas al Kratom al por mayor. Proveedor B2B en la UE con productos analizados y env\u00edo r\u00e1pido a granel.","robots":{"index":"index","follow":"follow","max-snippet":"max-snippet:-1","max-image-preview":"max-image-preview:large","max-video-preview":"max-video-preview:-1"},"canonical":"https:\/\/www.eukratom.com\/es\/kratom-al-por-mayor\/","og_locale":"es_ES","og_type":"article","og_title":"Kratom y alternativas al por mayor | Proveedor B2B UE","og_description":"Compra Kratom y alternativas al Kratom al por mayor. Proveedor B2B en la UE con productos analizados y env\u00edo r\u00e1pido a granel.","og_url":"https:\/\/www.eukratom.com\/es\/kratom-al-por-mayor\/","og_site_name":"EUKRATOM","article_modified_time":"2025-12-23T12:14:25+00:00","twitter_card":"summary_large_image","twitter_misc":{"Tiempo de lectura":"3 minutos"},"schema":{"@context":"https:\/\/schema.org","@graph":[{"@type":"WebPage","@id":"https:\/\/www.eukratom.com\/es\/kratom-al-por-mayor\/","url":"https:\/\/www.eukratom.com\/es\/kratom-al-por-mayor\/","name":"Kratom y alternativas al por mayor | Proveedor B2B UE","isPartOf":{"@id":"https:\/\/www.eukratom.com\/es\/#website"},"datePublished":"2025-06-28T15:44:22+00:00","dateModified":"2025-12-23T12:14:25+00:00","description":"Compra Kratom y alternativas al Kratom al por mayor. Proveedor B2B en la UE con productos analizados y env\u00edo r\u00e1pido a granel.","breadcrumb":{"@id":"https:\/\/www.eukratom.com\/es\/kratom-al-por-mayor\/#breadcrumb"},"inLanguage":"es","potentialAction":[{"@type":"ReadAction","target":["https:\/\/www.eukratom.com\/es\/kratom-al-por-mayor\/"]}]},{"@type":"BreadcrumbList","@id":"https:\/\/www.eukratom.com\/es\/kratom-al-por-mayor\/#breadcrumb","itemListElement":[{"@type":"ListItem","position":1,"name":"Home","item":"https:\/\/www.eukratom.com\/es\/"},{"@type":"ListItem","position":2,"name":"Kratom al por mayor"}]},{"@type":"WebSite","@id":"https:\/\/www.eukratom.com\/es\/#website","url":"https:\/\/www.eukratom.com\/es\/","name":"EUKRATOM","description":"Best Kratom Online in Europe","publisher":{"@id":"https:\/\/www.eukratom.com\/es\/#organization"},"potentialAction":[{"@type":"SearchAction","target":{"@type":"EntryPoint","urlTemplate":"https:\/\/www.eukratom.com\/es\/?s={search_term_string}"},"query-input":{"@type":"PropertyValueSpecification","valueRequired":true,"valueName":"search_term_string"}}],"inLanguage":"es"},{"@type":"Organization","@id":"https:\/\/www.eukratom.com\/es\/#organization","name":"EUKRATOM","url":"https:\/\/www.eukratom.com\/es\/","logo":{"@type":"ImageObject","inLanguage":"es","@id":"https:\/\/www.eukratom.com\/es\/#\/schema\/logo\/image\/","url":"https:\/\/www.eukratom.com\/wp-content\/uploads\/2023\/02\/EUkratom.com_.svg","contentUrl":"https:\/\/www.eukratom.com\/wp-content\/uploads\/2023\/02\/EUkratom.com_.svg","width":1,"height":1,"caption":"EUKRATOM"},"image":{"@id":"https:\/\/www.eukratom.com\/es\/#\/schema\/logo\/image\/"}}]}},"jetpack_sharing_enabled":true,"_links":{"self":[{"href":"https:\/\/www.eukratom.com\/es\/wp-json\/wp\/v2\/pages\/12329","targetHints":{"allow":["GET"]}}],"collection":[{"href":"https:\/\/www.eukratom.com\/es\/wp-json\/wp\/v2\/pages"}],"about":[{"href":"https:\/\/www.eukratom.com\/es\/wp-json\/wp\/v2\/types\/page"}],"author":[{"embeddable":true,"href":"https:\/\/www.eukratom.com\/es\/wp-json\/wp\/v2\/users\/6"}],"replies":[{"embeddable":true,"href":"https:\/\/www.eukratom.com\/es\/wp-json\/wp\/v2\/comments?post=12329"}],"version-history":[{"count":5,"href":"https:\/\/www.eukratom.com\/es\/wp-json\/wp\/v2\/pages\/12329\/revisions"}],"predecessor-version":[{"id":14878,"href":"https:\/\/www.eukratom.com\/es\/wp-json\/wp\/v2\/pages\/12329\/revisions\/14878"}],"wp:attachment":[{"href":"https:\/\/www.eukratom.com\/es\/wp-json\/wp\/v2\/media?parent=12329"}],"curies":[{"name":"wp","href":"https:\/\/api.w.org\/{rel}","templated":true}]}}