{"id":12325,"date":"2024-09-22T09:50:43","date_gmt":"2024-09-22T07:50:43","guid":{"rendered":"https:\/\/www.eukratom.com\/como-hacer-un-exfoliante-corporal\/"},"modified":"2025-09-08T11:46:52","modified_gmt":"2025-09-08T09:46:52","slug":"como-hacer-un-exfoliante-corporal","status":"publish","type":"page","link":"https:\/\/www.eukratom.com\/es\/como-hacer-un-exfoliante-corporal\/","title":{"rendered":"C\u00f3mo hacer un exfoliante corporal"},"content":{"rendered":"  <div id=\"page-header-839861269\" class=\"page-header-wrapper\">\n  <div class=\"page-title light simple-title\">\n\n    \n    <div class=\"page-title-inner container align-center text-center flex-row-col medium-flex-wrap\" >\n              <div class=\"title-wrapper flex-col\">\n          <h1 class=\"entry-title mb-0\">\n            C\u00f3mo hacer un exfoliante corporal          <\/h1>\n        <\/div>\n                    <div class=\"title-content flex-col\">\n        <div class=\"title-breadcrumbs pb-half pt-half\"><nav class=\"woocommerce-breadcrumb breadcrumbs uppercase\" aria-label=\"Breadcrumb\">Inicio<\/nav><\/div>      <\/div>\n    <\/div>\n\n     \n<style>\n#page-header-839861269 .page-title-inner {\n  min-height: 0px;\n}\n<\/style>\n  <\/div>\n    <\/div>\n  \n\n  <div class=\"banner has-hover\" id=\"banner-1810440089\">\n          <div class=\"banner-inner fill\">\n        <div class=\"banner-bg fill\" >\n            <img loading=\"lazy\" decoding=\"async\" width=\"1020\" height=\"572\" src=\"https:\/\/www.eukratom.com\/wp-content\/uploads\/2025\/02\/DIY-body-scrub-1024x574.png\" class=\"bg attachment-large size-large\" alt=\"Kratom para exfoliaci\u00f3n corporal\" \/>                        <div class=\"overlay\"><\/div>            \n                    <\/div>\n\t\t\n        <div class=\"banner-layers container\">\n            <div class=\"fill banner-link\"><\/div>            \n   <div id=\"text-box-421729975\" class=\"text-box banner-layer x50 md-x50 lg-x50 y50 md-y50 lg-y50 res-text\">\n                                <div class=\"text-box-content text dark\">\n              \n              <div class=\"text-inner text-center\">\n                  \n<h2 class=\"uppercase\"><strong>HAZ TU PROPIO EXFOLIANTE CORPORAL DE KRATOM<\/strong><\/h2>\n<p>Descubre nuestra sencilla gu\u00eda paso a paso para crear un lujoso exfoliante corporal de Kratom para una piel suave y resplandeciente.<\/p>\n              <\/div>\n           <\/div>\n                            \n<style>\n#text-box-421729975 {\n  width: 60%;\n}\n#text-box-421729975 .text-box-content {\n  font-size: 100%;\n}\n<\/style>\n    <\/div>\n \n        <\/div>\n      <\/div>\n\n            \n<style>\n#banner-1810440089 {\n  padding-top: 500px;\n}\n#banner-1810440089 .overlay {\n  background-color: rgba(0, 0, 0, 0.32);\n}\n<\/style>\n  <\/div>\n\n\n\t<div id=\"gap-614265776\" class=\"gap-element clearfix\" style=\"display:block; height:auto;\">\n\t\t\n<style>\n#gap-614265776 {\n  padding-top: 30px;\n}\n<\/style>\n\t<\/div>\n\t\n<h2>Exfoliantes Corporales de Kratom: Un producto de cuidado de la piel sencillo y lujoso<\/h2>\n<p>Los exfoliantes corporales son un producto sencillo pero lujoso para el cuidado de la piel, que ayudan a exfoliarla y nutrirla. <a href=\"https:\/\/www.healthline.com\/health\/beauty-skin-care\/benefits-of-body-scrubs\">Utilizando regularmente un exfoliante, puedes eliminar las c\u00e9lulas muertas de la piel<\/a>, estimular la circulaci\u00f3n sangu\u00ednea y conseguir una piel m\u00e1s suave y tersa. Crear tus propios exfoliantes corporales te permite elegir ingredientes naturales y personalizar el exfoliante seg\u00fan tus necesidades y preferencias.  <\/p>\n<p>Con ingredientes como el Kratom, la sal de Epsom, la sal del Himalaya, la sal del Mar Muerto y el bicarbonato s\u00f3dico, puedes crear exfoliantes eficaces que nutran, tonifiquen y suavicen la piel. En <a href=\"https:\/\/www.eukratom.com\/es\/products\/accesorios\/\"><strong>a\u00f1adiendo aceites esenciales, flores secas y polvo de<\/strong><\/a> Kratom en polvo, puedes adaptar tu exfoliante a distintos tipos de piel y estados de \u00e1nimo. Es una forma f\u00e1cil de dar a tu piel un tratamiento natural a la vez que reduces el uso de productos qu\u00edmicos y envases de pl\u00e1stico. \u00a1Crea tu propia experiencia de spa en casa y disfruta de los beneficios del cuidado nutritivo de la piel!   <\/p>\n<h3>Ingredientes del exfoliante corporal:<\/h3>\n<p><strong>Base salina:<\/strong><br \/>\n&#8211; 1 dl de sal de Epsom (estupenda para los m\u00fasculos y la desintoxicaci\u00f3n)<br \/>\n&#8211; 1 dl de sal del Himalaya (rica en minerales y buena para la circulaci\u00f3n)<br \/>\n&#8211; 1 dl de sal del Mar Muerto (beneficiosa para la piel y la relajaci\u00f3n)<\/p>\n<p><strong>Aditivos secos:<\/strong><br \/>\n&#8211; 1 cucharada sopera de bicarbonato s\u00f3dico (exfoliaci\u00f3n suave y equilibrio del pH)<br \/>\n&#8211; 3 dl de polvo de Kratom del color deseado (exfoliaci\u00f3n natural y suavizante)<\/p>\n<p><strong>Aceite:<\/strong><br \/>\n&#8211; 0,5-1 dl del aceite base que elijas (por ejemplo, manteca de karit\u00e9, aceite de coco, aceite de almendras o aceite de oliva).<\/p>\n<p><strong>Aceites esenciales:<\/strong><br \/>\n&#8211; 10-20 gotas del aceite esencial que elijas (por ejemplo, lavanda, menta, eucalipto)<\/p>\n<p>Flores secas<strong>:<\/strong><br \/>\n&#8211; 1-2 cucharadas de flores secas (por ejemplo, lavanda, p\u00e9talos de rosa o manzanilla)<\/p>\n<h3>Instrucciones paso a paso<\/h3>\n<ol>\n<li>\n<h4><strong>Prepara todos los ingredientes:<\/strong><\/h4>\n<p>&#8211; Mide las sales y el bicarbonato en un cuenco.<br \/>\n&#8211; Elige el aceite esencial y el aroma que prefieras.<br \/>\n&#8211; Prepara flores secas y polvo de Kratom.<\/li>\n<li>\n<h4><strong>Mezcla los ingredientes secos:<\/strong><\/h4>\n<p>&#8211; A\u00f1ade Kratom, sal de Epsom, sal del Himalaya, sal del Mar Muerto y bicarbonato s\u00f3dico a un cuenco.<br \/>\n&#8211; Mezcla bien hasta que todos los ingredientes se distribuyan uniformemente.<\/li>\n<li>\n<h4><strong>A\u00f1ade el Aceite:<\/strong><\/h4>\n<p>&#8211; Vierte lentamente el aceite base que hayas elegido sin dejar de remover. Empieza con 0,5 dl y ajusta la cantidad en funci\u00f3n de lo h\u00famedo que quieras que quede el exfoliante.<br \/>\n&#8211; Mezcla hasta que todos los ingredientes secos est\u00e9n cubiertos con el aceite, pero el exfoliante siga teniendo una textura granulosa.<\/li>\n<li>\n<h4><strong>A\u00f1ade aceites esenciales:<\/strong><\/h4>\n<p>&#8211; A\u00f1ade los aceites esenciales que hayas elegido. Para esta receta, basta con 10-20 gotas. Mezcla bien.  <\/li>\n<li>\n<h4><strong>A\u00f1ade flores secas:<\/strong><\/h4>\n<p>&#8211; Para darle un toque visual y arom\u00e1tico, mezcla flores secas.<br \/>\n&#8211; Aseg\u00farate de que se distribuyen uniformemente por toda la mezcla.<\/li>\n<li>\n<h4><strong>Tienda:<\/strong><\/h4>\n<p>&#8211; Pasa el exfoliante a un tarro herm\u00e9tico o a un recipiente de cristal.<br \/>\n&#8211; Gu\u00e1rdalo en un lugar fresco y seco.<\/li>\n<\/ol>\n<h3>Ejemplo de variaciones:<\/h3>\n<p><strong>Exfoliante de Lavanda y<\/strong> Maeng Da Verde<strong>:<\/strong><br \/>\n&#8211; Receta base + 15 gotas de aceite de lavanda + 1 cucharada de lavanda seca + Kratom Maeng Da Verde.<\/p>\n<p><strong>Exfoliante de Lim\u00f3n, Menta y<\/strong> Borneo Wild Gold<strong>:<\/strong><br \/>\n&#8211; Receta base + 10 gotas de aceite de lim\u00f3n + 10 gotas de aceite de menta + Kratom Wild Gold Borneo.<\/p>\n<p><strong>Exfoliante de Rosa, S\u00e1ndalo y<\/strong> Malayo Rojo<strong>:<\/strong><br \/>\n&#8211; Receta base + 10 gotas de aceite de rosa + 10 gotas de aceite de s\u00e1ndalo + 1 cucharada de p\u00e9talos de rosa secos + Kratom Malayo Rojo.<\/p>\n<p><strong>Exfoliante Detox con Eucalipto, Manzanilla y<\/strong> Maeng Da Blanco<strong>:<\/strong><br \/>\n&#8211; Receta base + 15 gotas de aceite de eucalipto + 1 cucharada de manzanilla seca + Kratom Maeng Da Blanco.<\/p>\n<h3>Utilizaci\u00f3n:<\/h3>\n<p>&#8211; Aplica el exfoliante sobre la piel h\u00fameda en la ducha.<br \/>\n&#8211; Masajea con movimientos circulares para exfoliar la piel.<br \/>\n&#8211; Aclara con agua tibia y disfruta de la sensaci\u00f3n de suavidad e hidrataci\u00f3n.<\/p>\n<p>\u00a1Esperamos que esto te ayude a empezar con tus recetas de exfoliantes corporales!<\/p>\n","protected":false},"excerpt":{"rendered":"<p>Exfoliantes Corporales de Kratom: Un producto de cuidado de la piel sencillo y lujoso Los exfoliantes corporales son un producto sencillo pero lujoso para el cuidado de la piel, que ayudan a exfoliarla y nutrirla. Utilizando regularmente un exfoliante, puedes eliminar las c\u00e9lulas muertas de la piel, estimular la circulaci\u00f3n sangu\u00ednea y conseguir una piel [&#8230;]\n","protected":false},"author":1,"featured_media":12326,"parent":0,"menu_order":0,"comment_status":"closed","ping_status":"closed","template":"","meta":{"footnotes":""},"class_list":["post-12325","page","type-page","status-publish","has-post-thumbnail","hentry"],"yoast_head":"<!-- This site is optimized with the Yoast SEO plugin v27.5 - https:\/\/yoast.com\/product\/yoast-seo-wordpress\/ -->\n<title>C\u00f3mo hacer un exfoliante corporal | EUKRATOM<\/title>\n<meta name=\"description\" content=\"Aprende a hacer tu propio exfoliante corporal en casa. Gu\u00eda paso a paso para una piel suave y una lujosa experiencia de spa.\" \/>\n<meta name=\"robots\" content=\"index, follow, max-snippet:-1, max-image-preview:large, max-video-preview:-1\" \/>\n<link rel=\"canonical\" href=\"https:\/\/www.eukratom.com\/es\/como-hacer-un-exfoliante-corporal\/\" \/>\n<meta property=\"og:locale\" content=\"es_ES\" \/>\n<meta property=\"og:type\" content=\"article\" \/>\n<meta property=\"og:title\" content=\"C\u00f3mo hacer un exfoliante corporal | EUKRATOM\" \/>\n<meta property=\"og:description\" content=\"Aprende a hacer tu propio exfoliante corporal en casa. Gu\u00eda paso a paso para una piel suave y una lujosa experiencia de spa.\" \/>\n<meta property=\"og:url\" content=\"https:\/\/www.eukratom.com\/es\/como-hacer-un-exfoliante-corporal\/\" \/>\n<meta property=\"og:site_name\" content=\"EUKRATOM\" \/>\n<meta property=\"article:modified_time\" content=\"2025-09-08T09:46:52+00:00\" \/>\n<meta property=\"og:image\" content=\"https:\/\/www.eukratom.com\/wp-content\/uploads\/2025\/02\/DIY-body-scrub.png\" \/>\n\t<meta property=\"og:image:width\" content=\"1456\" \/>\n\t<meta property=\"og:image:height\" content=\"816\" \/>\n\t<meta property=\"og:image:type\" content=\"image\/png\" \/>\n<meta name=\"twitter:card\" content=\"summary_large_image\" \/>\n<meta name=\"twitter:label1\" content=\"Tiempo de lectura\" \/>\n\t<meta name=\"twitter:data1\" content=\"4 minutos\" \/>\n<script type=\"application\/ld+json\" class=\"yoast-schema-graph\">{\"@context\":\"https:\\\/\\\/schema.org\",\"@graph\":[{\"@type\":\"WebPage\",\"@id\":\"https:\\\/\\\/www.eukratom.com\\\/es\\\/como-hacer-un-exfoliante-corporal\\\/\",\"url\":\"https:\\\/\\\/www.eukratom.com\\\/es\\\/como-hacer-un-exfoliante-corporal\\\/\",\"name\":\"C\u00f3mo hacer un exfoliante corporal | EUKRATOM\",\"isPartOf\":{\"@id\":\"https:\\\/\\\/www.eukratom.com\\\/es\\\/#website\"},\"primaryImageOfPage\":{\"@id\":\"https:\\\/\\\/www.eukratom.com\\\/es\\\/como-hacer-un-exfoliante-corporal\\\/#primaryimage\"},\"image\":{\"@id\":\"https:\\\/\\\/www.eukratom.com\\\/es\\\/como-hacer-un-exfoliante-corporal\\\/#primaryimage\"},\"thumbnailUrl\":\"https:\\\/\\\/www.eukratom.com\\\/wp-content\\\/uploads\\\/2025\\\/02\\\/DIY-body-scrub.png\",\"datePublished\":\"2024-09-22T07:50:43+00:00\",\"dateModified\":\"2025-09-08T09:46:52+00:00\",\"description\":\"Aprende a hacer tu propio exfoliante corporal en casa. Gu\u00eda paso a paso para una piel suave y una lujosa experiencia de spa.\",\"breadcrumb\":{\"@id\":\"https:\\\/\\\/www.eukratom.com\\\/es\\\/como-hacer-un-exfoliante-corporal\\\/#breadcrumb\"},\"inLanguage\":\"es\",\"potentialAction\":[{\"@type\":\"ReadAction\",\"target\":[\"https:\\\/\\\/www.eukratom.com\\\/es\\\/como-hacer-un-exfoliante-corporal\\\/\"]}]},{\"@type\":\"ImageObject\",\"inLanguage\":\"es\",\"@id\":\"https:\\\/\\\/www.eukratom.com\\\/es\\\/como-hacer-un-exfoliante-corporal\\\/#primaryimage\",\"url\":\"https:\\\/\\\/www.eukratom.com\\\/wp-content\\\/uploads\\\/2025\\\/02\\\/DIY-body-scrub.png\",\"contentUrl\":\"https:\\\/\\\/www.eukratom.com\\\/wp-content\\\/uploads\\\/2025\\\/02\\\/DIY-body-scrub.png\",\"width\":1456,\"height\":816,\"caption\":\"Kratom para exfoliaci\u00f3n corporal\"},{\"@type\":\"BreadcrumbList\",\"@id\":\"https:\\\/\\\/www.eukratom.com\\\/es\\\/como-hacer-un-exfoliante-corporal\\\/#breadcrumb\",\"itemListElement\":[{\"@type\":\"ListItem\",\"position\":1,\"name\":\"Home\",\"item\":\"https:\\\/\\\/www.eukratom.com\\\/es\\\/\"},{\"@type\":\"ListItem\",\"position\":2,\"name\":\"C\u00f3mo hacer un exfoliante corporal\"}]},{\"@type\":\"WebSite\",\"@id\":\"https:\\\/\\\/www.eukratom.com\\\/es\\\/#website\",\"url\":\"https:\\\/\\\/www.eukratom.com\\\/es\\\/\",\"name\":\"EUKRATOM\",\"description\":\"Best Kratom Online in Europe\",\"publisher\":{\"@id\":\"https:\\\/\\\/www.eukratom.com\\\/es\\\/#organization\"},\"potentialAction\":[{\"@type\":\"SearchAction\",\"target\":{\"@type\":\"EntryPoint\",\"urlTemplate\":\"https:\\\/\\\/www.eukratom.com\\\/es\\\/?s={search_term_string}\"},\"query-input\":{\"@type\":\"PropertyValueSpecification\",\"valueRequired\":true,\"valueName\":\"search_term_string\"}}],\"inLanguage\":\"es\"},{\"@type\":\"Organization\",\"@id\":\"https:\\\/\\\/www.eukratom.com\\\/es\\\/#organization\",\"name\":\"EUKRATOM\",\"url\":\"https:\\\/\\\/www.eukratom.com\\\/es\\\/\",\"logo\":{\"@type\":\"ImageObject\",\"inLanguage\":\"es\",\"@id\":\"https:\\\/\\\/www.eukratom.com\\\/es\\\/#\\\/schema\\\/logo\\\/image\\\/\",\"url\":\"https:\\\/\\\/www.eukratom.com\\\/wp-content\\\/uploads\\\/2023\\\/02\\\/EUkratom.com_.svg\",\"contentUrl\":\"https:\\\/\\\/www.eukratom.com\\\/wp-content\\\/uploads\\\/2023\\\/02\\\/EUkratom.com_.svg\",\"width\":1,\"height\":1,\"caption\":\"EUKRATOM\"},\"image\":{\"@id\":\"https:\\\/\\\/www.eukratom.com\\\/es\\\/#\\\/schema\\\/logo\\\/image\\\/\"}}]}<\/script>\n<!-- \/ Yoast SEO plugin. -->","yoast_head_json":{"title":"C\u00f3mo hacer un exfoliante corporal | EUKRATOM","description":"Aprende a hacer tu propio exfoliante corporal en casa. Gu\u00eda paso a paso para una piel suave y una lujosa experiencia de spa.","robots":{"index":"index","follow":"follow","max-snippet":"max-snippet:-1","max-image-preview":"max-image-preview:large","max-video-preview":"max-video-preview:-1"},"canonical":"https:\/\/www.eukratom.com\/es\/como-hacer-un-exfoliante-corporal\/","og_locale":"es_ES","og_type":"article","og_title":"C\u00f3mo hacer un exfoliante corporal | EUKRATOM","og_description":"Aprende a hacer tu propio exfoliante corporal en casa. Gu\u00eda paso a paso para una piel suave y una lujosa experiencia de spa.","og_url":"https:\/\/www.eukratom.com\/es\/como-hacer-un-exfoliante-corporal\/","og_site_name":"EUKRATOM","article_modified_time":"2025-09-08T09:46:52+00:00","og_image":[{"width":1456,"height":816,"url":"https:\/\/www.eukratom.com\/wp-content\/uploads\/2025\/02\/DIY-body-scrub.png","type":"image\/png"}],"twitter_card":"summary_large_image","twitter_misc":{"Tiempo de lectura":"4 minutos"},"schema":{"@context":"https:\/\/schema.org","@graph":[{"@type":"WebPage","@id":"https:\/\/www.eukratom.com\/es\/como-hacer-un-exfoliante-corporal\/","url":"https:\/\/www.eukratom.com\/es\/como-hacer-un-exfoliante-corporal\/","name":"C\u00f3mo hacer un exfoliante corporal | EUKRATOM","isPartOf":{"@id":"https:\/\/www.eukratom.com\/es\/#website"},"primaryImageOfPage":{"@id":"https:\/\/www.eukratom.com\/es\/como-hacer-un-exfoliante-corporal\/#primaryimage"},"image":{"@id":"https:\/\/www.eukratom.com\/es\/como-hacer-un-exfoliante-corporal\/#primaryimage"},"thumbnailUrl":"https:\/\/www.eukratom.com\/wp-content\/uploads\/2025\/02\/DIY-body-scrub.png","datePublished":"2024-09-22T07:50:43+00:00","dateModified":"2025-09-08T09:46:52+00:00","description":"Aprende a hacer tu propio exfoliante corporal en casa. Gu\u00eda paso a paso para una piel suave y una lujosa experiencia de spa.","breadcrumb":{"@id":"https:\/\/www.eukratom.com\/es\/como-hacer-un-exfoliante-corporal\/#breadcrumb"},"inLanguage":"es","potentialAction":[{"@type":"ReadAction","target":["https:\/\/www.eukratom.com\/es\/como-hacer-un-exfoliante-corporal\/"]}]},{"@type":"ImageObject","inLanguage":"es","@id":"https:\/\/www.eukratom.com\/es\/como-hacer-un-exfoliante-corporal\/#primaryimage","url":"https:\/\/www.eukratom.com\/wp-content\/uploads\/2025\/02\/DIY-body-scrub.png","contentUrl":"https:\/\/www.eukratom.com\/wp-content\/uploads\/2025\/02\/DIY-body-scrub.png","width":1456,"height":816,"caption":"Kratom para exfoliaci\u00f3n corporal"},{"@type":"BreadcrumbList","@id":"https:\/\/www.eukratom.com\/es\/como-hacer-un-exfoliante-corporal\/#breadcrumb","itemListElement":[{"@type":"ListItem","position":1,"name":"Home","item":"https:\/\/www.eukratom.com\/es\/"},{"@type":"ListItem","position":2,"name":"C\u00f3mo hacer un exfoliante corporal"}]},{"@type":"WebSite","@id":"https:\/\/www.eukratom.com\/es\/#website","url":"https:\/\/www.eukratom.com\/es\/","name":"EUKRATOM","description":"Best Kratom Online in Europe","publisher":{"@id":"https:\/\/www.eukratom.com\/es\/#organization"},"potentialAction":[{"@type":"SearchAction","target":{"@type":"EntryPoint","urlTemplate":"https:\/\/www.eukratom.com\/es\/?s={search_term_string}"},"query-input":{"@type":"PropertyValueSpecification","valueRequired":true,"valueName":"search_term_string"}}],"inLanguage":"es"},{"@type":"Organization","@id":"https:\/\/www.eukratom.com\/es\/#organization","name":"EUKRATOM","url":"https:\/\/www.eukratom.com\/es\/","logo":{"@type":"ImageObject","inLanguage":"es","@id":"https:\/\/www.eukratom.com\/es\/#\/schema\/logo\/image\/","url":"https:\/\/www.eukratom.com\/wp-content\/uploads\/2023\/02\/EUkratom.com_.svg","contentUrl":"https:\/\/www.eukratom.com\/wp-content\/uploads\/2023\/02\/EUkratom.com_.svg","width":1,"height":1,"caption":"EUKRATOM"},"image":{"@id":"https:\/\/www.eukratom.com\/es\/#\/schema\/logo\/image\/"}}]}},"jetpack_sharing_enabled":true,"_links":{"self":[{"href":"https:\/\/www.eukratom.com\/es\/wp-json\/wp\/v2\/pages\/12325","targetHints":{"allow":["GET"]}}],"collection":[{"href":"https:\/\/www.eukratom.com\/es\/wp-json\/wp\/v2\/pages"}],"about":[{"href":"https:\/\/www.eukratom.com\/es\/wp-json\/wp\/v2\/types\/page"}],"author":[{"embeddable":true,"href":"https:\/\/www.eukratom.com\/es\/wp-json\/wp\/v2\/users\/1"}],"replies":[{"embeddable":true,"href":"https:\/\/www.eukratom.com\/es\/wp-json\/wp\/v2\/comments?post=12325"}],"version-history":[{"count":0,"href":"https:\/\/www.eukratom.com\/es\/wp-json\/wp\/v2\/pages\/12325\/revisions"}],"wp:featuredmedia":[{"embeddable":true,"href":"https:\/\/www.eukratom.com\/es\/wp-json\/wp\/v2\/media\/12326"}],"wp:attachment":[{"href":"https:\/\/www.eukratom.com\/es\/wp-json\/wp\/v2\/media?parent=12325"}],"curies":[{"name":"wp","href":"https:\/\/api.w.org\/{rel}","templated":true}]}}