{"id":12321,"date":"2022-03-13T11:41:46","date_gmt":"2022-03-13T10:41:46","guid":{"rendered":"https:\/\/www.eukratom.com\/como-hacer-jabon\/"},"modified":"2025-12-23T14:44:21","modified_gmt":"2025-12-23T13:44:21","slug":"como-hacer-jabon","status":"publish","type":"page","link":"https:\/\/www.eukratom.com\/es\/como-hacer-jabon\/","title":{"rendered":"C\u00f3mo hacer jab\u00f3n"},"content":{"rendered":"  <div id=\"page-header-408521333\" class=\"page-header-wrapper\">\n  <div class=\"page-title dark featured-title\">\n\n        <div class=\"page-title-bg\">\n      <div class=\"title-bg fill bg-fill\"\n        data-parallax-container=\".page-title\"\n        data-parallax-background\n        data-parallax=\"-\">\n      <\/div>\n      <div class=\"title-overlay fill\"><\/div>\n    <\/div>\n    \n    <div class=\"page-title-inner container align-center text-center flex-row-col medium-flex-wrap\" >\n              <div class=\"title-wrapper flex-col\">\n          <h1 class=\"entry-title mb-0\">\n            Jab\u00f3n de Kratom - Receta DIY          <\/h1>\n        <\/div>\n                    <div class=\"title-content flex-col\">\n        <div class=\"title-breadcrumbs pb-half pt-half\"><nav class=\"woocommerce-breadcrumb breadcrumbs uppercase\" aria-label=\"Breadcrumb\">Inicio<\/nav><\/div>      <\/div>\n    <\/div>\n\n     \n<style>\n#page-header-408521333 .page-title-inner {\n  min-height: 200px;\n}\n#page-header-408521333 {\n  margin-bottom: 30px;\n}\n#page-header-408521333 .title-bg {\n  background-image: url(https:\/\/www.eukratom.com\/wp-content\/uploads\/2025\/01\/Kratom-soap-1024x574-1.webp);\n}\n<\/style>\n  <\/div>\n    <\/div>\n  \n<h2>Haz tu propio jab\u00f3n de kratom<\/h2>\n<p>Junto con EUkratom, l\u00e1vate la piel con un nutritivo jab\u00f3n de Kratom. Crear tu propio jab\u00f3n de Kratom es sencillo, y lo mejor de todo es que tienes pleno control sobre cada ingrediente que lo compone. Por lo tanto, es esencial elegir ingredientes de alta calidad. S\u00edguenos mientras te explicamos paso a paso c\u00f3mo hacer tu propio jab\u00f3n de Kratom.   <\/p>\n<h3>Ingredientes (para 2-3 jabones peque\u00f1os, aprox. 40 minutos)<\/h3>\n<ul>\n<li>200 g de base de jab\u00f3n a base de glicerina<\/li>\n<li>20 g de cualquier flor o hierba seca<\/li>\n<li>1 cucharadita de aceite esencial de tu elecci\u00f3n<\/li>\n<li>1 cucharadita de polvo de Kratom<\/li>\n<li>Moldes de jab\u00f3n<\/li>\n<\/ul>\n<h3>Instrucciones paso a paso<\/h3>\n<h4>1. Derrite la base de jab\u00f3n<\/h4>\n<p>Empieza fundiendo la base de jab\u00f3n al ba\u00f1o mar\u00eda. Utiliza un bol resistente al calor sobre agua hirviendo a fuego lento. Remueve con regularidad para evitar que se formen grumos y para que la fusi\u00f3n sea uniforme. Sin embargo, aseg\u00farate de que el agua no entre en contacto directo con la base de jab\u00f3n.   <\/p>\n<h4>2. Prepara la mezcla de Kratom<\/h4>\n<p>Mientras se derrite la base, <a href=\"https:\/\/www.eukratom.com\/es\/products\/comprar-kratom\/\">mezcla el polvo de Kratom con las hierbas y el aceite esencial que hayas elegido<\/a>. Remueve suavemente para mezclar todos los ingredientes uniformemente. <\/p>\n<h4>3. Combina las mezclas<\/h4>\n<p>Una vez que la base de jab\u00f3n est\u00e9 totalmente derretida, a\u00f1ade con cuidado la mezcla de Kratom. Remueve bien para conseguir una mezcla suave y consistente. <\/p>\n<h4>4. Vierte en los moldes<\/h4>\n<p>A continuaci\u00f3n, vierte la mezcla lentamente en tus moldes de jab\u00f3n. Para evitar las burbujas de aire, vierte suavemente y sin parar. <\/p>\n<h4>5. Deja que se asiente el jab\u00f3n<\/h4>\n<p>Deja que el jab\u00f3n se enfr\u00ede y endurezca a temperatura ambiente. Dependiendo del tama\u00f1o de tus moldes, esto puede llevar unas horas. <\/p>\n<h4>6. Sacar de los moldes<\/h4>\n<p>Cuando el jab\u00f3n est\u00e9 firme al tacto, s\u00e1calo con cuidado de los moldes. Ten cuidado de no da\u00f1ar la forma durante la extracci\u00f3n. <\/p>\n<h4>7. Guarda el jab\u00f3n<\/h4>\n<p>Por \u00faltimo, envuelve cada barrita en film transparente o papel de pergamino. Para obtener mejores resultados, m\u00e9telas en el frigor\u00edfico toda la noche para que se endurezcan por completo. <\/p>\n<h3>La calidad importa<\/h3>\n<p>Es importante utilizar s\u00f3lo Kratom de alta calidad al hacer jab\u00f3n. El Kratom que utilizamos se somete a pruebas de laboratorio, lo que garantiza que tu producto final est\u00e9 libre de bacterias, metales pesados y otros contaminantes. Como resultado, tu jab\u00f3n casero no s\u00f3lo ser\u00e1 natural, sino tambi\u00e9n seguro y eficaz. Puedes encontrar polvo de Kratom puro, probado en laboratorio, de <a href=\"https:\/\/www.eurofins.se\/\">uno de los principales proveedores de Suecia,<\/a>aqu\u00ed mismo, en EU Kratom.   <\/p>\n","protected":false},"excerpt":{"rendered":"<p>Haz tu propio jab\u00f3n de kratom Junto con EUkratom, l\u00e1vate la piel con un nutritivo jab\u00f3n de Kratom. Crear tu propio jab\u00f3n de Kratom es sencillo, y lo mejor de todo es que tienes pleno control sobre cada ingrediente que lo compone. Por lo tanto, es esencial elegir ingredientes de alta calidad. S\u00edguenos mientras te [&#8230;]\n","protected":false},"author":1,"featured_media":12322,"parent":0,"menu_order":0,"comment_status":"closed","ping_status":"closed","template":"","meta":{"footnotes":""},"class_list":["post-12321","page","type-page","status-publish","has-post-thumbnail","hentry"],"yoast_head":"<!-- This site is optimized with the Yoast SEO plugin v27.5 - https:\/\/yoast.com\/product\/yoast-seo-wordpress\/ -->\n<title>C\u00f3mo hacer jab\u00f3n | EUKratom.com | Jab\u00f3n de kratom<\/title>\n<meta name=\"description\" content=\"Aprende a elaborar en casa tu propio jab\u00f3n con infusi\u00f3n de kratom con nuestra sencilla gu\u00eda paso a paso, utilizando una base de glicerina, aceites naturales, kratom en polvo.\" \/>\n<meta name=\"robots\" content=\"index, follow, max-snippet:-1, max-image-preview:large, max-video-preview:-1\" \/>\n<link rel=\"canonical\" href=\"https:\/\/www.eukratom.com\/es\/como-hacer-jabon\/\" \/>\n<meta property=\"og:locale\" content=\"es_ES\" \/>\n<meta property=\"og:type\" content=\"article\" \/>\n<meta property=\"og:title\" content=\"C\u00f3mo hacer jab\u00f3n | EUKratom.com | Jab\u00f3n de kratom\" \/>\n<meta property=\"og:description\" content=\"Aprende a elaborar en casa tu propio jab\u00f3n con infusi\u00f3n de kratom con nuestra sencilla gu\u00eda paso a paso, utilizando una base de glicerina, aceites naturales, kratom en polvo.\" \/>\n<meta property=\"og:url\" content=\"https:\/\/www.eukratom.com\/es\/como-hacer-jabon\/\" \/>\n<meta property=\"og:site_name\" content=\"EUKRATOM\" \/>\n<meta property=\"article:modified_time\" content=\"2025-12-23T13:44:21+00:00\" \/>\n<meta property=\"og:image\" content=\"https:\/\/www.eukratom.com\/wp-content\/uploads\/2025\/01\/Kratom-soap-1024x574-1.webp\" \/>\n\t<meta property=\"og:image:width\" content=\"1024\" \/>\n\t<meta property=\"og:image:height\" content=\"574\" \/>\n\t<meta property=\"og:image:type\" content=\"image\/webp\" \/>\n<meta name=\"twitter:card\" content=\"summary_large_image\" \/>\n<meta name=\"twitter:label1\" content=\"Tiempo de lectura\" \/>\n\t<meta name=\"twitter:data1\" content=\"2 minutos\" \/>\n<script type=\"application\/ld+json\" class=\"yoast-schema-graph\">{\"@context\":\"https:\\\/\\\/schema.org\",\"@graph\":[{\"@type\":\"WebPage\",\"@id\":\"https:\\\/\\\/www.eukratom.com\\\/es\\\/como-hacer-jabon\\\/\",\"url\":\"https:\\\/\\\/www.eukratom.com\\\/es\\\/como-hacer-jabon\\\/\",\"name\":\"C\u00f3mo hacer jab\u00f3n | EUKratom.com | Jab\u00f3n de kratom\",\"isPartOf\":{\"@id\":\"https:\\\/\\\/www.eukratom.com\\\/es\\\/#website\"},\"primaryImageOfPage\":{\"@id\":\"https:\\\/\\\/www.eukratom.com\\\/es\\\/como-hacer-jabon\\\/#primaryimage\"},\"image\":{\"@id\":\"https:\\\/\\\/www.eukratom.com\\\/es\\\/como-hacer-jabon\\\/#primaryimage\"},\"thumbnailUrl\":\"https:\\\/\\\/www.eukratom.com\\\/wp-content\\\/uploads\\\/2025\\\/01\\\/Kratom-soap-1024x574-1.webp\",\"datePublished\":\"2022-03-13T10:41:46+00:00\",\"dateModified\":\"2025-12-23T13:44:21+00:00\",\"description\":\"Aprende a elaborar en casa tu propio jab\u00f3n con infusi\u00f3n de kratom con nuestra sencilla gu\u00eda paso a paso, utilizando una base de glicerina, aceites naturales, kratom en polvo.\",\"breadcrumb\":{\"@id\":\"https:\\\/\\\/www.eukratom.com\\\/es\\\/como-hacer-jabon\\\/#breadcrumb\"},\"inLanguage\":\"es\",\"potentialAction\":[{\"@type\":\"ReadAction\",\"target\":[\"https:\\\/\\\/www.eukratom.com\\\/es\\\/como-hacer-jabon\\\/\"]}]},{\"@type\":\"ImageObject\",\"inLanguage\":\"es\",\"@id\":\"https:\\\/\\\/www.eukratom.com\\\/es\\\/como-hacer-jabon\\\/#primaryimage\",\"url\":\"https:\\\/\\\/www.eukratom.com\\\/wp-content\\\/uploads\\\/2025\\\/01\\\/Kratom-soap-1024x574-1.webp\",\"contentUrl\":\"https:\\\/\\\/www.eukratom.com\\\/wp-content\\\/uploads\\\/2025\\\/01\\\/Kratom-soap-1024x574-1.webp\",\"width\":1024,\"height\":574,\"caption\":\"Jab\u00f3n de kratom en un plato\"},{\"@type\":\"BreadcrumbList\",\"@id\":\"https:\\\/\\\/www.eukratom.com\\\/es\\\/como-hacer-jabon\\\/#breadcrumb\",\"itemListElement\":[{\"@type\":\"ListItem\",\"position\":1,\"name\":\"Home\",\"item\":\"https:\\\/\\\/www.eukratom.com\\\/es\\\/\"},{\"@type\":\"ListItem\",\"position\":2,\"name\":\"C\u00f3mo hacer jab\u00f3n\"}]},{\"@type\":\"WebSite\",\"@id\":\"https:\\\/\\\/www.eukratom.com\\\/es\\\/#website\",\"url\":\"https:\\\/\\\/www.eukratom.com\\\/es\\\/\",\"name\":\"EUKRATOM\",\"description\":\"Best Kratom Online in Europe\",\"publisher\":{\"@id\":\"https:\\\/\\\/www.eukratom.com\\\/es\\\/#organization\"},\"potentialAction\":[{\"@type\":\"SearchAction\",\"target\":{\"@type\":\"EntryPoint\",\"urlTemplate\":\"https:\\\/\\\/www.eukratom.com\\\/es\\\/?s={search_term_string}\"},\"query-input\":{\"@type\":\"PropertyValueSpecification\",\"valueRequired\":true,\"valueName\":\"search_term_string\"}}],\"inLanguage\":\"es\"},{\"@type\":\"Organization\",\"@id\":\"https:\\\/\\\/www.eukratom.com\\\/es\\\/#organization\",\"name\":\"EUKRATOM\",\"url\":\"https:\\\/\\\/www.eukratom.com\\\/es\\\/\",\"logo\":{\"@type\":\"ImageObject\",\"inLanguage\":\"es\",\"@id\":\"https:\\\/\\\/www.eukratom.com\\\/es\\\/#\\\/schema\\\/logo\\\/image\\\/\",\"url\":\"https:\\\/\\\/www.eukratom.com\\\/wp-content\\\/uploads\\\/2023\\\/02\\\/EUkratom.com_.svg\",\"contentUrl\":\"https:\\\/\\\/www.eukratom.com\\\/wp-content\\\/uploads\\\/2023\\\/02\\\/EUkratom.com_.svg\",\"width\":1,\"height\":1,\"caption\":\"EUKRATOM\"},\"image\":{\"@id\":\"https:\\\/\\\/www.eukratom.com\\\/es\\\/#\\\/schema\\\/logo\\\/image\\\/\"}}]}<\/script>\n<!-- \/ Yoast SEO plugin. -->","yoast_head_json":{"title":"C\u00f3mo hacer jab\u00f3n | EUKratom.com | Jab\u00f3n de kratom","description":"Aprende a elaborar en casa tu propio jab\u00f3n con infusi\u00f3n de kratom con nuestra sencilla gu\u00eda paso a paso, utilizando una base de glicerina, aceites naturales, kratom en polvo.","robots":{"index":"index","follow":"follow","max-snippet":"max-snippet:-1","max-image-preview":"max-image-preview:large","max-video-preview":"max-video-preview:-1"},"canonical":"https:\/\/www.eukratom.com\/es\/como-hacer-jabon\/","og_locale":"es_ES","og_type":"article","og_title":"C\u00f3mo hacer jab\u00f3n | EUKratom.com | Jab\u00f3n de kratom","og_description":"Aprende a elaborar en casa tu propio jab\u00f3n con infusi\u00f3n de kratom con nuestra sencilla gu\u00eda paso a paso, utilizando una base de glicerina, aceites naturales, kratom en polvo.","og_url":"https:\/\/www.eukratom.com\/es\/como-hacer-jabon\/","og_site_name":"EUKRATOM","article_modified_time":"2025-12-23T13:44:21+00:00","og_image":[{"width":1024,"height":574,"url":"https:\/\/www.eukratom.com\/wp-content\/uploads\/2025\/01\/Kratom-soap-1024x574-1.webp","type":"image\/webp"}],"twitter_card":"summary_large_image","twitter_misc":{"Tiempo de lectura":"2 minutos"},"schema":{"@context":"https:\/\/schema.org","@graph":[{"@type":"WebPage","@id":"https:\/\/www.eukratom.com\/es\/como-hacer-jabon\/","url":"https:\/\/www.eukratom.com\/es\/como-hacer-jabon\/","name":"C\u00f3mo hacer jab\u00f3n | EUKratom.com | Jab\u00f3n de kratom","isPartOf":{"@id":"https:\/\/www.eukratom.com\/es\/#website"},"primaryImageOfPage":{"@id":"https:\/\/www.eukratom.com\/es\/como-hacer-jabon\/#primaryimage"},"image":{"@id":"https:\/\/www.eukratom.com\/es\/como-hacer-jabon\/#primaryimage"},"thumbnailUrl":"https:\/\/www.eukratom.com\/wp-content\/uploads\/2025\/01\/Kratom-soap-1024x574-1.webp","datePublished":"2022-03-13T10:41:46+00:00","dateModified":"2025-12-23T13:44:21+00:00","description":"Aprende a elaborar en casa tu propio jab\u00f3n con infusi\u00f3n de kratom con nuestra sencilla gu\u00eda paso a paso, utilizando una base de glicerina, aceites naturales, kratom en polvo.","breadcrumb":{"@id":"https:\/\/www.eukratom.com\/es\/como-hacer-jabon\/#breadcrumb"},"inLanguage":"es","potentialAction":[{"@type":"ReadAction","target":["https:\/\/www.eukratom.com\/es\/como-hacer-jabon\/"]}]},{"@type":"ImageObject","inLanguage":"es","@id":"https:\/\/www.eukratom.com\/es\/como-hacer-jabon\/#primaryimage","url":"https:\/\/www.eukratom.com\/wp-content\/uploads\/2025\/01\/Kratom-soap-1024x574-1.webp","contentUrl":"https:\/\/www.eukratom.com\/wp-content\/uploads\/2025\/01\/Kratom-soap-1024x574-1.webp","width":1024,"height":574,"caption":"Jab\u00f3n de kratom en un plato"},{"@type":"BreadcrumbList","@id":"https:\/\/www.eukratom.com\/es\/como-hacer-jabon\/#breadcrumb","itemListElement":[{"@type":"ListItem","position":1,"name":"Home","item":"https:\/\/www.eukratom.com\/es\/"},{"@type":"ListItem","position":2,"name":"C\u00f3mo hacer jab\u00f3n"}]},{"@type":"WebSite","@id":"https:\/\/www.eukratom.com\/es\/#website","url":"https:\/\/www.eukratom.com\/es\/","name":"EUKRATOM","description":"Best Kratom Online in Europe","publisher":{"@id":"https:\/\/www.eukratom.com\/es\/#organization"},"potentialAction":[{"@type":"SearchAction","target":{"@type":"EntryPoint","urlTemplate":"https:\/\/www.eukratom.com\/es\/?s={search_term_string}"},"query-input":{"@type":"PropertyValueSpecification","valueRequired":true,"valueName":"search_term_string"}}],"inLanguage":"es"},{"@type":"Organization","@id":"https:\/\/www.eukratom.com\/es\/#organization","name":"EUKRATOM","url":"https:\/\/www.eukratom.com\/es\/","logo":{"@type":"ImageObject","inLanguage":"es","@id":"https:\/\/www.eukratom.com\/es\/#\/schema\/logo\/image\/","url":"https:\/\/www.eukratom.com\/wp-content\/uploads\/2023\/02\/EUkratom.com_.svg","contentUrl":"https:\/\/www.eukratom.com\/wp-content\/uploads\/2023\/02\/EUkratom.com_.svg","width":1,"height":1,"caption":"EUKRATOM"},"image":{"@id":"https:\/\/www.eukratom.com\/es\/#\/schema\/logo\/image\/"}}]}},"jetpack_sharing_enabled":true,"_links":{"self":[{"href":"https:\/\/www.eukratom.com\/es\/wp-json\/wp\/v2\/pages\/12321","targetHints":{"allow":["GET"]}}],"collection":[{"href":"https:\/\/www.eukratom.com\/es\/wp-json\/wp\/v2\/pages"}],"about":[{"href":"https:\/\/www.eukratom.com\/es\/wp-json\/wp\/v2\/types\/page"}],"author":[{"embeddable":true,"href":"https:\/\/www.eukratom.com\/es\/wp-json\/wp\/v2\/users\/1"}],"replies":[{"embeddable":true,"href":"https:\/\/www.eukratom.com\/es\/wp-json\/wp\/v2\/comments?post=12321"}],"version-history":[{"count":6,"href":"https:\/\/www.eukratom.com\/es\/wp-json\/wp\/v2\/pages\/12321\/revisions"}],"predecessor-version":[{"id":14930,"href":"https:\/\/www.eukratom.com\/es\/wp-json\/wp\/v2\/pages\/12321\/revisions\/14930"}],"wp:featuredmedia":[{"embeddable":true,"href":"https:\/\/www.eukratom.com\/es\/wp-json\/wp\/v2\/media\/12322"}],"wp:attachment":[{"href":"https:\/\/www.eukratom.com\/es\/wp-json\/wp\/v2\/media?parent=12321"}],"curies":[{"name":"wp","href":"https:\/\/api.w.org\/{rel}","templated":true}]}}