{"id":12314,"date":"2022-03-05T09:45:58","date_gmt":"2022-03-05T08:45:58","guid":{"rendered":"https:\/\/www.eukratom.com\/preguntas-frecuentes\/"},"modified":"2025-12-23T13:28:26","modified_gmt":"2025-12-23T12:28:26","slug":"faq","status":"publish","type":"page","link":"https:\/\/www.eukratom.com\/es\/faq\/","title":{"rendered":"FAQ"},"content":{"rendered":"  <div id=\"page-header-1190602328\" class=\"page-header-wrapper\">\n  <div class=\"page-title light simple-title\">\n\n    \n    <div class=\"page-title-inner container align-center text-center flex-row-col medium-flex-wrap\" >\n              <div class=\"title-wrapper flex-col\">\n          <h1 class=\"entry-title mb-0\">\n            FAQ          <\/h1>\n        <\/div>\n                    <div class=\"title-content flex-col\">\n        <div class=\"title-breadcrumbs pb-half pt-half\"><nav class=\"woocommerce-breadcrumb breadcrumbs uppercase\" aria-label=\"Breadcrumb\">Inicio<\/nav><\/div>      <\/div>\n    <\/div>\n\n     \n<style>\n#page-header-1190602328 .page-title-inner {\n  min-height: 0px;\n}\n<\/style>\n  <\/div>\n    <\/div>\n   \t<div id=\"text-4053783279\" class=\"text\">\n\t\t\n<h2>Preguntas frecuentes sobre la compra de kratom en la UE<\/h2>\n<p>Comprar kratom online en la UE puede plantear muchas preguntas, desde la legalidad y el env\u00edo hasta la b\u00fasqueda de vendedores fiables. Estas preguntas frecuentes pretenden ofrecer respuestas claras y objetivas para ayudarte a tomar decisiones con conocimiento de causa y evitar los errores m\u00e1s comunes. No se hace ninguna afirmaci\u00f3n m\u00e9dica ni relacionada con el consumo, s\u00f3lo se ofrece orientaci\u00f3n fiable a los compradores responsables.  <\/p>\n<hr>\n\t\t\n<style>\n#text-4053783279 {\n  text-align: center;\n}\n<\/style>\n\t<\/div>\n\t\n<h3>Kratom<\/h3>\n<hr>\n<p><strong>\u00bfQu\u00e9 es el Kratom?<br \/><\/strong>La Mitragyna Speciosa es una planta com\u00fanmente llamada Kratom. La planta, Mitragyna Speciosa o Kratom, es originaria y crece de forma natural en el Sudeste Asi\u00e1tico, principalmente en Indonesia. <\/p>\n<p><strong>\u00bfEs legal el Kratom en Europa?<br \/><\/strong>S\u00ed, el Kratom es legal en la mayor\u00eda de los <a href=\"https:\/\/www.gov.uk\/eu-eea\">pa\u00edses de la UE<\/a>. No obstante, te recomendamos encarecidamente que confirmes la legalidad de tu pa\u00eds espec\u00edfico antes de hacer un pedido.<\/p>\n<p><strong>\u00bfPruebas en laboratorio tu Kratom?<br \/><\/strong>S\u00ed, laboratorios independientes\/de terceros analizan cada lote.<\/p>\n<h3>Entrega<\/h3>\n<hr>\n<p><strong data-start=\"79\" data-end=\"116\">\u00bfHac\u00e9is env\u00edos desde Holanda?<\/strong><br data-start=\"116\" data-end=\"119\">S\u00ed, todos nuestros paquetes se env\u00edan desde Holanda utilizando PostNL y DHL express<\/p>\n<p>\u00bfRealiz\u00e1is <strong data-start=\"197\" data-end=\"227\">env\u00edos a mi pa\u00eds?<\/strong><br data-start=\"227\" data-end=\"230\">Realizamos env\u00edos a todos los pa\u00edses de la UE m\u00e1s el Reino Unido, <strong data-start=\"273\" data-end=\"293\">excepto Suecia<\/strong>.<\/p>\n<p><strong>\u00bfPuedo cambiar la direcci\u00f3n de entrega de mi pedido?<br \/><\/strong>Al hacer un pedido o crear una cuenta, tienes la opci\u00f3n de especificar la direcci\u00f3n de entrega.<\/p>\n<p><strong>\u00bfSe puede embalar mi paquete de forma discreta?<br \/><\/strong>Siempre enviamos nuestros paquetes exteriores sin marca ni logotipo.<\/p>\n<p><strong>\u00bfEnv\u00edas los paquetes directamente a los buzones?<br \/><\/strong>S\u00ed. Si seleccionas la opci\u00f3n de paquete a domicilio o agente, el paquete se entregar\u00e1 en el buz\u00f3n. Sin embargo, PostNL puede creer ocasionalmente que la entrega directa en el buz\u00f3n es imposible debido a distintos factores, pero a\u00fan as\u00ed podr\u00edan entregarlo en la agencia m\u00e1s cercana.  <\/p>\n<p><strong>\u00bfPuedo hacer un seguimiento del paquete?<br \/><\/strong>S\u00ed. Una vez que enviamos el paquete, enviamos por correo electr\u00f3nico el n\u00famero de seguimiento al destinatario. <\/p>\n<p><strong>\u00bfPuedo ir a recogerte el paquete?<br \/><\/strong>No.<\/p>\n<h3>Pedidos<\/h3>\n<hr>\n<p><strong>\u00bfTienes un l\u00edmite de edad?<br \/><\/strong>S\u00ed. S\u00f3lo vendemos a consumidores mayores de 18 a\u00f1os, y nos reservamos el derecho de examinar a los visitantes y denegar el servicio. <\/p>\n<p><strong>\u00bfOfrec\u00e9is devoluciones?<\/strong><br \/>En un plazo de 14 d\u00edas tras realizar la compra, tienes la opci\u00f3n de devolver el producto y obtener el reembolso \u00edntegro del mismo. Eso s\u00ed, el envase debe permanecer precintado. <\/p>\n<p><strong>\u00bfPuedo anular una compra?<br \/><\/strong>Por supuesto, ponte en contacto con nuestro servicio de atenci\u00f3n al cliente lo antes posible. Pero como no podemos anularlo cuando el paquete ya est\u00e1 de camino hacia ti, env\u00edanos un correo electr\u00f3nico lo antes posible. <\/p>\n<h3>Pago<\/h3>\n<hr>\n<p><strong>\u00bfQu\u00e9 formas de pago aceptan?<br \/><\/strong>Aceptamos pagos mediante transferencia bancaria.<\/p>\n<p>&nbsp;<\/p>\n<p>Por \u00faltimo, \u00bfesto no ha respondido a tus preguntas? No dudes en <a href=\"https:\/\/eukratom.com\/es\/contacto\/\">ponerte en contacto con nuestro equipo de atenci\u00f3n al cliente<\/a>; hacemos todo lo posible por responder consecuentemente a los correos electr\u00f3nicos en un plazo de 24 horas. <\/p>\n","protected":false},"excerpt":{"rendered":"<p>Kratom \u00bfQu\u00e9 es el Kratom?La Mitragyna Speciosa es una planta com\u00fanmente llamada Kratom. La planta, Mitragyna Speciosa o Kratom, es originaria y crece de forma natural en el Sudeste Asi\u00e1tico, principalmente en Indonesia. \u00bfEs legal el Kratom en Europa?S\u00ed, el Kratom es legal en la mayor\u00eda de los pa\u00edses de la UE. No obstante, te [&#8230;]\n","protected":false},"author":1,"featured_media":0,"parent":0,"menu_order":0,"comment_status":"closed","ping_status":"closed","template":"","meta":{"footnotes":""},"class_list":["post-12314","page","type-page","status-publish","hentry"],"yoast_head":"<!-- This site is optimized with the Yoast SEO plugin v27.4 - https:\/\/yoast.com\/product\/yoast-seo-wordpress\/ -->\n<title>Kratom FAQ | Respuestas e informaci\u00f3n general<\/title>\n<meta name=\"description\" content=\"Encuentra respuestas a preguntas frecuentes sobre Kratom, pedidos, env\u00edos e informaci\u00f3n general. FAQ clara y actualizada de EUKratom.\" \/>\n<meta name=\"robots\" content=\"index, follow, max-snippet:-1, max-image-preview:large, max-video-preview:-1\" \/>\n<link rel=\"canonical\" href=\"https:\/\/www.eukratom.com\/es\/faq\/\" \/>\n<meta property=\"og:locale\" content=\"es_ES\" \/>\n<meta property=\"og:type\" content=\"article\" \/>\n<meta property=\"og:title\" content=\"Kratom FAQ | Respuestas e informaci\u00f3n general\" \/>\n<meta property=\"og:description\" content=\"Encuentra respuestas a preguntas frecuentes sobre Kratom, pedidos, env\u00edos e informaci\u00f3n general. FAQ clara y actualizada de EUKratom.\" \/>\n<meta property=\"og:url\" content=\"https:\/\/www.eukratom.com\/es\/faq\/\" \/>\n<meta property=\"og:site_name\" content=\"EUKRATOM\" \/>\n<meta property=\"article:modified_time\" content=\"2025-12-23T12:28:26+00:00\" \/>\n<meta name=\"twitter:card\" content=\"summary_large_image\" \/>\n<script type=\"application\/ld+json\" class=\"yoast-schema-graph\">{\"@context\":\"https:\\\/\\\/schema.org\",\"@graph\":[{\"@type\":\"WebPage\",\"@id\":\"https:\\\/\\\/www.eukratom.com\\\/es\\\/faq\\\/\",\"url\":\"https:\\\/\\\/www.eukratom.com\\\/es\\\/faq\\\/\",\"name\":\"Kratom FAQ | Respuestas e informaci\u00f3n general\",\"isPartOf\":{\"@id\":\"https:\\\/\\\/www.eukratom.com\\\/es\\\/#website\"},\"datePublished\":\"2022-03-05T08:45:58+00:00\",\"dateModified\":\"2025-12-23T12:28:26+00:00\",\"description\":\"Encuentra respuestas a preguntas frecuentes sobre Kratom, pedidos, env\u00edos e informaci\u00f3n general. FAQ clara y actualizada de EUKratom.\",\"breadcrumb\":{\"@id\":\"https:\\\/\\\/www.eukratom.com\\\/es\\\/faq\\\/#breadcrumb\"},\"inLanguage\":\"es\",\"potentialAction\":[{\"@type\":\"ReadAction\",\"target\":[\"https:\\\/\\\/www.eukratom.com\\\/es\\\/faq\\\/\"]}]},{\"@type\":\"BreadcrumbList\",\"@id\":\"https:\\\/\\\/www.eukratom.com\\\/es\\\/faq\\\/#breadcrumb\",\"itemListElement\":[{\"@type\":\"ListItem\",\"position\":1,\"name\":\"Home\",\"item\":\"https:\\\/\\\/www.eukratom.com\\\/es\\\/\"},{\"@type\":\"ListItem\",\"position\":2,\"name\":\"FAQ\"}]},{\"@type\":\"WebSite\",\"@id\":\"https:\\\/\\\/www.eukratom.com\\\/es\\\/#website\",\"url\":\"https:\\\/\\\/www.eukratom.com\\\/es\\\/\",\"name\":\"EUKRATOM\",\"description\":\"Best Kratom Online in Europe\",\"publisher\":{\"@id\":\"https:\\\/\\\/www.eukratom.com\\\/es\\\/#organization\"},\"potentialAction\":[{\"@type\":\"SearchAction\",\"target\":{\"@type\":\"EntryPoint\",\"urlTemplate\":\"https:\\\/\\\/www.eukratom.com\\\/es\\\/?s={search_term_string}\"},\"query-input\":{\"@type\":\"PropertyValueSpecification\",\"valueRequired\":true,\"valueName\":\"search_term_string\"}}],\"inLanguage\":\"es\"},{\"@type\":\"Organization\",\"@id\":\"https:\\\/\\\/www.eukratom.com\\\/es\\\/#organization\",\"name\":\"EUKRATOM\",\"url\":\"https:\\\/\\\/www.eukratom.com\\\/es\\\/\",\"logo\":{\"@type\":\"ImageObject\",\"inLanguage\":\"es\",\"@id\":\"https:\\\/\\\/www.eukratom.com\\\/es\\\/#\\\/schema\\\/logo\\\/image\\\/\",\"url\":\"https:\\\/\\\/www.eukratom.com\\\/wp-content\\\/uploads\\\/2023\\\/02\\\/EUkratom.com_.svg\",\"contentUrl\":\"https:\\\/\\\/www.eukratom.com\\\/wp-content\\\/uploads\\\/2023\\\/02\\\/EUkratom.com_.svg\",\"width\":1,\"height\":1,\"caption\":\"EUKRATOM\"},\"image\":{\"@id\":\"https:\\\/\\\/www.eukratom.com\\\/es\\\/#\\\/schema\\\/logo\\\/image\\\/\"}}]}<\/script>\n<!-- \/ Yoast SEO plugin. -->","yoast_head_json":{"title":"Kratom FAQ | Respuestas e informaci\u00f3n general","description":"Encuentra respuestas a preguntas frecuentes sobre Kratom, pedidos, env\u00edos e informaci\u00f3n general. FAQ clara y actualizada de EUKratom.","robots":{"index":"index","follow":"follow","max-snippet":"max-snippet:-1","max-image-preview":"max-image-preview:large","max-video-preview":"max-video-preview:-1"},"canonical":"https:\/\/www.eukratom.com\/es\/faq\/","og_locale":"es_ES","og_type":"article","og_title":"Kratom FAQ | Respuestas e informaci\u00f3n general","og_description":"Encuentra respuestas a preguntas frecuentes sobre Kratom, pedidos, env\u00edos e informaci\u00f3n general. FAQ clara y actualizada de EUKratom.","og_url":"https:\/\/www.eukratom.com\/es\/faq\/","og_site_name":"EUKRATOM","article_modified_time":"2025-12-23T12:28:26+00:00","twitter_card":"summary_large_image","schema":{"@context":"https:\/\/schema.org","@graph":[{"@type":"WebPage","@id":"https:\/\/www.eukratom.com\/es\/faq\/","url":"https:\/\/www.eukratom.com\/es\/faq\/","name":"Kratom FAQ | Respuestas e informaci\u00f3n general","isPartOf":{"@id":"https:\/\/www.eukratom.com\/es\/#website"},"datePublished":"2022-03-05T08:45:58+00:00","dateModified":"2025-12-23T12:28:26+00:00","description":"Encuentra respuestas a preguntas frecuentes sobre Kratom, pedidos, env\u00edos e informaci\u00f3n general. FAQ clara y actualizada de EUKratom.","breadcrumb":{"@id":"https:\/\/www.eukratom.com\/es\/faq\/#breadcrumb"},"inLanguage":"es","potentialAction":[{"@type":"ReadAction","target":["https:\/\/www.eukratom.com\/es\/faq\/"]}]},{"@type":"BreadcrumbList","@id":"https:\/\/www.eukratom.com\/es\/faq\/#breadcrumb","itemListElement":[{"@type":"ListItem","position":1,"name":"Home","item":"https:\/\/www.eukratom.com\/es\/"},{"@type":"ListItem","position":2,"name":"FAQ"}]},{"@type":"WebSite","@id":"https:\/\/www.eukratom.com\/es\/#website","url":"https:\/\/www.eukratom.com\/es\/","name":"EUKRATOM","description":"Best Kratom Online in Europe","publisher":{"@id":"https:\/\/www.eukratom.com\/es\/#organization"},"potentialAction":[{"@type":"SearchAction","target":{"@type":"EntryPoint","urlTemplate":"https:\/\/www.eukratom.com\/es\/?s={search_term_string}"},"query-input":{"@type":"PropertyValueSpecification","valueRequired":true,"valueName":"search_term_string"}}],"inLanguage":"es"},{"@type":"Organization","@id":"https:\/\/www.eukratom.com\/es\/#organization","name":"EUKRATOM","url":"https:\/\/www.eukratom.com\/es\/","logo":{"@type":"ImageObject","inLanguage":"es","@id":"https:\/\/www.eukratom.com\/es\/#\/schema\/logo\/image\/","url":"https:\/\/www.eukratom.com\/wp-content\/uploads\/2023\/02\/EUkratom.com_.svg","contentUrl":"https:\/\/www.eukratom.com\/wp-content\/uploads\/2023\/02\/EUkratom.com_.svg","width":1,"height":1,"caption":"EUKRATOM"},"image":{"@id":"https:\/\/www.eukratom.com\/es\/#\/schema\/logo\/image\/"}}]}},"jetpack_sharing_enabled":true,"_links":{"self":[{"href":"https:\/\/www.eukratom.com\/es\/wp-json\/wp\/v2\/pages\/12314","targetHints":{"allow":["GET"]}}],"collection":[{"href":"https:\/\/www.eukratom.com\/es\/wp-json\/wp\/v2\/pages"}],"about":[{"href":"https:\/\/www.eukratom.com\/es\/wp-json\/wp\/v2\/types\/page"}],"author":[{"embeddable":true,"href":"https:\/\/www.eukratom.com\/es\/wp-json\/wp\/v2\/users\/1"}],"replies":[{"embeddable":true,"href":"https:\/\/www.eukratom.com\/es\/wp-json\/wp\/v2\/comments?post=12314"}],"version-history":[{"count":7,"href":"https:\/\/www.eukratom.com\/es\/wp-json\/wp\/v2\/pages\/12314\/revisions"}],"predecessor-version":[{"id":14892,"href":"https:\/\/www.eukratom.com\/es\/wp-json\/wp\/v2\/pages\/12314\/revisions\/14892"}],"wp:attachment":[{"href":"https:\/\/www.eukratom.com\/es\/wp-json\/wp\/v2\/media?parent=12314"}],"curies":[{"name":"wp","href":"https:\/\/api.w.org\/{rel}","templated":true}]}}