{"id":12285,"date":"2021-02-17T15:47:54","date_gmt":"2021-02-17T14:47:54","guid":{"rendered":"https:\/\/www.eukratom.com\/ponte-en-contacto-con\/"},"modified":"2025-12-23T13:40:39","modified_gmt":"2025-12-23T12:40:39","slug":"contacto","status":"publish","type":"page","link":"https:\/\/www.eukratom.com\/es\/contacto\/","title":{"rendered":"Contacto"},"content":{"rendered":"<div class=\"row row-collapse\"  id=\"row-1559191665\">\n\n\t<div id=\"col-1358357650\" class=\"col small-12 large-12\"  >\n\t\t\t\t<div class=\"col-inner text-center\"  >\n\t\t\t\n\t\t\t\n  <div id=\"page-header-1739905601\" class=\"page-header-wrapper\">\n  <div class=\"page-title light simple-title\">\n\n    \n    <div class=\"page-title-inner container align-center text-center flex-row-col medium-flex-wrap\" >\n              <div class=\"title-wrapper flex-col\">\n          <h1 class=\"entry-title mb-0\">\n            Contacto          <\/h1>\n        <\/div>\n                    <div class=\"title-content flex-col\">\n        <div class=\"title-breadcrumbs pb-half pt-half\"><nav class=\"woocommerce-breadcrumb breadcrumbs uppercase\" aria-label=\"Breadcrumb\">Inicio<\/nav><\/div>      <\/div>\n    <\/div>\n\n       <\/div>\n    <\/div>\n  \n<h2>\u00bfQuieres ponerte en contacto con nosotros?<\/h2>\n\t<div id=\"text-4069516032\" class=\"text\">\n\t\t\n<p>\u00bfTienes alguna duda o consulta? Escr\u00edbenos en cualquier momento. Nos pondremos en contacto contigo en breve. Para que podamos ponernos en contacto contigo, aseg\u00farate de que la direcci\u00f3n de correo electr\u00f3nico que introduces en el siguiente formulario es correcta.\n<\/p>\n<div class=\"nm_column wpb_column vc_column_container col-sm-3 col-sm-offset-1\">\n<div class=\"vc_column-inner\">\n<div class=\"wpb_wrapper\">\n<div class=\"wpb_text_column wpb_content_element \">\n<div class=\"wpb_wrapper\">\n<p><em><span style=\"color: #555555;\">Nuestros productos de Kratom <strong>no<\/strong> est\u00e1n destinados al consumo humano. En consecuencia, no podemos responder a las preocupaciones sobre el consumo de Kratom. Por tanto,&nbsp;nos negaremos a vender a cualquier persona en el futuro si nos enteramos de que ha ingerido o pretende consumir Kratom.  <\/span><\/em><\/p>\n<p><strong>Correo electr\u00f3nico:<\/strong> contact@eukratom.com<\/p>\n\t\t\n<style>\n#text-4069516032 {\n  font-size: 0.9rem;\n}\n<\/style>\n\t<\/div>\n\t\n\t<div id=\"gap-543132884\" class=\"gap-element clearfix\" style=\"display:block; height:auto;\">\n\t\t\n<style>\n#gap-543132884 {\n  padding-top: 8px;\n}\n<\/style>\n\t<\/div>\n\t\n\n<div class=\"wpcf7 no-js\" id=\"wpcf7-f12374-o1\" lang=\"es-ES\" dir=\"ltr\" data-wpcf7-id=\"12374\">\n<div class=\"screen-reader-response\"><p role=\"status\" aria-live=\"polite\" aria-atomic=\"true\"><\/p> <ul><\/ul><\/div>\n<form action=\"\/es\/wp-json\/wp\/v2\/pages\/12285#wpcf7-f12374-o1\" method=\"post\" class=\"wpcf7-form init\" aria-label=\"Formulario de contacto\" novalidate=\"novalidate\" data-status=\"init\">\n<fieldset class=\"hidden-fields-container\"><input type=\"hidden\" name=\"_wpcf7\" value=\"12374\" \/><input type=\"hidden\" name=\"_wpcf7_version\" value=\"6.1.5\" \/><input type=\"hidden\" name=\"_wpcf7_locale\" value=\"es_ES\" \/><input type=\"hidden\" name=\"_wpcf7_unit_tag\" value=\"wpcf7-f12374-o1\" \/><input type=\"hidden\" name=\"_wpcf7_container_post\" value=\"0\" \/><input type=\"hidden\" name=\"_wpcf7_posted_data_hash\" value=\"\" \/>\n<\/fieldset>\n<p><label> Tu nombre<br \/>\n<span class=\"wpcf7-form-control-wrap\" data-name=\"your-name\"><input size=\"40\" maxlength=\"400\" class=\"wpcf7-form-control wpcf7-text wpcf7-validates-as-required\" aria-required=\"true\" aria-invalid=\"false\" value=\"\" type=\"text\" name=\"your-name\" \/><\/span> <\/label>\n<\/p>\n<p><label> Tu e-mail<br \/>\n<span class=\"wpcf7-form-control-wrap\" data-name=\"your-email\"><input size=\"40\" maxlength=\"400\" class=\"wpcf7-form-control wpcf7-email wpcf7-validates-as-required wpcf7-text wpcf7-validates-as-email\" aria-required=\"true\" aria-invalid=\"false\" value=\"\" type=\"email\" name=\"your-email\" \/><\/span> <\/label>\n<\/p>\n<p><label> Tema<br \/>\n<span class=\"wpcf7-form-control-wrap\" data-name=\"your-subject\"><input size=\"40\" maxlength=\"400\" class=\"wpcf7-form-control wpcf7-text wpcf7-validates-as-required\" aria-required=\"true\" aria-invalid=\"false\" value=\"\" type=\"text\" name=\"your-subject\" \/><\/span> <\/label>\n<\/p>\n<p><label> Tu mensaje<br \/>\n<span class=\"wpcf7-form-control-wrap\" data-name=\"your-message\"><textarea cols=\"40\" rows=\"10\" maxlength=\"2000\" class=\"wpcf7-form-control wpcf7-textarea\" aria-invalid=\"false\" name=\"your-message\"><\/textarea><\/span> <\/label><br \/>\n\t<center>\n<input class=\"wpcf7-form-control wpcf7-submit has-spinner\" type=\"submit\" value=\"Env\u00eda\" \/>\n\t<\/center>\n\t<center>\n\t<\/center>\n<\/p><input type=\"hidden\" id=\"ct_checkjs_cf7_c203d8a151612acf12457e4d67635a95\" name=\"ct_checkjs_cf7\" value=\"0\" \/><script >setTimeout(function(){var ct_input_name = \"ct_checkjs_cf7_c203d8a151612acf12457e4d67635a95\";if (document.getElementById(ct_input_name) !== null) {var ct_input_value = document.getElementById(ct_input_name).value;document.getElementById(ct_input_name).value = document.getElementById(ct_input_name).value.replace(ct_input_value, '1075392276');}}, 1000);<\/script><input\n                    class=\"apbct_special_field apbct_email_id__wp_contact_form_7\"\n                    name=\"apbct__email_id__wp_contact_form_7\"\n                    aria-label=\"apbct__label_id__wp_contact_form_7\"\n                    type=\"text\" size=\"30\" maxlength=\"200\" autocomplete=\"off\"\n                    value=\"\"\n                \/><div class=\"wpcf7-response-output\" aria-hidden=\"true\"><\/div>\n<\/form>\n<\/div>\n\n\t\t<\/div>\n\t\t\t\t\t<\/div>\n\n\t\n<\/div>\n","protected":false},"excerpt":{"rendered":"","protected":false},"author":1,"featured_media":0,"parent":0,"menu_order":0,"comment_status":"closed","ping_status":"closed","template":"","meta":{"footnotes":""},"class_list":["post-12285","page","type-page","status-publish","hentry"],"yoast_head":"<!-- This site is optimized with the Yoast SEO plugin v27.4 - https:\/\/yoast.com\/product\/yoast-seo-wordpress\/ -->\n<title>Contacto EUKratom | Atenci\u00f3n al cliente y consultas<\/title>\n<meta name=\"description\" content=\"Contacta con EUKratom para atenci\u00f3n al cliente, consultas mayoristas o preguntas generales. Nuestro equipo est\u00e1 listo para ayudarte.\" \/>\n<meta name=\"robots\" content=\"index, follow, max-snippet:-1, max-image-preview:large, max-video-preview:-1\" \/>\n<link rel=\"canonical\" href=\"https:\/\/www.eukratom.com\/es\/contacto\/\" \/>\n<meta property=\"og:locale\" content=\"es_ES\" \/>\n<meta property=\"og:type\" content=\"article\" \/>\n<meta property=\"og:title\" content=\"Contacto EUKratom | Atenci\u00f3n al cliente y consultas\" \/>\n<meta property=\"og:description\" content=\"Contacta con EUKratom para atenci\u00f3n al cliente, consultas mayoristas o preguntas generales. Nuestro equipo est\u00e1 listo para ayudarte.\" \/>\n<meta property=\"og:url\" content=\"https:\/\/www.eukratom.com\/es\/contacto\/\" \/>\n<meta property=\"og:site_name\" content=\"EUKRATOM\" \/>\n<meta property=\"article:modified_time\" content=\"2025-12-23T12:40:39+00:00\" \/>\n<meta name=\"twitter:card\" content=\"summary_large_image\" \/>\n<meta name=\"twitter:label1\" content=\"Tiempo de lectura\" \/>\n\t<meta name=\"twitter:data1\" content=\"1 minuto\" \/>\n<script type=\"application\/ld+json\" class=\"yoast-schema-graph\">{\"@context\":\"https:\\\/\\\/schema.org\",\"@graph\":[{\"@type\":\"WebPage\",\"@id\":\"https:\\\/\\\/www.eukratom.com\\\/es\\\/contacto\\\/\",\"url\":\"https:\\\/\\\/www.eukratom.com\\\/es\\\/contacto\\\/\",\"name\":\"Contacto EUKratom | Atenci\u00f3n al cliente y consultas\",\"isPartOf\":{\"@id\":\"https:\\\/\\\/www.eukratom.com\\\/es\\\/#website\"},\"datePublished\":\"2021-02-17T14:47:54+00:00\",\"dateModified\":\"2025-12-23T12:40:39+00:00\",\"description\":\"Contacta con EUKratom para atenci\u00f3n al cliente, consultas mayoristas o preguntas generales. Nuestro equipo est\u00e1 listo para ayudarte.\",\"breadcrumb\":{\"@id\":\"https:\\\/\\\/www.eukratom.com\\\/es\\\/contacto\\\/#breadcrumb\"},\"inLanguage\":\"es\",\"potentialAction\":[{\"@type\":\"ReadAction\",\"target\":[\"https:\\\/\\\/www.eukratom.com\\\/es\\\/contacto\\\/\"]}]},{\"@type\":\"BreadcrumbList\",\"@id\":\"https:\\\/\\\/www.eukratom.com\\\/es\\\/contacto\\\/#breadcrumb\",\"itemListElement\":[{\"@type\":\"ListItem\",\"position\":1,\"name\":\"Home\",\"item\":\"https:\\\/\\\/www.eukratom.com\\\/es\\\/\"},{\"@type\":\"ListItem\",\"position\":2,\"name\":\"Contacto\"}]},{\"@type\":\"WebSite\",\"@id\":\"https:\\\/\\\/www.eukratom.com\\\/es\\\/#website\",\"url\":\"https:\\\/\\\/www.eukratom.com\\\/es\\\/\",\"name\":\"EUKRATOM\",\"description\":\"Best Kratom Online in Europe\",\"publisher\":{\"@id\":\"https:\\\/\\\/www.eukratom.com\\\/es\\\/#organization\"},\"potentialAction\":[{\"@type\":\"SearchAction\",\"target\":{\"@type\":\"EntryPoint\",\"urlTemplate\":\"https:\\\/\\\/www.eukratom.com\\\/es\\\/?s={search_term_string}\"},\"query-input\":{\"@type\":\"PropertyValueSpecification\",\"valueRequired\":true,\"valueName\":\"search_term_string\"}}],\"inLanguage\":\"es\"},{\"@type\":\"Organization\",\"@id\":\"https:\\\/\\\/www.eukratom.com\\\/es\\\/#organization\",\"name\":\"EUKRATOM\",\"url\":\"https:\\\/\\\/www.eukratom.com\\\/es\\\/\",\"logo\":{\"@type\":\"ImageObject\",\"inLanguage\":\"es\",\"@id\":\"https:\\\/\\\/www.eukratom.com\\\/es\\\/#\\\/schema\\\/logo\\\/image\\\/\",\"url\":\"https:\\\/\\\/www.eukratom.com\\\/wp-content\\\/uploads\\\/2023\\\/02\\\/EUkratom.com_.svg\",\"contentUrl\":\"https:\\\/\\\/www.eukratom.com\\\/wp-content\\\/uploads\\\/2023\\\/02\\\/EUkratom.com_.svg\",\"width\":1,\"height\":1,\"caption\":\"EUKRATOM\"},\"image\":{\"@id\":\"https:\\\/\\\/www.eukratom.com\\\/es\\\/#\\\/schema\\\/logo\\\/image\\\/\"}}]}<\/script>\n<!-- \/ Yoast SEO plugin. -->","yoast_head_json":{"title":"Contacto EUKratom | Atenci\u00f3n al cliente y consultas","description":"Contacta con EUKratom para atenci\u00f3n al cliente, consultas mayoristas o preguntas generales. Nuestro equipo est\u00e1 listo para ayudarte.","robots":{"index":"index","follow":"follow","max-snippet":"max-snippet:-1","max-image-preview":"max-image-preview:large","max-video-preview":"max-video-preview:-1"},"canonical":"https:\/\/www.eukratom.com\/es\/contacto\/","og_locale":"es_ES","og_type":"article","og_title":"Contacto EUKratom | Atenci\u00f3n al cliente y consultas","og_description":"Contacta con EUKratom para atenci\u00f3n al cliente, consultas mayoristas o preguntas generales. Nuestro equipo est\u00e1 listo para ayudarte.","og_url":"https:\/\/www.eukratom.com\/es\/contacto\/","og_site_name":"EUKRATOM","article_modified_time":"2025-12-23T12:40:39+00:00","twitter_card":"summary_large_image","twitter_misc":{"Tiempo de lectura":"1 minuto"},"schema":{"@context":"https:\/\/schema.org","@graph":[{"@type":"WebPage","@id":"https:\/\/www.eukratom.com\/es\/contacto\/","url":"https:\/\/www.eukratom.com\/es\/contacto\/","name":"Contacto EUKratom | Atenci\u00f3n al cliente y consultas","isPartOf":{"@id":"https:\/\/www.eukratom.com\/es\/#website"},"datePublished":"2021-02-17T14:47:54+00:00","dateModified":"2025-12-23T12:40:39+00:00","description":"Contacta con EUKratom para atenci\u00f3n al cliente, consultas mayoristas o preguntas generales. Nuestro equipo est\u00e1 listo para ayudarte.","breadcrumb":{"@id":"https:\/\/www.eukratom.com\/es\/contacto\/#breadcrumb"},"inLanguage":"es","potentialAction":[{"@type":"ReadAction","target":["https:\/\/www.eukratom.com\/es\/contacto\/"]}]},{"@type":"BreadcrumbList","@id":"https:\/\/www.eukratom.com\/es\/contacto\/#breadcrumb","itemListElement":[{"@type":"ListItem","position":1,"name":"Home","item":"https:\/\/www.eukratom.com\/es\/"},{"@type":"ListItem","position":2,"name":"Contacto"}]},{"@type":"WebSite","@id":"https:\/\/www.eukratom.com\/es\/#website","url":"https:\/\/www.eukratom.com\/es\/","name":"EUKRATOM","description":"Best Kratom Online in Europe","publisher":{"@id":"https:\/\/www.eukratom.com\/es\/#organization"},"potentialAction":[{"@type":"SearchAction","target":{"@type":"EntryPoint","urlTemplate":"https:\/\/www.eukratom.com\/es\/?s={search_term_string}"},"query-input":{"@type":"PropertyValueSpecification","valueRequired":true,"valueName":"search_term_string"}}],"inLanguage":"es"},{"@type":"Organization","@id":"https:\/\/www.eukratom.com\/es\/#organization","name":"EUKRATOM","url":"https:\/\/www.eukratom.com\/es\/","logo":{"@type":"ImageObject","inLanguage":"es","@id":"https:\/\/www.eukratom.com\/es\/#\/schema\/logo\/image\/","url":"https:\/\/www.eukratom.com\/wp-content\/uploads\/2023\/02\/EUkratom.com_.svg","contentUrl":"https:\/\/www.eukratom.com\/wp-content\/uploads\/2023\/02\/EUkratom.com_.svg","width":1,"height":1,"caption":"EUKRATOM"},"image":{"@id":"https:\/\/www.eukratom.com\/es\/#\/schema\/logo\/image\/"}}]}},"jetpack_sharing_enabled":true,"_links":{"self":[{"href":"https:\/\/www.eukratom.com\/es\/wp-json\/wp\/v2\/pages\/12285","targetHints":{"allow":["GET"]}}],"collection":[{"href":"https:\/\/www.eukratom.com\/es\/wp-json\/wp\/v2\/pages"}],"about":[{"href":"https:\/\/www.eukratom.com\/es\/wp-json\/wp\/v2\/types\/page"}],"author":[{"embeddable":true,"href":"https:\/\/www.eukratom.com\/es\/wp-json\/wp\/v2\/users\/1"}],"replies":[{"embeddable":true,"href":"https:\/\/www.eukratom.com\/es\/wp-json\/wp\/v2\/comments?post=12285"}],"version-history":[{"count":3,"href":"https:\/\/www.eukratom.com\/es\/wp-json\/wp\/v2\/pages\/12285\/revisions"}],"predecessor-version":[{"id":14903,"href":"https:\/\/www.eukratom.com\/es\/wp-json\/wp\/v2\/pages\/12285\/revisions\/14903"}],"wp:attachment":[{"href":"https:\/\/www.eukratom.com\/es\/wp-json\/wp\/v2\/media?parent=12285"}],"curies":[{"name":"wp","href":"https:\/\/api.w.org\/{rel}","templated":true}]}}