{"id":12272,"date":"2021-02-17T15:47:10","date_gmt":"2021-02-17T14:47:10","guid":{"rendered":"https:\/\/www.eukratom.com\/sobre-nosotros\/"},"modified":"2025-12-23T14:26:48","modified_gmt":"2025-12-23T13:26:48","slug":"sobre-nosotros","status":"publish","type":"page","link":"https:\/\/www.eukratom.com\/es\/sobre-nosotros\/","title":{"rendered":"Sobre nosotros"},"content":{"rendered":"  <div id=\"page-header-1385882541\" class=\"page-header-wrapper\">\n  <div class=\"page-title light divided-title\">\n\n    \n    <div class=\"page-title-inner container align-center text-center flex-row-col medium-flex-wrap\" >\n              <div class=\"title-wrapper flex-col\">\n          <h1 class=\"entry-title mb-0\">\n            Kratom UE          <\/h1>\n        <\/div>\n                    <div class=\"title-content flex-col\">\n        <div class=\"title-breadcrumbs pb-half pt-half\"><nav class=\"woocommerce-breadcrumb breadcrumbs uppercase\" aria-label=\"Breadcrumb\">Inicio<\/nav><\/div>      <\/div>\n    <\/div>\n\n     \n<style>\n#page-header-1385882541 .page-title-inner {\n  min-height: 0px;\n}\n#page-header-1385882541 {\n  margin-bottom: 0px;\n}\n<\/style>\n  <\/div>\n  <div class=\"container header-wrapper-divider\"><hr\/><\/div>  <\/div>\n  \n\n\t<section class=\"section\" id=\"section_1648549886\">\n\t\t<div class=\"section-bg fill\" >\n\t\t\t\t\t\t\t\t\t\n\t\t\t\n\n\t\t<\/div>\n\n\t\t\n\n\t\t<div class=\"section-content relative\">\n\t\t\t\n<div class=\"row\"  id=\"row-856921077\">\n\n\t<div id=\"col-961271912\" class=\"col small-12 large-12\"  >\n\t\t\t\t<div class=\"col-inner\" style=\"background-color:rgb(255,255,255);\" >\n\t\t\t\n\t\t\t\n<div class=\"row align-center\"  id=\"row-889598070\">\n\n\t<div id=\"col-1554237316\" class=\"col medium-9 small-10 large-7\"  >\n\t\t\t\t<div class=\"col-inner text-center\"  >\n\t\t\t\n\t\t\t\n<h2>Kratom, integridad y equidad<\/h2>\n<p>EU Kratom opera desde los Pa\u00edses Bajos y se basa firmemente en valores como la integridad, la equidad y la dedicaci\u00f3n. Iniciamos esta misi\u00f3n porque nos sent\u00edamos frustrados por un mercado que con demasiada frecuencia se gu\u00eda por el beneficio, en lugar de por la transparencia y la confianza. En lugar de aceptar esa norma, elegimos hacerlo mejor. Creemos que la justicia y la honradez nunca deben ser opcionales. Por eso creamos EU Kratom: para ofrecer una alternativa fiable y basada en principios para abastecerse de Kratom de alta calidad.    <\/p>\n\t\t<\/div>\n\t\t\t\t\n<style>\n#col-1554237316 > .col-inner {\n  margin: 20px 0px 20px 0px;\n}\n<\/style>\n\t<\/div>\n\n\t\n<\/div>\n<div class=\"row align-center\"  id=\"row-1724573831\">\n\n\t<div id=\"col-1324344569\" class=\"col medium-11 small-12 large-10\"  >\n\t\t\t\t<div class=\"col-inner\"  >\n\t\t\t\n\t\t\t\n\n  <div class=\"banner has-hover has-parallax\" id=\"banner-1939890830\">\n          <div class=\"banner-inner fill\">\n        <div class=\"banner-bg fill\" data-parallax=\"-6\" data-parallax-container=\".banner\" data-parallax-background>\n            <img loading=\"lazy\" decoding=\"async\" width=\"1456\" height=\"816\" src=\"https:\/\/www.eukratom.com\/wp-content\/uploads\/2025\/07\/EuKartomAboutUs.webp\" class=\"bg attachment-original size-original\" alt=\"Una hermosa jungla de kratom con una bonita naturaleza\" \/>                                    \n                    <\/div>\n\t\t\n        <div class=\"banner-layers container\">\n            <div class=\"fill banner-link\"><\/div>            \n   <div id=\"text-box-1064981448\" class=\"text-box banner-layer x50 md-x50 lg-x50 y50 md-y50 lg-y50 res-text\">\n                                <div class=\"text-box-content text dark\">\n              \n              <div class=\"text-inner text-center\">\n                  \n              <\/div>\n           <\/div>\n                            \n<style>\n#text-box-1064981448 {\n  width: 60%;\n}\n#text-box-1064981448 .text-box-content {\n  font-size: 100%;\n}\n@media (min-width:550px) {\n  #text-box-1064981448 {\n    width: 60%;\n  }\n}\n<\/style>\n    <\/div>\n \n        <\/div>\n      <\/div>\n\n            \n<style>\n#banner-1939890830 {\n  padding-top: 300px;\n}\n#banner-1939890830 .banner-bg img {\n  object-position: 52% 0%;\n}\n@media (min-width:850px) {\n  #banner-1939890830 {\n    padding-top: 500px;\n  }\n}\n<\/style>\n  <\/div>\n\n\n\t\t<\/div>\n\t\t\t\t\n<style>\n#col-1324344569 > .col-inner {\n  margin: 0px 0px -160px 0px;\n}\n<\/style>\n\t<\/div>\n\n\t\n<\/div>\n\t\t<\/div>\n\t\t\t\t\n<style>\n#col-961271912 > .col-inner {\n  padding: 50px 0px 0px 0px;\n  margin: -70px 0px 0px 0px;\n}\n<\/style>\n\t<\/div>\n\n\t\n<\/div>\n\t\t<\/div>\n\n\t\t\n<style>\n#section_1648549886 {\n  padding-top: 30px;\n  padding-bottom: 30px;\n}\n<\/style>\n\t<\/section>\n\t\n\n\t<section class=\"section\" id=\"section_1562375858\">\n\t\t<div class=\"section-bg fill\" >\n\t\t\t\t\t\t\t\t\t\n\t\t\t\n\n\t\t<\/div>\n\n\t\t\n\n\t\t<div class=\"section-content relative\">\n\t\t\t\n<div class=\"row align-center\"  id=\"row-1743273475\">\n\n\t<div id=\"col-523128069\" class=\"col medium-11 small-12 large-10\"  >\n\t\t\t\t<div class=\"col-inner\"  >\n\t\t\t\n\t\t\t\n\t<div id=\"text-3536831450\" class=\"text\">\n\t\t\n<h2>Desde el coraz\u00f3n de Borneo, para Ti.<\/h2>\n<p data-start=\"707\" data-end=\"1191\">Gracias a estas conexiones, hemos desarrollado una amplia red de apasionados expertos en Kratom por toda Indonesia. Buscamos constantemente los<strong> <a href=\"https:\/\/eukratom.com\/products\/kratom\/\">productos que buscas<\/a><\/strong>con un fuerte \u00e9nfasis en la garant\u00eda de calidad. Las empresas con las que elegimos asociarnos revisan regularmente a los cultivadores, realizan controles de calidad y proporcionan formaci\u00f3n. Este <strong><a href=\"https:\/\/en.wikipedia.org\/wiki\/Standard_operating_procedure\">garantiza que todos sigan procedimientos estandarizados<\/a><\/strong>al tiempo que se garantizan unas condiciones de trabajo justas, una remuneraci\u00f3n adecuada y productos de primera calidad.   <\/p>\n<p data-start=\"1193\" data-end=\"1583\">Adem\u00e1s, cada lote de hojas de Kratom se somete a pruebas de laboratorio realizadas por terceros. Estas pruebas confirman que las hojas est\u00e1n libres de bacterias, metales pesados y otros contaminantes. Adem\u00e1s, el proceso de secado tiene lugar en unas instalaciones modernas y centralizadas. Este entorno de vanguardia garantiza que se mantengan las condiciones \u00f3ptimas, para que las hojas conserven la calidad prevista.   <\/p>\n\t\t\n<style>\n#text-3536831450 {\n  text-align: center;\n}\n@media (min-width:550px) {\n  #text-3536831450 {\n    text-align: center;\n  }\n}\n<\/style>\n\t<\/div>\n\t\n\t\t<\/div>\n\t\t\t\t\t<\/div>\n\n\t\n\n<style>\n#row-1743273475 > .col > .col-inner {\n  padding: 50px 0px 20px 0px;\n}\n@media (min-width:550px) {\n  #row-1743273475 > .col > .col-inner {\n    padding: 100px 0px 50px 0px;\n  }\n}\n<\/style>\n<\/div>\n<div class=\"row align-center\"  id=\"row-315668813\">\n\n\t<div id=\"col-712929310\" class=\"col medium-11 small-12 large-10\"  >\n\t\t\t\t<div class=\"col-inner\"  >\n\t\t\t\n\t\t\t\n<div class=\"row row-large align-middle\"  id=\"row-1277115051\">\n\n\t<div id=\"col-534998293\" class=\"col medium-4 small-12 large-6\"  >\n\t\t\t\t<div class=\"col-inner\"  >\n\t\t\t\n\t\t\t\n\n  <div class=\"banner has-hover\" id=\"banner-1115244587\">\n          <div class=\"banner-inner fill\">\n        <div class=\"banner-bg fill\" >\n            <img loading=\"lazy\" decoding=\"async\" width=\"1000\" height=\"1000\" src=\"https:\/\/www.eukratom.com\/wp-content\/uploads\/2025\/01\/White-Vein-Kratom.webp\" class=\"bg attachment-original size-original\" alt=\"Kratom blanco\" \/>                                    \n                    <\/div>\n\t\t\n        <div class=\"banner-layers container\">\n            <div class=\"fill banner-link\"><\/div>            \n   <div id=\"text-box-1270441065\" class=\"text-box banner-layer x50 md-x50 lg-x50 y50 md-y50 lg-y50 res-text\">\n                                <div class=\"text-box-content text dark\">\n              \n              <div class=\"text-inner text-center\">\n                  \n              <\/div>\n           <\/div>\n                            \n<style>\n#text-box-1270441065 {\n  width: 60%;\n}\n#text-box-1270441065 .text-box-content {\n  font-size: 100%;\n}\n@media (min-width:550px) {\n  #text-box-1270441065 {\n    width: 60%;\n  }\n}\n<\/style>\n    <\/div>\n \n        <\/div>\n      <\/div>\n\n            \n<style>\n#banner-1115244587 {\n  padding-top: 300px;\n  background-color: rgba(255, 255, 255, 0);\n}\n#banner-1115244587 .banner-bg img {\n  object-position: 0% 0%;\n}\n@media (min-width:550px) {\n  #banner-1115244587 {\n    padding-top: 99.99%;\n  }\n}\n<\/style>\n  <\/div>\n\n\n\t\t<\/div>\n\t\t\t\t\t<\/div>\n\n\t\n\n\t<div id=\"col-499562543\" class=\"col medium-8 small-12 large-6\"  >\n\t\t\t\t<div class=\"col-inner text-center\"  >\n\t\t\t\n\t\t\t\n\t<div id=\"text-2352383188\" class=\"text\">\n\t\t\n<h3>EU Kratom ama la calidad<\/h3>\n<p data-start=\"294\" data-end=\"628\">Una parte clave de nuestro compromiso con la excelencia es c\u00f3mo evaluamos a los agricultores con los que trabajamos. Evaluamos cuidadosamente la higiene, las normas de trabajo, las condiciones laborales, los salarios, la calidad del producto y mucho m\u00e1s. Para garantizar que estas normas se cumplen sistem\u00e1ticamente, nos hemos asociado con una organizaci\u00f3n indonesia de Kratom que supervisa y hace cumplir estos procedimientos.  <\/p>\n<p data-start=\"630\" data-end=\"954\">Gracias a esta estrategia, los agricultores y nuestra organizaci\u00f3n asociada se benefician del aumento de las ventas, sobre todo en las zonas marginadas. Mientras tanto, nuestros propios m\u00e1rgenes de beneficio se reducen. Sin embargo, el resultado final merece la pena. Los clientes no s\u00f3lo reciben todo lo que necesitan, sino tambi\u00e9n un peque\u00f1o extra en t\u00e9rminos de calidad, \u00e9tica y cuidado.   <\/p>\n\t\t\n<style>\n#text-2352383188 {\n  text-align: center;\n}\n<\/style>\n\t<\/div>\n\t\n<a href=\"https:\/\/eukratom.com\/products\/kratom\/\" class=\"button primary is-underline\" >\n\t\t<span>TIENDA<\/span>\n\t<\/a>\n\n\t\t<\/div>\n\t\t\t\t\t<\/div>\n\n\t\n<\/div>\n<div class=\"row row-large align-middle\"  id=\"row-2133552600\">\n\n\t<div id=\"col-1740316580\" class=\"col medium-8 small-12 large-6\"  >\n\t\t\t\t<div class=\"col-inner text-center\"  >\n\t\t\t\n\t\t\t\n\t<div id=\"text-3895583966\" class=\"text\">\n\t\t\n<h3>EU kratom &#8211; Orientaci\u00f3n al cliente<\/h3>\n<p data-start=\"264\" data-end=\"497\">En EU Kratom, comprendemos que las necesidades, deseos y expectativas de nuestros clientes no siempre se expresan con claridad. Sin embargo, nuestra misi\u00f3n es ir m\u00e1s all\u00e1 de estas demandas mediante el esfuerzo continuo y la mejora constante. <\/p>\n<p data-start=\"499\" data-end=\"749\">Debido a la falta de transparencia del sector, nos hemos comprometido a ser totalmente abiertos en todos los aspectos de nuestro trabajo. De este modo, nos aseguramos de que nuestros clientes puedan confiar plenamente en la calidad de nuestros productos y la fiabilidad de nuestros servicios. <\/p>\n<p data-start=\"751\" data-end=\"938\">Por tanto, al ofrecer s\u00f3lo los mejores productos y mantener la honestidad durante todo el proceso, nuestro objetivo no es s\u00f3lo cumplir -sino superar- las expectativas de todos los que eligen EU Kratom.<\/p>\n\t\t\n<style>\n#text-3895583966 {\n  text-align: center;\n}\n<\/style>\n\t<\/div>\n\t\n<a href=\"https:\/\/eukratom.com\/blog\/\" class=\"button primary is-underline\" >\n\t\t<span>BLOG<\/span>\n\t<\/a>\n\n\t\t<\/div>\n\t\t\t\t\t<\/div>\n\n\t\n\n\t<div id=\"col-1743021294\" class=\"col medium-4 small-12 large-6 medium-col-first\"  >\n\t\t\t\t<div class=\"col-inner\"  >\n\t\t\t\n\t\t\t\n\n  <div class=\"banner has-hover\" id=\"banner-368009104\">\n          <div class=\"banner-inner fill\">\n        <div class=\"banner-bg fill\" >\n            <img loading=\"lazy\" decoding=\"async\" width=\"1000\" height=\"1000\" src=\"https:\/\/www.eukratom.com\/wp-content\/uploads\/2025\/07\/customerO.webp\" class=\"bg attachment-large size-large\" alt=\"dos personas se dan la mano\" \/>                                    \n                    <\/div>\n\t\t\n        <div class=\"banner-layers container\">\n            <div class=\"fill banner-link\"><\/div>            \n   <div id=\"text-box-1152922582\" class=\"text-box banner-layer x50 md-x50 lg-x50 y50 md-y50 lg-y50 res-text\">\n                                <div class=\"text-box-content text dark\">\n              \n              <div class=\"text-inner text-center\">\n                  \n              <\/div>\n           <\/div>\n                            \n<style>\n#text-box-1152922582 {\n  width: 60%;\n}\n#text-box-1152922582 .text-box-content {\n  font-size: 100%;\n}\n@media (min-width:550px) {\n  #text-box-1152922582 {\n    width: 60%;\n  }\n}\n<\/style>\n    <\/div>\n \n        <\/div>\n      <\/div>\n\n            \n<style>\n#banner-368009104 {\n  padding-top: 300px;\n}\n@media (min-width:550px) {\n  #banner-368009104 {\n    padding-top: 99.99%;\n  }\n}\n<\/style>\n  <\/div>\n\n\n\t\t<\/div>\n\t\t\t\t\t<\/div>\n\n\t\n<\/div>\n<div class=\"row row-large align-middle\"  id=\"row-1480063487\">\n\n\t<div id=\"col-670083220\" class=\"col medium-4 small-12 large-6\"  >\n\t\t\t\t<div class=\"col-inner\"  >\n\t\t\t\n\t\t\t\n\n  <div class=\"banner has-hover\" id=\"banner-1447249635\">\n          <div class=\"banner-inner fill\">\n        <div class=\"banner-bg fill\" >\n            <img loading=\"lazy\" decoding=\"async\" width=\"1000\" height=\"1000\" src=\"https:\/\/www.eukratom.com\/wp-content\/uploads\/2025\/07\/EUkratom-wall.webp\" class=\"bg attachment-original size-original\" alt=\"Logotipo de Eukratom con fondo gris\" \/>                                    \n                    <\/div>\n\t\t\n        <div class=\"banner-layers container\">\n            <div class=\"fill banner-link\"><\/div>            \n   <div id=\"text-box-471404459\" class=\"text-box banner-layer x50 md-x50 lg-x50 y50 md-y50 lg-y50 res-text\">\n                                <div class=\"text-box-content text dark\">\n              \n              <div class=\"text-inner text-center\">\n                  \n              <\/div>\n           <\/div>\n                            \n<style>\n#text-box-471404459 {\n  width: 60%;\n}\n#text-box-471404459 .text-box-content {\n  font-size: 100%;\n}\n@media (min-width:550px) {\n  #text-box-471404459 {\n    width: 60%;\n  }\n}\n<\/style>\n    <\/div>\n \n        <\/div>\n      <\/div>\n\n            \n<style>\n#banner-1447249635 {\n  padding-top: 300px;\n}\n@media (min-width:550px) {\n  #banner-1447249635 {\n    padding-top: 80%;\n  }\n}\n<\/style>\n  <\/div>\n\n\n\t\t<\/div>\n\t\t\t\t\t<\/div>\n\n\t\n\n\t<div id=\"col-1939502412\" class=\"col medium-8 small-12 large-6\"  >\n\t\t\t\t<div class=\"col-inner text-center\"  >\n\t\t\t\n\t\t\t\n<a href=\"https:\/\/eukratom.com\/contact\/\" class=\"button primary is-underline\" >\n\t\t<span>CONT\u00c1CTANOS<\/span>\n\t<\/a>\n\n\t\t<\/div>\n\t\t\t\t\t<\/div>\n\n\t\n<\/div>\n\t\t<\/div>\n\t\t\t\t\t<\/div>\n\n\t\n<\/div>\n\t\t<\/div>\n\n\t\t\n<style>\n#section_1562375858 {\n  padding-top: 80px;\n  padding-bottom: 80px;\n  background-color: rgb(244, 244, 244);\n}\n<\/style>\n\t<\/section>\n\t\n","protected":false},"excerpt":{"rendered":"","protected":false},"author":1,"featured_media":12274,"parent":0,"menu_order":0,"comment_status":"closed","ping_status":"closed","template":"","meta":{"footnotes":""},"class_list":["post-12272","page","type-page","status-publish","has-post-thumbnail","hentry"],"yoast_head":"<!-- This site is optimized with the Yoast SEO plugin v27.5 - https:\/\/yoast.com\/product\/yoast-seo-wordpress\/ -->\n<title>Sobre EUKratom | Proveedor asequible ES | Calidad confiable<\/title>\n<meta name=\"description\" content=\"Descubre EUKratom, un proveedor asequible de Kratom y alternativas de alta calidad en Espa\u00f1a. Precios competitivos, control de calidad y servicios fiables.\" \/>\n<meta name=\"robots\" content=\"index, follow, max-snippet:-1, max-image-preview:large, max-video-preview:-1\" \/>\n<link rel=\"canonical\" href=\"https:\/\/www.eukratom.com\/es\/sobre-nosotros\/\" \/>\n<meta property=\"og:locale\" content=\"es_ES\" \/>\n<meta property=\"og:type\" content=\"article\" \/>\n<meta property=\"og:title\" content=\"Sobre EUKratom | Proveedor asequible ES | Calidad confiable\" \/>\n<meta property=\"og:description\" content=\"Descubre EUKratom, un proveedor asequible de Kratom y alternativas de alta calidad en Espa\u00f1a. Precios competitivos, control de calidad y servicios fiables.\" \/>\n<meta property=\"og:url\" content=\"https:\/\/www.eukratom.com\/es\/sobre-nosotros\/\" \/>\n<meta property=\"og:site_name\" content=\"EUKRATOM\" \/>\n<meta property=\"article:modified_time\" content=\"2025-12-23T13:26:48+00:00\" \/>\n<meta property=\"og:image\" content=\"https:\/\/www.eukratom.com\/wp-content\/uploads\/2025\/07\/EuKartomAboutUs.webp\" \/>\n\t<meta property=\"og:image:width\" content=\"1456\" \/>\n\t<meta property=\"og:image:height\" content=\"816\" \/>\n\t<meta property=\"og:image:type\" content=\"image\/webp\" \/>\n<meta name=\"twitter:card\" content=\"summary_large_image\" \/>\n<meta name=\"twitter:label1\" content=\"Tiempo de lectura\" \/>\n\t<meta name=\"twitter:data1\" content=\"5 minutos\" \/>\n<script type=\"application\/ld+json\" class=\"yoast-schema-graph\">{\"@context\":\"https:\\\/\\\/schema.org\",\"@graph\":[{\"@type\":\"WebPage\",\"@id\":\"https:\\\/\\\/www.eukratom.com\\\/es\\\/sobre-nosotros\\\/\",\"url\":\"https:\\\/\\\/www.eukratom.com\\\/es\\\/sobre-nosotros\\\/\",\"name\":\"Sobre EUKratom | Proveedor asequible ES | Calidad confiable\",\"isPartOf\":{\"@id\":\"https:\\\/\\\/www.eukratom.com\\\/es\\\/#website\"},\"primaryImageOfPage\":{\"@id\":\"https:\\\/\\\/www.eukratom.com\\\/es\\\/sobre-nosotros\\\/#primaryimage\"},\"image\":{\"@id\":\"https:\\\/\\\/www.eukratom.com\\\/es\\\/sobre-nosotros\\\/#primaryimage\"},\"thumbnailUrl\":\"https:\\\/\\\/www.eukratom.com\\\/wp-content\\\/uploads\\\/2025\\\/07\\\/EuKartomAboutUs.webp\",\"datePublished\":\"2021-02-17T14:47:10+00:00\",\"dateModified\":\"2025-12-23T13:26:48+00:00\",\"description\":\"Descubre EUKratom, un proveedor asequible de Kratom y alternativas de alta calidad en Espa\u00f1a. Precios competitivos, control de calidad y servicios fiables.\",\"breadcrumb\":{\"@id\":\"https:\\\/\\\/www.eukratom.com\\\/es\\\/sobre-nosotros\\\/#breadcrumb\"},\"inLanguage\":\"es\",\"potentialAction\":[{\"@type\":\"ReadAction\",\"target\":[\"https:\\\/\\\/www.eukratom.com\\\/es\\\/sobre-nosotros\\\/\"]}]},{\"@type\":\"ImageObject\",\"inLanguage\":\"es\",\"@id\":\"https:\\\/\\\/www.eukratom.com\\\/es\\\/sobre-nosotros\\\/#primaryimage\",\"url\":\"https:\\\/\\\/www.eukratom.com\\\/wp-content\\\/uploads\\\/2025\\\/07\\\/EuKartomAboutUs.webp\",\"contentUrl\":\"https:\\\/\\\/www.eukratom.com\\\/wp-content\\\/uploads\\\/2025\\\/07\\\/EuKartomAboutUs.webp\",\"width\":1456,\"height\":816,\"caption\":\"Una hermosa jungla de kratom con una bonita naturaleza\"},{\"@type\":\"BreadcrumbList\",\"@id\":\"https:\\\/\\\/www.eukratom.com\\\/es\\\/sobre-nosotros\\\/#breadcrumb\",\"itemListElement\":[{\"@type\":\"ListItem\",\"position\":1,\"name\":\"Home\",\"item\":\"https:\\\/\\\/www.eukratom.com\\\/es\\\/\"},{\"@type\":\"ListItem\",\"position\":2,\"name\":\"Sobre nosotros\"}]},{\"@type\":\"WebSite\",\"@id\":\"https:\\\/\\\/www.eukratom.com\\\/es\\\/#website\",\"url\":\"https:\\\/\\\/www.eukratom.com\\\/es\\\/\",\"name\":\"EUKRATOM\",\"description\":\"Best Kratom Online in Europe\",\"publisher\":{\"@id\":\"https:\\\/\\\/www.eukratom.com\\\/es\\\/#organization\"},\"potentialAction\":[{\"@type\":\"SearchAction\",\"target\":{\"@type\":\"EntryPoint\",\"urlTemplate\":\"https:\\\/\\\/www.eukratom.com\\\/es\\\/?s={search_term_string}\"},\"query-input\":{\"@type\":\"PropertyValueSpecification\",\"valueRequired\":true,\"valueName\":\"search_term_string\"}}],\"inLanguage\":\"es\"},{\"@type\":\"Organization\",\"@id\":\"https:\\\/\\\/www.eukratom.com\\\/es\\\/#organization\",\"name\":\"EUKRATOM\",\"url\":\"https:\\\/\\\/www.eukratom.com\\\/es\\\/\",\"logo\":{\"@type\":\"ImageObject\",\"inLanguage\":\"es\",\"@id\":\"https:\\\/\\\/www.eukratom.com\\\/es\\\/#\\\/schema\\\/logo\\\/image\\\/\",\"url\":\"https:\\\/\\\/www.eukratom.com\\\/wp-content\\\/uploads\\\/2023\\\/02\\\/EUkratom.com_.svg\",\"contentUrl\":\"https:\\\/\\\/www.eukratom.com\\\/wp-content\\\/uploads\\\/2023\\\/02\\\/EUkratom.com_.svg\",\"width\":1,\"height\":1,\"caption\":\"EUKRATOM\"},\"image\":{\"@id\":\"https:\\\/\\\/www.eukratom.com\\\/es\\\/#\\\/schema\\\/logo\\\/image\\\/\"}}]}<\/script>\n<!-- \/ Yoast SEO plugin. -->","yoast_head_json":{"title":"Sobre EUKratom | Proveedor asequible ES | Calidad confiable","description":"Descubre EUKratom, un proveedor asequible de Kratom y alternativas de alta calidad en Espa\u00f1a. Precios competitivos, control de calidad y servicios fiables.","robots":{"index":"index","follow":"follow","max-snippet":"max-snippet:-1","max-image-preview":"max-image-preview:large","max-video-preview":"max-video-preview:-1"},"canonical":"https:\/\/www.eukratom.com\/es\/sobre-nosotros\/","og_locale":"es_ES","og_type":"article","og_title":"Sobre EUKratom | Proveedor asequible ES | Calidad confiable","og_description":"Descubre EUKratom, un proveedor asequible de Kratom y alternativas de alta calidad en Espa\u00f1a. Precios competitivos, control de calidad y servicios fiables.","og_url":"https:\/\/www.eukratom.com\/es\/sobre-nosotros\/","og_site_name":"EUKRATOM","article_modified_time":"2025-12-23T13:26:48+00:00","og_image":[{"width":1456,"height":816,"url":"https:\/\/www.eukratom.com\/wp-content\/uploads\/2025\/07\/EuKartomAboutUs.webp","type":"image\/webp"}],"twitter_card":"summary_large_image","twitter_misc":{"Tiempo de lectura":"5 minutos"},"schema":{"@context":"https:\/\/schema.org","@graph":[{"@type":"WebPage","@id":"https:\/\/www.eukratom.com\/es\/sobre-nosotros\/","url":"https:\/\/www.eukratom.com\/es\/sobre-nosotros\/","name":"Sobre EUKratom | Proveedor asequible ES | Calidad confiable","isPartOf":{"@id":"https:\/\/www.eukratom.com\/es\/#website"},"primaryImageOfPage":{"@id":"https:\/\/www.eukratom.com\/es\/sobre-nosotros\/#primaryimage"},"image":{"@id":"https:\/\/www.eukratom.com\/es\/sobre-nosotros\/#primaryimage"},"thumbnailUrl":"https:\/\/www.eukratom.com\/wp-content\/uploads\/2025\/07\/EuKartomAboutUs.webp","datePublished":"2021-02-17T14:47:10+00:00","dateModified":"2025-12-23T13:26:48+00:00","description":"Descubre EUKratom, un proveedor asequible de Kratom y alternativas de alta calidad en Espa\u00f1a. Precios competitivos, control de calidad y servicios fiables.","breadcrumb":{"@id":"https:\/\/www.eukratom.com\/es\/sobre-nosotros\/#breadcrumb"},"inLanguage":"es","potentialAction":[{"@type":"ReadAction","target":["https:\/\/www.eukratom.com\/es\/sobre-nosotros\/"]}]},{"@type":"ImageObject","inLanguage":"es","@id":"https:\/\/www.eukratom.com\/es\/sobre-nosotros\/#primaryimage","url":"https:\/\/www.eukratom.com\/wp-content\/uploads\/2025\/07\/EuKartomAboutUs.webp","contentUrl":"https:\/\/www.eukratom.com\/wp-content\/uploads\/2025\/07\/EuKartomAboutUs.webp","width":1456,"height":816,"caption":"Una hermosa jungla de kratom con una bonita naturaleza"},{"@type":"BreadcrumbList","@id":"https:\/\/www.eukratom.com\/es\/sobre-nosotros\/#breadcrumb","itemListElement":[{"@type":"ListItem","position":1,"name":"Home","item":"https:\/\/www.eukratom.com\/es\/"},{"@type":"ListItem","position":2,"name":"Sobre nosotros"}]},{"@type":"WebSite","@id":"https:\/\/www.eukratom.com\/es\/#website","url":"https:\/\/www.eukratom.com\/es\/","name":"EUKRATOM","description":"Best Kratom Online in Europe","publisher":{"@id":"https:\/\/www.eukratom.com\/es\/#organization"},"potentialAction":[{"@type":"SearchAction","target":{"@type":"EntryPoint","urlTemplate":"https:\/\/www.eukratom.com\/es\/?s={search_term_string}"},"query-input":{"@type":"PropertyValueSpecification","valueRequired":true,"valueName":"search_term_string"}}],"inLanguage":"es"},{"@type":"Organization","@id":"https:\/\/www.eukratom.com\/es\/#organization","name":"EUKRATOM","url":"https:\/\/www.eukratom.com\/es\/","logo":{"@type":"ImageObject","inLanguage":"es","@id":"https:\/\/www.eukratom.com\/es\/#\/schema\/logo\/image\/","url":"https:\/\/www.eukratom.com\/wp-content\/uploads\/2023\/02\/EUkratom.com_.svg","contentUrl":"https:\/\/www.eukratom.com\/wp-content\/uploads\/2023\/02\/EUkratom.com_.svg","width":1,"height":1,"caption":"EUKRATOM"},"image":{"@id":"https:\/\/www.eukratom.com\/es\/#\/schema\/logo\/image\/"}}]}},"jetpack_sharing_enabled":true,"_links":{"self":[{"href":"https:\/\/www.eukratom.com\/es\/wp-json\/wp\/v2\/pages\/12272","targetHints":{"allow":["GET"]}}],"collection":[{"href":"https:\/\/www.eukratom.com\/es\/wp-json\/wp\/v2\/pages"}],"about":[{"href":"https:\/\/www.eukratom.com\/es\/wp-json\/wp\/v2\/types\/page"}],"author":[{"embeddable":true,"href":"https:\/\/www.eukratom.com\/es\/wp-json\/wp\/v2\/users\/1"}],"replies":[{"embeddable":true,"href":"https:\/\/www.eukratom.com\/es\/wp-json\/wp\/v2\/comments?post=12272"}],"version-history":[{"count":7,"href":"https:\/\/www.eukratom.com\/es\/wp-json\/wp\/v2\/pages\/12272\/revisions"}],"predecessor-version":[{"id":14915,"href":"https:\/\/www.eukratom.com\/es\/wp-json\/wp\/v2\/pages\/12272\/revisions\/14915"}],"wp:featuredmedia":[{"embeddable":true,"href":"https:\/\/www.eukratom.com\/es\/wp-json\/wp\/v2\/media\/12274"}],"wp:attachment":[{"href":"https:\/\/www.eukratom.com\/es\/wp-json\/wp\/v2\/media?parent=12272"}],"curies":[{"name":"wp","href":"https:\/\/api.w.org\/{rel}","templated":true}]}}