{"id":12099,"date":"2022-10-23T13:13:22","date_gmt":"2022-10-23T11:13:22","guid":{"rendered":"https:\/\/www.eukratom.com\/shop\/unkategorisiert\/weisser-maeng-da\/"},"modified":"2026-04-07T12:44:18","modified_gmt":"2026-04-07T10:44:18","slug":"white-maeng-da","status":"publish","type":"product","link":"https:\/\/www.eukratom.com\/de\/shop\/kratom-kaufen\/white-kratom\/white-maeng-da\/","title":{"rendered":"White Maeng Da"},"content":{"rendered":"<h2>White Maeng Da online kaufen<\/strong><\/h2>\n<h3>Was ist White Maeng Da Kratom?<\/h3>\n<p>White Maeng Da ist ein hochwertiges Pulver, das aus den Bl\u00e4ttern des <em data-start=\"334\" data-end=\"354\">Mitragyna speciosa-Baums<\/em> gewonnen wird, der in den \u00fcppigen, feuchten Regionen von West-Kalimantan angebaut wird. Diese Sorte ist bekannt f\u00fcr ihren blassen, silbrig-gr\u00fcnen Farbton und ihr reichhaltiges Profil. Sie wird fr\u00fcher im Reifezyklus der Bl\u00e4tter geerntet, um ihre hellere F\u00e4rbung zu erhalten. Im Gegensatz zu den roten Sorten wird White Maeng Da nicht fermentiert. Es wird sorgf\u00e4ltig getrocknet und zu einer feinen Konsistenz gemahlen, wodurch seine rohe, nat\u00fcrliche Essenz erhalten bleibt. White Maeng Da ist als hochwertiges Blattpulver bekannt (Maeng Da bedeutet \u00fcbersetzt &#8220;Zuh\u00e4lterqualit\u00e4t&#8221;). Dieses Produkt wird als feines Blattpulver angeboten.     <\/p>\n<p data-start=\"775\" data-end=\"1139\">\ud83c\udf3f Geerntet von ausgewachsenen B\u00e4umen in Borneo<br data-start=\"823\" data-end=\"826\">\ud83d\udca1 Helles wei\u00df-gr\u00fcnes Blattpulver<br data-start=\"887\" data-end=\"890\">\ud83e\uddfc Fein gemahlenes Pulver<br data-start=\"956\" data-end=\"959\">\ud83c\udf31 100% pflanzliches Rohprodukt &#8211; keine Zusatz- oder F\u00fcllstoffe<br data-start=\"1014\" data-end=\"1017\">\ud83e\uddea Unabh\u00e4ngig im Labor auf Reinheit und Sicherheit getestet<br data-start=\"1079\" data-end=\"1082\">\ud83d\udce6 Verpackt in einem wiederverschlie\u00dfbaren Beutel f\u00fcr dauerhafte Frische<\/p>\n<hr data-start=\"1141\" data-end=\"1144\">\n<h3 data-start=\"1146\" data-end=\"1173\">Botanische Beschreibung<\/h3>\n<p data-start=\"1174\" data-end=\"1451\"><strong data-start=\"1174\" data-end=\"1194\">Wissenschaftlicher Name:<\/strong> <em data-start=\"1195\" data-end=\"1215\">Mitragyna speciosa<\/em><br data-start=\"1215\" data-end=\"1218\"><strong data-start=\"1218\" data-end=\"1229\">Familie:<\/strong> Rubiaceae<br data-start=\"1239\" data-end=\"1242\"><strong data-start=\"1242\" data-end=\"1252\">Ordnung:<\/strong> Gentianales<br data-start=\"1264\" data-end=\"1267\"><strong data-start=\"1267\" data-end=\"1285\">Wuchsh\u00f6he:<\/strong> 10-25 Meter<br data-start=\"1298\" data-end=\"1301\"><strong data-start=\"1301\" data-end=\"1312\">Bl\u00e4tter:<\/strong> Gl\u00e4nzend, tiefgr\u00fcn, typischerweise 12-22 cm lang<br data-start=\"1361\" data-end=\"1364\"><strong data-start=\"1364\" data-end=\"1376\">Bl\u00fcten:<\/strong> Kompakte, creme-gelbe B\u00fcschel<br data-start=\"1407\" data-end=\"1410\"><strong data-start=\"1410\" data-end=\"1420\">Fr\u00fcchte:<\/strong> Trockene Kapseln mit feinen Samen<\/p>\n<hr data-start=\"1453\" data-end=\"1456\">\n<h3 data-start=\"1458\" data-end=\"1500\">Chemische Zusammensetzung von White Maeng Da<\/h3>\n<p data-start=\"1502\" data-end=\"1900\">White Maeng Da ist f\u00fcr sein sauberes und konsistentes Alkaloidprofil bekannt, was es zu einer unverwechselbaren Sorte unter den Kratomsorten macht. Seine helle Farbe ist das Ergebnis der Ernte in einem fr\u00fcheren Stadium der Blattreife, kombiniert mit nicht fermentierten, sorgf\u00e4ltigen Trocknungsmethoden. Die Konsistenz und Reinheit der Sorte machen sie zu einer guten Wahl f\u00fcr Formulierer, die eine verl\u00e4ssliche, nat\u00fcrliche Quelle suchen.  <\/p>\n<hr data-start=\"2024\" data-end=\"2027\">\n<h3 data-start=\"2029\" data-end=\"2054\">Produkt-Informationen<\/h3>\n<p data-start=\"2056\" data-end=\"2379\"><strong data-start=\"2056\" data-end=\"2069\">Inhalt:<\/strong> 100% <em data-start=\"2075\" data-end=\"2095\">Mitragyna speciosa<\/em> (Maeng Da Variante) Blattpulver<br data-start=\"2132\" data-end=\"2135\"><strong data-start=\"2135\" data-end=\"2146\">Herkunft:<\/strong> Borneo (Region Kalimantan)<br data-start=\"2188\" data-end=\"2191\"><strong data-start=\"2191\" data-end=\"2202\">Format:<\/strong> Fein gemahlenes Blattpulver<br data-start=\"2233\" data-end=\"2236\"><strong data-start=\"2236\" data-end=\"2244\">Verwendung:<\/strong> Botanisches Rohmaterial, das ausschlie\u00dflich f\u00fcr kosmetische, handwerkliche oder Forschungszwecke bestimmt ist. Nicht f\u00fcr den menschlichen Verzehr oder die Verwendung als Tierfutter bestimmt. <\/p>\n<hr data-start=\"2381\" data-end=\"2384\">\n<h3 data-start=\"2386\" data-end=\"2426\">Wie sollte White Maeng Da aufbewahrt werden?<\/h3>\n<p data-start=\"2428\" data-end=\"2626\">Um die nat\u00fcrliche Farbe und die feine Textur zu erhalten, bewahren Sie White Maeng Da an einem k\u00fchlen, trockenen Ort auf, fern von Sonnenlicht und Feuchtigkeit. Halten Sie den Beutel versiegelt und bewahren Sie ihn au\u00dferhalb der Reichweite von Kindern und Haustieren auf. <\/p>\n<hr data-start=\"2628\" data-end=\"2631\">\n<h3 data-start=\"2633\" data-end=\"2657\">\ud83e\uddea Qualit\u00e4t &amp; Pr\u00fcfung<\/h3>\n<p data-start=\"2659\" data-end=\"2996\">White Maeng Da wird nach traditionellen Verfahren in seiner Herkunftsregion hergestellt. Nach der Verarbeitung wird das Pulver zur umfassenden Qualit\u00e4tskontrolle an unabh\u00e4ngige Labors in Europa versandt. Jede Charge wird auf mikrobielle Verunreinigungen wie E. coli, Salmonellen, Schimmel, Hefe, Enterobacteriaceae und Schwermetalle untersucht.  <\/p>\n<p data-start=\"2998\" data-end=\"3224\">Dieses strenge Testprotokoll stellt sicher, dass das gesamte pflanzliche Material den Qualit\u00e4ts- und Sicherheitsstandards von EUKratom entspricht. Unser Ziel ist es, gr\u00fcndlich gepr\u00fcfte, verantwortungsvoll beschaffte Pflanzen f\u00fcr den professionellen und handwerklichen Gebrauch anzubieten. <\/p>\n<hr data-start=\"3226\" data-end=\"3229\">\n<h3 data-start=\"182\" data-end=\"225\">\ud83d\udd17 Ist Kratom illegal, wo Sie leben?<\/h3>\n<p data-start=\"226\" data-end=\"439\">Suchen Sie nach nat\u00fcrlichen pflanzlichen Optionen? Verpassen Sie nicht unser komplettes Angebot an sorgf\u00e4ltig ausgew\u00e4hlten Kratom-Alternativen &#8211; ideal f\u00fcr Konsumenten, die mit Kratom aufh\u00f6ren wollen oder die dort leben, wo Kratom illegal ist.<strong data-start=\"392\" data-end=\"439\"><a class=\"\" href=\"https:\/\/www.eukratom.com\/de\/products\/kratom-kaufen\/kratom-alternativen\/\" rel=\"noopener\" data-start=\"394\" data-end=\"437\"> Entdecken Sie unsere Kratom Alternativen hier \u2192.<\/a><\/strong><\/p>\n","protected":false},"excerpt":{"rendered":"<p>White Maeng Da ist ein hochwertiges Kratomprodukt, das auf Plantagen in West-Kalimantan geerntet wird. Der fruchtbare Boden dieser Plantagen ist dem nat\u00fcrlichen Lebensraum der Kratom-B\u00e4ume sehr \u00e4hnlich. Das Ergebnis sind Bl\u00e4tter, die einzigartige Eigenschaften und ein erhebendes, energetisierendes Aroma besitzen. Die Plantage wird sorgf\u00e4ltig gepflegt und die B\u00e4ume strategisch platziert, um die h\u00f6chste Qualit\u00e4t der Bl\u00e4tter zu gew\u00e4hrleisten. White Maeng Da wird exklusiv angebaut, was es zu einem sehr begehrten und exklusiven Produkt macht. Wenn Sie auf der Suche nach einem hochwertigen und <g id=\"gid_0\">belebenden wei\u00dfen Kratomerlebnis<\/g> sind, ist White Maeng Da eine ausgezeichnete Wahl.    <\/p>\n","protected":false},"featured_media":13811,"comment_status":"open","ping_status":"closed","template":"","meta":[],"product_brand":[],"product_cat":[456,382,386],"product_tag":[],"class_list":{"0":"post-12099","1":"product","2":"type-product","3":"status-publish","4":"has-post-thumbnail","6":"product_cat-angebote","7":"product_cat-kratom-kaufen","8":"product_cat-white-kratom","10":"first","11":"instock","12":"featured","13":"taxable","14":"shipping-taxable","15":"purchasable","16":"product-type-variable","17":"has-default-attributes"},"yoast_head":"<!-- This site is optimized with the Yoast SEO plugin v27.4 - https:\/\/yoast.com\/product\/yoast-seo-wordpress\/ -->\n<title>White Maeng Da Online kaufen | Premium Kratom | EUKratom<\/title>\n<meta name=\"description\" content=\"White Maeng Da online kaufen in Europa. Hochwertiges Kratom. Geerntet von ausschlie\u00dflich kultivierten B\u00e4umen. Zuverl\u00e4ssig und laborgepr\u00fcft. Schneller Versand.\" \/>\n<meta name=\"robots\" content=\"index, follow, max-snippet:-1, max-image-preview:large, max-video-preview:-1\" \/>\n<link rel=\"canonical\" href=\"https:\/\/www.eukratom.com\/de\/shop\/kratom-kaufen\/white-kratom\/white-maeng-da\/\" \/>\n<meta property=\"og:locale\" content=\"de_DE\" \/>\n<meta property=\"og:type\" content=\"article\" \/>\n<meta property=\"og:title\" content=\"White Maeng Da Online kaufen | Premium Kratom | EUKratom\" \/>\n<meta property=\"og:description\" content=\"White Maeng Da online kaufen in Europa. Hochwertiges Kratom. Geerntet von ausschlie\u00dflich kultivierten B\u00e4umen. Zuverl\u00e4ssig und laborgepr\u00fcft. Schneller Versand.\" \/>\n<meta property=\"og:url\" content=\"https:\/\/www.eukratom.com\/de\/shop\/kratom-kaufen\/white-kratom\/white-maeng-da\/\" \/>\n<meta property=\"og:site_name\" content=\"EUKRATOM\" \/>\n<meta property=\"article:modified_time\" content=\"2026-04-07T10:44:18+00:00\" \/>\n<meta property=\"og:image\" content=\"https:\/\/www.eukratom.com\/wp-content\/uploads\/2022\/10\/White-Maeng-Da.webp\" \/>\n\t<meta property=\"og:image:width\" content=\"750\" \/>\n\t<meta property=\"og:image:height\" content=\"750\" \/>\n\t<meta property=\"og:image:type\" content=\"image\/webp\" \/>\n<meta name=\"twitter:card\" content=\"summary_large_image\" \/>\n<meta name=\"twitter:label1\" content=\"Gesch\u00e4tzte Lesezeit\" \/>\n\t<meta name=\"twitter:data1\" content=\"2\u00a0Minuten\" \/>\n<script type=\"application\/ld+json\" class=\"yoast-schema-graph\">{\"@context\":\"https:\\\/\\\/schema.org\",\"@graph\":[{\"@type\":\"WebPage\",\"@id\":\"https:\\\/\\\/www.eukratom.com\\\/de\\\/shop\\\/kratom-kaufen\\\/white-kratom\\\/white-maeng-da\\\/\",\"url\":\"https:\\\/\\\/www.eukratom.com\\\/de\\\/shop\\\/kratom-kaufen\\\/white-kratom\\\/white-maeng-da\\\/\",\"name\":\"White Maeng Da Online kaufen | Premium Kratom | EUKratom\",\"isPartOf\":{\"@id\":\"https:\\\/\\\/www.eukratom.com\\\/de\\\/#website\"},\"primaryImageOfPage\":{\"@id\":\"https:\\\/\\\/www.eukratom.com\\\/de\\\/shop\\\/kratom-kaufen\\\/white-kratom\\\/white-maeng-da\\\/#primaryimage\"},\"image\":{\"@id\":\"https:\\\/\\\/www.eukratom.com\\\/de\\\/shop\\\/kratom-kaufen\\\/white-kratom\\\/white-maeng-da\\\/#primaryimage\"},\"thumbnailUrl\":\"https:\\\/\\\/www.eukratom.com\\\/wp-content\\\/uploads\\\/2022\\\/10\\\/White-Maeng-Da.webp\",\"datePublished\":\"2022-10-23T11:13:22+00:00\",\"dateModified\":\"2026-04-07T10:44:18+00:00\",\"description\":\"White Maeng Da online kaufen in Europa. Hochwertiges Kratom. Geerntet von ausschlie\u00dflich kultivierten B\u00e4umen. Zuverl\u00e4ssig und laborgepr\u00fcft. Schneller Versand.\",\"breadcrumb\":{\"@id\":\"https:\\\/\\\/www.eukratom.com\\\/de\\\/shop\\\/kratom-kaufen\\\/white-kratom\\\/white-maeng-da\\\/#breadcrumb\"},\"inLanguage\":\"de\",\"potentialAction\":[{\"@type\":\"ReadAction\",\"target\":[\"https:\\\/\\\/www.eukratom.com\\\/de\\\/shop\\\/kratom-kaufen\\\/white-kratom\\\/white-maeng-da\\\/\"]}]},{\"@type\":\"ImageObject\",\"inLanguage\":\"de\",\"@id\":\"https:\\\/\\\/www.eukratom.com\\\/de\\\/shop\\\/kratom-kaufen\\\/white-kratom\\\/white-maeng-da\\\/#primaryimage\",\"url\":\"https:\\\/\\\/www.eukratom.com\\\/wp-content\\\/uploads\\\/2022\\\/10\\\/White-Maeng-Da.webp\",\"contentUrl\":\"https:\\\/\\\/www.eukratom.com\\\/wp-content\\\/uploads\\\/2022\\\/10\\\/White-Maeng-Da.webp\",\"width\":750,\"height\":750,\"caption\":\"Wei\u00dfes Maeng Da Kratom Pulver\"},{\"@type\":\"BreadcrumbList\",\"@id\":\"https:\\\/\\\/www.eukratom.com\\\/de\\\/shop\\\/kratom-kaufen\\\/white-kratom\\\/white-maeng-da\\\/#breadcrumb\",\"itemListElement\":[{\"@type\":\"ListItem\",\"position\":1,\"name\":\"Home\",\"item\":\"https:\\\/\\\/www.eukratom.com\\\/de\\\/\"},{\"@type\":\"ListItem\",\"position\":2,\"name\":\"Shop\",\"item\":\"https:\\\/\\\/www.eukratom.com\\\/de\\\/shop\\\/\"},{\"@type\":\"ListItem\",\"position\":3,\"name\":\"White Maeng Da\"}]},{\"@type\":\"WebSite\",\"@id\":\"https:\\\/\\\/www.eukratom.com\\\/de\\\/#website\",\"url\":\"https:\\\/\\\/www.eukratom.com\\\/de\\\/\",\"name\":\"EUKRATOM\",\"description\":\"Best Kratom Online in Europe\",\"publisher\":{\"@id\":\"https:\\\/\\\/www.eukratom.com\\\/de\\\/#organization\"},\"potentialAction\":[{\"@type\":\"SearchAction\",\"target\":{\"@type\":\"EntryPoint\",\"urlTemplate\":\"https:\\\/\\\/www.eukratom.com\\\/de\\\/?s={search_term_string}\"},\"query-input\":{\"@type\":\"PropertyValueSpecification\",\"valueRequired\":true,\"valueName\":\"search_term_string\"}}],\"inLanguage\":\"de\"},{\"@type\":\"Organization\",\"@id\":\"https:\\\/\\\/www.eukratom.com\\\/de\\\/#organization\",\"name\":\"EUKRATOM\",\"url\":\"https:\\\/\\\/www.eukratom.com\\\/de\\\/\",\"logo\":{\"@type\":\"ImageObject\",\"inLanguage\":\"de\",\"@id\":\"https:\\\/\\\/www.eukratom.com\\\/de\\\/#\\\/schema\\\/logo\\\/image\\\/\",\"url\":\"https:\\\/\\\/www.eukratom.com\\\/wp-content\\\/uploads\\\/2023\\\/02\\\/EUkratom.com_.svg\",\"contentUrl\":\"https:\\\/\\\/www.eukratom.com\\\/wp-content\\\/uploads\\\/2023\\\/02\\\/EUkratom.com_.svg\",\"width\":1,\"height\":1,\"caption\":\"EUKRATOM\"},\"image\":{\"@id\":\"https:\\\/\\\/www.eukratom.com\\\/de\\\/#\\\/schema\\\/logo\\\/image\\\/\"}}]}<\/script>\n<!-- \/ Yoast SEO plugin. -->","yoast_head_json":{"title":"White Maeng Da Online kaufen | Premium Kratom | EUKratom","description":"White Maeng Da online kaufen in Europa. Hochwertiges Kratom. Geerntet von ausschlie\u00dflich kultivierten B\u00e4umen. Zuverl\u00e4ssig und laborgepr\u00fcft. Schneller Versand.","robots":{"index":"index","follow":"follow","max-snippet":"max-snippet:-1","max-image-preview":"max-image-preview:large","max-video-preview":"max-video-preview:-1"},"canonical":"https:\/\/www.eukratom.com\/de\/shop\/kratom-kaufen\/white-kratom\/white-maeng-da\/","og_locale":"de_DE","og_type":"article","og_title":"White Maeng Da Online kaufen | Premium Kratom | EUKratom","og_description":"White Maeng Da online kaufen in Europa. Hochwertiges Kratom. Geerntet von ausschlie\u00dflich kultivierten B\u00e4umen. Zuverl\u00e4ssig und laborgepr\u00fcft. Schneller Versand.","og_url":"https:\/\/www.eukratom.com\/de\/shop\/kratom-kaufen\/white-kratom\/white-maeng-da\/","og_site_name":"EUKRATOM","article_modified_time":"2026-04-07T10:44:18+00:00","og_image":[{"width":750,"height":750,"url":"https:\/\/www.eukratom.com\/wp-content\/uploads\/2022\/10\/White-Maeng-Da.webp","type":"image\/webp"}],"twitter_card":"summary_large_image","twitter_misc":{"Gesch\u00e4tzte Lesezeit":"2\u00a0Minuten"},"schema":{"@context":"https:\/\/schema.org","@graph":[{"@type":"WebPage","@id":"https:\/\/www.eukratom.com\/de\/shop\/kratom-kaufen\/white-kratom\/white-maeng-da\/","url":"https:\/\/www.eukratom.com\/de\/shop\/kratom-kaufen\/white-kratom\/white-maeng-da\/","name":"White Maeng Da Online kaufen | Premium Kratom | EUKratom","isPartOf":{"@id":"https:\/\/www.eukratom.com\/de\/#website"},"primaryImageOfPage":{"@id":"https:\/\/www.eukratom.com\/de\/shop\/kratom-kaufen\/white-kratom\/white-maeng-da\/#primaryimage"},"image":{"@id":"https:\/\/www.eukratom.com\/de\/shop\/kratom-kaufen\/white-kratom\/white-maeng-da\/#primaryimage"},"thumbnailUrl":"https:\/\/www.eukratom.com\/wp-content\/uploads\/2022\/10\/White-Maeng-Da.webp","datePublished":"2022-10-23T11:13:22+00:00","dateModified":"2026-04-07T10:44:18+00:00","description":"White Maeng Da online kaufen in Europa. Hochwertiges Kratom. Geerntet von ausschlie\u00dflich kultivierten B\u00e4umen. Zuverl\u00e4ssig und laborgepr\u00fcft. Schneller Versand.","breadcrumb":{"@id":"https:\/\/www.eukratom.com\/de\/shop\/kratom-kaufen\/white-kratom\/white-maeng-da\/#breadcrumb"},"inLanguage":"de","potentialAction":[{"@type":"ReadAction","target":["https:\/\/www.eukratom.com\/de\/shop\/kratom-kaufen\/white-kratom\/white-maeng-da\/"]}]},{"@type":"ImageObject","inLanguage":"de","@id":"https:\/\/www.eukratom.com\/de\/shop\/kratom-kaufen\/white-kratom\/white-maeng-da\/#primaryimage","url":"https:\/\/www.eukratom.com\/wp-content\/uploads\/2022\/10\/White-Maeng-Da.webp","contentUrl":"https:\/\/www.eukratom.com\/wp-content\/uploads\/2022\/10\/White-Maeng-Da.webp","width":750,"height":750,"caption":"Wei\u00dfes Maeng Da Kratom Pulver"},{"@type":"BreadcrumbList","@id":"https:\/\/www.eukratom.com\/de\/shop\/kratom-kaufen\/white-kratom\/white-maeng-da\/#breadcrumb","itemListElement":[{"@type":"ListItem","position":1,"name":"Home","item":"https:\/\/www.eukratom.com\/de\/"},{"@type":"ListItem","position":2,"name":"Shop","item":"https:\/\/www.eukratom.com\/de\/shop\/"},{"@type":"ListItem","position":3,"name":"White Maeng Da"}]},{"@type":"WebSite","@id":"https:\/\/www.eukratom.com\/de\/#website","url":"https:\/\/www.eukratom.com\/de\/","name":"EUKRATOM","description":"Best Kratom Online in Europe","publisher":{"@id":"https:\/\/www.eukratom.com\/de\/#organization"},"potentialAction":[{"@type":"SearchAction","target":{"@type":"EntryPoint","urlTemplate":"https:\/\/www.eukratom.com\/de\/?s={search_term_string}"},"query-input":{"@type":"PropertyValueSpecification","valueRequired":true,"valueName":"search_term_string"}}],"inLanguage":"de"},{"@type":"Organization","@id":"https:\/\/www.eukratom.com\/de\/#organization","name":"EUKRATOM","url":"https:\/\/www.eukratom.com\/de\/","logo":{"@type":"ImageObject","inLanguage":"de","@id":"https:\/\/www.eukratom.com\/de\/#\/schema\/logo\/image\/","url":"https:\/\/www.eukratom.com\/wp-content\/uploads\/2023\/02\/EUkratom.com_.svg","contentUrl":"https:\/\/www.eukratom.com\/wp-content\/uploads\/2023\/02\/EUkratom.com_.svg","width":1,"height":1,"caption":"EUKRATOM"},"image":{"@id":"https:\/\/www.eukratom.com\/de\/#\/schema\/logo\/image\/"}}]}},"jetpack_sharing_enabled":true,"_links":{"self":[{"href":"https:\/\/www.eukratom.com\/de\/wp-json\/wp\/v2\/product\/12099","targetHints":{"allow":["GET"]}}],"collection":[{"href":"https:\/\/www.eukratom.com\/de\/wp-json\/wp\/v2\/product"}],"about":[{"href":"https:\/\/www.eukratom.com\/de\/wp-json\/wp\/v2\/types\/product"}],"replies":[{"embeddable":true,"href":"https:\/\/www.eukratom.com\/de\/wp-json\/wp\/v2\/comments?post=12099"}],"wp:featuredmedia":[{"embeddable":true,"href":"https:\/\/www.eukratom.com\/de\/wp-json\/wp\/v2\/media\/13811"}],"wp:attachment":[{"href":"https:\/\/www.eukratom.com\/de\/wp-json\/wp\/v2\/media?parent=12099"}],"wp:term":[{"taxonomy":"product_brand","embeddable":true,"href":"https:\/\/www.eukratom.com\/de\/wp-json\/wp\/v2\/product_brand?post=12099"},{"taxonomy":"product_cat","embeddable":true,"href":"https:\/\/www.eukratom.com\/de\/wp-json\/wp\/v2\/product_cat?post=12099"},{"taxonomy":"product_tag","embeddable":true,"href":"https:\/\/www.eukratom.com\/de\/wp-json\/wp\/v2\/product_tag?post=12099"}],"curies":[{"name":"wp","href":"https:\/\/api.w.org\/{rel}","templated":true}]}}