{"id":12041,"date":"2022-05-08T11:55:07","date_gmt":"2022-05-08T09:55:07","guid":{"rendered":"https:\/\/www.eukratom.com\/shop\/unkategorisiert\/gruener-maeng-da\/"},"modified":"2026-04-12T11:56:49","modified_gmt":"2026-04-12T09:56:49","slug":"green-maeng-da","status":"publish","type":"product","link":"https:\/\/www.eukratom.com\/de\/shop\/kratom-kaufen\/green-kratom\/green-maeng-da\/","title":{"rendered":"Green Maeng Da"},"content":{"rendered":"<h2>Green Maeng Da online kaufen<\/h2>\n<h3>Was ist Green Maeng Da Kratom?<\/h3>\n<p data-start=\"253\" data-end=\"773\">Green Maeng Da ist ein hochwertiges Pulver, das aus den Bl\u00e4ttern des <em data-start=\"334\" data-end=\"354\">Mitragyna speciosa-Baums<\/em> gewonnen wird, der in den \u00fcppigen, feuchten Regionen von West-Kalimantan angebaut wird. Diese Sorte, die f\u00fcr ihren leuchtend gr\u00fcnen Farbton und ihr reichhaltiges Profil bekannt ist, wird sorgf\u00e4ltig getrocknet und zu einer feinen Konsistenz gemahlen, so dass ihre rohe, nat\u00fcrliche Essenz erhalten bleibt. Green Maeng Da ist als hochwertiges Blattpulver bekannt (Maeng Da bedeutet \u00fcbersetzt Zuh\u00e4lterqualit\u00e4t). Dieses Produkt wird als feines Blattpulver angeboten.   <\/p>\n<p data-start=\"775\" data-end=\"1139\">\ud83c\udf3f Geerntet von ausgewachsenen, gez\u00fcchteten B\u00e4umen in S\u00fcdostasien<br data-start=\"823\" data-end=\"826\">\ud83d\udca1 Lebendiges gr\u00fcnes Blattpulver<br data-start=\"887\" data-end=\"890\">\ud83e\uddfc Fein gemahlenes Pulver<br data-start=\"956\" data-end=\"959\">\ud83c\udf31 100% pflanzliches Rohprodukt &#8211; keine Zusatz- oder F\u00fcllstoffe<br data-start=\"1014\" data-end=\"1017\">\ud83e\uddea Unabh\u00e4ngig im Labor auf Reinheit und Sicherheit getestet<br data-start=\"1079\" data-end=\"1082\">\ud83d\udce6 Verpackt in einem wiederverschlie\u00dfbaren Beutel f\u00fcr dauerhafte Frische<\/p>\n<hr data-start=\"1141\" data-end=\"1144\">\n<h3 data-start=\"1146\" data-end=\"1173\">Botanische Beschreibung<\/h3>\n<p data-start=\"1174\" data-end=\"1451\"><strong data-start=\"1174\" data-end=\"1194\">Wissenschaftlicher Name:<\/strong> <em data-start=\"1195\" data-end=\"1215\">Mitragyna speciosa<\/em><br data-start=\"1215\" data-end=\"1218\"><strong data-start=\"1218\" data-end=\"1229\">Familie:<\/strong> Rubiaceae<br data-start=\"1239\" data-end=\"1242\"><strong data-start=\"1242\" data-end=\"1252\">Ordnung:<\/strong> Gentianales<br data-start=\"1264\" data-end=\"1267\"><strong data-start=\"1267\" data-end=\"1285\">Wuchsh\u00f6he:<\/strong> 10-25 Meter<br data-start=\"1298\" data-end=\"1301\"><strong data-start=\"1301\" data-end=\"1312\">Bl\u00e4tter:<\/strong> Gl\u00e4nzend, tiefgr\u00fcn, typischerweise 12-22 cm lang<br data-start=\"1361\" data-end=\"1364\"><strong data-start=\"1364\" data-end=\"1376\">Bl\u00fcten:<\/strong> Kompakte, creme-gelbe B\u00fcschel<br data-start=\"1407\" data-end=\"1410\"><strong data-start=\"1410\" data-end=\"1420\">Fr\u00fcchte:<\/strong> Trockene Kapseln mit feinen Samen<\/p>\n<hr data-start=\"1453\" data-end=\"1456\">\n<h3 data-start=\"1458\" data-end=\"1500\">Chemische Zusammensetzung von Green Maeng Da<\/h3>\n<p data-start=\"1502\" data-end=\"1900\">Green Maeng Da ist f\u00fcr sein ausgewogenes Alkaloidspektrum bekannt, das es zu einer unverwechselbaren Sorte unter den Kratom-Sorten macht. Seine leuchtende Blattfarbe ist das Ergebnis einer sorgf\u00e4ltigen Ernte in der mittleren Reifephase der Pflanze in Kombination mit optimalen Trocknungsbedingungen. Die Konsistenz und Reinheit der Sorte machen sie zur ersten Wahl f\u00fcr Formulierer, die eine verl\u00e4ssliche, nat\u00fcrliche Quelle suchen.  <\/p>\n<hr data-start=\"2024\" data-end=\"2027\">\n<h3 data-start=\"2029\" data-end=\"2054\">Produkt-Informationen<\/h3>\n<p data-start=\"2056\" data-end=\"2379\"><strong data-start=\"2056\" data-end=\"2069\">Inhalt:<\/strong> 100% <em data-start=\"2075\" data-end=\"2095\">Mitragyna speciosa<\/em> (Maeng Da Variante) Blattpulver<br data-start=\"2132\" data-end=\"2135\"><strong data-start=\"2135\" data-end=\"2146\">Herkunft:<\/strong> Borneo (Region Kalimantan)<br data-start=\"2188\" data-end=\"2191\"><strong data-start=\"2191\" data-end=\"2202\">Format:<\/strong> Fein gemahlenes Blattpulver<br data-start=\"2233\" data-end=\"2236\"><strong data-start=\"2236\" data-end=\"2244\">Verwendung:<\/strong> Botanisches Rohmaterial, das ausschlie\u00dflich f\u00fcr kosmetische, handwerkliche oder Forschungszwecke bestimmt ist. Nicht f\u00fcr den menschlichen Verzehr oder die Verwendung als Tierfutter bestimmt. <\/p>\n<hr data-start=\"2381\" data-end=\"2384\">\n<h3 data-start=\"2386\" data-end=\"2426\">Wie sollte Green Maeng Da aufbewahrt werden?<\/h3>\n<p data-start=\"2428\" data-end=\"2626\">Um die nat\u00fcrliche Farbe und die feine Textur zu erhalten, bewahren Sie Green Maeng Da an einem k\u00fchlen, trockenen Ort auf, fern von Sonnenlicht und Feuchtigkeit. Halten Sie den Beutel verschlossen und bewahren Sie ihn au\u00dferhalb der Reichweite von Kindern und Haustieren auf. <\/p>\n<hr data-start=\"2628\" data-end=\"2631\">\n<h3 data-start=\"2633\" data-end=\"2657\">\ud83e\uddea Qualit\u00e4t &amp; Pr\u00fcfung<\/h3>\n<p data-start=\"2659\" data-end=\"2996\">Green Maeng Da wird nach traditionellen Verfahren in seiner Herkunftsregion hergestellt. Nach der Verarbeitung wird das Pulver zur umfassenden Qualit\u00e4tskontrolle an unabh\u00e4ngige Labore in Europa versandt. Jede Charge wird auf mikrobielle Verunreinigungen wie E. coli, Salmonellen, Schimmel, Hefe, Enterobacteriaceae und Schwermetalle untersucht.  <\/p>\n<p data-start=\"2998\" data-end=\"3224\">Dieses strenge Testprotokoll stellt sicher, dass das gesamte pflanzliche Material den Qualit\u00e4ts- und Sicherheitsstandards von EUKratom entspricht. Unser Ziel ist es, gr\u00fcndlich gepr\u00fcfte, verantwortungsvoll beschaffte Pflanzen f\u00fcr den professionellen und handwerklichen Gebrauch anzubieten. <\/p>\n<hr data-start=\"3226\" data-end=\"3229\">\n<h3 data-start=\"182\" data-end=\"225\">\ud83d\udd17 Ist Kratom illegal, wo Sie leben?<\/h3>\n<p data-start=\"226\" data-end=\"439\">Suchen Sie nach nat\u00fcrlichen pflanzlichen Alternativen? Verpassen Sie nicht unser komplettes Sortiment sorgf\u00e4ltig ausgew\u00e4hlter Kratom-Alternativen &#8211; ideal f\u00fcr Konsumenten, die mit Kratom aufh\u00f6ren wollen oder die dort leben, wo Kratom illegal ist. <strong data-start=\"392\" data-end=\"439\"><a class=\"\" href=\"https:\/\/www.eukratom.com\/de\/products\/kratom-kaufen\/kratom-alternativen\/\" rel=\"noopener\" data-start=\"394\" data-end=\"437\"> Entdecken Sie unsere Kratom Alternativen hier \u2192.<\/a><\/strong><\/p>\n","protected":false},"excerpt":{"rendered":"<p>Green Maeng Da ist ein hochwertiges Kratomprodukt, das auf Plantagen in West-Kalimantan geerntet wird. Der fruchtbare Boden dieser Plantagen ist dem nat\u00fcrlichen Lebensraum der Kratom-B\u00e4ume sehr \u00e4hnlich. Das Ergebnis sind Bl\u00e4tter mit einzigartigen Eigenschaften und einem klaren, ausgepr\u00e4gten Aroma. Die Plantage wird sorgf\u00e4ltig gepflegt, wobei die B\u00e4ume strategisch platziert werden, um die h\u00f6chste Qualit\u00e4t der Bl\u00e4tter zu gew\u00e4hrleisten. Green Maeng Da wird exklusiv angebaut, was es zu einem sehr begehrten und exklusiven Produkt macht. Wenn Sie auf der Suche nach einem hochwertigen und einzigartigen gr\u00fcnen Kratomerlebnis sind, ist Green Maeng Da eine ausgezeichnete Wahl.    <\/p>\n","protected":false},"featured_media":13871,"comment_status":"open","ping_status":"closed","template":"","meta":[],"product_brand":[],"product_cat":[456,383,382],"product_tag":[],"class_list":{"0":"post-12041","1":"product","2":"type-product","3":"status-publish","4":"has-post-thumbnail","6":"product_cat-angebote","7":"product_cat-green-kratom","8":"product_cat-kratom-kaufen","10":"first","11":"instock","12":"featured","13":"taxable","14":"shipping-taxable","15":"purchasable","16":"product-type-variable","17":"has-default-attributes"},"yoast_head":"<!-- This site is optimized with the Yoast SEO plugin v27.4 - https:\/\/yoast.com\/product\/yoast-seo-wordpress\/ -->\n<title>Green Maeng Da online kaufen | Premium Kratom | EUKratom<\/title>\n<meta name=\"description\" content=\"Green Maeng Da online kaufen in Europa. Premium Kratom. Geerntet von ausschlie\u00dflich kultivierten B\u00e4umen. Zuverl\u00e4ssig und laborgepr\u00fcft. Schneller Versand.\" \/>\n<meta name=\"robots\" content=\"index, follow, max-snippet:-1, max-image-preview:large, max-video-preview:-1\" \/>\n<link rel=\"canonical\" href=\"https:\/\/www.eukratom.com\/de\/shop\/kratom-kaufen\/green-kratom\/green-maeng-da\/\" \/>\n<meta property=\"og:locale\" content=\"de_DE\" \/>\n<meta property=\"og:type\" content=\"article\" \/>\n<meta property=\"og:title\" content=\"Green Maeng Da online kaufen | Premium Kratom | EUKratom\" \/>\n<meta property=\"og:description\" content=\"Green Maeng Da online kaufen in Europa. Premium Kratom. Geerntet von ausschlie\u00dflich kultivierten B\u00e4umen. Zuverl\u00e4ssig und laborgepr\u00fcft. Schneller Versand.\" \/>\n<meta property=\"og:url\" content=\"https:\/\/www.eukratom.com\/de\/shop\/kratom-kaufen\/green-kratom\/green-maeng-da\/\" \/>\n<meta property=\"og:site_name\" content=\"EUKRATOM\" \/>\n<meta property=\"article:modified_time\" content=\"2026-04-12T09:56:49+00:00\" \/>\n<meta property=\"og:image\" content=\"https:\/\/www.eukratom.com\/wp-content\/uploads\/2022\/05\/Green-Maeng-Da.webp\" \/>\n\t<meta property=\"og:image:width\" content=\"750\" \/>\n\t<meta property=\"og:image:height\" content=\"750\" \/>\n\t<meta property=\"og:image:type\" content=\"image\/webp\" \/>\n<meta name=\"twitter:card\" content=\"summary_large_image\" \/>\n<meta name=\"twitter:label1\" content=\"Gesch\u00e4tzte Lesezeit\" \/>\n\t<meta name=\"twitter:data1\" content=\"2\u00a0Minuten\" \/>\n<script type=\"application\/ld+json\" class=\"yoast-schema-graph\">{\"@context\":\"https:\\\/\\\/schema.org\",\"@graph\":[{\"@type\":\"WebPage\",\"@id\":\"https:\\\/\\\/www.eukratom.com\\\/de\\\/shop\\\/kratom-kaufen\\\/green-kratom\\\/green-maeng-da\\\/\",\"url\":\"https:\\\/\\\/www.eukratom.com\\\/de\\\/shop\\\/kratom-kaufen\\\/green-kratom\\\/green-maeng-da\\\/\",\"name\":\"Green Maeng Da online kaufen | Premium Kratom | EUKratom\",\"isPartOf\":{\"@id\":\"https:\\\/\\\/www.eukratom.com\\\/de\\\/#website\"},\"primaryImageOfPage\":{\"@id\":\"https:\\\/\\\/www.eukratom.com\\\/de\\\/shop\\\/kratom-kaufen\\\/green-kratom\\\/green-maeng-da\\\/#primaryimage\"},\"image\":{\"@id\":\"https:\\\/\\\/www.eukratom.com\\\/de\\\/shop\\\/kratom-kaufen\\\/green-kratom\\\/green-maeng-da\\\/#primaryimage\"},\"thumbnailUrl\":\"https:\\\/\\\/www.eukratom.com\\\/wp-content\\\/uploads\\\/2022\\\/05\\\/Green-Maeng-Da.webp\",\"datePublished\":\"2022-05-08T09:55:07+00:00\",\"dateModified\":\"2026-04-12T09:56:49+00:00\",\"description\":\"Green Maeng Da online kaufen in Europa. Premium Kratom. Geerntet von ausschlie\u00dflich kultivierten B\u00e4umen. Zuverl\u00e4ssig und laborgepr\u00fcft. Schneller Versand.\",\"breadcrumb\":{\"@id\":\"https:\\\/\\\/www.eukratom.com\\\/de\\\/shop\\\/kratom-kaufen\\\/green-kratom\\\/green-maeng-da\\\/#breadcrumb\"},\"inLanguage\":\"de\",\"potentialAction\":[{\"@type\":\"ReadAction\",\"target\":[\"https:\\\/\\\/www.eukratom.com\\\/de\\\/shop\\\/kratom-kaufen\\\/green-kratom\\\/green-maeng-da\\\/\"]}]},{\"@type\":\"ImageObject\",\"inLanguage\":\"de\",\"@id\":\"https:\\\/\\\/www.eukratom.com\\\/de\\\/shop\\\/kratom-kaufen\\\/green-kratom\\\/green-maeng-da\\\/#primaryimage\",\"url\":\"https:\\\/\\\/www.eukratom.com\\\/wp-content\\\/uploads\\\/2022\\\/05\\\/Green-Maeng-Da.webp\",\"contentUrl\":\"https:\\\/\\\/www.eukratom.com\\\/wp-content\\\/uploads\\\/2022\\\/05\\\/Green-Maeng-Da.webp\",\"width\":750,\"height\":750,\"caption\":\"Gr\u00fcnes Maeng Da Kratom Pulver\"},{\"@type\":\"BreadcrumbList\",\"@id\":\"https:\\\/\\\/www.eukratom.com\\\/de\\\/shop\\\/kratom-kaufen\\\/green-kratom\\\/green-maeng-da\\\/#breadcrumb\",\"itemListElement\":[{\"@type\":\"ListItem\",\"position\":1,\"name\":\"Home\",\"item\":\"https:\\\/\\\/www.eukratom.com\\\/de\\\/\"},{\"@type\":\"ListItem\",\"position\":2,\"name\":\"Shop\",\"item\":\"https:\\\/\\\/www.eukratom.com\\\/de\\\/shop\\\/\"},{\"@type\":\"ListItem\",\"position\":3,\"name\":\"Green Maeng Da\"}]},{\"@type\":\"WebSite\",\"@id\":\"https:\\\/\\\/www.eukratom.com\\\/de\\\/#website\",\"url\":\"https:\\\/\\\/www.eukratom.com\\\/de\\\/\",\"name\":\"EUKRATOM\",\"description\":\"Best Kratom Online in Europe\",\"publisher\":{\"@id\":\"https:\\\/\\\/www.eukratom.com\\\/de\\\/#organization\"},\"potentialAction\":[{\"@type\":\"SearchAction\",\"target\":{\"@type\":\"EntryPoint\",\"urlTemplate\":\"https:\\\/\\\/www.eukratom.com\\\/de\\\/?s={search_term_string}\"},\"query-input\":{\"@type\":\"PropertyValueSpecification\",\"valueRequired\":true,\"valueName\":\"search_term_string\"}}],\"inLanguage\":\"de\"},{\"@type\":\"Organization\",\"@id\":\"https:\\\/\\\/www.eukratom.com\\\/de\\\/#organization\",\"name\":\"EUKRATOM\",\"url\":\"https:\\\/\\\/www.eukratom.com\\\/de\\\/\",\"logo\":{\"@type\":\"ImageObject\",\"inLanguage\":\"de\",\"@id\":\"https:\\\/\\\/www.eukratom.com\\\/de\\\/#\\\/schema\\\/logo\\\/image\\\/\",\"url\":\"https:\\\/\\\/www.eukratom.com\\\/wp-content\\\/uploads\\\/2023\\\/02\\\/EUkratom.com_.svg\",\"contentUrl\":\"https:\\\/\\\/www.eukratom.com\\\/wp-content\\\/uploads\\\/2023\\\/02\\\/EUkratom.com_.svg\",\"width\":1,\"height\":1,\"caption\":\"EUKRATOM\"},\"image\":{\"@id\":\"https:\\\/\\\/www.eukratom.com\\\/de\\\/#\\\/schema\\\/logo\\\/image\\\/\"}}]}<\/script>\n<!-- \/ Yoast SEO plugin. -->","yoast_head_json":{"title":"Green Maeng Da online kaufen | Premium Kratom | EUKratom","description":"Green Maeng Da online kaufen in Europa. Premium Kratom. Geerntet von ausschlie\u00dflich kultivierten B\u00e4umen. Zuverl\u00e4ssig und laborgepr\u00fcft. Schneller Versand.","robots":{"index":"index","follow":"follow","max-snippet":"max-snippet:-1","max-image-preview":"max-image-preview:large","max-video-preview":"max-video-preview:-1"},"canonical":"https:\/\/www.eukratom.com\/de\/shop\/kratom-kaufen\/green-kratom\/green-maeng-da\/","og_locale":"de_DE","og_type":"article","og_title":"Green Maeng Da online kaufen | Premium Kratom | EUKratom","og_description":"Green Maeng Da online kaufen in Europa. Premium Kratom. Geerntet von ausschlie\u00dflich kultivierten B\u00e4umen. Zuverl\u00e4ssig und laborgepr\u00fcft. Schneller Versand.","og_url":"https:\/\/www.eukratom.com\/de\/shop\/kratom-kaufen\/green-kratom\/green-maeng-da\/","og_site_name":"EUKRATOM","article_modified_time":"2026-04-12T09:56:49+00:00","og_image":[{"width":750,"height":750,"url":"https:\/\/www.eukratom.com\/wp-content\/uploads\/2022\/05\/Green-Maeng-Da.webp","type":"image\/webp"}],"twitter_card":"summary_large_image","twitter_misc":{"Gesch\u00e4tzte Lesezeit":"2\u00a0Minuten"},"schema":{"@context":"https:\/\/schema.org","@graph":[{"@type":"WebPage","@id":"https:\/\/www.eukratom.com\/de\/shop\/kratom-kaufen\/green-kratom\/green-maeng-da\/","url":"https:\/\/www.eukratom.com\/de\/shop\/kratom-kaufen\/green-kratom\/green-maeng-da\/","name":"Green Maeng Da online kaufen | Premium Kratom | EUKratom","isPartOf":{"@id":"https:\/\/www.eukratom.com\/de\/#website"},"primaryImageOfPage":{"@id":"https:\/\/www.eukratom.com\/de\/shop\/kratom-kaufen\/green-kratom\/green-maeng-da\/#primaryimage"},"image":{"@id":"https:\/\/www.eukratom.com\/de\/shop\/kratom-kaufen\/green-kratom\/green-maeng-da\/#primaryimage"},"thumbnailUrl":"https:\/\/www.eukratom.com\/wp-content\/uploads\/2022\/05\/Green-Maeng-Da.webp","datePublished":"2022-05-08T09:55:07+00:00","dateModified":"2026-04-12T09:56:49+00:00","description":"Green Maeng Da online kaufen in Europa. Premium Kratom. Geerntet von ausschlie\u00dflich kultivierten B\u00e4umen. Zuverl\u00e4ssig und laborgepr\u00fcft. Schneller Versand.","breadcrumb":{"@id":"https:\/\/www.eukratom.com\/de\/shop\/kratom-kaufen\/green-kratom\/green-maeng-da\/#breadcrumb"},"inLanguage":"de","potentialAction":[{"@type":"ReadAction","target":["https:\/\/www.eukratom.com\/de\/shop\/kratom-kaufen\/green-kratom\/green-maeng-da\/"]}]},{"@type":"ImageObject","inLanguage":"de","@id":"https:\/\/www.eukratom.com\/de\/shop\/kratom-kaufen\/green-kratom\/green-maeng-da\/#primaryimage","url":"https:\/\/www.eukratom.com\/wp-content\/uploads\/2022\/05\/Green-Maeng-Da.webp","contentUrl":"https:\/\/www.eukratom.com\/wp-content\/uploads\/2022\/05\/Green-Maeng-Da.webp","width":750,"height":750,"caption":"Gr\u00fcnes Maeng Da Kratom Pulver"},{"@type":"BreadcrumbList","@id":"https:\/\/www.eukratom.com\/de\/shop\/kratom-kaufen\/green-kratom\/green-maeng-da\/#breadcrumb","itemListElement":[{"@type":"ListItem","position":1,"name":"Home","item":"https:\/\/www.eukratom.com\/de\/"},{"@type":"ListItem","position":2,"name":"Shop","item":"https:\/\/www.eukratom.com\/de\/shop\/"},{"@type":"ListItem","position":3,"name":"Green Maeng Da"}]},{"@type":"WebSite","@id":"https:\/\/www.eukratom.com\/de\/#website","url":"https:\/\/www.eukratom.com\/de\/","name":"EUKRATOM","description":"Best Kratom Online in Europe","publisher":{"@id":"https:\/\/www.eukratom.com\/de\/#organization"},"potentialAction":[{"@type":"SearchAction","target":{"@type":"EntryPoint","urlTemplate":"https:\/\/www.eukratom.com\/de\/?s={search_term_string}"},"query-input":{"@type":"PropertyValueSpecification","valueRequired":true,"valueName":"search_term_string"}}],"inLanguage":"de"},{"@type":"Organization","@id":"https:\/\/www.eukratom.com\/de\/#organization","name":"EUKRATOM","url":"https:\/\/www.eukratom.com\/de\/","logo":{"@type":"ImageObject","inLanguage":"de","@id":"https:\/\/www.eukratom.com\/de\/#\/schema\/logo\/image\/","url":"https:\/\/www.eukratom.com\/wp-content\/uploads\/2023\/02\/EUkratom.com_.svg","contentUrl":"https:\/\/www.eukratom.com\/wp-content\/uploads\/2023\/02\/EUkratom.com_.svg","width":1,"height":1,"caption":"EUKRATOM"},"image":{"@id":"https:\/\/www.eukratom.com\/de\/#\/schema\/logo\/image\/"}}]}},"jetpack_sharing_enabled":true,"_links":{"self":[{"href":"https:\/\/www.eukratom.com\/de\/wp-json\/wp\/v2\/product\/12041","targetHints":{"allow":["GET"]}}],"collection":[{"href":"https:\/\/www.eukratom.com\/de\/wp-json\/wp\/v2\/product"}],"about":[{"href":"https:\/\/www.eukratom.com\/de\/wp-json\/wp\/v2\/types\/product"}],"replies":[{"embeddable":true,"href":"https:\/\/www.eukratom.com\/de\/wp-json\/wp\/v2\/comments?post=12041"}],"wp:featuredmedia":[{"embeddable":true,"href":"https:\/\/www.eukratom.com\/de\/wp-json\/wp\/v2\/media\/13871"}],"wp:attachment":[{"href":"https:\/\/www.eukratom.com\/de\/wp-json\/wp\/v2\/media?parent=12041"}],"wp:term":[{"taxonomy":"product_brand","embeddable":true,"href":"https:\/\/www.eukratom.com\/de\/wp-json\/wp\/v2\/product_brand?post=12041"},{"taxonomy":"product_cat","embeddable":true,"href":"https:\/\/www.eukratom.com\/de\/wp-json\/wp\/v2\/product_cat?post=12041"},{"taxonomy":"product_tag","embeddable":true,"href":"https:\/\/www.eukratom.com\/de\/wp-json\/wp\/v2\/product_tag?post=12041"}],"curies":[{"name":"wp","href":"https:\/\/api.w.org\/{rel}","templated":true}]}}