{"id":12026,"date":"2021-06-16T21:32:13","date_gmt":"2021-06-16T19:32:13","guid":{"rendered":"https:\/\/www.eukratom.com\/shop\/unkategorisiert\/wildes-weisses-borneo\/"},"modified":"2026-02-15T16:59:01","modified_gmt":"2026-02-15T15:59:01","slug":"wild-white-borneo","status":"publish","type":"product","link":"https:\/\/www.eukratom.com\/de\/shop\/kratom-kaufen\/white-kratom\/wild-white-borneo\/","title":{"rendered":"Wild White Borneo"},"content":{"rendered":"<h2>Wild White Borneo Borneo online kaufen<\/strong><\/h2>\n<h3>Was ist Wild White Borneo Kratom?<\/h3>\n<p>Wild White Borneo ist ein fein gemahlenes botanisches Pulver, das aus reifen Mitragyna speciosa-B\u00e4umen gewonnen wird, die in den abgelegenen Dschungeln von Borneo heimisch sind. Diese B\u00e4ume gedeihen in tropischen Klimazonen und ihre Bl\u00e4tter sind f\u00fcr ihre helle Farbe und die nat\u00fcrlich vorkommende botanische Komplexit\u00e4t bekannt. Das Pulver wird sorgf\u00e4ltig mit traditionellen Trocknungs- und Mahlmethoden verarbeitet, um seine reine botanische Essenz zu erhalten. Es wird besonders f\u00fcr seinen hellen Farbton und seine weiche Konsistenz gesch\u00e4tzt. Erh\u00e4ltlich als feines Blattpulver.    <\/p>\n<ul>\n<li>\ud83c\udf3f Wild geerntet von ausgewachsenen B\u00e4umen in Borneo<\/li>\n<li>\ud83d\udca1 Nat\u00fcrlich heller Ton<\/li>\n<li>\ud83e\uddfc Feingemahlenes Pulver<\/li>\n<li>\ud83c\udf31 100% pflanzliches Rohmaterial &#8211; frei von Zusatzstoffen<\/li>\n<li>\ud83e\uddea Unabh\u00e4ngig im Labor auf Reinheit und Sicherheit getestet<\/li>\n<li>\ud83d\udce6 Wiederverschlie\u00dfbarer Beutel f\u00fcr Frische und Qualit\u00e4t<\/li>\n<\/ul>\n<hr data-start=\"1166\" data-end=\"1169\">\n<h3 data-start=\"1171\" data-end=\"1197\">Botanische Beschreibung<\/h3>\n<ul>\n<li><strong data-start=\"1198\" data-end=\"1218\">Wissenschaftlicher Name:<\/strong> <em data-start=\"1219\" data-end=\"1239\">Mitragyna speciosa<\/em><\/li>\n<li><strong data-start=\"1242\" data-end=\"1253\">Familie:<\/strong> Rubiaceae<\/li>\n<li><strong data-start=\"1266\" data-end=\"1276\">Ordnung:<\/strong> Enzianartige<\/li>\n<li><strong data-start=\"1291\" data-end=\"1309\">Wuchsh\u00f6he:<\/strong> 12-20 Meter<\/li>\n<li><strong data-start=\"1325\" data-end=\"1336\">Bl\u00e4tter:<\/strong> Breit, blassgr\u00fcn, 10-20 cm lang<\/li>\n<li><strong data-start=\"1377\" data-end=\"1389\">Bl\u00fcten:<\/strong> Kleine, kugelf\u00f6rmige, gelb-wei\u00dfe Bl\u00fcten<\/li>\n<li><strong data-start=\"1432\" data-end=\"1442\">Frucht:<\/strong> Kapselartige Gebilde, die winzige Samen enthalten<\/li>\n<\/ul>\n<hr data-start=\"1492\" data-end=\"1495\">\n<h3>Chemische Zusammensetzung von Wild White Borneo<\/h3>\n<p data-start=\"1544\" data-end=\"1956\">Wild White Borneo ist bekannt f\u00fcr sein einzigartiges Alkaloidprofil, das ihn von gr\u00fcnen und roten Sorten unterscheidet. Seine hellere Blattfarbe ist das Ergebnis von Umweltfaktoren und speziellen Ernteverfahren. Die Bl\u00e4tter enthalten nat\u00fcrlich vorkommende Indol-Alkaloide, die dieses Produkt zu einer beliebten Wahl bei unseren Kunden in aller Welt gemacht haben. Dank seiner Herkunft aus Wildsammlung beh\u00e4lt diese Variante ihren unraffinierten Charakter, was sie zu einer attraktiven Option f\u00fcr diejenigen macht, die authentisches Material aus nat\u00fcrlichen Quellen suchen.   <\/p>\n<hr data-start=\"2126\" data-end=\"2129\">\n<h3 data-start=\"2131\" data-end=\"2155\">Produkt-Informationen<\/h3>\n<p data-start=\"2156\" data-end=\"2477\"><strong data-start=\"2156\" data-end=\"2169\">Inhalt:<\/strong> 100% <a href=\"https:\/\/sv.wikipedia.org\/wiki\/Kratom\"><em data-start=\"2175\" data-end=\"2195\">Mitragyna speciosa<\/em><\/a> (wilde wei\u00dfe Variante) Blattpulver<br data-start=\"2228\" data-end=\"2231\"><strong data-start=\"2231\" data-end=\"2242\">Herkunft:<\/strong> Borneo (Region Kalimantan)<br data-start=\"2269\" data-end=\"2272\"><strong data-start=\"2272\" data-end=\"2283\">Format:<\/strong> Fein gemahlenes Blattpulver<br data-start=\"2314\" data-end=\"2317\"><strong data-start=\"2317\" data-end=\"2325\">Verwendung:<\/strong> Botanisches Rohmaterial, das ausschlie\u00dflich f\u00fcr kosmetische, handwerkliche oder technische Zwecke bestimmt ist. <strong data-start=\"2408\" data-end=\"2477\">Nicht f\u00fcr den menschlichen Verzehr, zum Verschlucken oder als Tierfutter bestimmt.<\/strong><\/p>\n<hr data-start=\"2479\" data-end=\"2482\">\n<h3 data-start=\"2484\" data-end=\"2528\">Wie sollte Wild White Borneo aufbewahrt werden?<\/h3>\n<p data-start=\"2529\" data-end=\"2730\">Lagern Sie das Produkt an einem k\u00fchlen, trockenen Ort, fern von direktem Sonnenlicht und Feuchtigkeit. Halten Sie das Produkt versiegelt und au\u00dferhalb der Reichweite von Kindern und Haustieren. Dies tr\u00e4gt dazu bei, dass Farbe, Konsistenz und botanische Qualit\u00e4t \u00fcber die Zeit erhalten bleiben.  <\/p>\n<hr data-start=\"2732\" data-end=\"2735\">\n<h3 data-start=\"2737\" data-end=\"2759\">\ud83e\uddeaQualit\u00e4t &amp; Pr\u00fcfung<\/h3>\n<p data-start=\"2760\" data-end=\"3070\">Wild White Borneo wird in Indonesien nach traditionellen Methoden geerntet und verarbeitet. Nach der Verarbeitung wird es an unabh\u00e4ngige Labors in Europa geschickt, wo es einem umfassenden Test unterzogen wird. Jede Charge wird auf Krankheitserreger wie E. coli, Salmonellen, Hefe, Schimmel, Enterobacteriaceae und Schwermetalle untersucht.  <\/p>\n<p data-start=\"3072\" data-end=\"3292\">Diese strengen Protokolle stellen sicher, dass jede Packung unsere hohen Standards f\u00fcr Sicherheit und Qualit\u00e4t erf\u00fcllt. Wir bei EUKratom haben uns verpflichtet, unseren Kunden nur gr\u00fcndlich \u00fcberpr\u00fcfte und professionell verarbeitete botanische Produkte anzubieten. <\/p>\n<hr data-start=\"2732\" data-end=\"2735\">\n<h3 data-start=\"182\" data-end=\"225\">\ud83d\udd17 Ist Kratom illegal, wo Sie leben?<\/h3>\n<p data-start=\"226\" data-end=\"439\">Suchen Sie nach nat\u00fcrlichen pflanzlichen Alternativen? Verpassen Sie nicht unser komplettes Sortiment sorgf\u00e4ltig ausgew\u00e4hlter Kratom-Alternativen &#8211; ideal f\u00fcr Konsumenten, die mit Kratom aufh\u00f6ren wollen oder die dort leben, wo Kratom illegal ist. <strong data-start=\"392\" data-end=\"439\"><a class=\"\" href=\"https:\/\/www.eukratom.com\/de\/products\/kratom-kaufen\/kratom-alternativen\/\" rel=\"noopener\" data-start=\"394\" data-end=\"437\"> Entdecken Sie unsere Kratom Alternativen hier \u2192.<\/a><\/strong><\/p>\n","protected":false},"excerpt":{"rendered":"<p>Wild White Borneo ist ein hochwertiges Kratomprodukt, das von wilden B\u00e4umen im Herzen der Regenw\u00e4lder von Borneo geerntet wird. Diese B\u00e4ume sind etwa 8 Jahre alt und d\u00fcrfen in ihrer nat\u00fcrlichen Umgebung frei wachsen. Die Bl\u00e4tter dieser Sorte haben ein gr\u00fcnes Aussehen mit ausgepr\u00e4gten wei\u00dfen Adern und sind gr\u00f6\u00dfer und dicker als bei anderen Sorten. Aufgrund seiner Seltenheit und der Herausforderungen, die mit der Ernte verbunden sind, ist wildes Kratom ein sehr exklusives Produkt, das im Vergleich zu kultiviertem wei\u00dfem Kratom \u00fcberlegene Eigenschaften besitzt. Wenn Sie auf der Suche nach einem wirklich einzigartigen Kratomerlebnis sind, ist Wild White Borneo eine ausgezeichnete Wahl.    <\/p>\n","protected":false},"featured_media":13806,"comment_status":"open","ping_status":"closed","template":"","meta":[],"product_brand":[],"product_cat":[382,386],"product_tag":[],"class_list":{"0":"post-12026","1":"product","2":"type-product","3":"status-publish","4":"has-post-thumbnail","6":"product_cat-kratom-kaufen","7":"product_cat-white-kratom","9":"first","10":"instock","11":"featured","12":"taxable","13":"shipping-taxable","14":"purchasable","15":"product-type-variable","16":"has-default-attributes"},"yoast_head":"<!-- This site is optimized with the Yoast SEO plugin v27.3 - https:\/\/yoast.com\/product\/yoast-seo-wordpress\/ -->\n<title>Wild White Borneo Online kaufen | Premium Kratom<\/title>\n<meta name=\"description\" content=\"Wild White Borneo online kaufen. Geerntet von wilden B\u00e4umen in Borneo. Erschwingliches, vertrauensw\u00fcrdiges und laborgepr\u00fcftes Kratom. Schneller Versand.\" \/>\n<meta name=\"robots\" content=\"index, follow, max-snippet:-1, max-image-preview:large, max-video-preview:-1\" \/>\n<link rel=\"canonical\" href=\"https:\/\/www.eukratom.com\/de\/shop\/kratom-kaufen\/white-kratom\/wild-white-borneo\/\" \/>\n<meta property=\"og:locale\" content=\"de_DE\" \/>\n<meta property=\"og:type\" content=\"article\" \/>\n<meta property=\"og:title\" content=\"Wild White Borneo Online kaufen | Premium Kratom\" \/>\n<meta property=\"og:description\" content=\"Wild White Borneo online kaufen. Geerntet von wilden B\u00e4umen in Borneo. Erschwingliches, vertrauensw\u00fcrdiges und laborgepr\u00fcftes Kratom. Schneller Versand.\" \/>\n<meta property=\"og:url\" content=\"https:\/\/www.eukratom.com\/de\/shop\/kratom-kaufen\/white-kratom\/wild-white-borneo\/\" \/>\n<meta property=\"og:site_name\" content=\"EUKRATOM\" \/>\n<meta property=\"article:modified_time\" content=\"2026-02-15T15:59:01+00:00\" \/>\n<meta property=\"og:image\" content=\"https:\/\/www.eukratom.com\/wp-content\/uploads\/2021\/06\/Wild-White-Borneo.webp\" \/>\n\t<meta property=\"og:image:width\" content=\"750\" \/>\n\t<meta property=\"og:image:height\" content=\"750\" \/>\n\t<meta property=\"og:image:type\" content=\"image\/webp\" \/>\n<meta name=\"twitter:card\" content=\"summary_large_image\" \/>\n<meta name=\"twitter:label1\" content=\"Gesch\u00e4tzte Lesezeit\" \/>\n\t<meta name=\"twitter:data1\" content=\"3\u00a0Minuten\" \/>\n<script type=\"application\/ld+json\" class=\"yoast-schema-graph\">{\"@context\":\"https:\\\/\\\/schema.org\",\"@graph\":[{\"@type\":\"WebPage\",\"@id\":\"https:\\\/\\\/www.eukratom.com\\\/de\\\/shop\\\/kratom-kaufen\\\/white-kratom\\\/wild-white-borneo\\\/\",\"url\":\"https:\\\/\\\/www.eukratom.com\\\/de\\\/shop\\\/kratom-kaufen\\\/white-kratom\\\/wild-white-borneo\\\/\",\"name\":\"Wild White Borneo Online kaufen | Premium Kratom\",\"isPartOf\":{\"@id\":\"https:\\\/\\\/www.eukratom.com\\\/de\\\/#website\"},\"primaryImageOfPage\":{\"@id\":\"https:\\\/\\\/www.eukratom.com\\\/de\\\/shop\\\/kratom-kaufen\\\/white-kratom\\\/wild-white-borneo\\\/#primaryimage\"},\"image\":{\"@id\":\"https:\\\/\\\/www.eukratom.com\\\/de\\\/shop\\\/kratom-kaufen\\\/white-kratom\\\/wild-white-borneo\\\/#primaryimage\"},\"thumbnailUrl\":\"https:\\\/\\\/www.eukratom.com\\\/wp-content\\\/uploads\\\/2021\\\/06\\\/Wild-White-Borneo.webp\",\"datePublished\":\"2021-06-16T19:32:13+00:00\",\"dateModified\":\"2026-02-15T15:59:01+00:00\",\"description\":\"Wild White Borneo online kaufen. Geerntet von wilden B\u00e4umen in Borneo. Erschwingliches, vertrauensw\u00fcrdiges und laborgepr\u00fcftes Kratom. Schneller Versand.\",\"breadcrumb\":{\"@id\":\"https:\\\/\\\/www.eukratom.com\\\/de\\\/shop\\\/kratom-kaufen\\\/white-kratom\\\/wild-white-borneo\\\/#breadcrumb\"},\"inLanguage\":\"de\",\"potentialAction\":[{\"@type\":\"ReadAction\",\"target\":[\"https:\\\/\\\/www.eukratom.com\\\/de\\\/shop\\\/kratom-kaufen\\\/white-kratom\\\/wild-white-borneo\\\/\"]}]},{\"@type\":\"ImageObject\",\"inLanguage\":\"de\",\"@id\":\"https:\\\/\\\/www.eukratom.com\\\/de\\\/shop\\\/kratom-kaufen\\\/white-kratom\\\/wild-white-borneo\\\/#primaryimage\",\"url\":\"https:\\\/\\\/www.eukratom.com\\\/wp-content\\\/uploads\\\/2021\\\/06\\\/Wild-White-Borneo.webp\",\"contentUrl\":\"https:\\\/\\\/www.eukratom.com\\\/wp-content\\\/uploads\\\/2021\\\/06\\\/Wild-White-Borneo.webp\",\"width\":750,\"height\":750,\"caption\":\"Wildes Wei\u00dfes Borneo Kratom Pulver\"},{\"@type\":\"BreadcrumbList\",\"@id\":\"https:\\\/\\\/www.eukratom.com\\\/de\\\/shop\\\/kratom-kaufen\\\/white-kratom\\\/wild-white-borneo\\\/#breadcrumb\",\"itemListElement\":[{\"@type\":\"ListItem\",\"position\":1,\"name\":\"Home\",\"item\":\"https:\\\/\\\/www.eukratom.com\\\/de\\\/\"},{\"@type\":\"ListItem\",\"position\":2,\"name\":\"Shop\",\"item\":\"https:\\\/\\\/www.eukratom.com\\\/de\\\/shop\\\/\"},{\"@type\":\"ListItem\",\"position\":3,\"name\":\"Wild White Borneo\"}]},{\"@type\":\"WebSite\",\"@id\":\"https:\\\/\\\/www.eukratom.com\\\/de\\\/#website\",\"url\":\"https:\\\/\\\/www.eukratom.com\\\/de\\\/\",\"name\":\"EUKRATOM\",\"description\":\"Best Kratom Online in Europe\",\"publisher\":{\"@id\":\"https:\\\/\\\/www.eukratom.com\\\/de\\\/#organization\"},\"potentialAction\":[{\"@type\":\"SearchAction\",\"target\":{\"@type\":\"EntryPoint\",\"urlTemplate\":\"https:\\\/\\\/www.eukratom.com\\\/de\\\/?s={search_term_string}\"},\"query-input\":{\"@type\":\"PropertyValueSpecification\",\"valueRequired\":true,\"valueName\":\"search_term_string\"}}],\"inLanguage\":\"de\"},{\"@type\":\"Organization\",\"@id\":\"https:\\\/\\\/www.eukratom.com\\\/de\\\/#organization\",\"name\":\"EUKRATOM\",\"url\":\"https:\\\/\\\/www.eukratom.com\\\/de\\\/\",\"logo\":{\"@type\":\"ImageObject\",\"inLanguage\":\"de\",\"@id\":\"https:\\\/\\\/www.eukratom.com\\\/de\\\/#\\\/schema\\\/logo\\\/image\\\/\",\"url\":\"https:\\\/\\\/www.eukratom.com\\\/wp-content\\\/uploads\\\/2023\\\/02\\\/EUkratom.com_.svg\",\"contentUrl\":\"https:\\\/\\\/www.eukratom.com\\\/wp-content\\\/uploads\\\/2023\\\/02\\\/EUkratom.com_.svg\",\"width\":1,\"height\":1,\"caption\":\"EUKRATOM\"},\"image\":{\"@id\":\"https:\\\/\\\/www.eukratom.com\\\/de\\\/#\\\/schema\\\/logo\\\/image\\\/\"}}]}<\/script>\n<!-- \/ Yoast SEO plugin. -->","yoast_head_json":{"title":"Wild White Borneo Online kaufen | Premium Kratom","description":"Wild White Borneo online kaufen. Geerntet von wilden B\u00e4umen in Borneo. Erschwingliches, vertrauensw\u00fcrdiges und laborgepr\u00fcftes Kratom. Schneller Versand.","robots":{"index":"index","follow":"follow","max-snippet":"max-snippet:-1","max-image-preview":"max-image-preview:large","max-video-preview":"max-video-preview:-1"},"canonical":"https:\/\/www.eukratom.com\/de\/shop\/kratom-kaufen\/white-kratom\/wild-white-borneo\/","og_locale":"de_DE","og_type":"article","og_title":"Wild White Borneo Online kaufen | Premium Kratom","og_description":"Wild White Borneo online kaufen. Geerntet von wilden B\u00e4umen in Borneo. Erschwingliches, vertrauensw\u00fcrdiges und laborgepr\u00fcftes Kratom. Schneller Versand.","og_url":"https:\/\/www.eukratom.com\/de\/shop\/kratom-kaufen\/white-kratom\/wild-white-borneo\/","og_site_name":"EUKRATOM","article_modified_time":"2026-02-15T15:59:01+00:00","og_image":[{"width":750,"height":750,"url":"https:\/\/www.eukratom.com\/wp-content\/uploads\/2021\/06\/Wild-White-Borneo.webp","type":"image\/webp"}],"twitter_card":"summary_large_image","twitter_misc":{"Gesch\u00e4tzte Lesezeit":"3\u00a0Minuten"},"schema":{"@context":"https:\/\/schema.org","@graph":[{"@type":"WebPage","@id":"https:\/\/www.eukratom.com\/de\/shop\/kratom-kaufen\/white-kratom\/wild-white-borneo\/","url":"https:\/\/www.eukratom.com\/de\/shop\/kratom-kaufen\/white-kratom\/wild-white-borneo\/","name":"Wild White Borneo Online kaufen | Premium Kratom","isPartOf":{"@id":"https:\/\/www.eukratom.com\/de\/#website"},"primaryImageOfPage":{"@id":"https:\/\/www.eukratom.com\/de\/shop\/kratom-kaufen\/white-kratom\/wild-white-borneo\/#primaryimage"},"image":{"@id":"https:\/\/www.eukratom.com\/de\/shop\/kratom-kaufen\/white-kratom\/wild-white-borneo\/#primaryimage"},"thumbnailUrl":"https:\/\/www.eukratom.com\/wp-content\/uploads\/2021\/06\/Wild-White-Borneo.webp","datePublished":"2021-06-16T19:32:13+00:00","dateModified":"2026-02-15T15:59:01+00:00","description":"Wild White Borneo online kaufen. Geerntet von wilden B\u00e4umen in Borneo. Erschwingliches, vertrauensw\u00fcrdiges und laborgepr\u00fcftes Kratom. Schneller Versand.","breadcrumb":{"@id":"https:\/\/www.eukratom.com\/de\/shop\/kratom-kaufen\/white-kratom\/wild-white-borneo\/#breadcrumb"},"inLanguage":"de","potentialAction":[{"@type":"ReadAction","target":["https:\/\/www.eukratom.com\/de\/shop\/kratom-kaufen\/white-kratom\/wild-white-borneo\/"]}]},{"@type":"ImageObject","inLanguage":"de","@id":"https:\/\/www.eukratom.com\/de\/shop\/kratom-kaufen\/white-kratom\/wild-white-borneo\/#primaryimage","url":"https:\/\/www.eukratom.com\/wp-content\/uploads\/2021\/06\/Wild-White-Borneo.webp","contentUrl":"https:\/\/www.eukratom.com\/wp-content\/uploads\/2021\/06\/Wild-White-Borneo.webp","width":750,"height":750,"caption":"Wildes Wei\u00dfes Borneo Kratom Pulver"},{"@type":"BreadcrumbList","@id":"https:\/\/www.eukratom.com\/de\/shop\/kratom-kaufen\/white-kratom\/wild-white-borneo\/#breadcrumb","itemListElement":[{"@type":"ListItem","position":1,"name":"Home","item":"https:\/\/www.eukratom.com\/de\/"},{"@type":"ListItem","position":2,"name":"Shop","item":"https:\/\/www.eukratom.com\/de\/shop\/"},{"@type":"ListItem","position":3,"name":"Wild White Borneo"}]},{"@type":"WebSite","@id":"https:\/\/www.eukratom.com\/de\/#website","url":"https:\/\/www.eukratom.com\/de\/","name":"EUKRATOM","description":"Best Kratom Online in Europe","publisher":{"@id":"https:\/\/www.eukratom.com\/de\/#organization"},"potentialAction":[{"@type":"SearchAction","target":{"@type":"EntryPoint","urlTemplate":"https:\/\/www.eukratom.com\/de\/?s={search_term_string}"},"query-input":{"@type":"PropertyValueSpecification","valueRequired":true,"valueName":"search_term_string"}}],"inLanguage":"de"},{"@type":"Organization","@id":"https:\/\/www.eukratom.com\/de\/#organization","name":"EUKRATOM","url":"https:\/\/www.eukratom.com\/de\/","logo":{"@type":"ImageObject","inLanguage":"de","@id":"https:\/\/www.eukratom.com\/de\/#\/schema\/logo\/image\/","url":"https:\/\/www.eukratom.com\/wp-content\/uploads\/2023\/02\/EUkratom.com_.svg","contentUrl":"https:\/\/www.eukratom.com\/wp-content\/uploads\/2023\/02\/EUkratom.com_.svg","width":1,"height":1,"caption":"EUKRATOM"},"image":{"@id":"https:\/\/www.eukratom.com\/de\/#\/schema\/logo\/image\/"}}]}},"jetpack_sharing_enabled":true,"_links":{"self":[{"href":"https:\/\/www.eukratom.com\/de\/wp-json\/wp\/v2\/product\/12026","targetHints":{"allow":["GET"]}}],"collection":[{"href":"https:\/\/www.eukratom.com\/de\/wp-json\/wp\/v2\/product"}],"about":[{"href":"https:\/\/www.eukratom.com\/de\/wp-json\/wp\/v2\/types\/product"}],"replies":[{"embeddable":true,"href":"https:\/\/www.eukratom.com\/de\/wp-json\/wp\/v2\/comments?post=12026"}],"wp:featuredmedia":[{"embeddable":true,"href":"https:\/\/www.eukratom.com\/de\/wp-json\/wp\/v2\/media\/13806"}],"wp:attachment":[{"href":"https:\/\/www.eukratom.com\/de\/wp-json\/wp\/v2\/media?parent=12026"}],"wp:term":[{"taxonomy":"product_brand","embeddable":true,"href":"https:\/\/www.eukratom.com\/de\/wp-json\/wp\/v2\/product_brand?post=12026"},{"taxonomy":"product_cat","embeddable":true,"href":"https:\/\/www.eukratom.com\/de\/wp-json\/wp\/v2\/product_cat?post=12026"},{"taxonomy":"product_tag","embeddable":true,"href":"https:\/\/www.eukratom.com\/de\/wp-json\/wp\/v2\/product_tag?post=12026"}],"curies":[{"name":"wp","href":"https:\/\/api.w.org\/{rel}","templated":true}]}}