{"id":12017,"date":"2021-06-16T22:18:55","date_gmt":"2021-06-16T20:18:55","guid":{"rendered":"https:\/\/www.eukratom.com\/shop\/unkategorisiert\/wildes-gruen-borneo\/"},"modified":"2026-03-21T10:44:49","modified_gmt":"2026-03-21T09:44:49","slug":"wild-green-borneo","status":"publish","type":"product","link":"https:\/\/www.eukratom.com\/de\/shop\/kratom-kaufen\/green-kratom\/wild-green-borneo\/","title":{"rendered":"Wild Green Borneo"},"content":{"rendered":"<h2><strong>Wild Green Borneo online kaufen<\/strong><\/h2>\n<h3>Was ist Wild Green Borneo Kratom?<\/h3>\n<p>Wild Green Borneo ist ein fein gemahlenes Kratom-Blattpulver, das von reifen Mitragyna speciosa-B\u00e4umen stammt, die tief in den Regenw\u00e4ldern von Borneo wachsen. Diese B\u00e4ume gedeihen in tropischen Umgebungen mit hoher Luftfeuchtigkeit und n\u00e4hrstoffreichem Boden. Die Bl\u00e4tter werden von wildwachsenden B\u00e4umen geerntet und mit traditionellen Trocknungsmethoden verarbeitet, um ihre nat\u00fcrliche Zusammensetzung zu erhalten. Das Pulver ist weit verbreitet und wird vor allem wegen seines leuchtenden Gr\u00fcntons und seines nat\u00fcrlichen Ursprungs gesch\u00e4tzt. Erh\u00e4ltlich als fein gemahlenes Blattpulver.    <\/p>\n<ul>\n<li data-start=\"792\" data-end=\"841\">\n<p data-start=\"794\" data-end=\"841\">\ud83c\udf3f Wild geerntet von ausgewachsenen B\u00e4umen in Borneo<\/p>\n<\/li>\n<li data-start=\"842\" data-end=\"896\">\n<p data-start=\"844\" data-end=\"896\">\ud83d\udc9a Lebendige gr\u00fcne Pulverfarbe<\/p>\n<\/li>\n<li data-start=\"897\" data-end=\"957\">\n<p data-start=\"899\" data-end=\"957\">\ud83e\uddfc Fein gemahlene Blattpulver<\/p>\n<\/li>\n<li data-start=\"958\" data-end=\"1010\">\n<p data-start=\"960\" data-end=\"1010\">\ud83c\udf31 100% rein pflanzlich &#8211; keine Zus\u00e4tze oder F\u00fcllstoffe<\/p>\n<\/li>\n<li data-start=\"1011\" data-end=\"1051\">\n<p data-start=\"1013\" data-end=\"1051\">\ud83e\uddea Laborgepr\u00fcft auf Qualit\u00e4t und Reinheit<\/p>\n<\/li>\n<li data-start=\"1052\" data-end=\"1102\">\n<p data-start=\"1054\" data-end=\"1102\">\ud83d\udce6 Wiederverschlie\u00dfbarer Beutel f\u00fcr lang anhaltende Frische<\/p>\n<\/li>\n<\/ul>\n<h3 data-start=\"904\" data-end=\"928\">Botanische Beschreibung<\/h3>\n<ul data-start=\"930\" data-end=\"1223\">\n<li data-start=\"930\" data-end=\"975\">\n<p data-start=\"932\" data-end=\"975\"><strong data-start=\"932\" data-end=\"952\">Wissenschaftlicher Name:<\/strong> <a href=\"https:\/\/sv.wikipedia.org\/wiki\/Kratom\"><em data-start=\"953\" data-end=\"973\">Mitragyna speciosa<\/em><\/a><\/p>\n<\/li>\n<li data-start=\"976\" data-end=\"1001\">\n<p data-start=\"978\" data-end=\"1001\"><strong data-start=\"978\" data-end=\"989\">Familie:<\/strong> Rubiaceae<\/p>\n<\/li>\n<li data-start=\"1002\" data-end=\"1028\">\n<p data-start=\"1004\" data-end=\"1028\"><strong data-start=\"1004\" data-end=\"1014\">Ordnung:<\/strong> Enzianartige<\/p>\n<\/li>\n<li data-start=\"1029\" data-end=\"1064\">\n<p data-start=\"1031\" data-end=\"1064\"><strong data-start=\"1031\" data-end=\"1049\">Wuchsh\u00f6he:<\/strong> 12-20 Meter<\/p>\n<\/li>\n<li data-start=\"1065\" data-end=\"1119\">\n<p data-start=\"1067\" data-end=\"1119\"><strong data-start=\"1067\" data-end=\"1078\">Bl\u00e4tter:<\/strong> Breit, ovalf\u00f6rmig, 10-20 cm lang<\/p>\n<\/li>\n<li data-start=\"1120\" data-end=\"1172\">\n<p data-start=\"1122\" data-end=\"1172\"><strong data-start=\"1122\" data-end=\"1134\">Bl\u00fcten:<\/strong> Kleine, runde, gelb-wei\u00dfe B\u00fcschel<\/p>\n<\/li>\n<li data-start=\"1173\" data-end=\"1223\">\n<p data-start=\"1175\" data-end=\"1223\"><strong data-start=\"1175\" data-end=\"1185\">Frucht:<\/strong> Kapselartig, enth\u00e4lt winzige Samen<\/p>\n<\/li>\n<\/ul>\n<h3 data-start=\"1230\" data-end=\"1253\">Chemische Zusammensetzung von Wild Green Borneo<\/h3>\n<p data-start=\"1255\" data-end=\"1620\">Wild Green Borneo ist f\u00fcr sein reichhaltiges botanisches Profil bekannt. Die Bl\u00e4tter enthalten h\u00f6here Mengen an nat\u00fcrlich vorkommenden Indolalkaloiden. In seinem nat\u00fcrlichen Zustand bewahrt es die hellere Farbe und die einzigartigen Eigenschaften, die mit gr\u00fcnen Sorten von <em data-start=\"1599\" data-end=\"1619\">Mitragyna speciosa<\/em> verbunden sind. Aufgrund ihrer wilden Herkunft wird diese Variante in ihrer rohen Form oft als robuster angesehen, was sie zu einer bevorzugten Wahl f\u00fcr diejenigen macht, die ein unver\u00e4ndertes botanisches Pulver suchen.   <\/p>\n<h3 data-start=\"1818\" data-end=\"1840\">Produkt-Informationen<\/h3>\n<ul data-start=\"1842\" data-end=\"2180\">\n<li data-start=\"1842\" data-end=\"1918\">\n<p data-start=\"1844\" data-end=\"1918\"><strong data-start=\"1844\" data-end=\"1857\">Inhalt:<\/strong> 100% <em data-start=\"1863\" data-end=\"1883\">Mitragyna speciosa<\/em> (wilde gr\u00fcne Variante) Blattpulver<\/p>\n<\/li>\n<li data-start=\"1919\" data-end=\"1961\">\n<p data-start=\"1921\" data-end=\"1961\"><strong data-start=\"1921\" data-end=\"1932\">Herkunft:<\/strong> Borneo (Region Kalimantan)<\/p>\n<\/li>\n<li data-start=\"1962\" data-end=\"2008\">\n<p data-start=\"1964\" data-end=\"2008\"><strong data-start=\"1964\" data-end=\"1975\">Format:<\/strong> Fein gemahlenes Blattpulver<\/p>\n<\/li>\n<li data-start=\"2009\" data-end=\"2180\">\n<p data-start=\"2011\" data-end=\"2180\"><strong data-start=\"2011\" data-end=\"2019\">Verwendung:<\/strong> Botanisches Rohmaterial f\u00fcr handwerkliche, kosmetische und <a href=\"https:\/\/www.eukratom.com\/how-to-make-body-scrub\/\">technische Zwecke<\/a>. Dieses Produkt ist <strong data-start=\"2109\" data-end=\"2179\">nicht als Lebensmittel, Futtermittel oder f\u00fcr den menschlichen Verzehr bestimmt.<\/strong><\/p>\n<\/li>\n<\/ul>\n<h3 data-start=\"2187\" data-end=\"2229\">Wie sollte Wild Green Borneo aufbewahrt werden?<\/h3>\n<p data-start=\"2231\" data-end=\"2437\">Lagern Sie es an einem k\u00fchlen, trockenen Ort, fern von Sonnenlicht und Feuchtigkeit. Au\u00dferhalb der Reichweite von Kindern und Haustieren aufbewahren. Die richtige Lagerung stellt sicher, dass das Produkt seine Farbe, Textur und botanische Integrit\u00e4t im Laufe der Zeit beibeh\u00e4lt.  <\/p>\n<h3 data-start=\"2444\" data-end=\"2464\">Qualit\u00e4t &amp; Pr\u00fcfung<\/h3>\n<p data-start=\"2466\" data-end=\"2764\">Wild Green Borneo wird in Indonesien sorgf\u00e4ltig geerntet, getrocknet und gemahlen, bevor es an unsere unabh\u00e4ngigen Laborpartner in Europa verschifft wird. Diese Labore f\u00fchren umfassende Qualit\u00e4tstests durch, um sicherzustellen, dass das Produkt frei von E. coli, Salmonellen, Hefe\/Schimmel, Enterobacteriaceae und Schwermetallen ist. <\/p>\n<p data-start=\"2766\" data-end=\"3019\">Jede Charge wird einem gr\u00fcndlichen Pr\u00fcfverfahren unterzogen, um die Sicherheit und die Einhaltung der geltenden Normen zu best\u00e4tigen. Wir nehmen die Produktqualit\u00e4t und die Sicherheit unserer Kunden ernst und befolgen strenge Protokolle, um in jeder Packung den h\u00f6chstm\u00f6glichen Standard zu gew\u00e4hrleisten. <\/p>\n<h3 data-start=\"182\" data-end=\"225\">\ud83d\udd17 Ist Kratom illegal, wo Sie leben?<\/h3>\n<p data-start=\"226\" data-end=\"439\">Suchen Sie nach nat\u00fcrlichen pflanzlichen Alternativen? Verpassen Sie nicht unser komplettes Sortiment sorgf\u00e4ltig ausgew\u00e4hlter Kratom-Alternativen &#8211; ideal f\u00fcr Konsumenten, die mit Kratom aufh\u00f6ren wollen oder die dort leben, wo Kratom illegal ist. <strong data-start=\"392\" data-end=\"439\"><a class=\"\" href=\"https:\/\/www.eukratom.com\/de\/products\/kratom-kaufen\/kratom-alternativen\/\" rel=\"noopener\" data-start=\"394\" data-end=\"437\"> Entdecken Sie unsere Kratom Alternativen hier \u2192.<\/a><\/strong><\/p>\n","protected":false},"excerpt":{"rendered":"<p>Wild Green Borneo ist ein Premium-Produkt, das aus dem Herzen der Regenw\u00e4lder von Borneo stammt, wo wilde B\u00e4ume in ihrer nat\u00fcrlichen Umgebung wachsen d\u00fcrfen. Diese B\u00e4ume haben ein Durchschnittsalter von 8 Jahren und produzieren Bl\u00e4tter mit einem gr\u00fcnen Farbton und roten Adern, im Gegensatz zu den wei\u00dfen. Aufgrund seiner Seltenheit und der Herausforderungen, die mit der Ernte verbunden sind, ist wildes Kratom sehr begehrt und exklusiv. Im Vergleich zu kultiviertem gr\u00fcnem Kratom besitzt wildes Kratom \u00fcberlegene Produkteigenschaften, was es zu einer wirklich einzigartigen und begehrten Option macht.   <\/p>\n","protected":false},"featured_media":13866,"comment_status":"open","ping_status":"closed","template":"","meta":[],"product_brand":[],"product_cat":[383,382],"product_tag":[],"class_list":{"0":"post-12017","1":"product","2":"type-product","3":"status-publish","4":"has-post-thumbnail","6":"product_cat-green-kratom","7":"product_cat-kratom-kaufen","9":"first","10":"outofstock","11":"featured","12":"taxable","13":"shipping-taxable","14":"purchasable","15":"product-type-variable","16":"has-default-attributes"},"yoast_head":"<!-- This site is optimized with the Yoast SEO plugin v27.4 - https:\/\/yoast.com\/product\/yoast-seo-wordpress\/ -->\n<title>Wild Green Borneo online kaufen | Premium Kratom<\/title>\n<meta name=\"description\" content=\"Wild Green Borneo online kaufen. Geerntet von wilden B\u00e4umen in Borneo. Erschwingliches, vertrauensw\u00fcrdiges und laborgepr\u00fcftes Kratom. Schneller Versand.\" \/>\n<meta name=\"robots\" content=\"index, follow, max-snippet:-1, max-image-preview:large, max-video-preview:-1\" \/>\n<link rel=\"canonical\" href=\"https:\/\/www.eukratom.com\/de\/shop\/kratom-kaufen\/green-kratom\/wild-green-borneo\/\" \/>\n<meta property=\"og:locale\" content=\"de_DE\" \/>\n<meta property=\"og:type\" content=\"article\" \/>\n<meta property=\"og:title\" content=\"Wild Green Borneo online kaufen | Premium Kratom\" \/>\n<meta property=\"og:description\" content=\"Wild Green Borneo online kaufen. Geerntet von wilden B\u00e4umen in Borneo. Erschwingliches, vertrauensw\u00fcrdiges und laborgepr\u00fcftes Kratom. Schneller Versand.\" \/>\n<meta property=\"og:url\" content=\"https:\/\/www.eukratom.com\/de\/shop\/kratom-kaufen\/green-kratom\/wild-green-borneo\/\" \/>\n<meta property=\"og:site_name\" content=\"EUKRATOM\" \/>\n<meta property=\"article:modified_time\" content=\"2026-03-21T09:44:49+00:00\" \/>\n<meta property=\"og:image\" content=\"https:\/\/www.eukratom.com\/wp-content\/uploads\/2021\/06\/Wild-Green-Borneo-1.webp\" \/>\n\t<meta property=\"og:image:width\" content=\"750\" \/>\n\t<meta property=\"og:image:height\" content=\"750\" \/>\n\t<meta property=\"og:image:type\" content=\"image\/webp\" \/>\n<meta name=\"twitter:card\" content=\"summary_large_image\" \/>\n<meta name=\"twitter:label1\" content=\"Gesch\u00e4tzte Lesezeit\" \/>\n\t<meta name=\"twitter:data1\" content=\"3\u00a0Minuten\" \/>\n<script type=\"application\/ld+json\" class=\"yoast-schema-graph\">{\"@context\":\"https:\\\/\\\/schema.org\",\"@graph\":[{\"@type\":\"WebPage\",\"@id\":\"https:\\\/\\\/www.eukratom.com\\\/de\\\/shop\\\/kratom-kaufen\\\/green-kratom\\\/wild-green-borneo\\\/\",\"url\":\"https:\\\/\\\/www.eukratom.com\\\/de\\\/shop\\\/kratom-kaufen\\\/green-kratom\\\/wild-green-borneo\\\/\",\"name\":\"Wild Green Borneo online kaufen | Premium Kratom\",\"isPartOf\":{\"@id\":\"https:\\\/\\\/www.eukratom.com\\\/de\\\/#website\"},\"primaryImageOfPage\":{\"@id\":\"https:\\\/\\\/www.eukratom.com\\\/de\\\/shop\\\/kratom-kaufen\\\/green-kratom\\\/wild-green-borneo\\\/#primaryimage\"},\"image\":{\"@id\":\"https:\\\/\\\/www.eukratom.com\\\/de\\\/shop\\\/kratom-kaufen\\\/green-kratom\\\/wild-green-borneo\\\/#primaryimage\"},\"thumbnailUrl\":\"https:\\\/\\\/www.eukratom.com\\\/wp-content\\\/uploads\\\/2021\\\/06\\\/Wild-Green-Borneo-1.webp\",\"datePublished\":\"2021-06-16T20:18:55+00:00\",\"dateModified\":\"2026-03-21T09:44:49+00:00\",\"description\":\"Wild Green Borneo online kaufen. Geerntet von wilden B\u00e4umen in Borneo. Erschwingliches, vertrauensw\u00fcrdiges und laborgepr\u00fcftes Kratom. Schneller Versand.\",\"breadcrumb\":{\"@id\":\"https:\\\/\\\/www.eukratom.com\\\/de\\\/shop\\\/kratom-kaufen\\\/green-kratom\\\/wild-green-borneo\\\/#breadcrumb\"},\"inLanguage\":\"de\",\"potentialAction\":[{\"@type\":\"ReadAction\",\"target\":[\"https:\\\/\\\/www.eukratom.com\\\/de\\\/shop\\\/kratom-kaufen\\\/green-kratom\\\/wild-green-borneo\\\/\"]}]},{\"@type\":\"ImageObject\",\"inLanguage\":\"de\",\"@id\":\"https:\\\/\\\/www.eukratom.com\\\/de\\\/shop\\\/kratom-kaufen\\\/green-kratom\\\/wild-green-borneo\\\/#primaryimage\",\"url\":\"https:\\\/\\\/www.eukratom.com\\\/wp-content\\\/uploads\\\/2021\\\/06\\\/Wild-Green-Borneo-1.webp\",\"contentUrl\":\"https:\\\/\\\/www.eukratom.com\\\/wp-content\\\/uploads\\\/2021\\\/06\\\/Wild-Green-Borneo-1.webp\",\"width\":750,\"height\":750,\"caption\":\"Wildes Gr\u00fcnes Borneo Kratom Pulver\"},{\"@type\":\"BreadcrumbList\",\"@id\":\"https:\\\/\\\/www.eukratom.com\\\/de\\\/shop\\\/kratom-kaufen\\\/green-kratom\\\/wild-green-borneo\\\/#breadcrumb\",\"itemListElement\":[{\"@type\":\"ListItem\",\"position\":1,\"name\":\"Home\",\"item\":\"https:\\\/\\\/www.eukratom.com\\\/de\\\/\"},{\"@type\":\"ListItem\",\"position\":2,\"name\":\"Shop\",\"item\":\"https:\\\/\\\/www.eukratom.com\\\/de\\\/shop\\\/\"},{\"@type\":\"ListItem\",\"position\":3,\"name\":\"Wild Green Borneo\"}]},{\"@type\":\"WebSite\",\"@id\":\"https:\\\/\\\/www.eukratom.com\\\/de\\\/#website\",\"url\":\"https:\\\/\\\/www.eukratom.com\\\/de\\\/\",\"name\":\"EUKRATOM\",\"description\":\"Best Kratom Online in Europe\",\"publisher\":{\"@id\":\"https:\\\/\\\/www.eukratom.com\\\/de\\\/#organization\"},\"potentialAction\":[{\"@type\":\"SearchAction\",\"target\":{\"@type\":\"EntryPoint\",\"urlTemplate\":\"https:\\\/\\\/www.eukratom.com\\\/de\\\/?s={search_term_string}\"},\"query-input\":{\"@type\":\"PropertyValueSpecification\",\"valueRequired\":true,\"valueName\":\"search_term_string\"}}],\"inLanguage\":\"de\"},{\"@type\":\"Organization\",\"@id\":\"https:\\\/\\\/www.eukratom.com\\\/de\\\/#organization\",\"name\":\"EUKRATOM\",\"url\":\"https:\\\/\\\/www.eukratom.com\\\/de\\\/\",\"logo\":{\"@type\":\"ImageObject\",\"inLanguage\":\"de\",\"@id\":\"https:\\\/\\\/www.eukratom.com\\\/de\\\/#\\\/schema\\\/logo\\\/image\\\/\",\"url\":\"https:\\\/\\\/www.eukratom.com\\\/wp-content\\\/uploads\\\/2023\\\/02\\\/EUkratom.com_.svg\",\"contentUrl\":\"https:\\\/\\\/www.eukratom.com\\\/wp-content\\\/uploads\\\/2023\\\/02\\\/EUkratom.com_.svg\",\"width\":1,\"height\":1,\"caption\":\"EUKRATOM\"},\"image\":{\"@id\":\"https:\\\/\\\/www.eukratom.com\\\/de\\\/#\\\/schema\\\/logo\\\/image\\\/\"}}]}<\/script>\n<!-- \/ Yoast SEO plugin. -->","yoast_head_json":{"title":"Wild Green Borneo online kaufen | Premium Kratom","description":"Wild Green Borneo online kaufen. Geerntet von wilden B\u00e4umen in Borneo. Erschwingliches, vertrauensw\u00fcrdiges und laborgepr\u00fcftes Kratom. Schneller Versand.","robots":{"index":"index","follow":"follow","max-snippet":"max-snippet:-1","max-image-preview":"max-image-preview:large","max-video-preview":"max-video-preview:-1"},"canonical":"https:\/\/www.eukratom.com\/de\/shop\/kratom-kaufen\/green-kratom\/wild-green-borneo\/","og_locale":"de_DE","og_type":"article","og_title":"Wild Green Borneo online kaufen | Premium Kratom","og_description":"Wild Green Borneo online kaufen. Geerntet von wilden B\u00e4umen in Borneo. Erschwingliches, vertrauensw\u00fcrdiges und laborgepr\u00fcftes Kratom. Schneller Versand.","og_url":"https:\/\/www.eukratom.com\/de\/shop\/kratom-kaufen\/green-kratom\/wild-green-borneo\/","og_site_name":"EUKRATOM","article_modified_time":"2026-03-21T09:44:49+00:00","og_image":[{"width":750,"height":750,"url":"https:\/\/www.eukratom.com\/wp-content\/uploads\/2021\/06\/Wild-Green-Borneo-1.webp","type":"image\/webp"}],"twitter_card":"summary_large_image","twitter_misc":{"Gesch\u00e4tzte Lesezeit":"3\u00a0Minuten"},"schema":{"@context":"https:\/\/schema.org","@graph":[{"@type":"WebPage","@id":"https:\/\/www.eukratom.com\/de\/shop\/kratom-kaufen\/green-kratom\/wild-green-borneo\/","url":"https:\/\/www.eukratom.com\/de\/shop\/kratom-kaufen\/green-kratom\/wild-green-borneo\/","name":"Wild Green Borneo online kaufen | Premium Kratom","isPartOf":{"@id":"https:\/\/www.eukratom.com\/de\/#website"},"primaryImageOfPage":{"@id":"https:\/\/www.eukratom.com\/de\/shop\/kratom-kaufen\/green-kratom\/wild-green-borneo\/#primaryimage"},"image":{"@id":"https:\/\/www.eukratom.com\/de\/shop\/kratom-kaufen\/green-kratom\/wild-green-borneo\/#primaryimage"},"thumbnailUrl":"https:\/\/www.eukratom.com\/wp-content\/uploads\/2021\/06\/Wild-Green-Borneo-1.webp","datePublished":"2021-06-16T20:18:55+00:00","dateModified":"2026-03-21T09:44:49+00:00","description":"Wild Green Borneo online kaufen. Geerntet von wilden B\u00e4umen in Borneo. Erschwingliches, vertrauensw\u00fcrdiges und laborgepr\u00fcftes Kratom. Schneller Versand.","breadcrumb":{"@id":"https:\/\/www.eukratom.com\/de\/shop\/kratom-kaufen\/green-kratom\/wild-green-borneo\/#breadcrumb"},"inLanguage":"de","potentialAction":[{"@type":"ReadAction","target":["https:\/\/www.eukratom.com\/de\/shop\/kratom-kaufen\/green-kratom\/wild-green-borneo\/"]}]},{"@type":"ImageObject","inLanguage":"de","@id":"https:\/\/www.eukratom.com\/de\/shop\/kratom-kaufen\/green-kratom\/wild-green-borneo\/#primaryimage","url":"https:\/\/www.eukratom.com\/wp-content\/uploads\/2021\/06\/Wild-Green-Borneo-1.webp","contentUrl":"https:\/\/www.eukratom.com\/wp-content\/uploads\/2021\/06\/Wild-Green-Borneo-1.webp","width":750,"height":750,"caption":"Wildes Gr\u00fcnes Borneo Kratom Pulver"},{"@type":"BreadcrumbList","@id":"https:\/\/www.eukratom.com\/de\/shop\/kratom-kaufen\/green-kratom\/wild-green-borneo\/#breadcrumb","itemListElement":[{"@type":"ListItem","position":1,"name":"Home","item":"https:\/\/www.eukratom.com\/de\/"},{"@type":"ListItem","position":2,"name":"Shop","item":"https:\/\/www.eukratom.com\/de\/shop\/"},{"@type":"ListItem","position":3,"name":"Wild Green Borneo"}]},{"@type":"WebSite","@id":"https:\/\/www.eukratom.com\/de\/#website","url":"https:\/\/www.eukratom.com\/de\/","name":"EUKRATOM","description":"Best Kratom Online in Europe","publisher":{"@id":"https:\/\/www.eukratom.com\/de\/#organization"},"potentialAction":[{"@type":"SearchAction","target":{"@type":"EntryPoint","urlTemplate":"https:\/\/www.eukratom.com\/de\/?s={search_term_string}"},"query-input":{"@type":"PropertyValueSpecification","valueRequired":true,"valueName":"search_term_string"}}],"inLanguage":"de"},{"@type":"Organization","@id":"https:\/\/www.eukratom.com\/de\/#organization","name":"EUKRATOM","url":"https:\/\/www.eukratom.com\/de\/","logo":{"@type":"ImageObject","inLanguage":"de","@id":"https:\/\/www.eukratom.com\/de\/#\/schema\/logo\/image\/","url":"https:\/\/www.eukratom.com\/wp-content\/uploads\/2023\/02\/EUkratom.com_.svg","contentUrl":"https:\/\/www.eukratom.com\/wp-content\/uploads\/2023\/02\/EUkratom.com_.svg","width":1,"height":1,"caption":"EUKRATOM"},"image":{"@id":"https:\/\/www.eukratom.com\/de\/#\/schema\/logo\/image\/"}}]}},"jetpack_sharing_enabled":true,"_links":{"self":[{"href":"https:\/\/www.eukratom.com\/de\/wp-json\/wp\/v2\/product\/12017","targetHints":{"allow":["GET"]}}],"collection":[{"href":"https:\/\/www.eukratom.com\/de\/wp-json\/wp\/v2\/product"}],"about":[{"href":"https:\/\/www.eukratom.com\/de\/wp-json\/wp\/v2\/types\/product"}],"replies":[{"embeddable":true,"href":"https:\/\/www.eukratom.com\/de\/wp-json\/wp\/v2\/comments?post=12017"}],"wp:featuredmedia":[{"embeddable":true,"href":"https:\/\/www.eukratom.com\/de\/wp-json\/wp\/v2\/media\/13866"}],"wp:attachment":[{"href":"https:\/\/www.eukratom.com\/de\/wp-json\/wp\/v2\/media?parent=12017"}],"wp:term":[{"taxonomy":"product_brand","embeddable":true,"href":"https:\/\/www.eukratom.com\/de\/wp-json\/wp\/v2\/product_brand?post=12017"},{"taxonomy":"product_cat","embeddable":true,"href":"https:\/\/www.eukratom.com\/de\/wp-json\/wp\/v2\/product_cat?post=12017"},{"taxonomy":"product_tag","embeddable":true,"href":"https:\/\/www.eukratom.com\/de\/wp-json\/wp\/v2\/product_tag?post=12017"}],"curies":[{"name":"wp","href":"https:\/\/api.w.org\/{rel}","templated":true}]}}