{"id":11992,"date":"2022-07-10T11:48:23","date_gmt":"2022-07-10T09:48:23","guid":{"rendered":"https:\/\/www.eukratom.com\/shop\/unkategorisiert\/probepackung-20g-x-5\/"},"modified":"2026-04-06T16:31:41","modified_gmt":"2026-04-06T14:31:41","slug":"sample-pack-20g-x-5","status":"publish","type":"product","link":"https:\/\/www.eukratom.com\/de\/shop\/sample-packs\/sample-pack-20g-x-5\/","title":{"rendered":"Probepackung 20g x 5"},"content":{"rendered":"<p>Die Bl\u00e4tter werden in einer hochhygienischen, nach den &#8220;Good Manufacturing Practices&#8221; zertifizierten Anlage in Indonesien verarbeitet, gemahlen und transportiert. Anschlie\u00dfend wird das Pulver von einem externen Labor getestet, um seine Qualit\u00e4t zu best\u00e4tigen und zu pr\u00fcfen, dass es frei von Schwermetallen, Hefe, Enterobakterien, E. coli und Salmonellen ist. <\/p>\n","protected":false},"excerpt":{"rendered":"<div id=\"product-tab\" class=\"woocommerce-tabs woocommerce-tabs-pfv10he7 resp-htabs\">\n<div class=\"resp-tabs-container\">\n<div id=\"tab-description\" class=\"tab-content resp-tab-content resp-tab-content-active\" aria-labelledby=\"tab_item-0\">\n<div>Testen Sie unser Kratom-Sortiment mit einem<a href=\"https:\/\/www.eukratom.com\/products\/sample-packs\/\">&#8220;Probepaket<\/a>&#8220;. In diesem Paket erhalten Sie 5 verschiedene Sorten zu je 20g. Geben Sie im Nachrichtenfeld an der Kasse an, welche Sie w\u00fcnschen &#8211; andernfalls wird EUKratom die 5 derzeit beliebtesten Produkte sammeln.  <\/div>\n<\/div>\n<\/div>\n<\/div>\n","protected":false},"featured_media":11994,"comment_status":"open","ping_status":"closed","template":"","meta":[],"product_brand":[],"product_cat":[387],"product_tag":[],"class_list":{"0":"post-11992","1":"product","2":"type-product","3":"status-publish","4":"has-post-thumbnail","6":"product_cat-sample-packs","8":"first","9":"instock","10":"featured","11":"taxable","12":"shipping-taxable","13":"purchasable","14":"product-type-simple"},"yoast_head":"<!-- This site is optimized with the Yoast SEO plugin v27.5 - https:\/\/yoast.com\/product\/yoast-seo-wordpress\/ -->\n<title>M\u00f6chten Sie Kratom ausprobieren? | Musterpaket hier kaufen<\/title>\n<meta name=\"description\" content=\"M\u00f6chten Sie Kratom ausprobieren? Kaufen Sie unser Sample Pack Kratom mit je 20g von 5 Sorten. W\u00e4hlen Sie 5 unserer Kratom-Produkte in einer Probepackung.\" \/>\n<meta name=\"robots\" content=\"index, follow, max-snippet:-1, max-image-preview:large, max-video-preview:-1\" \/>\n<link rel=\"canonical\" href=\"https:\/\/www.eukratom.com\/de\/shop\/sample-packs\/sample-pack-20g-x-5\/\" \/>\n<meta property=\"og:locale\" content=\"de_DE\" \/>\n<meta property=\"og:type\" content=\"article\" \/>\n<meta property=\"og:title\" content=\"M\u00f6chten Sie Kratom ausprobieren? | Musterpaket hier kaufen\" \/>\n<meta property=\"og:description\" content=\"M\u00f6chten Sie Kratom ausprobieren? Kaufen Sie unser Sample Pack Kratom mit je 20g von 5 Sorten. W\u00e4hlen Sie 5 unserer Kratom-Produkte in einer Probepackung.\" \/>\n<meta property=\"og:url\" content=\"https:\/\/www.eukratom.com\/de\/shop\/sample-packs\/sample-pack-20g-x-5\/\" \/>\n<meta property=\"og:site_name\" content=\"EUKRATOM\" \/>\n<meta property=\"article:modified_time\" content=\"2026-04-06T14:31:41+00:00\" \/>\n<meta property=\"og:image\" content=\"https:\/\/www.eukratom.com\/wp-content\/uploads\/2022\/07\/Sample-pack-5-pcs.webp\" \/>\n\t<meta property=\"og:image:width\" content=\"1000\" \/>\n\t<meta property=\"og:image:height\" content=\"1000\" \/>\n\t<meta property=\"og:image:type\" content=\"image\/webp\" \/>\n<meta name=\"twitter:card\" content=\"summary_large_image\" \/>\n<meta name=\"twitter:label1\" content=\"Gesch\u00e4tzte Lesezeit\" \/>\n\t<meta name=\"twitter:data1\" content=\"1\u00a0Minute\" \/>\n<script type=\"application\/ld+json\" class=\"yoast-schema-graph\">{\"@context\":\"https:\\\/\\\/schema.org\",\"@graph\":[{\"@type\":\"WebPage\",\"@id\":\"https:\\\/\\\/www.eukratom.com\\\/de\\\/shop\\\/sample-packs\\\/sample-pack-20g-x-5\\\/\",\"url\":\"https:\\\/\\\/www.eukratom.com\\\/de\\\/shop\\\/sample-packs\\\/sample-pack-20g-x-5\\\/\",\"name\":\"M\u00f6chten Sie Kratom ausprobieren? | Musterpaket hier kaufen\",\"isPartOf\":{\"@id\":\"https:\\\/\\\/www.eukratom.com\\\/de\\\/#website\"},\"primaryImageOfPage\":{\"@id\":\"https:\\\/\\\/www.eukratom.com\\\/de\\\/shop\\\/sample-packs\\\/sample-pack-20g-x-5\\\/#primaryimage\"},\"image\":{\"@id\":\"https:\\\/\\\/www.eukratom.com\\\/de\\\/shop\\\/sample-packs\\\/sample-pack-20g-x-5\\\/#primaryimage\"},\"thumbnailUrl\":\"https:\\\/\\\/www.eukratom.com\\\/wp-content\\\/uploads\\\/2022\\\/07\\\/Sample-pack-5-pcs.webp\",\"datePublished\":\"2022-07-10T09:48:23+00:00\",\"dateModified\":\"2026-04-06T14:31:41+00:00\",\"description\":\"M\u00f6chten Sie Kratom ausprobieren? Kaufen Sie unser Sample Pack Kratom mit je 20g von 5 Sorten. W\u00e4hlen Sie 5 unserer Kratom-Produkte in einer Probepackung.\",\"breadcrumb\":{\"@id\":\"https:\\\/\\\/www.eukratom.com\\\/de\\\/shop\\\/sample-packs\\\/sample-pack-20g-x-5\\\/#breadcrumb\"},\"inLanguage\":\"de\",\"potentialAction\":[{\"@type\":\"ReadAction\",\"target\":[\"https:\\\/\\\/www.eukratom.com\\\/de\\\/shop\\\/sample-packs\\\/sample-pack-20g-x-5\\\/\"]}]},{\"@type\":\"ImageObject\",\"inLanguage\":\"de\",\"@id\":\"https:\\\/\\\/www.eukratom.com\\\/de\\\/shop\\\/sample-packs\\\/sample-pack-20g-x-5\\\/#primaryimage\",\"url\":\"https:\\\/\\\/www.eukratom.com\\\/wp-content\\\/uploads\\\/2022\\\/07\\\/Sample-pack-5-pcs.webp\",\"contentUrl\":\"https:\\\/\\\/www.eukratom.com\\\/wp-content\\\/uploads\\\/2022\\\/07\\\/Sample-pack-5-pcs.webp\",\"width\":1000,\"height\":1000,\"caption\":\"Probepackung 20g x 5\"},{\"@type\":\"BreadcrumbList\",\"@id\":\"https:\\\/\\\/www.eukratom.com\\\/de\\\/shop\\\/sample-packs\\\/sample-pack-20g-x-5\\\/#breadcrumb\",\"itemListElement\":[{\"@type\":\"ListItem\",\"position\":1,\"name\":\"Home\",\"item\":\"https:\\\/\\\/www.eukratom.com\\\/de\\\/\"},{\"@type\":\"ListItem\",\"position\":2,\"name\":\"Shop\",\"item\":\"https:\\\/\\\/www.eukratom.com\\\/de\\\/shop\\\/\"},{\"@type\":\"ListItem\",\"position\":3,\"name\":\"Probepackung 20g x 5\"}]},{\"@type\":\"WebSite\",\"@id\":\"https:\\\/\\\/www.eukratom.com\\\/de\\\/#website\",\"url\":\"https:\\\/\\\/www.eukratom.com\\\/de\\\/\",\"name\":\"EUKRATOM\",\"description\":\"Best Kratom Online in Europe\",\"publisher\":{\"@id\":\"https:\\\/\\\/www.eukratom.com\\\/de\\\/#organization\"},\"potentialAction\":[{\"@type\":\"SearchAction\",\"target\":{\"@type\":\"EntryPoint\",\"urlTemplate\":\"https:\\\/\\\/www.eukratom.com\\\/de\\\/?s={search_term_string}\"},\"query-input\":{\"@type\":\"PropertyValueSpecification\",\"valueRequired\":true,\"valueName\":\"search_term_string\"}}],\"inLanguage\":\"de\"},{\"@type\":\"Organization\",\"@id\":\"https:\\\/\\\/www.eukratom.com\\\/de\\\/#organization\",\"name\":\"EUKRATOM\",\"url\":\"https:\\\/\\\/www.eukratom.com\\\/de\\\/\",\"logo\":{\"@type\":\"ImageObject\",\"inLanguage\":\"de\",\"@id\":\"https:\\\/\\\/www.eukratom.com\\\/de\\\/#\\\/schema\\\/logo\\\/image\\\/\",\"url\":\"https:\\\/\\\/www.eukratom.com\\\/wp-content\\\/uploads\\\/2023\\\/02\\\/EUkratom.com_.svg\",\"contentUrl\":\"https:\\\/\\\/www.eukratom.com\\\/wp-content\\\/uploads\\\/2023\\\/02\\\/EUkratom.com_.svg\",\"width\":1,\"height\":1,\"caption\":\"EUKRATOM\"},\"image\":{\"@id\":\"https:\\\/\\\/www.eukratom.com\\\/de\\\/#\\\/schema\\\/logo\\\/image\\\/\"}}]}<\/script>\n<!-- \/ Yoast SEO plugin. -->","yoast_head_json":{"title":"M\u00f6chten Sie Kratom ausprobieren? | Musterpaket hier kaufen","description":"M\u00f6chten Sie Kratom ausprobieren? Kaufen Sie unser Sample Pack Kratom mit je 20g von 5 Sorten. W\u00e4hlen Sie 5 unserer Kratom-Produkte in einer Probepackung.","robots":{"index":"index","follow":"follow","max-snippet":"max-snippet:-1","max-image-preview":"max-image-preview:large","max-video-preview":"max-video-preview:-1"},"canonical":"https:\/\/www.eukratom.com\/de\/shop\/sample-packs\/sample-pack-20g-x-5\/","og_locale":"de_DE","og_type":"article","og_title":"M\u00f6chten Sie Kratom ausprobieren? | Musterpaket hier kaufen","og_description":"M\u00f6chten Sie Kratom ausprobieren? Kaufen Sie unser Sample Pack Kratom mit je 20g von 5 Sorten. W\u00e4hlen Sie 5 unserer Kratom-Produkte in einer Probepackung.","og_url":"https:\/\/www.eukratom.com\/de\/shop\/sample-packs\/sample-pack-20g-x-5\/","og_site_name":"EUKRATOM","article_modified_time":"2026-04-06T14:31:41+00:00","og_image":[{"width":1000,"height":1000,"url":"https:\/\/www.eukratom.com\/wp-content\/uploads\/2022\/07\/Sample-pack-5-pcs.webp","type":"image\/webp"}],"twitter_card":"summary_large_image","twitter_misc":{"Gesch\u00e4tzte Lesezeit":"1\u00a0Minute"},"schema":{"@context":"https:\/\/schema.org","@graph":[{"@type":"WebPage","@id":"https:\/\/www.eukratom.com\/de\/shop\/sample-packs\/sample-pack-20g-x-5\/","url":"https:\/\/www.eukratom.com\/de\/shop\/sample-packs\/sample-pack-20g-x-5\/","name":"M\u00f6chten Sie Kratom ausprobieren? | Musterpaket hier kaufen","isPartOf":{"@id":"https:\/\/www.eukratom.com\/de\/#website"},"primaryImageOfPage":{"@id":"https:\/\/www.eukratom.com\/de\/shop\/sample-packs\/sample-pack-20g-x-5\/#primaryimage"},"image":{"@id":"https:\/\/www.eukratom.com\/de\/shop\/sample-packs\/sample-pack-20g-x-5\/#primaryimage"},"thumbnailUrl":"https:\/\/www.eukratom.com\/wp-content\/uploads\/2022\/07\/Sample-pack-5-pcs.webp","datePublished":"2022-07-10T09:48:23+00:00","dateModified":"2026-04-06T14:31:41+00:00","description":"M\u00f6chten Sie Kratom ausprobieren? Kaufen Sie unser Sample Pack Kratom mit je 20g von 5 Sorten. W\u00e4hlen Sie 5 unserer Kratom-Produkte in einer Probepackung.","breadcrumb":{"@id":"https:\/\/www.eukratom.com\/de\/shop\/sample-packs\/sample-pack-20g-x-5\/#breadcrumb"},"inLanguage":"de","potentialAction":[{"@type":"ReadAction","target":["https:\/\/www.eukratom.com\/de\/shop\/sample-packs\/sample-pack-20g-x-5\/"]}]},{"@type":"ImageObject","inLanguage":"de","@id":"https:\/\/www.eukratom.com\/de\/shop\/sample-packs\/sample-pack-20g-x-5\/#primaryimage","url":"https:\/\/www.eukratom.com\/wp-content\/uploads\/2022\/07\/Sample-pack-5-pcs.webp","contentUrl":"https:\/\/www.eukratom.com\/wp-content\/uploads\/2022\/07\/Sample-pack-5-pcs.webp","width":1000,"height":1000,"caption":"Probepackung 20g x 5"},{"@type":"BreadcrumbList","@id":"https:\/\/www.eukratom.com\/de\/shop\/sample-packs\/sample-pack-20g-x-5\/#breadcrumb","itemListElement":[{"@type":"ListItem","position":1,"name":"Home","item":"https:\/\/www.eukratom.com\/de\/"},{"@type":"ListItem","position":2,"name":"Shop","item":"https:\/\/www.eukratom.com\/de\/shop\/"},{"@type":"ListItem","position":3,"name":"Probepackung 20g x 5"}]},{"@type":"WebSite","@id":"https:\/\/www.eukratom.com\/de\/#website","url":"https:\/\/www.eukratom.com\/de\/","name":"EUKRATOM","description":"Best Kratom Online in Europe","publisher":{"@id":"https:\/\/www.eukratom.com\/de\/#organization"},"potentialAction":[{"@type":"SearchAction","target":{"@type":"EntryPoint","urlTemplate":"https:\/\/www.eukratom.com\/de\/?s={search_term_string}"},"query-input":{"@type":"PropertyValueSpecification","valueRequired":true,"valueName":"search_term_string"}}],"inLanguage":"de"},{"@type":"Organization","@id":"https:\/\/www.eukratom.com\/de\/#organization","name":"EUKRATOM","url":"https:\/\/www.eukratom.com\/de\/","logo":{"@type":"ImageObject","inLanguage":"de","@id":"https:\/\/www.eukratom.com\/de\/#\/schema\/logo\/image\/","url":"https:\/\/www.eukratom.com\/wp-content\/uploads\/2023\/02\/EUkratom.com_.svg","contentUrl":"https:\/\/www.eukratom.com\/wp-content\/uploads\/2023\/02\/EUkratom.com_.svg","width":1,"height":1,"caption":"EUKRATOM"},"image":{"@id":"https:\/\/www.eukratom.com\/de\/#\/schema\/logo\/image\/"}}]}},"jetpack_sharing_enabled":true,"_links":{"self":[{"href":"https:\/\/www.eukratom.com\/de\/wp-json\/wp\/v2\/product\/11992","targetHints":{"allow":["GET"]}}],"collection":[{"href":"https:\/\/www.eukratom.com\/de\/wp-json\/wp\/v2\/product"}],"about":[{"href":"https:\/\/www.eukratom.com\/de\/wp-json\/wp\/v2\/types\/product"}],"replies":[{"embeddable":true,"href":"https:\/\/www.eukratom.com\/de\/wp-json\/wp\/v2\/comments?post=11992"}],"wp:featuredmedia":[{"embeddable":true,"href":"https:\/\/www.eukratom.com\/de\/wp-json\/wp\/v2\/media\/11994"}],"wp:attachment":[{"href":"https:\/\/www.eukratom.com\/de\/wp-json\/wp\/v2\/media?parent=11992"}],"wp:term":[{"taxonomy":"product_brand","embeddable":true,"href":"https:\/\/www.eukratom.com\/de\/wp-json\/wp\/v2\/product_brand?post=11992"},{"taxonomy":"product_cat","embeddable":true,"href":"https:\/\/www.eukratom.com\/de\/wp-json\/wp\/v2\/product_cat?post=11992"},{"taxonomy":"product_tag","embeddable":true,"href":"https:\/\/www.eukratom.com\/de\/wp-json\/wp\/v2\/product_tag?post=11992"}],"curies":[{"name":"wp","href":"https:\/\/api.w.org\/{rel}","templated":true}]}}