{"id":11976,"date":"2022-02-12T09:37:32","date_gmt":"2022-02-12T08:37:32","guid":{"rendered":"https:\/\/www.eukratom.com\/shop\/unkategorisiert\/seifenformen\/"},"modified":"2026-04-06T16:32:09","modified_gmt":"2026-04-06T14:32:09","slug":"seifenformen","status":"publish","type":"product","link":"https:\/\/www.eukratom.com\/de\/shop\/accessories\/seifenformen\/","title":{"rendered":"Seifenformen"},"content":{"rendered":"<p>GR\u00d6SSE:<\/p>\n<ul>\n<li>Pinke quadratische Form: 6,9 cm x 6,5 cm x 2 cm,<\/li>\n<li>Hellblaue runde Form: 7,3 cm x 2,5 cm<\/li>\n<li>Blaue runde Form: 7,1 cm x 2 cm<\/li>\n<li>Gr\u00fcnes Oval: 9 cm x 6 cm x 2,1 cm<\/li>\n<\/ul>\n","protected":false},"excerpt":{"rendered":"<p>Hochwertige <a href=\"https:\/\/www.eukratom.com\/products\/accessories\/\">DIY-Seifenformen<\/a> aus 100% hochwertigem lebensmittelechtem Silikon. FDA-gepr\u00fcft, BPA-frei und umweltfreundlich. Sicher im Backofen, in der Mikrowelle, im Gefrierschrank und in der Sp\u00fclmaschine zu verwenden. Temperatursicher von -40 bis +40\u00b0C.   <\/p>\n","protected":false},"featured_media":11979,"comment_status":"open","ping_status":"closed","template":"","meta":[],"product_brand":[],"product_cat":[381],"product_tag":[],"class_list":{"0":"post-11976","1":"product","2":"type-product","3":"status-publish","4":"has-post-thumbnail","6":"product_cat-accessories","8":"first","9":"outofstock","10":"featured","11":"taxable","12":"shipping-taxable","13":"purchasable","14":"product-type-variable"},"yoast_head":"<!-- This site is optimized with the Yoast SEO plugin v27.5 - https:\/\/yoast.com\/product\/yoast-seo-wordpress\/ -->\n<title>Holen Sie sich Seifenformen zum Bestpreis | EUKRATOM%<\/title>\n<meta name=\"description\" content=\"Entdecken Sie eine Vielzahl von hochwertigen Seifenformen f\u00fcr die Herstellung sch\u00f6ner, individueller Seifen. EUKratom bietet g\u00fcnstige Seifenformen, mit denen Sie unter anderem.\" \/>\n<meta name=\"robots\" content=\"index, follow, max-snippet:-1, max-image-preview:large, max-video-preview:-1\" \/>\n<link rel=\"canonical\" href=\"https:\/\/www.eukratom.com\/de\/shop\/accessories\/seifenformen\/\" \/>\n<meta property=\"og:locale\" content=\"de_DE\" \/>\n<meta property=\"og:type\" content=\"article\" \/>\n<meta property=\"og:title\" content=\"Holen Sie sich Seifenformen zum Bestpreis | EUKRATOM%\" \/>\n<meta property=\"og:description\" content=\"Entdecken Sie eine Vielzahl von hochwertigen Seifenformen f\u00fcr die Herstellung sch\u00f6ner, individueller Seifen. EUKratom bietet g\u00fcnstige Seifenformen, mit denen Sie unter anderem.\" \/>\n<meta property=\"og:url\" content=\"https:\/\/www.eukratom.com\/de\/shop\/accessories\/seifenformen\/\" \/>\n<meta property=\"og:site_name\" content=\"EUKRATOM\" \/>\n<meta property=\"article:modified_time\" content=\"2026-04-06T14:32:09+00:00\" \/>\n<meta property=\"og:image\" content=\"https:\/\/www.eukratom.com\/wp-content\/uploads\/2022\/02\/Soap-form-pink.webp\" \/>\n\t<meta property=\"og:image:width\" content=\"1000\" \/>\n\t<meta property=\"og:image:height\" content=\"1000\" \/>\n\t<meta property=\"og:image:type\" content=\"image\/webp\" \/>\n<meta name=\"twitter:card\" content=\"summary_large_image\" \/>\n<script type=\"application\/ld+json\" class=\"yoast-schema-graph\">{\"@context\":\"https:\\\/\\\/schema.org\",\"@graph\":[{\"@type\":\"WebPage\",\"@id\":\"https:\\\/\\\/www.eukratom.com\\\/de\\\/shop\\\/accessories\\\/seifenformen\\\/\",\"url\":\"https:\\\/\\\/www.eukratom.com\\\/de\\\/shop\\\/accessories\\\/seifenformen\\\/\",\"name\":\"Holen Sie sich Seifenformen zum Bestpreis | EUKRATOM%\",\"isPartOf\":{\"@id\":\"https:\\\/\\\/www.eukratom.com\\\/de\\\/#website\"},\"primaryImageOfPage\":{\"@id\":\"https:\\\/\\\/www.eukratom.com\\\/de\\\/shop\\\/accessories\\\/seifenformen\\\/#primaryimage\"},\"image\":{\"@id\":\"https:\\\/\\\/www.eukratom.com\\\/de\\\/shop\\\/accessories\\\/seifenformen\\\/#primaryimage\"},\"thumbnailUrl\":\"https:\\\/\\\/www.eukratom.com\\\/wp-content\\\/uploads\\\/2022\\\/02\\\/Soap-form-pink.webp\",\"datePublished\":\"2022-02-12T08:37:32+00:00\",\"dateModified\":\"2026-04-06T14:32:09+00:00\",\"description\":\"Entdecken Sie eine Vielzahl von hochwertigen Seifenformen f\u00fcr die Herstellung sch\u00f6ner, individueller Seifen. EUKratom bietet g\u00fcnstige Seifenformen, mit denen Sie unter anderem.\",\"breadcrumb\":{\"@id\":\"https:\\\/\\\/www.eukratom.com\\\/de\\\/shop\\\/accessories\\\/seifenformen\\\/#breadcrumb\"},\"inLanguage\":\"de\",\"potentialAction\":[{\"@type\":\"ReadAction\",\"target\":[\"https:\\\/\\\/www.eukratom.com\\\/de\\\/shop\\\/accessories\\\/seifenformen\\\/\"]}]},{\"@type\":\"ImageObject\",\"inLanguage\":\"de\",\"@id\":\"https:\\\/\\\/www.eukratom.com\\\/de\\\/shop\\\/accessories\\\/seifenformen\\\/#primaryimage\",\"url\":\"https:\\\/\\\/www.eukratom.com\\\/wp-content\\\/uploads\\\/2022\\\/02\\\/Soap-form-pink.webp\",\"contentUrl\":\"https:\\\/\\\/www.eukratom.com\\\/wp-content\\\/uploads\\\/2022\\\/02\\\/Soap-form-pink.webp\",\"width\":1000,\"height\":1000,\"caption\":\"Seifenformen\"},{\"@type\":\"BreadcrumbList\",\"@id\":\"https:\\\/\\\/www.eukratom.com\\\/de\\\/shop\\\/accessories\\\/seifenformen\\\/#breadcrumb\",\"itemListElement\":[{\"@type\":\"ListItem\",\"position\":1,\"name\":\"Home\",\"item\":\"https:\\\/\\\/www.eukratom.com\\\/de\\\/\"},{\"@type\":\"ListItem\",\"position\":2,\"name\":\"Shop\",\"item\":\"https:\\\/\\\/www.eukratom.com\\\/de\\\/shop\\\/\"},{\"@type\":\"ListItem\",\"position\":3,\"name\":\"Seifenformen\"}]},{\"@type\":\"WebSite\",\"@id\":\"https:\\\/\\\/www.eukratom.com\\\/de\\\/#website\",\"url\":\"https:\\\/\\\/www.eukratom.com\\\/de\\\/\",\"name\":\"EUKRATOM\",\"description\":\"Best Kratom Online in Europe\",\"publisher\":{\"@id\":\"https:\\\/\\\/www.eukratom.com\\\/de\\\/#organization\"},\"potentialAction\":[{\"@type\":\"SearchAction\",\"target\":{\"@type\":\"EntryPoint\",\"urlTemplate\":\"https:\\\/\\\/www.eukratom.com\\\/de\\\/?s={search_term_string}\"},\"query-input\":{\"@type\":\"PropertyValueSpecification\",\"valueRequired\":true,\"valueName\":\"search_term_string\"}}],\"inLanguage\":\"de\"},{\"@type\":\"Organization\",\"@id\":\"https:\\\/\\\/www.eukratom.com\\\/de\\\/#organization\",\"name\":\"EUKRATOM\",\"url\":\"https:\\\/\\\/www.eukratom.com\\\/de\\\/\",\"logo\":{\"@type\":\"ImageObject\",\"inLanguage\":\"de\",\"@id\":\"https:\\\/\\\/www.eukratom.com\\\/de\\\/#\\\/schema\\\/logo\\\/image\\\/\",\"url\":\"https:\\\/\\\/www.eukratom.com\\\/wp-content\\\/uploads\\\/2023\\\/02\\\/EUkratom.com_.svg\",\"contentUrl\":\"https:\\\/\\\/www.eukratom.com\\\/wp-content\\\/uploads\\\/2023\\\/02\\\/EUkratom.com_.svg\",\"width\":1,\"height\":1,\"caption\":\"EUKRATOM\"},\"image\":{\"@id\":\"https:\\\/\\\/www.eukratom.com\\\/de\\\/#\\\/schema\\\/logo\\\/image\\\/\"}}]}<\/script>\n<!-- \/ Yoast SEO plugin. -->","yoast_head_json":{"title":"Holen Sie sich Seifenformen zum Bestpreis | EUKRATOM%","description":"Entdecken Sie eine Vielzahl von hochwertigen Seifenformen f\u00fcr die Herstellung sch\u00f6ner, individueller Seifen. EUKratom bietet g\u00fcnstige Seifenformen, mit denen Sie unter anderem.","robots":{"index":"index","follow":"follow","max-snippet":"max-snippet:-1","max-image-preview":"max-image-preview:large","max-video-preview":"max-video-preview:-1"},"canonical":"https:\/\/www.eukratom.com\/de\/shop\/accessories\/seifenformen\/","og_locale":"de_DE","og_type":"article","og_title":"Holen Sie sich Seifenformen zum Bestpreis | EUKRATOM%","og_description":"Entdecken Sie eine Vielzahl von hochwertigen Seifenformen f\u00fcr die Herstellung sch\u00f6ner, individueller Seifen. EUKratom bietet g\u00fcnstige Seifenformen, mit denen Sie unter anderem.","og_url":"https:\/\/www.eukratom.com\/de\/shop\/accessories\/seifenformen\/","og_site_name":"EUKRATOM","article_modified_time":"2026-04-06T14:32:09+00:00","og_image":[{"width":1000,"height":1000,"url":"https:\/\/www.eukratom.com\/wp-content\/uploads\/2022\/02\/Soap-form-pink.webp","type":"image\/webp"}],"twitter_card":"summary_large_image","schema":{"@context":"https:\/\/schema.org","@graph":[{"@type":"WebPage","@id":"https:\/\/www.eukratom.com\/de\/shop\/accessories\/seifenformen\/","url":"https:\/\/www.eukratom.com\/de\/shop\/accessories\/seifenformen\/","name":"Holen Sie sich Seifenformen zum Bestpreis | EUKRATOM%","isPartOf":{"@id":"https:\/\/www.eukratom.com\/de\/#website"},"primaryImageOfPage":{"@id":"https:\/\/www.eukratom.com\/de\/shop\/accessories\/seifenformen\/#primaryimage"},"image":{"@id":"https:\/\/www.eukratom.com\/de\/shop\/accessories\/seifenformen\/#primaryimage"},"thumbnailUrl":"https:\/\/www.eukratom.com\/wp-content\/uploads\/2022\/02\/Soap-form-pink.webp","datePublished":"2022-02-12T08:37:32+00:00","dateModified":"2026-04-06T14:32:09+00:00","description":"Entdecken Sie eine Vielzahl von hochwertigen Seifenformen f\u00fcr die Herstellung sch\u00f6ner, individueller Seifen. EUKratom bietet g\u00fcnstige Seifenformen, mit denen Sie unter anderem.","breadcrumb":{"@id":"https:\/\/www.eukratom.com\/de\/shop\/accessories\/seifenformen\/#breadcrumb"},"inLanguage":"de","potentialAction":[{"@type":"ReadAction","target":["https:\/\/www.eukratom.com\/de\/shop\/accessories\/seifenformen\/"]}]},{"@type":"ImageObject","inLanguage":"de","@id":"https:\/\/www.eukratom.com\/de\/shop\/accessories\/seifenformen\/#primaryimage","url":"https:\/\/www.eukratom.com\/wp-content\/uploads\/2022\/02\/Soap-form-pink.webp","contentUrl":"https:\/\/www.eukratom.com\/wp-content\/uploads\/2022\/02\/Soap-form-pink.webp","width":1000,"height":1000,"caption":"Seifenformen"},{"@type":"BreadcrumbList","@id":"https:\/\/www.eukratom.com\/de\/shop\/accessories\/seifenformen\/#breadcrumb","itemListElement":[{"@type":"ListItem","position":1,"name":"Home","item":"https:\/\/www.eukratom.com\/de\/"},{"@type":"ListItem","position":2,"name":"Shop","item":"https:\/\/www.eukratom.com\/de\/shop\/"},{"@type":"ListItem","position":3,"name":"Seifenformen"}]},{"@type":"WebSite","@id":"https:\/\/www.eukratom.com\/de\/#website","url":"https:\/\/www.eukratom.com\/de\/","name":"EUKRATOM","description":"Best Kratom Online in Europe","publisher":{"@id":"https:\/\/www.eukratom.com\/de\/#organization"},"potentialAction":[{"@type":"SearchAction","target":{"@type":"EntryPoint","urlTemplate":"https:\/\/www.eukratom.com\/de\/?s={search_term_string}"},"query-input":{"@type":"PropertyValueSpecification","valueRequired":true,"valueName":"search_term_string"}}],"inLanguage":"de"},{"@type":"Organization","@id":"https:\/\/www.eukratom.com\/de\/#organization","name":"EUKRATOM","url":"https:\/\/www.eukratom.com\/de\/","logo":{"@type":"ImageObject","inLanguage":"de","@id":"https:\/\/www.eukratom.com\/de\/#\/schema\/logo\/image\/","url":"https:\/\/www.eukratom.com\/wp-content\/uploads\/2023\/02\/EUkratom.com_.svg","contentUrl":"https:\/\/www.eukratom.com\/wp-content\/uploads\/2023\/02\/EUkratom.com_.svg","width":1,"height":1,"caption":"EUKRATOM"},"image":{"@id":"https:\/\/www.eukratom.com\/de\/#\/schema\/logo\/image\/"}}]}},"jetpack_sharing_enabled":true,"_links":{"self":[{"href":"https:\/\/www.eukratom.com\/de\/wp-json\/wp\/v2\/product\/11976","targetHints":{"allow":["GET"]}}],"collection":[{"href":"https:\/\/www.eukratom.com\/de\/wp-json\/wp\/v2\/product"}],"about":[{"href":"https:\/\/www.eukratom.com\/de\/wp-json\/wp\/v2\/types\/product"}],"replies":[{"embeddable":true,"href":"https:\/\/www.eukratom.com\/de\/wp-json\/wp\/v2\/comments?post=11976"}],"wp:featuredmedia":[{"embeddable":true,"href":"https:\/\/www.eukratom.com\/de\/wp-json\/wp\/v2\/media\/11979"}],"wp:attachment":[{"href":"https:\/\/www.eukratom.com\/de\/wp-json\/wp\/v2\/media?parent=11976"}],"wp:term":[{"taxonomy":"product_brand","embeddable":true,"href":"https:\/\/www.eukratom.com\/de\/wp-json\/wp\/v2\/product_brand?post=11976"},{"taxonomy":"product_cat","embeddable":true,"href":"https:\/\/www.eukratom.com\/de\/wp-json\/wp\/v2\/product_cat?post=11976"},{"taxonomy":"product_tag","embeddable":true,"href":"https:\/\/www.eukratom.com\/de\/wp-json\/wp\/v2\/product_tag?post=11976"}],"curies":[{"name":"wp","href":"https:\/\/api.w.org\/{rel}","templated":true}]}}