{"id":11968,"date":"2022-08-31T19:36:33","date_gmt":"2022-08-31T17:36:33","guid":{"rendered":"https:\/\/www.eukratom.com\/shop\/unkategorisiert\/digitale-waage-500g-001g\/"},"modified":"2026-01-06T13:13:37","modified_gmt":"2026-01-06T12:13:37","slug":"digitale-waage-500g-001g","status":"publish","type":"product","link":"https:\/\/www.eukratom.com\/de\/shop\/accessories\/digitale-waage-500g-001g\/","title":{"rendered":"Digitale Waage 500g\/0,01g"},"content":{"rendered":"<p><strong>Spezifikationen:<br \/>\n<\/strong>Farbe: Schwarz<br \/>\nGr\u00f6\u00dfe: 13\u00d78\u00d72 cm<br \/>\nMaterial: Kunststoff<br \/>\nEinheiten: g\/oz\/gn\/ct\/tl\/ozt\/dwt<br \/>\nKapazit\u00e4t\/Genauigkeit: 500g\/0,01g<\/p>\n<p><strong>Lieferumfang:<\/strong><br \/>\n1 \u00d7 Digitalwaage<br \/>\n2 \u00d7 AAA-Batterien<\/p>\n","protected":false},"excerpt":{"rendered":"<div id=\"product-description-short-67352\" class=\"product-description-short typo sm-bottom\">Digitale Waage im Taschenformat. Perfekt f\u00fcr kleine Mengen, die Pr\u00e4zision erfordern. Wiegt bis zu 500 g mit einer Genauigkeit von 0,01 g. Perfekt f\u00fcr Ihre Heimwerkerprojekte!   <\/div>\n","protected":false},"featured_media":11971,"comment_status":"open","ping_status":"closed","template":"","meta":[],"product_brand":[],"product_cat":[456,381],"product_tag":[],"class_list":{"0":"post-11968","1":"product","2":"type-product","3":"status-publish","4":"has-post-thumbnail","6":"product_cat-angebote","7":"product_cat-accessories","9":"first","10":"instock","11":"featured","12":"taxable","13":"shipping-taxable","14":"purchasable","15":"product-type-simple"},"yoast_head":"<!-- This site is optimized with the Yoast SEO plugin v27.5 - https:\/\/yoast.com\/product\/yoast-seo-wordpress\/ -->\n<title>Digitalwaage 500g\/0.01g kaufen | EUKRATOM<\/title>\n<meta name=\"description\" content=\"Digitale Waage im Taschenformat. Perfekt f\u00fcr W\u00e4gungen, die Pr\u00e4zision erfordern. Wiegt bis zu 500 g mit einer Genauigkeit von 0,01 g.\" \/>\n<meta name=\"robots\" content=\"index, follow, max-snippet:-1, max-image-preview:large, max-video-preview:-1\" \/>\n<link rel=\"canonical\" href=\"https:\/\/www.eukratom.com\/de\/shop\/accessories\/digitale-waage-500g-001g\/\" \/>\n<meta property=\"og:locale\" content=\"de_DE\" \/>\n<meta property=\"og:type\" content=\"article\" \/>\n<meta property=\"og:title\" content=\"Digitalwaage 500g\/0.01g kaufen | EUKRATOM\" \/>\n<meta property=\"og:description\" content=\"Digitale Waage im Taschenformat. Perfekt f\u00fcr W\u00e4gungen, die Pr\u00e4zision erfordern. Wiegt bis zu 500 g mit einer Genauigkeit von 0,01 g.\" \/>\n<meta property=\"og:url\" content=\"https:\/\/www.eukratom.com\/de\/shop\/accessories\/digitale-waage-500g-001g\/\" \/>\n<meta property=\"og:site_name\" content=\"EUKRATOM\" \/>\n<meta property=\"article:modified_time\" content=\"2026-01-06T12:13:37+00:00\" \/>\n<meta property=\"og:image\" content=\"https:\/\/www.eukratom.com\/wp-content\/uploads\/2022\/08\/Digital-scale-open.webp\" \/>\n\t<meta property=\"og:image:width\" content=\"1000\" \/>\n\t<meta property=\"og:image:height\" content=\"1000\" \/>\n\t<meta property=\"og:image:type\" content=\"image\/webp\" \/>\n<meta name=\"twitter:card\" content=\"summary_large_image\" \/>\n<script type=\"application\/ld+json\" class=\"yoast-schema-graph\">{\"@context\":\"https:\\\/\\\/schema.org\",\"@graph\":[{\"@type\":\"WebPage\",\"@id\":\"https:\\\/\\\/www.eukratom.com\\\/de\\\/shop\\\/accessories\\\/digitale-waage-500g-001g\\\/\",\"url\":\"https:\\\/\\\/www.eukratom.com\\\/de\\\/shop\\\/accessories\\\/digitale-waage-500g-001g\\\/\",\"name\":\"Digitalwaage 500g\\\/0.01g kaufen | EUKRATOM\",\"isPartOf\":{\"@id\":\"https:\\\/\\\/www.eukratom.com\\\/de\\\/#website\"},\"primaryImageOfPage\":{\"@id\":\"https:\\\/\\\/www.eukratom.com\\\/de\\\/shop\\\/accessories\\\/digitale-waage-500g-001g\\\/#primaryimage\"},\"image\":{\"@id\":\"https:\\\/\\\/www.eukratom.com\\\/de\\\/shop\\\/accessories\\\/digitale-waage-500g-001g\\\/#primaryimage\"},\"thumbnailUrl\":\"https:\\\/\\\/www.eukratom.com\\\/wp-content\\\/uploads\\\/2022\\\/08\\\/Digital-scale-open.webp\",\"datePublished\":\"2022-08-31T17:36:33+00:00\",\"dateModified\":\"2026-01-06T12:13:37+00:00\",\"description\":\"Digitale Waage im Taschenformat. Perfekt f\u00fcr W\u00e4gungen, die Pr\u00e4zision erfordern. Wiegt bis zu 500 g mit einer Genauigkeit von 0,01 g.\",\"breadcrumb\":{\"@id\":\"https:\\\/\\\/www.eukratom.com\\\/de\\\/shop\\\/accessories\\\/digitale-waage-500g-001g\\\/#breadcrumb\"},\"inLanguage\":\"de\",\"potentialAction\":[{\"@type\":\"ReadAction\",\"target\":[\"https:\\\/\\\/www.eukratom.com\\\/de\\\/shop\\\/accessories\\\/digitale-waage-500g-001g\\\/\"]}]},{\"@type\":\"ImageObject\",\"inLanguage\":\"de\",\"@id\":\"https:\\\/\\\/www.eukratom.com\\\/de\\\/shop\\\/accessories\\\/digitale-waage-500g-001g\\\/#primaryimage\",\"url\":\"https:\\\/\\\/www.eukratom.com\\\/wp-content\\\/uploads\\\/2022\\\/08\\\/Digital-scale-open.webp\",\"contentUrl\":\"https:\\\/\\\/www.eukratom.com\\\/wp-content\\\/uploads\\\/2022\\\/08\\\/Digital-scale-open.webp\",\"width\":1000,\"height\":1000,\"caption\":\"Digitalwaage 500g\\\/0,01g\"},{\"@type\":\"BreadcrumbList\",\"@id\":\"https:\\\/\\\/www.eukratom.com\\\/de\\\/shop\\\/accessories\\\/digitale-waage-500g-001g\\\/#breadcrumb\",\"itemListElement\":[{\"@type\":\"ListItem\",\"position\":1,\"name\":\"Home\",\"item\":\"https:\\\/\\\/www.eukratom.com\\\/de\\\/\"},{\"@type\":\"ListItem\",\"position\":2,\"name\":\"Shop\",\"item\":\"https:\\\/\\\/www.eukratom.com\\\/de\\\/shop\\\/\"},{\"@type\":\"ListItem\",\"position\":3,\"name\":\"Digitale Waage 500g\\\/0,01g\"}]},{\"@type\":\"WebSite\",\"@id\":\"https:\\\/\\\/www.eukratom.com\\\/de\\\/#website\",\"url\":\"https:\\\/\\\/www.eukratom.com\\\/de\\\/\",\"name\":\"EUKRATOM\",\"description\":\"Best Kratom Online in Europe\",\"publisher\":{\"@id\":\"https:\\\/\\\/www.eukratom.com\\\/de\\\/#organization\"},\"potentialAction\":[{\"@type\":\"SearchAction\",\"target\":{\"@type\":\"EntryPoint\",\"urlTemplate\":\"https:\\\/\\\/www.eukratom.com\\\/de\\\/?s={search_term_string}\"},\"query-input\":{\"@type\":\"PropertyValueSpecification\",\"valueRequired\":true,\"valueName\":\"search_term_string\"}}],\"inLanguage\":\"de\"},{\"@type\":\"Organization\",\"@id\":\"https:\\\/\\\/www.eukratom.com\\\/de\\\/#organization\",\"name\":\"EUKRATOM\",\"url\":\"https:\\\/\\\/www.eukratom.com\\\/de\\\/\",\"logo\":{\"@type\":\"ImageObject\",\"inLanguage\":\"de\",\"@id\":\"https:\\\/\\\/www.eukratom.com\\\/de\\\/#\\\/schema\\\/logo\\\/image\\\/\",\"url\":\"https:\\\/\\\/www.eukratom.com\\\/wp-content\\\/uploads\\\/2023\\\/02\\\/EUkratom.com_.svg\",\"contentUrl\":\"https:\\\/\\\/www.eukratom.com\\\/wp-content\\\/uploads\\\/2023\\\/02\\\/EUkratom.com_.svg\",\"width\":1,\"height\":1,\"caption\":\"EUKRATOM\"},\"image\":{\"@id\":\"https:\\\/\\\/www.eukratom.com\\\/de\\\/#\\\/schema\\\/logo\\\/image\\\/\"}}]}<\/script>\n<!-- \/ Yoast SEO plugin. -->","yoast_head_json":{"title":"Digitalwaage 500g\/0.01g kaufen | EUKRATOM","description":"Digitale Waage im Taschenformat. Perfekt f\u00fcr W\u00e4gungen, die Pr\u00e4zision erfordern. Wiegt bis zu 500 g mit einer Genauigkeit von 0,01 g.","robots":{"index":"index","follow":"follow","max-snippet":"max-snippet:-1","max-image-preview":"max-image-preview:large","max-video-preview":"max-video-preview:-1"},"canonical":"https:\/\/www.eukratom.com\/de\/shop\/accessories\/digitale-waage-500g-001g\/","og_locale":"de_DE","og_type":"article","og_title":"Digitalwaage 500g\/0.01g kaufen | EUKRATOM","og_description":"Digitale Waage im Taschenformat. Perfekt f\u00fcr W\u00e4gungen, die Pr\u00e4zision erfordern. Wiegt bis zu 500 g mit einer Genauigkeit von 0,01 g.","og_url":"https:\/\/www.eukratom.com\/de\/shop\/accessories\/digitale-waage-500g-001g\/","og_site_name":"EUKRATOM","article_modified_time":"2026-01-06T12:13:37+00:00","og_image":[{"width":1000,"height":1000,"url":"https:\/\/www.eukratom.com\/wp-content\/uploads\/2022\/08\/Digital-scale-open.webp","type":"image\/webp"}],"twitter_card":"summary_large_image","schema":{"@context":"https:\/\/schema.org","@graph":[{"@type":"WebPage","@id":"https:\/\/www.eukratom.com\/de\/shop\/accessories\/digitale-waage-500g-001g\/","url":"https:\/\/www.eukratom.com\/de\/shop\/accessories\/digitale-waage-500g-001g\/","name":"Digitalwaage 500g\/0.01g kaufen | EUKRATOM","isPartOf":{"@id":"https:\/\/www.eukratom.com\/de\/#website"},"primaryImageOfPage":{"@id":"https:\/\/www.eukratom.com\/de\/shop\/accessories\/digitale-waage-500g-001g\/#primaryimage"},"image":{"@id":"https:\/\/www.eukratom.com\/de\/shop\/accessories\/digitale-waage-500g-001g\/#primaryimage"},"thumbnailUrl":"https:\/\/www.eukratom.com\/wp-content\/uploads\/2022\/08\/Digital-scale-open.webp","datePublished":"2022-08-31T17:36:33+00:00","dateModified":"2026-01-06T12:13:37+00:00","description":"Digitale Waage im Taschenformat. Perfekt f\u00fcr W\u00e4gungen, die Pr\u00e4zision erfordern. Wiegt bis zu 500 g mit einer Genauigkeit von 0,01 g.","breadcrumb":{"@id":"https:\/\/www.eukratom.com\/de\/shop\/accessories\/digitale-waage-500g-001g\/#breadcrumb"},"inLanguage":"de","potentialAction":[{"@type":"ReadAction","target":["https:\/\/www.eukratom.com\/de\/shop\/accessories\/digitale-waage-500g-001g\/"]}]},{"@type":"ImageObject","inLanguage":"de","@id":"https:\/\/www.eukratom.com\/de\/shop\/accessories\/digitale-waage-500g-001g\/#primaryimage","url":"https:\/\/www.eukratom.com\/wp-content\/uploads\/2022\/08\/Digital-scale-open.webp","contentUrl":"https:\/\/www.eukratom.com\/wp-content\/uploads\/2022\/08\/Digital-scale-open.webp","width":1000,"height":1000,"caption":"Digitalwaage 500g\/0,01g"},{"@type":"BreadcrumbList","@id":"https:\/\/www.eukratom.com\/de\/shop\/accessories\/digitale-waage-500g-001g\/#breadcrumb","itemListElement":[{"@type":"ListItem","position":1,"name":"Home","item":"https:\/\/www.eukratom.com\/de\/"},{"@type":"ListItem","position":2,"name":"Shop","item":"https:\/\/www.eukratom.com\/de\/shop\/"},{"@type":"ListItem","position":3,"name":"Digitale Waage 500g\/0,01g"}]},{"@type":"WebSite","@id":"https:\/\/www.eukratom.com\/de\/#website","url":"https:\/\/www.eukratom.com\/de\/","name":"EUKRATOM","description":"Best Kratom Online in Europe","publisher":{"@id":"https:\/\/www.eukratom.com\/de\/#organization"},"potentialAction":[{"@type":"SearchAction","target":{"@type":"EntryPoint","urlTemplate":"https:\/\/www.eukratom.com\/de\/?s={search_term_string}"},"query-input":{"@type":"PropertyValueSpecification","valueRequired":true,"valueName":"search_term_string"}}],"inLanguage":"de"},{"@type":"Organization","@id":"https:\/\/www.eukratom.com\/de\/#organization","name":"EUKRATOM","url":"https:\/\/www.eukratom.com\/de\/","logo":{"@type":"ImageObject","inLanguage":"de","@id":"https:\/\/www.eukratom.com\/de\/#\/schema\/logo\/image\/","url":"https:\/\/www.eukratom.com\/wp-content\/uploads\/2023\/02\/EUkratom.com_.svg","contentUrl":"https:\/\/www.eukratom.com\/wp-content\/uploads\/2023\/02\/EUkratom.com_.svg","width":1,"height":1,"caption":"EUKRATOM"},"image":{"@id":"https:\/\/www.eukratom.com\/de\/#\/schema\/logo\/image\/"}}]}},"jetpack_sharing_enabled":true,"_links":{"self":[{"href":"https:\/\/www.eukratom.com\/de\/wp-json\/wp\/v2\/product\/11968","targetHints":{"allow":["GET"]}}],"collection":[{"href":"https:\/\/www.eukratom.com\/de\/wp-json\/wp\/v2\/product"}],"about":[{"href":"https:\/\/www.eukratom.com\/de\/wp-json\/wp\/v2\/types\/product"}],"replies":[{"embeddable":true,"href":"https:\/\/www.eukratom.com\/de\/wp-json\/wp\/v2\/comments?post=11968"}],"wp:featuredmedia":[{"embeddable":true,"href":"https:\/\/www.eukratom.com\/de\/wp-json\/wp\/v2\/media\/11971"}],"wp:attachment":[{"href":"https:\/\/www.eukratom.com\/de\/wp-json\/wp\/v2\/media?parent=11968"}],"wp:term":[{"taxonomy":"product_brand","embeddable":true,"href":"https:\/\/www.eukratom.com\/de\/wp-json\/wp\/v2\/product_brand?post=11968"},{"taxonomy":"product_cat","embeddable":true,"href":"https:\/\/www.eukratom.com\/de\/wp-json\/wp\/v2\/product_cat?post=11968"},{"taxonomy":"product_tag","embeddable":true,"href":"https:\/\/www.eukratom.com\/de\/wp-json\/wp\/v2\/product_tag?post=11968"}],"curies":[{"name":"wp","href":"https:\/\/api.w.org\/{rel}","templated":true}]}}