{"id":11962,"date":"2022-09-14T19:06:44","date_gmt":"2022-09-14T17:06:44","guid":{"rendered":"https:\/\/www.eukratom.com\/shop\/unkategorisiert\/gemischte-blumen\/"},"modified":"2025-12-25T10:36:50","modified_gmt":"2025-12-25T09:36:50","slug":"gemischte-blumen","status":"publish","type":"product","link":"https:\/\/www.eukratom.com\/de\/shop\/accessories\/gemischte-blumen\/","title":{"rendered":"Gemischte Blumen"},"content":{"rendered":"<p><strong>Spezifikationen:<\/strong><br \/>\nInhalt: Pfingstrose, Pfirsich, Amaranth, Vergissmeinnicht, Kerbel, Nelke, Strohblume.<br \/>\nPflanzenteil: Knospen und Bl\u00fcten<br \/>\nZustand: Getrocknet<br \/>\nAroma: Fruchtiger, w\u00fcrziger und belebender Duft<br \/>\nVerwendungsm\u00f6glichkeiten: Perfekt f\u00fcr die Seifenherstellung, Kerzenherstellung, R\u00e4uchermischungen, Duftdosen, Badesalze, Badebomben, Potpourri, Dekoration, etc.<br \/>\nGewicht: 70g<\/p>\n","protected":false},"excerpt":{"rendered":"<p>7 verschiedene getrocknete Blumen &#8211; perfekt f\u00fcr die Seifenherstellung, Kerzenherstellung, R\u00e4uchermischungen, Duftdosen, Potpourri, Dekoration, etc.<\/p>\n","protected":false},"featured_media":11964,"comment_status":"open","ping_status":"closed","template":"","meta":[],"product_brand":[],"product_cat":[381],"product_tag":[],"class_list":{"0":"post-11962","1":"product","2":"type-product","3":"status-publish","4":"has-post-thumbnail","6":"product_cat-accessories","8":"first","9":"outofstock","10":"featured","11":"taxable","12":"shipping-taxable","13":"purchasable","14":"product-type-simple"},"yoast_head":"<!-- This site is optimized with the Yoast SEO plugin v27.5 - https:\/\/yoast.com\/product\/yoast-seo-wordpress\/ -->\n<title>Gemischte Blumen online kaufen | EUKRATOM<\/title>\n<meta name=\"description\" content=\"Kaufen Sie gemischte Bl\u00fcten bei EUKratom.com. Perfekt f\u00fcr die Herstellung von Seife, Kerzen, R\u00e4uchermischungen, Duftdosen, Potpourri, Dekoration, usw.\" \/>\n<meta name=\"robots\" content=\"index, follow, max-snippet:-1, max-image-preview:large, max-video-preview:-1\" \/>\n<link rel=\"canonical\" href=\"https:\/\/www.eukratom.com\/de\/shop\/accessories\/gemischte-blumen\/\" \/>\n<meta property=\"og:locale\" content=\"de_DE\" \/>\n<meta property=\"og:type\" content=\"article\" \/>\n<meta property=\"og:title\" content=\"Gemischte Blumen online kaufen | EUKRATOM\" \/>\n<meta property=\"og:description\" content=\"Kaufen Sie gemischte Bl\u00fcten bei EUKratom.com. Perfekt f\u00fcr die Herstellung von Seife, Kerzen, R\u00e4uchermischungen, Duftdosen, Potpourri, Dekoration, usw.\" \/>\n<meta property=\"og:url\" content=\"https:\/\/www.eukratom.com\/de\/shop\/accessories\/gemischte-blumen\/\" \/>\n<meta property=\"og:site_name\" content=\"EUKRATOM\" \/>\n<meta property=\"article:modified_time\" content=\"2025-12-25T09:36:50+00:00\" \/>\n<meta property=\"og:image\" content=\"https:\/\/www.eukratom.com\/wp-content\/uploads\/2022\/09\/Mixed-flowers.webp\" \/>\n\t<meta property=\"og:image:width\" content=\"1000\" \/>\n\t<meta property=\"og:image:height\" content=\"1000\" \/>\n\t<meta property=\"og:image:type\" content=\"image\/webp\" \/>\n<meta name=\"twitter:card\" content=\"summary_large_image\" \/>\n<script type=\"application\/ld+json\" class=\"yoast-schema-graph\">{\"@context\":\"https:\\\/\\\/schema.org\",\"@graph\":[{\"@type\":\"WebPage\",\"@id\":\"https:\\\/\\\/www.eukratom.com\\\/de\\\/shop\\\/accessories\\\/gemischte-blumen\\\/\",\"url\":\"https:\\\/\\\/www.eukratom.com\\\/de\\\/shop\\\/accessories\\\/gemischte-blumen\\\/\",\"name\":\"Gemischte Blumen online kaufen | EUKRATOM\",\"isPartOf\":{\"@id\":\"https:\\\/\\\/www.eukratom.com\\\/de\\\/#website\"},\"primaryImageOfPage\":{\"@id\":\"https:\\\/\\\/www.eukratom.com\\\/de\\\/shop\\\/accessories\\\/gemischte-blumen\\\/#primaryimage\"},\"image\":{\"@id\":\"https:\\\/\\\/www.eukratom.com\\\/de\\\/shop\\\/accessories\\\/gemischte-blumen\\\/#primaryimage\"},\"thumbnailUrl\":\"https:\\\/\\\/www.eukratom.com\\\/wp-content\\\/uploads\\\/2022\\\/09\\\/Mixed-flowers.webp\",\"datePublished\":\"2022-09-14T17:06:44+00:00\",\"dateModified\":\"2025-12-25T09:36:50+00:00\",\"description\":\"Kaufen Sie gemischte Bl\u00fcten bei EUKratom.com. Perfekt f\u00fcr die Herstellung von Seife, Kerzen, R\u00e4uchermischungen, Duftdosen, Potpourri, Dekoration, usw.\",\"breadcrumb\":{\"@id\":\"https:\\\/\\\/www.eukratom.com\\\/de\\\/shop\\\/accessories\\\/gemischte-blumen\\\/#breadcrumb\"},\"inLanguage\":\"de\",\"potentialAction\":[{\"@type\":\"ReadAction\",\"target\":[\"https:\\\/\\\/www.eukratom.com\\\/de\\\/shop\\\/accessories\\\/gemischte-blumen\\\/\"]}]},{\"@type\":\"ImageObject\",\"inLanguage\":\"de\",\"@id\":\"https:\\\/\\\/www.eukratom.com\\\/de\\\/shop\\\/accessories\\\/gemischte-blumen\\\/#primaryimage\",\"url\":\"https:\\\/\\\/www.eukratom.com\\\/wp-content\\\/uploads\\\/2022\\\/09\\\/Mixed-flowers.webp\",\"contentUrl\":\"https:\\\/\\\/www.eukratom.com\\\/wp-content\\\/uploads\\\/2022\\\/09\\\/Mixed-flowers.webp\",\"width\":1000,\"height\":1000,\"caption\":\"Gemischte Blumen\"},{\"@type\":\"BreadcrumbList\",\"@id\":\"https:\\\/\\\/www.eukratom.com\\\/de\\\/shop\\\/accessories\\\/gemischte-blumen\\\/#breadcrumb\",\"itemListElement\":[{\"@type\":\"ListItem\",\"position\":1,\"name\":\"Home\",\"item\":\"https:\\\/\\\/www.eukratom.com\\\/de\\\/\"},{\"@type\":\"ListItem\",\"position\":2,\"name\":\"Shop\",\"item\":\"https:\\\/\\\/www.eukratom.com\\\/de\\\/shop\\\/\"},{\"@type\":\"ListItem\",\"position\":3,\"name\":\"Gemischte Blumen\"}]},{\"@type\":\"WebSite\",\"@id\":\"https:\\\/\\\/www.eukratom.com\\\/de\\\/#website\",\"url\":\"https:\\\/\\\/www.eukratom.com\\\/de\\\/\",\"name\":\"EUKRATOM\",\"description\":\"Best Kratom Online in Europe\",\"publisher\":{\"@id\":\"https:\\\/\\\/www.eukratom.com\\\/de\\\/#organization\"},\"potentialAction\":[{\"@type\":\"SearchAction\",\"target\":{\"@type\":\"EntryPoint\",\"urlTemplate\":\"https:\\\/\\\/www.eukratom.com\\\/de\\\/?s={search_term_string}\"},\"query-input\":{\"@type\":\"PropertyValueSpecification\",\"valueRequired\":true,\"valueName\":\"search_term_string\"}}],\"inLanguage\":\"de\"},{\"@type\":\"Organization\",\"@id\":\"https:\\\/\\\/www.eukratom.com\\\/de\\\/#organization\",\"name\":\"EUKRATOM\",\"url\":\"https:\\\/\\\/www.eukratom.com\\\/de\\\/\",\"logo\":{\"@type\":\"ImageObject\",\"inLanguage\":\"de\",\"@id\":\"https:\\\/\\\/www.eukratom.com\\\/de\\\/#\\\/schema\\\/logo\\\/image\\\/\",\"url\":\"https:\\\/\\\/www.eukratom.com\\\/wp-content\\\/uploads\\\/2023\\\/02\\\/EUkratom.com_.svg\",\"contentUrl\":\"https:\\\/\\\/www.eukratom.com\\\/wp-content\\\/uploads\\\/2023\\\/02\\\/EUkratom.com_.svg\",\"width\":1,\"height\":1,\"caption\":\"EUKRATOM\"},\"image\":{\"@id\":\"https:\\\/\\\/www.eukratom.com\\\/de\\\/#\\\/schema\\\/logo\\\/image\\\/\"}}]}<\/script>\n<!-- \/ Yoast SEO plugin. -->","yoast_head_json":{"title":"Gemischte Blumen online kaufen | EUKRATOM","description":"Kaufen Sie gemischte Bl\u00fcten bei EUKratom.com. Perfekt f\u00fcr die Herstellung von Seife, Kerzen, R\u00e4uchermischungen, Duftdosen, Potpourri, Dekoration, usw.","robots":{"index":"index","follow":"follow","max-snippet":"max-snippet:-1","max-image-preview":"max-image-preview:large","max-video-preview":"max-video-preview:-1"},"canonical":"https:\/\/www.eukratom.com\/de\/shop\/accessories\/gemischte-blumen\/","og_locale":"de_DE","og_type":"article","og_title":"Gemischte Blumen online kaufen | EUKRATOM","og_description":"Kaufen Sie gemischte Bl\u00fcten bei EUKratom.com. Perfekt f\u00fcr die Herstellung von Seife, Kerzen, R\u00e4uchermischungen, Duftdosen, Potpourri, Dekoration, usw.","og_url":"https:\/\/www.eukratom.com\/de\/shop\/accessories\/gemischte-blumen\/","og_site_name":"EUKRATOM","article_modified_time":"2025-12-25T09:36:50+00:00","og_image":[{"width":1000,"height":1000,"url":"https:\/\/www.eukratom.com\/wp-content\/uploads\/2022\/09\/Mixed-flowers.webp","type":"image\/webp"}],"twitter_card":"summary_large_image","schema":{"@context":"https:\/\/schema.org","@graph":[{"@type":"WebPage","@id":"https:\/\/www.eukratom.com\/de\/shop\/accessories\/gemischte-blumen\/","url":"https:\/\/www.eukratom.com\/de\/shop\/accessories\/gemischte-blumen\/","name":"Gemischte Blumen online kaufen | EUKRATOM","isPartOf":{"@id":"https:\/\/www.eukratom.com\/de\/#website"},"primaryImageOfPage":{"@id":"https:\/\/www.eukratom.com\/de\/shop\/accessories\/gemischte-blumen\/#primaryimage"},"image":{"@id":"https:\/\/www.eukratom.com\/de\/shop\/accessories\/gemischte-blumen\/#primaryimage"},"thumbnailUrl":"https:\/\/www.eukratom.com\/wp-content\/uploads\/2022\/09\/Mixed-flowers.webp","datePublished":"2022-09-14T17:06:44+00:00","dateModified":"2025-12-25T09:36:50+00:00","description":"Kaufen Sie gemischte Bl\u00fcten bei EUKratom.com. Perfekt f\u00fcr die Herstellung von Seife, Kerzen, R\u00e4uchermischungen, Duftdosen, Potpourri, Dekoration, usw.","breadcrumb":{"@id":"https:\/\/www.eukratom.com\/de\/shop\/accessories\/gemischte-blumen\/#breadcrumb"},"inLanguage":"de","potentialAction":[{"@type":"ReadAction","target":["https:\/\/www.eukratom.com\/de\/shop\/accessories\/gemischte-blumen\/"]}]},{"@type":"ImageObject","inLanguage":"de","@id":"https:\/\/www.eukratom.com\/de\/shop\/accessories\/gemischte-blumen\/#primaryimage","url":"https:\/\/www.eukratom.com\/wp-content\/uploads\/2022\/09\/Mixed-flowers.webp","contentUrl":"https:\/\/www.eukratom.com\/wp-content\/uploads\/2022\/09\/Mixed-flowers.webp","width":1000,"height":1000,"caption":"Gemischte Blumen"},{"@type":"BreadcrumbList","@id":"https:\/\/www.eukratom.com\/de\/shop\/accessories\/gemischte-blumen\/#breadcrumb","itemListElement":[{"@type":"ListItem","position":1,"name":"Home","item":"https:\/\/www.eukratom.com\/de\/"},{"@type":"ListItem","position":2,"name":"Shop","item":"https:\/\/www.eukratom.com\/de\/shop\/"},{"@type":"ListItem","position":3,"name":"Gemischte Blumen"}]},{"@type":"WebSite","@id":"https:\/\/www.eukratom.com\/de\/#website","url":"https:\/\/www.eukratom.com\/de\/","name":"EUKRATOM","description":"Best Kratom Online in Europe","publisher":{"@id":"https:\/\/www.eukratom.com\/de\/#organization"},"potentialAction":[{"@type":"SearchAction","target":{"@type":"EntryPoint","urlTemplate":"https:\/\/www.eukratom.com\/de\/?s={search_term_string}"},"query-input":{"@type":"PropertyValueSpecification","valueRequired":true,"valueName":"search_term_string"}}],"inLanguage":"de"},{"@type":"Organization","@id":"https:\/\/www.eukratom.com\/de\/#organization","name":"EUKRATOM","url":"https:\/\/www.eukratom.com\/de\/","logo":{"@type":"ImageObject","inLanguage":"de","@id":"https:\/\/www.eukratom.com\/de\/#\/schema\/logo\/image\/","url":"https:\/\/www.eukratom.com\/wp-content\/uploads\/2023\/02\/EUkratom.com_.svg","contentUrl":"https:\/\/www.eukratom.com\/wp-content\/uploads\/2023\/02\/EUkratom.com_.svg","width":1,"height":1,"caption":"EUKRATOM"},"image":{"@id":"https:\/\/www.eukratom.com\/de\/#\/schema\/logo\/image\/"}}]}},"jetpack_sharing_enabled":true,"_links":{"self":[{"href":"https:\/\/www.eukratom.com\/de\/wp-json\/wp\/v2\/product\/11962","targetHints":{"allow":["GET"]}}],"collection":[{"href":"https:\/\/www.eukratom.com\/de\/wp-json\/wp\/v2\/product"}],"about":[{"href":"https:\/\/www.eukratom.com\/de\/wp-json\/wp\/v2\/types\/product"}],"replies":[{"embeddable":true,"href":"https:\/\/www.eukratom.com\/de\/wp-json\/wp\/v2\/comments?post=11962"}],"wp:featuredmedia":[{"embeddable":true,"href":"https:\/\/www.eukratom.com\/de\/wp-json\/wp\/v2\/media\/11964"}],"wp:attachment":[{"href":"https:\/\/www.eukratom.com\/de\/wp-json\/wp\/v2\/media?parent=11962"}],"wp:term":[{"taxonomy":"product_brand","embeddable":true,"href":"https:\/\/www.eukratom.com\/de\/wp-json\/wp\/v2\/product_brand?post=11962"},{"taxonomy":"product_cat","embeddable":true,"href":"https:\/\/www.eukratom.com\/de\/wp-json\/wp\/v2\/product_cat?post=11962"},{"taxonomy":"product_tag","embeddable":true,"href":"https:\/\/www.eukratom.com\/de\/wp-json\/wp\/v2\/product_tag?post=11962"}],"curies":[{"name":"wp","href":"https:\/\/api.w.org\/{rel}","templated":true}]}}