{"id":11938,"date":"2023-01-31T20:25:20","date_gmt":"2023-01-31T19:25:20","guid":{"rendered":"https:\/\/www.eukratom.com\/shop\/unkategorisiert\/salbeioel\/"},"modified":"2023-01-31T20:25:20","modified_gmt":"2023-01-31T19:25:20","slug":"salbeioel","status":"publish","type":"product","link":"https:\/\/www.eukratom.com\/de\/shop\/accessories\/salbeioel\/","title":{"rendered":"Salbei\u00f6l"},"content":{"rendered":"<p><strong>Spezifikationen:<\/strong><br \/>\nInhalt: \u00c4therisches \u00d6l von Salbei<br \/>\nPflanzenteil: Bl\u00e4tter<br \/>\nZustand: \u00d6l<br \/>\nAroma: Pflanzliches, frisches und tiefes Aroma<br \/>\nVerwendung: Perfekt f\u00fcr die Seifenherstellung, Kerzenherstellung, \u00d6lbrenner, Aroma-Diffusor, Luftbefeuchter, etc.<br \/>\nVolumen: 10ml<\/p>\n","protected":false},"excerpt":{"rendered":"<p>\u00c4therisches Salbei\u00f6l von h\u00f6chster Qualit\u00e4t, nat\u00fcrlich ohne Zusatzstoffe. Perfekt f\u00fcr Ihre DIY-Projekte! <\/p>\n","protected":false},"featured_media":11940,"comment_status":"open","ping_status":"closed","template":"","meta":[],"product_brand":[],"product_cat":[381],"product_tag":[],"class_list":{"0":"post-11938","1":"product","2":"type-product","3":"status-publish","4":"has-post-thumbnail","6":"product_cat-accessories","8":"first","9":"instock","10":"featured","11":"taxable","12":"shipping-taxable","13":"purchasable","14":"product-type-simple"},"yoast_head":"<!-- This site is optimized with the Yoast SEO plugin v27.5 - https:\/\/yoast.com\/product\/yoast-seo-wordpress\/ -->\n<title>Salbei\u00f6l kaufen | EUKRATOM - Naturprodukte entdecken<\/title>\n<meta name=\"description\" content=\"\u00c4therisches Salbei\u00f6l von h\u00f6chster Qualit\u00e4t, nat\u00fcrlich ohne Zusatzstoffe. Salbei\u00f6l tr\u00e4gt zur Entspannung bei, f\u00f6rdert eine gesunde Haut und hebt Ihre Stimmung.\" \/>\n<meta name=\"robots\" content=\"index, follow, max-snippet:-1, max-image-preview:large, max-video-preview:-1\" \/>\n<link rel=\"canonical\" href=\"https:\/\/www.eukratom.com\/de\/shop\/accessories\/salbeioel\/\" \/>\n<meta property=\"og:locale\" content=\"de_DE\" \/>\n<meta property=\"og:type\" content=\"article\" \/>\n<meta property=\"og:title\" content=\"Salbei\u00f6l kaufen | EUKRATOM - Naturprodukte entdecken\" \/>\n<meta property=\"og:description\" content=\"\u00c4therisches Salbei\u00f6l von h\u00f6chster Qualit\u00e4t, nat\u00fcrlich ohne Zusatzstoffe. Salbei\u00f6l tr\u00e4gt zur Entspannung bei, f\u00f6rdert eine gesunde Haut und hebt Ihre Stimmung.\" \/>\n<meta property=\"og:url\" content=\"https:\/\/www.eukratom.com\/de\/shop\/accessories\/salbeioel\/\" \/>\n<meta property=\"og:site_name\" content=\"EUKRATOM\" \/>\n<meta property=\"og:image\" content=\"https:\/\/www.eukratom.com\/wp-content\/uploads\/2023\/01\/Sage-oil-768x768-1.webp\" \/>\n\t<meta property=\"og:image:width\" content=\"768\" \/>\n\t<meta property=\"og:image:height\" content=\"768\" \/>\n\t<meta property=\"og:image:type\" content=\"image\/webp\" \/>\n<meta name=\"twitter:card\" content=\"summary_large_image\" \/>\n<script type=\"application\/ld+json\" class=\"yoast-schema-graph\">{\"@context\":\"https:\\\/\\\/schema.org\",\"@graph\":[{\"@type\":\"WebPage\",\"@id\":\"https:\\\/\\\/www.eukratom.com\\\/de\\\/shop\\\/accessories\\\/salbeioel\\\/\",\"url\":\"https:\\\/\\\/www.eukratom.com\\\/de\\\/shop\\\/accessories\\\/salbeioel\\\/\",\"name\":\"Salbei\u00f6l kaufen | EUKRATOM - Naturprodukte entdecken\",\"isPartOf\":{\"@id\":\"https:\\\/\\\/www.eukratom.com\\\/de\\\/#website\"},\"primaryImageOfPage\":{\"@id\":\"https:\\\/\\\/www.eukratom.com\\\/de\\\/shop\\\/accessories\\\/salbeioel\\\/#primaryimage\"},\"image\":{\"@id\":\"https:\\\/\\\/www.eukratom.com\\\/de\\\/shop\\\/accessories\\\/salbeioel\\\/#primaryimage\"},\"thumbnailUrl\":\"https:\\\/\\\/www.eukratom.com\\\/wp-content\\\/uploads\\\/2023\\\/01\\\/Sage-oil-768x768-1.webp\",\"datePublished\":\"2023-01-31T19:25:20+00:00\",\"description\":\"\u00c4therisches Salbei\u00f6l von h\u00f6chster Qualit\u00e4t, nat\u00fcrlich ohne Zusatzstoffe. Salbei\u00f6l tr\u00e4gt zur Entspannung bei, f\u00f6rdert eine gesunde Haut und hebt Ihre Stimmung.\",\"breadcrumb\":{\"@id\":\"https:\\\/\\\/www.eukratom.com\\\/de\\\/shop\\\/accessories\\\/salbeioel\\\/#breadcrumb\"},\"inLanguage\":\"de\",\"potentialAction\":[{\"@type\":\"ReadAction\",\"target\":[\"https:\\\/\\\/www.eukratom.com\\\/de\\\/shop\\\/accessories\\\/salbeioel\\\/\"]}]},{\"@type\":\"ImageObject\",\"inLanguage\":\"de\",\"@id\":\"https:\\\/\\\/www.eukratom.com\\\/de\\\/shop\\\/accessories\\\/salbeioel\\\/#primaryimage\",\"url\":\"https:\\\/\\\/www.eukratom.com\\\/wp-content\\\/uploads\\\/2023\\\/01\\\/Sage-oil-768x768-1.webp\",\"contentUrl\":\"https:\\\/\\\/www.eukratom.com\\\/wp-content\\\/uploads\\\/2023\\\/01\\\/Sage-oil-768x768-1.webp\",\"width\":768,\"height\":768,\"caption\":\"Sage-oil\"},{\"@type\":\"BreadcrumbList\",\"@id\":\"https:\\\/\\\/www.eukratom.com\\\/de\\\/shop\\\/accessories\\\/salbeioel\\\/#breadcrumb\",\"itemListElement\":[{\"@type\":\"ListItem\",\"position\":1,\"name\":\"Home\",\"item\":\"https:\\\/\\\/www.eukratom.com\\\/de\\\/\"},{\"@type\":\"ListItem\",\"position\":2,\"name\":\"Shop\",\"item\":\"https:\\\/\\\/www.eukratom.com\\\/de\\\/shop\\\/\"},{\"@type\":\"ListItem\",\"position\":3,\"name\":\"Salbei\u00f6l\"}]},{\"@type\":\"WebSite\",\"@id\":\"https:\\\/\\\/www.eukratom.com\\\/de\\\/#website\",\"url\":\"https:\\\/\\\/www.eukratom.com\\\/de\\\/\",\"name\":\"EUKRATOM\",\"description\":\"Best Kratom Online in Europe\",\"publisher\":{\"@id\":\"https:\\\/\\\/www.eukratom.com\\\/de\\\/#organization\"},\"potentialAction\":[{\"@type\":\"SearchAction\",\"target\":{\"@type\":\"EntryPoint\",\"urlTemplate\":\"https:\\\/\\\/www.eukratom.com\\\/de\\\/?s={search_term_string}\"},\"query-input\":{\"@type\":\"PropertyValueSpecification\",\"valueRequired\":true,\"valueName\":\"search_term_string\"}}],\"inLanguage\":\"de\"},{\"@type\":\"Organization\",\"@id\":\"https:\\\/\\\/www.eukratom.com\\\/de\\\/#organization\",\"name\":\"EUKRATOM\",\"url\":\"https:\\\/\\\/www.eukratom.com\\\/de\\\/\",\"logo\":{\"@type\":\"ImageObject\",\"inLanguage\":\"de\",\"@id\":\"https:\\\/\\\/www.eukratom.com\\\/de\\\/#\\\/schema\\\/logo\\\/image\\\/\",\"url\":\"https:\\\/\\\/www.eukratom.com\\\/wp-content\\\/uploads\\\/2023\\\/02\\\/EUkratom.com_.svg\",\"contentUrl\":\"https:\\\/\\\/www.eukratom.com\\\/wp-content\\\/uploads\\\/2023\\\/02\\\/EUkratom.com_.svg\",\"width\":1,\"height\":1,\"caption\":\"EUKRATOM\"},\"image\":{\"@id\":\"https:\\\/\\\/www.eukratom.com\\\/de\\\/#\\\/schema\\\/logo\\\/image\\\/\"}}]}<\/script>\n<!-- \/ Yoast SEO plugin. -->","yoast_head_json":{"title":"Salbei\u00f6l kaufen | EUKRATOM - Naturprodukte entdecken","description":"\u00c4therisches Salbei\u00f6l von h\u00f6chster Qualit\u00e4t, nat\u00fcrlich ohne Zusatzstoffe. Salbei\u00f6l tr\u00e4gt zur Entspannung bei, f\u00f6rdert eine gesunde Haut und hebt Ihre Stimmung.","robots":{"index":"index","follow":"follow","max-snippet":"max-snippet:-1","max-image-preview":"max-image-preview:large","max-video-preview":"max-video-preview:-1"},"canonical":"https:\/\/www.eukratom.com\/de\/shop\/accessories\/salbeioel\/","og_locale":"de_DE","og_type":"article","og_title":"Salbei\u00f6l kaufen | EUKRATOM - Naturprodukte entdecken","og_description":"\u00c4therisches Salbei\u00f6l von h\u00f6chster Qualit\u00e4t, nat\u00fcrlich ohne Zusatzstoffe. Salbei\u00f6l tr\u00e4gt zur Entspannung bei, f\u00f6rdert eine gesunde Haut und hebt Ihre Stimmung.","og_url":"https:\/\/www.eukratom.com\/de\/shop\/accessories\/salbeioel\/","og_site_name":"EUKRATOM","og_image":[{"width":768,"height":768,"url":"https:\/\/www.eukratom.com\/wp-content\/uploads\/2023\/01\/Sage-oil-768x768-1.webp","type":"image\/webp"}],"twitter_card":"summary_large_image","schema":{"@context":"https:\/\/schema.org","@graph":[{"@type":"WebPage","@id":"https:\/\/www.eukratom.com\/de\/shop\/accessories\/salbeioel\/","url":"https:\/\/www.eukratom.com\/de\/shop\/accessories\/salbeioel\/","name":"Salbei\u00f6l kaufen | EUKRATOM - Naturprodukte entdecken","isPartOf":{"@id":"https:\/\/www.eukratom.com\/de\/#website"},"primaryImageOfPage":{"@id":"https:\/\/www.eukratom.com\/de\/shop\/accessories\/salbeioel\/#primaryimage"},"image":{"@id":"https:\/\/www.eukratom.com\/de\/shop\/accessories\/salbeioel\/#primaryimage"},"thumbnailUrl":"https:\/\/www.eukratom.com\/wp-content\/uploads\/2023\/01\/Sage-oil-768x768-1.webp","datePublished":"2023-01-31T19:25:20+00:00","description":"\u00c4therisches Salbei\u00f6l von h\u00f6chster Qualit\u00e4t, nat\u00fcrlich ohne Zusatzstoffe. Salbei\u00f6l tr\u00e4gt zur Entspannung bei, f\u00f6rdert eine gesunde Haut und hebt Ihre Stimmung.","breadcrumb":{"@id":"https:\/\/www.eukratom.com\/de\/shop\/accessories\/salbeioel\/#breadcrumb"},"inLanguage":"de","potentialAction":[{"@type":"ReadAction","target":["https:\/\/www.eukratom.com\/de\/shop\/accessories\/salbeioel\/"]}]},{"@type":"ImageObject","inLanguage":"de","@id":"https:\/\/www.eukratom.com\/de\/shop\/accessories\/salbeioel\/#primaryimage","url":"https:\/\/www.eukratom.com\/wp-content\/uploads\/2023\/01\/Sage-oil-768x768-1.webp","contentUrl":"https:\/\/www.eukratom.com\/wp-content\/uploads\/2023\/01\/Sage-oil-768x768-1.webp","width":768,"height":768,"caption":"Sage-oil"},{"@type":"BreadcrumbList","@id":"https:\/\/www.eukratom.com\/de\/shop\/accessories\/salbeioel\/#breadcrumb","itemListElement":[{"@type":"ListItem","position":1,"name":"Home","item":"https:\/\/www.eukratom.com\/de\/"},{"@type":"ListItem","position":2,"name":"Shop","item":"https:\/\/www.eukratom.com\/de\/shop\/"},{"@type":"ListItem","position":3,"name":"Salbei\u00f6l"}]},{"@type":"WebSite","@id":"https:\/\/www.eukratom.com\/de\/#website","url":"https:\/\/www.eukratom.com\/de\/","name":"EUKRATOM","description":"Best Kratom Online in Europe","publisher":{"@id":"https:\/\/www.eukratom.com\/de\/#organization"},"potentialAction":[{"@type":"SearchAction","target":{"@type":"EntryPoint","urlTemplate":"https:\/\/www.eukratom.com\/de\/?s={search_term_string}"},"query-input":{"@type":"PropertyValueSpecification","valueRequired":true,"valueName":"search_term_string"}}],"inLanguage":"de"},{"@type":"Organization","@id":"https:\/\/www.eukratom.com\/de\/#organization","name":"EUKRATOM","url":"https:\/\/www.eukratom.com\/de\/","logo":{"@type":"ImageObject","inLanguage":"de","@id":"https:\/\/www.eukratom.com\/de\/#\/schema\/logo\/image\/","url":"https:\/\/www.eukratom.com\/wp-content\/uploads\/2023\/02\/EUkratom.com_.svg","contentUrl":"https:\/\/www.eukratom.com\/wp-content\/uploads\/2023\/02\/EUkratom.com_.svg","width":1,"height":1,"caption":"EUKRATOM"},"image":{"@id":"https:\/\/www.eukratom.com\/de\/#\/schema\/logo\/image\/"}}]}},"jetpack_sharing_enabled":true,"_links":{"self":[{"href":"https:\/\/www.eukratom.com\/de\/wp-json\/wp\/v2\/product\/11938","targetHints":{"allow":["GET"]}}],"collection":[{"href":"https:\/\/www.eukratom.com\/de\/wp-json\/wp\/v2\/product"}],"about":[{"href":"https:\/\/www.eukratom.com\/de\/wp-json\/wp\/v2\/types\/product"}],"replies":[{"embeddable":true,"href":"https:\/\/www.eukratom.com\/de\/wp-json\/wp\/v2\/comments?post=11938"}],"wp:featuredmedia":[{"embeddable":true,"href":"https:\/\/www.eukratom.com\/de\/wp-json\/wp\/v2\/media\/11940"}],"wp:attachment":[{"href":"https:\/\/www.eukratom.com\/de\/wp-json\/wp\/v2\/media?parent=11938"}],"wp:term":[{"taxonomy":"product_brand","embeddable":true,"href":"https:\/\/www.eukratom.com\/de\/wp-json\/wp\/v2\/product_brand?post=11938"},{"taxonomy":"product_cat","embeddable":true,"href":"https:\/\/www.eukratom.com\/de\/wp-json\/wp\/v2\/product_cat?post=11938"},{"taxonomy":"product_tag","embeddable":true,"href":"https:\/\/www.eukratom.com\/de\/wp-json\/wp\/v2\/product_tag?post=11938"}],"curies":[{"name":"wp","href":"https:\/\/api.w.org\/{rel}","templated":true}]}}