{"id":11907,"date":"2025-05-06T11:53:49","date_gmt":"2025-05-06T09:53:49","guid":{"rendered":"https:\/\/www.eukratom.com\/shop\/unkategorisiert\/sakae-naa\/"},"modified":"2026-04-06T16:17:39","modified_gmt":"2026-04-06T14:17:39","slug":"sakae-naa","status":"publish","type":"product","link":"https:\/\/www.eukratom.com\/de\/shop\/kratom-kaufen\/kratom-alternativen\/sakae-naa\/","title":{"rendered":"Sakae Naa"},"content":{"rendered":"<h2>Sakae Naa online kaufen in Deutschland<\/h2>\n<h3>Was ist Sakae Naa?<\/h3>\n<p>Sakae Naa bezieht sich auf die Bl\u00e4tter der Pflanze <a href=\"https:\/\/en.wikipedia.org\/wiki\/Combretum_quadrangulare\">Combretum quadrangulare<\/a>, einem kleinen Baum aus der Familie der Combretaceae, der bis zu 10 Meter hoch werden kann. Der Baum ist in S\u00fcdostasien beheimatet und w\u00e4chst in Laos, Thailand, Vietnam, Kambodscha und Myanmar, insbesondere in feuchten Gebieten entlang von Flussufern. Sakae Naa hat eine einzigartige chemische Zusammensetzung, die Flavonoide und Triterpenoide enth\u00e4lt, wobei Combretol das wichtigste Flavonoid ist. Dieses Kraut wird wahrscheinlich schon seit der Antike verwendet und traditionell auf eine Art und Weise gekaut, die an Kratom und <a href=\"https:\/\/www.eukratom.com\/de\/products\/kratom-kaufen\/kratom-alternativen\/\">andere alte Kr\u00e4uter erinnert .<\/a>   <\/p>\n<h3>Botanische Beschreibung<\/h3>\n<ul>\n<li><strong>Wissenschaftlicher Name:<\/strong> Combretum quadrangulare<\/li>\n<li><strong>Familie:<\/strong> Combretaceae<\/li>\n<li><strong>Bestellen:<\/strong> Myrtales<\/li>\n<li><strong>H\u00f6he:<\/strong> 5-10 Meter<\/li>\n<li><strong>Bl\u00e4tter:<\/strong> Elliptisch oder verkehrt eif\u00f6rmig, 6-16 cm lang<\/li>\n<li><strong>Bl\u00fcten:<\/strong> Klein, gelblich-wei\u00df, in endst\u00e4ndigen und achselst\u00e4ndigen B\u00fcscheln<\/li>\n<li><strong>Frucht:<\/strong> Trocken, r\u00f6tlich-braun, mit ausgepr\u00e4gter quadratischer Form<\/li>\n<\/ul>\n<h3>Chemische Zusammensetzung<\/h3>\n<p>Studien haben mehrere bioaktive Verbindungen in Sakae Naa identifiziert, darunter das Flavonoid <strong>Combretol<\/strong> und verschiedene Galluss\u00e4urederivate. Diese Verbindungen waren Gegenstand wissenschaftlicher Analysen im Rahmen der botanischen Forschung. <\/p>\n<h3>Produkt-Informationen<\/h3>\n<ul>\n<li><strong>Inhalt:<\/strong> 100% Combretum quadrangulare Bl\u00e4tter<\/li>\n<li><strong>Herkunft:<\/strong> Thailand<\/li>\n<li><strong>Form:<\/strong> Pulver oder getrocknete Bl\u00e4tter<\/li>\n<li><strong>Verwendung:<\/strong> Rohmaterial f\u00fcr Handwerkszwecke. Dieses Produkt ist kein Lebensmittel, Tierfutter oder in irgendeiner Form f\u00fcr den menschlichen Verzehr bestimmt. <\/li>\n<\/ul>\n<h3>Wie man Sakae Naa aufbewahrt<\/h3>\n<p>Lagern Sie das Produkt an einem trockenen, k\u00fchlen Ort, au\u00dferhalb der Reichweite von Kindern und gesch\u00fctzt vor direkter Sonneneinstrahlung, um die Produktqualit\u00e4t zu erhalten.<\/p>\n<h3>Qualit\u00e4t und Pr\u00fcfung<\/h3>\n<p>Dieses Produkt wird in Thailand sorgf\u00e4ltig verarbeitet und gemahlen. Anschlie\u00dfend wird das Pulver f\u00fcr umfassende Qualit\u00e4tstests an unabh\u00e4ngige Labors geschickt. Diese Labors testen das Produkt aktiv, um sicherzustellen, dass es frei von E. coli, Salmonellen, Hefe, Enterobakterien und Schwermetallen ist. Wir bem\u00fchen uns, die h\u00f6chstm\u00f6glichen Standards und die Sicherheit unserer Produkte von Anfang bis Ende zu gew\u00e4hrleisten.   <\/p>\n<p>Experten f\u00fchren diese Tests durch, um die Sicherheit und Qualit\u00e4t des Produkts zu \u00fcberpr\u00fcfen. Sie pr\u00fcfen sorgf\u00e4ltig, dass das Produkt keine sch\u00e4dlichen Mikroorganismen oder Schwermetalle enth\u00e4lt. Durch dieses Qualit\u00e4tssicherungsprogramm garantieren wir, dass unsere Kunden stets ein Produkt erhalten, das sowohl sicher als auch von h\u00f6chster Qualit\u00e4t ist. Wir nehmen unsere Verantwortung gegen\u00fcber den Verbrauchern sehr ernst und halten uns an alle geltenden Gesundheitsstandards.   <\/p>\n<p><strong>Haben Sie Fragen zu diesem Produkt? Besuchen Sie unsere <a href=\"https:\/\/www.eukratom.com\/contact\/\" target=\"_blank\" rel=\"noopener\">Kontaktseite<\/a>. <\/strong><\/p>\n","protected":false},"excerpt":{"rendered":"<p>Sakae Naa bezieht sich auf die Bl\u00e4tter der Pflanze <em data-start=\"95\" data-end=\"120\">Combretum quadrangulare<\/em>, einem kleinen Baum aus der Familie der Combretaceae, der bis zu 10 Meter hoch werden kann. Der Baum w\u00e4chst nat\u00fcrlich in Laos, Thailand, Vietnam, Kambodscha und Myanmar (Burma), insbesondere in feuchten Gebieten entlang der Flussufer. Sakae Naa hat eine einzigartige chemische Zusammensetzung, die Flavonoide und Triterpenoide enth\u00e4lt, wobei Combretol das wichtigste Flavonoid ist. Dieses Kraut wird seit der Antike verwendet und traditionell auf eine Art gekaut, die an Kratom und andere alte Kr\u00e4uter erinnert. Erh\u00e4ltlich in Form von pulverisierten und zerkleinerten Bl\u00e4ttern.    <\/p>\n","protected":false},"featured_media":15331,"comment_status":"open","ping_status":"closed","template":"","meta":[],"product_brand":[],"product_cat":[456,384],"product_tag":[],"class_list":{"0":"post-11907","1":"product","2":"type-product","3":"status-publish","4":"has-post-thumbnail","6":"product_cat-angebote","7":"product_cat-kratom-alternativen","9":"first","10":"instock","11":"taxable","12":"shipping-taxable","13":"purchasable","14":"product-type-variable"},"yoast_head":"<!-- This site is optimized with the Yoast SEO plugin v27.4 - https:\/\/yoast.com\/product\/yoast-seo-wordpress\/ -->\n<title>Sakae Naa online kaufen \u2013 Kratom Alternative | EUKratom<\/title>\n<meta name=\"description\" content=\"Sakae Naa (Combretum quadrangulare) online kaufen in Europa. Botanische Kratom Alternative aus Thailand. Premium Qualit\u00e4t. Schnelle EU-Lieferung.\" \/>\n<meta name=\"robots\" content=\"index, follow, max-snippet:-1, max-image-preview:large, max-video-preview:-1\" \/>\n<link rel=\"canonical\" href=\"https:\/\/www.eukratom.com\/de\/shop\/kratom-kaufen\/kratom-alternativen\/sakae-naa\/\" \/>\n<meta property=\"og:locale\" content=\"de_DE\" \/>\n<meta property=\"og:type\" content=\"article\" \/>\n<meta property=\"og:title\" content=\"Sakae Naa online kaufen \u2013 Kratom Alternative | EUKratom\" \/>\n<meta property=\"og:description\" content=\"Sakae Naa (Combretum quadrangulare) online kaufen in Europa. Botanische Kratom Alternative aus Thailand. Premium Qualit\u00e4t. Schnelle EU-Lieferung.\" \/>\n<meta property=\"og:url\" content=\"https:\/\/www.eukratom.com\/de\/shop\/kratom-kaufen\/kratom-alternativen\/sakae-naa\/\" \/>\n<meta property=\"og:site_name\" content=\"EUKRATOM\" \/>\n<meta property=\"article:modified_time\" content=\"2026-04-06T14:17:39+00:00\" \/>\n<meta property=\"og:image\" content=\"https:\/\/www.eukratom.com\/wp-content\/uploads\/2026\/01\/Sakae-naa.webp\" \/>\n\t<meta property=\"og:image:width\" content=\"1024\" \/>\n\t<meta property=\"og:image:height\" content=\"1024\" \/>\n\t<meta property=\"og:image:type\" content=\"image\/webp\" \/>\n<meta name=\"twitter:card\" content=\"summary_large_image\" \/>\n<meta name=\"twitter:label1\" content=\"Gesch\u00e4tzte Lesezeit\" \/>\n\t<meta name=\"twitter:data1\" content=\"2\u00a0Minuten\" \/>\n<script type=\"application\/ld+json\" class=\"yoast-schema-graph\">{\"@context\":\"https:\\\/\\\/schema.org\",\"@graph\":[{\"@type\":\"WebPage\",\"@id\":\"https:\\\/\\\/www.eukratom.com\\\/de\\\/shop\\\/kratom-kaufen\\\/kratom-alternativen\\\/sakae-naa\\\/\",\"url\":\"https:\\\/\\\/www.eukratom.com\\\/de\\\/shop\\\/kratom-kaufen\\\/kratom-alternativen\\\/sakae-naa\\\/\",\"name\":\"Sakae Naa online kaufen \u2013 Kratom Alternative | EUKratom\",\"isPartOf\":{\"@id\":\"https:\\\/\\\/www.eukratom.com\\\/de\\\/#website\"},\"primaryImageOfPage\":{\"@id\":\"https:\\\/\\\/www.eukratom.com\\\/de\\\/shop\\\/kratom-kaufen\\\/kratom-alternativen\\\/sakae-naa\\\/#primaryimage\"},\"image\":{\"@id\":\"https:\\\/\\\/www.eukratom.com\\\/de\\\/shop\\\/kratom-kaufen\\\/kratom-alternativen\\\/sakae-naa\\\/#primaryimage\"},\"thumbnailUrl\":\"https:\\\/\\\/www.eukratom.com\\\/wp-content\\\/uploads\\\/2026\\\/01\\\/Sakae-naa.webp\",\"datePublished\":\"2025-05-06T09:53:49+00:00\",\"dateModified\":\"2026-04-06T14:17:39+00:00\",\"description\":\"Sakae Naa (Combretum quadrangulare) online kaufen in Europa. Botanische Kratom Alternative aus Thailand. Premium Qualit\u00e4t. Schnelle EU-Lieferung.\",\"breadcrumb\":{\"@id\":\"https:\\\/\\\/www.eukratom.com\\\/de\\\/shop\\\/kratom-kaufen\\\/kratom-alternativen\\\/sakae-naa\\\/#breadcrumb\"},\"inLanguage\":\"de\",\"potentialAction\":[{\"@type\":\"ReadAction\",\"target\":[\"https:\\\/\\\/www.eukratom.com\\\/de\\\/shop\\\/kratom-kaufen\\\/kratom-alternativen\\\/sakae-naa\\\/\"]}]},{\"@type\":\"ImageObject\",\"inLanguage\":\"de\",\"@id\":\"https:\\\/\\\/www.eukratom.com\\\/de\\\/shop\\\/kratom-kaufen\\\/kratom-alternativen\\\/sakae-naa\\\/#primaryimage\",\"url\":\"https:\\\/\\\/www.eukratom.com\\\/wp-content\\\/uploads\\\/2026\\\/01\\\/Sakae-naa.webp\",\"contentUrl\":\"https:\\\/\\\/www.eukratom.com\\\/wp-content\\\/uploads\\\/2026\\\/01\\\/Sakae-naa.webp\",\"width\":1024,\"height\":1024,\"caption\":\"Sakae naa Pulver in einer Sch\u00fcssel\"},{\"@type\":\"BreadcrumbList\",\"@id\":\"https:\\\/\\\/www.eukratom.com\\\/de\\\/shop\\\/kratom-kaufen\\\/kratom-alternativen\\\/sakae-naa\\\/#breadcrumb\",\"itemListElement\":[{\"@type\":\"ListItem\",\"position\":1,\"name\":\"Home\",\"item\":\"https:\\\/\\\/www.eukratom.com\\\/de\\\/\"},{\"@type\":\"ListItem\",\"position\":2,\"name\":\"Shop\",\"item\":\"https:\\\/\\\/www.eukratom.com\\\/de\\\/shop\\\/\"},{\"@type\":\"ListItem\",\"position\":3,\"name\":\"Sakae Naa\"}]},{\"@type\":\"WebSite\",\"@id\":\"https:\\\/\\\/www.eukratom.com\\\/de\\\/#website\",\"url\":\"https:\\\/\\\/www.eukratom.com\\\/de\\\/\",\"name\":\"EUKRATOM\",\"description\":\"Best Kratom Online in Europe\",\"publisher\":{\"@id\":\"https:\\\/\\\/www.eukratom.com\\\/de\\\/#organization\"},\"potentialAction\":[{\"@type\":\"SearchAction\",\"target\":{\"@type\":\"EntryPoint\",\"urlTemplate\":\"https:\\\/\\\/www.eukratom.com\\\/de\\\/?s={search_term_string}\"},\"query-input\":{\"@type\":\"PropertyValueSpecification\",\"valueRequired\":true,\"valueName\":\"search_term_string\"}}],\"inLanguage\":\"de\"},{\"@type\":\"Organization\",\"@id\":\"https:\\\/\\\/www.eukratom.com\\\/de\\\/#organization\",\"name\":\"EUKRATOM\",\"url\":\"https:\\\/\\\/www.eukratom.com\\\/de\\\/\",\"logo\":{\"@type\":\"ImageObject\",\"inLanguage\":\"de\",\"@id\":\"https:\\\/\\\/www.eukratom.com\\\/de\\\/#\\\/schema\\\/logo\\\/image\\\/\",\"url\":\"https:\\\/\\\/www.eukratom.com\\\/wp-content\\\/uploads\\\/2023\\\/02\\\/EUkratom.com_.svg\",\"contentUrl\":\"https:\\\/\\\/www.eukratom.com\\\/wp-content\\\/uploads\\\/2023\\\/02\\\/EUkratom.com_.svg\",\"width\":1,\"height\":1,\"caption\":\"EUKRATOM\"},\"image\":{\"@id\":\"https:\\\/\\\/www.eukratom.com\\\/de\\\/#\\\/schema\\\/logo\\\/image\\\/\"}}]}<\/script>\n<!-- \/ Yoast SEO plugin. -->","yoast_head_json":{"title":"Sakae Naa online kaufen \u2013 Kratom Alternative | EUKratom","description":"Sakae Naa (Combretum quadrangulare) online kaufen in Europa. Botanische Kratom Alternative aus Thailand. Premium Qualit\u00e4t. Schnelle EU-Lieferung.","robots":{"index":"index","follow":"follow","max-snippet":"max-snippet:-1","max-image-preview":"max-image-preview:large","max-video-preview":"max-video-preview:-1"},"canonical":"https:\/\/www.eukratom.com\/de\/shop\/kratom-kaufen\/kratom-alternativen\/sakae-naa\/","og_locale":"de_DE","og_type":"article","og_title":"Sakae Naa online kaufen \u2013 Kratom Alternative | EUKratom","og_description":"Sakae Naa (Combretum quadrangulare) online kaufen in Europa. Botanische Kratom Alternative aus Thailand. Premium Qualit\u00e4t. Schnelle EU-Lieferung.","og_url":"https:\/\/www.eukratom.com\/de\/shop\/kratom-kaufen\/kratom-alternativen\/sakae-naa\/","og_site_name":"EUKRATOM","article_modified_time":"2026-04-06T14:17:39+00:00","og_image":[{"width":1024,"height":1024,"url":"https:\/\/www.eukratom.com\/wp-content\/uploads\/2026\/01\/Sakae-naa.webp","type":"image\/webp"}],"twitter_card":"summary_large_image","twitter_misc":{"Gesch\u00e4tzte Lesezeit":"2\u00a0Minuten"},"schema":{"@context":"https:\/\/schema.org","@graph":[{"@type":"WebPage","@id":"https:\/\/www.eukratom.com\/de\/shop\/kratom-kaufen\/kratom-alternativen\/sakae-naa\/","url":"https:\/\/www.eukratom.com\/de\/shop\/kratom-kaufen\/kratom-alternativen\/sakae-naa\/","name":"Sakae Naa online kaufen \u2013 Kratom Alternative | EUKratom","isPartOf":{"@id":"https:\/\/www.eukratom.com\/de\/#website"},"primaryImageOfPage":{"@id":"https:\/\/www.eukratom.com\/de\/shop\/kratom-kaufen\/kratom-alternativen\/sakae-naa\/#primaryimage"},"image":{"@id":"https:\/\/www.eukratom.com\/de\/shop\/kratom-kaufen\/kratom-alternativen\/sakae-naa\/#primaryimage"},"thumbnailUrl":"https:\/\/www.eukratom.com\/wp-content\/uploads\/2026\/01\/Sakae-naa.webp","datePublished":"2025-05-06T09:53:49+00:00","dateModified":"2026-04-06T14:17:39+00:00","description":"Sakae Naa (Combretum quadrangulare) online kaufen in Europa. Botanische Kratom Alternative aus Thailand. Premium Qualit\u00e4t. Schnelle EU-Lieferung.","breadcrumb":{"@id":"https:\/\/www.eukratom.com\/de\/shop\/kratom-kaufen\/kratom-alternativen\/sakae-naa\/#breadcrumb"},"inLanguage":"de","potentialAction":[{"@type":"ReadAction","target":["https:\/\/www.eukratom.com\/de\/shop\/kratom-kaufen\/kratom-alternativen\/sakae-naa\/"]}]},{"@type":"ImageObject","inLanguage":"de","@id":"https:\/\/www.eukratom.com\/de\/shop\/kratom-kaufen\/kratom-alternativen\/sakae-naa\/#primaryimage","url":"https:\/\/www.eukratom.com\/wp-content\/uploads\/2026\/01\/Sakae-naa.webp","contentUrl":"https:\/\/www.eukratom.com\/wp-content\/uploads\/2026\/01\/Sakae-naa.webp","width":1024,"height":1024,"caption":"Sakae naa Pulver in einer Sch\u00fcssel"},{"@type":"BreadcrumbList","@id":"https:\/\/www.eukratom.com\/de\/shop\/kratom-kaufen\/kratom-alternativen\/sakae-naa\/#breadcrumb","itemListElement":[{"@type":"ListItem","position":1,"name":"Home","item":"https:\/\/www.eukratom.com\/de\/"},{"@type":"ListItem","position":2,"name":"Shop","item":"https:\/\/www.eukratom.com\/de\/shop\/"},{"@type":"ListItem","position":3,"name":"Sakae Naa"}]},{"@type":"WebSite","@id":"https:\/\/www.eukratom.com\/de\/#website","url":"https:\/\/www.eukratom.com\/de\/","name":"EUKRATOM","description":"Best Kratom Online in Europe","publisher":{"@id":"https:\/\/www.eukratom.com\/de\/#organization"},"potentialAction":[{"@type":"SearchAction","target":{"@type":"EntryPoint","urlTemplate":"https:\/\/www.eukratom.com\/de\/?s={search_term_string}"},"query-input":{"@type":"PropertyValueSpecification","valueRequired":true,"valueName":"search_term_string"}}],"inLanguage":"de"},{"@type":"Organization","@id":"https:\/\/www.eukratom.com\/de\/#organization","name":"EUKRATOM","url":"https:\/\/www.eukratom.com\/de\/","logo":{"@type":"ImageObject","inLanguage":"de","@id":"https:\/\/www.eukratom.com\/de\/#\/schema\/logo\/image\/","url":"https:\/\/www.eukratom.com\/wp-content\/uploads\/2023\/02\/EUkratom.com_.svg","contentUrl":"https:\/\/www.eukratom.com\/wp-content\/uploads\/2023\/02\/EUkratom.com_.svg","width":1,"height":1,"caption":"EUKRATOM"},"image":{"@id":"https:\/\/www.eukratom.com\/de\/#\/schema\/logo\/image\/"}}]}},"jetpack_sharing_enabled":true,"_links":{"self":[{"href":"https:\/\/www.eukratom.com\/de\/wp-json\/wp\/v2\/product\/11907","targetHints":{"allow":["GET"]}}],"collection":[{"href":"https:\/\/www.eukratom.com\/de\/wp-json\/wp\/v2\/product"}],"about":[{"href":"https:\/\/www.eukratom.com\/de\/wp-json\/wp\/v2\/types\/product"}],"replies":[{"embeddable":true,"href":"https:\/\/www.eukratom.com\/de\/wp-json\/wp\/v2\/comments?post=11907"}],"wp:featuredmedia":[{"embeddable":true,"href":"https:\/\/www.eukratom.com\/de\/wp-json\/wp\/v2\/media\/15331"}],"wp:attachment":[{"href":"https:\/\/www.eukratom.com\/de\/wp-json\/wp\/v2\/media?parent=11907"}],"wp:term":[{"taxonomy":"product_brand","embeddable":true,"href":"https:\/\/www.eukratom.com\/de\/wp-json\/wp\/v2\/product_brand?post=11907"},{"taxonomy":"product_cat","embeddable":true,"href":"https:\/\/www.eukratom.com\/de\/wp-json\/wp\/v2\/product_cat?post=11907"},{"taxonomy":"product_tag","embeddable":true,"href":"https:\/\/www.eukratom.com\/de\/wp-json\/wp\/v2\/product_tag?post=11907"}],"curies":[{"name":"wp","href":"https:\/\/api.w.org\/{rel}","templated":true}]}}