{"id":13359,"date":"2025-09-25T14:10:08","date_gmt":"2025-09-25T12:10:08","guid":{"rendered":"https:\/\/www.eukratom.com\/wie-man-eine-badebombe-macht\/"},"modified":"2025-12-25T10:23:55","modified_gmt":"2025-12-25T09:23:55","slug":"wie-man-eine-badebombe-macht","status":"publish","type":"page","link":"https:\/\/www.eukratom.com\/de\/wie-man-eine-badebombe-macht\/","title":{"rendered":"Wie man eine Badebombe macht"},"content":{"rendered":"\n  <div class=\"banner has-hover\" id=\"banner-323358107\">\n          <div class=\"banner-inner fill\">\n        <div class=\"banner-bg fill\" >\n            <img loading=\"lazy\" decoding=\"async\" width=\"1020\" height=\"680\" src=\"https:\/\/www.eukratom.com\/wp-content\/uploads\/2025\/09\/bath_bombs-Banner-1024x683.webp\" class=\"bg attachment-large size-large\" alt=\"Gr\u00fcne und gelbe handgefertigte Badebomben\" \/>                                    \n                    <\/div>\n\t\t\n        <div class=\"banner-layers container\">\n            <div class=\"fill banner-link\"><\/div>            \n   <div id=\"text-box-1022493328\" class=\"text-box banner-layer x50 md-x50 lg-x50 y50 md-y50 lg-y50 res-text\">\n                                <div class=\"text-box-content text dark\">\n              \n              <div class=\"text-inner text-center\">\n                  \n\t<div id=\"text-3468379006\" class=\"text\">\n\t\t\n<h1 class=\"uppercase\">DIY Badebomben<\/h1>\n\t\t\n<style>\n#text-3468379006 {\n  font-size: 0.75rem;\n}\n@media (min-width:550px) {\n  #text-3468379006 {\n    font-size: 0.75rem;\n  }\n}\n<\/style>\n\t<\/div>\n\t\n\t<div id=\"text-3102625378\" class=\"text\">\n\t\t\n<p> &#8211; Einfaches hausgemachtes Rezept mit nat\u00fcrlichen Zutaten<\/p>\n\t\t\n<style>\n#text-3102625378 {\n  font-size: 1.25rem;\n}\n<\/style>\n\t<\/div>\n\t\n              <\/div>\n           <\/div>\n                            \n<style>\n#text-box-1022493328 {\n  width: 60%;\n}\n#text-box-1022493328 .text-box-content {\n  font-size: 100%;\n}\n<\/style>\n    <\/div>\n \n        <\/div>\n      <\/div>\n\n            \n<style>\n#banner-323358107 {\n  padding-top: 500px;\n}\n<\/style>\n  <\/div>\n\n\n<p>Die Herstellung von Badebomben zu Hause ist ein unterhaltsames, entspannendes Heimwerkerprojekt, bei dem Sie D\u00fcfte, Farben und Zutaten ganz nach Ihrem Geschmack gestalten k\u00f6nnen. Ob Sie die Badebomben f\u00fcr sich selbst, als Geschenk oder einfach nur als Luxus f\u00fcr sich selbst herstellen, dieses Rezept wird Sie Schritt f\u00fcr Schritt durch den Prozess f\u00fchren. Sie brauchen keine ausgefallene Ausr\u00fcstung &#8211; nur ein paar einfache Zutaten und ein wenig Kreativit\u00e4t!  <\/p>\n<h3 data-start=\"70\" data-end=\"140\">\ud83d\udec1 <strong data-start=\"77\" data-end=\"103\">Grundrezept f\u00fcr Kratom-Badebomben<\/strong> (ergibt etwa 4-6, je nach Gr\u00f6\u00dfe)<\/h3>\n<h4 data-start=\"142\" data-end=\"163\"><strong data-start=\"147\" data-end=\"163\">Zutaten:<\/strong><\/h4>\n<ul data-start=\"164\" data-end=\"657\">\n<li data-start=\"164\" data-end=\"191\">\n<p data-start=\"166\" data-end=\"191\">1\/2 Tasse <strong data-start=\"174\" data-end=\"189\">Zitronens\u00e4ure<\/strong><\/p>\n<\/li>\n<li data-start=\"192\" data-end=\"217\">\n<p data-start=\"194\" data-end=\"217\">1 Tasse <strong data-start=\"200\" data-end=\"215\">Backpulver<\/strong><\/p>\n<\/li>\n<li data-start=\"218\" data-end=\"261\">\n<p data-start=\"220\" data-end=\"261\">1\/2 Tasse <strong data-start=\"228\" data-end=\"242\">Speisest\u00e4rke<\/strong> (oder Kartoffelst\u00e4rke)<\/p>\n<\/li>\n<li data-start=\"262\" data-end=\"316\">\n<p data-start=\"264\" data-end=\"316\">1\/4 Tasse <strong data-start=\"272\" data-end=\"286\">Bittersalz<\/strong> (optional &#8211; erweicht die Haut)<\/p>\n<\/li>\n<li data-start=\"317\" data-end=\"353\">\n<p data-start=\"319\" data-end=\"353\">1-2 Teel\u00f6ffel <strong data-start=\"327\" data-end=\"336\">Wasser<\/strong> (sparsam verwenden!)<\/p>\n<\/li>\n<li data-start=\"354\" data-end=\"424\">\n<p data-start=\"356\" data-end=\"424\">1-2 Teel\u00f6ffel <strong data-start=\"364\" data-end=\"379\">Tr\u00e4ger\u00f6l<\/strong> (z.B. Kokosnuss\u00f6l, Mandel\u00f6l oder Oliven\u00f6l)<\/p>\n<\/li>\n<li data-start=\"425\" data-end=\"491\">\n<p data-start=\"427\" data-end=\"491\">10-20 Tropfen <strong data-start=\"439\" data-end=\"456\">\u00e4therisches \u00d6l<\/strong> (z.B. <a href=\"https:\/\/www.eukratom.com\/de\/shop\/accessories\/lavendeloel\/\">Lavendel<\/a>, Zitrone, Eukalyptus)<\/p>\n<\/li>\n<li data-start=\"492\" data-end=\"560\">\n<p data-start=\"494\" data-end=\"560\">1-2 Teel\u00f6ffel<strong data-start=\"494\" data-end=\"512\"> Optionale Farbe<\/strong> (z.B. <a href=\"https:\/\/www.eukratom.com\/de\/products\/kratom-kaufen\/\">Kratom<\/a>, Sakea naa, Javanica)<\/p>\n<\/li>\n<li data-start=\"561\" data-end=\"657\">\n<p data-start=\"563\" data-end=\"657\"><strong data-start=\"563\" data-end=\"582\">Badebombenformen<\/strong> oder Silikonformen (Sie k\u00f6nnen Weihnachtsschmuck aus Plastik oder Muffinf\u00f6rmchen verwenden)<\/p>\n<\/li>\n<\/ul>\n<hr data-start=\"659\" data-end=\"662\">\n<h3 data-start=\"664\" data-end=\"685\">\ud83d\udee0\ufe0f Anweisungen:<\/h3>\n<ol data-start=\"687\" data-end=\"1574\">\n<li data-start=\"687\" data-end=\"798\">\n<p data-start=\"690\" data-end=\"714\"><strong data-start=\"690\" data-end=\"714\">Mischen Sie die trockenen Zutaten:<\/strong><\/p>\n<ul data-start=\"718\" data-end=\"798\">\n<li data-start=\"718\" data-end=\"798\">\n<p data-start=\"720\" data-end=\"798\">Mischen Sie in einer gro\u00dfen Sch\u00fcssel das Backpulver, die Zitronens\u00e4ure, die Maisst\u00e4rke, das Kratom und das Bittersalz.<\/p>\n<\/li>\n<\/ul>\n<\/li>\n<li data-start=\"800\" data-end=\"1006\">\n<p data-start=\"803\" data-end=\"846\"><strong data-start=\"803\" data-end=\"846\">Mischen Sie die feuchten Zutaten in einer separaten Sch\u00fcssel:<\/strong><\/p>\n<ul data-start=\"850\" data-end=\"1006\">\n<li data-start=\"850\" data-end=\"903\">\n<p data-start=\"852\" data-end=\"903\">Mischen Sie das \u00d6l, das \u00e4therische \u00d6l, die Farbe und das Wasser.<\/p>\n<\/li>\n<li data-start=\"907\" data-end=\"1006\">\n<p data-start=\"909\" data-end=\"1006\">R\u00fchren Sie vorsichtig um &#8211; zu viel Fl\u00fcssigkeit oder eine zu schnelle Zugabe kann dazu f\u00fchren, dass die Mischung vorzeitig sprudelt.<\/p>\n<\/li>\n<\/ul>\n<\/li>\n<li data-start=\"1008\" data-end=\"1253\">\n<p data-start=\"1011\" data-end=\"1054\"><strong data-start=\"1011\" data-end=\"1054\">Mischen Sie langsam die feuchten und trockenen Zutaten:<\/strong><\/p>\n<ul data-start=\"1058\" data-end=\"1253\">\n<li data-start=\"1058\" data-end=\"1153\">\n<p data-start=\"1060\" data-end=\"1153\">F\u00fcgen Sie die fl\u00fcssige Mischung langsam zu den trockenen Zutaten hinzu und r\u00fchren Sie dabei st\u00e4ndig, um ein Aufbrausen zu vermeiden.<\/p>\n<\/li>\n<li data-start=\"1157\" data-end=\"1253\">\n<p data-start=\"1159\" data-end=\"1253\">Die endg\u00fcltige Textur sollte sich wie feuchter Sand anf\u00fchlen &#8211; sie sollte ihre Form behalten, wenn sie zusammengedr\u00fcckt wird.<\/p>\n<\/li>\n<\/ul>\n<\/li>\n<li data-start=\"1255\" data-end=\"1399\">\n<p data-start=\"1258\" data-end=\"1283\"><strong data-start=\"1258\" data-end=\"1283\">Formen Sie Ihre Badebomben:<\/strong><\/p>\n<ul data-start=\"1287\" data-end=\"1399\">\n<li data-start=\"1287\" data-end=\"1399\">\n<p data-start=\"1289\" data-end=\"1399\">Dr\u00fccken Sie die Mischung fest in Ihre Formen. Wenn Sie zwei H\u00e4lften verwenden (f\u00fcr eine runde Bombe), dr\u00fccken Sie sie fest zusammen. <\/p>\n<\/li>\n<\/ul>\n<\/li>\n<li data-start=\"1401\" data-end=\"1574\">\n<p data-start=\"1404\" data-end=\"1421\"><strong data-start=\"1404\" data-end=\"1421\">Lassen Sie sie trocknen:<\/strong><\/p>\n<ul data-start=\"1425\" data-end=\"1574\">\n<li data-start=\"1425\" data-end=\"1574\">\n<p data-start=\"1427\" data-end=\"1574\">Lassen Sie die Badebomben mindestens 24 Stunden lang in der Form trocknen. Sobald sie ausgeh\u00e4rtet sind, nehmen Sie sie heraus und bewahren sie in einem luftdichten Beh\u00e4lter auf oder wickeln sie in Zellophanbeutel ein. <\/p>\n<\/li>\n<\/ul>\n<\/li>\n<\/ol>\n<hr data-start=\"1576\" data-end=\"1579\">\n<h3 data-start=\"1581\" data-end=\"1593\">\ud83d\udca1 Tipps:<\/h3>\n<ul data-start=\"1594\" data-end=\"1840\">\n<li data-start=\"1594\" data-end=\"1670\">\n<p data-start=\"1596\" data-end=\"1670\">Tragen Sie <strong data-start=\"1600\" data-end=\"1610\">Handschuhe<\/strong>, wenn Sie empfindliche Haut haben (Zitronens\u00e4ure kann reizend sein).<\/p>\n<\/li>\n<li data-start=\"1671\" data-end=\"1724\">\n<p data-start=\"1673\" data-end=\"1724\">Lassen Sie Kinder nicht unbeaufsichtigt mit Zitronens\u00e4ure hantieren.<\/p>\n<\/li>\n<li data-start=\"1725\" data-end=\"1840\">\n<p data-start=\"1727\" data-end=\"1840\">M\u00f6chten Sie <strong data-start=\"1739\" data-end=\"1750\">Glitter<\/strong> oder <strong data-start=\"1760\" data-end=\"1771\">Trockenblumen <\/strong>hinzuf\u00fcgen? Legen Sie sie auf den Boden der Form, bevor Sie die Mischung einf\u00fcllen!<\/p>\n<\/li>\n<\/ul>\n","protected":false},"excerpt":{"rendered":"<p>Die Herstellung von Badebomben zu Hause ist ein unterhaltsames, entspannendes Heimwerkerprojekt, bei dem Sie D\u00fcfte, Farben und Zutaten ganz nach Ihrem Geschmack gestalten k\u00f6nnen. Ob Sie die Badebomben f\u00fcr sich selbst, als Geschenk oder einfach nur als Luxus f\u00fcr sich selbst herstellen, dieses Rezept wird Sie Schritt f\u00fcr Schritt durch den Prozess f\u00fchren. Sie brauchen [&#8230;]\n","protected":false},"author":624,"featured_media":13358,"parent":0,"menu_order":0,"comment_status":"closed","ping_status":"closed","template":"","meta":{"footnotes":""},"class_list":["post-13359","page","type-page","status-publish","has-post-thumbnail","hentry"],"yoast_head":"<!-- This site is optimized with the Yoast SEO plugin v27.4 - https:\/\/yoast.com\/product\/yoast-seo-wordpress\/ -->\n<title>DIY Badebomben - einfaches selbstgemachtes Rezept<\/title>\n<meta name=\"description\" content=\"Erfahren Sie, wie Sie mit diesem einfachen Schritt-f\u00fcr-Schritt-Rezept aus nat\u00fcrlichen Zutaten Ihre eigenen bunten und duftenden Badebomben zu Hause herstellen k\u00f6nnen.\" \/>\n<meta name=\"robots\" content=\"index, follow, max-snippet:-1, max-image-preview:large, max-video-preview:-1\" \/>\n<link rel=\"canonical\" href=\"https:\/\/www.eukratom.com\/de\/wie-man-eine-badebombe-macht\/\" \/>\n<meta property=\"og:locale\" content=\"de_DE\" \/>\n<meta property=\"og:type\" content=\"article\" \/>\n<meta property=\"og:title\" content=\"DIY Badebomben - einfaches selbstgemachtes Rezept\" \/>\n<meta property=\"og:description\" content=\"Erfahren Sie, wie Sie mit diesem einfachen Schritt-f\u00fcr-Schritt-Rezept aus nat\u00fcrlichen Zutaten Ihre eigenen bunten und duftenden Badebomben zu Hause herstellen k\u00f6nnen.\" \/>\n<meta property=\"og:url\" content=\"https:\/\/www.eukratom.com\/de\/wie-man-eine-badebombe-macht\/\" \/>\n<meta property=\"og:site_name\" content=\"EUKRATOM\" \/>\n<meta property=\"article:modified_time\" content=\"2025-12-25T09:23:55+00:00\" \/>\n<meta property=\"og:image\" content=\"https:\/\/www.eukratom.com\/wp-content\/uploads\/2025\/09\/bath_bombs-Banner.webp\" \/>\n\t<meta property=\"og:image:width\" content=\"1344\" \/>\n\t<meta property=\"og:image:height\" content=\"896\" \/>\n\t<meta property=\"og:image:type\" content=\"image\/webp\" \/>\n<meta name=\"twitter:card\" content=\"summary_large_image\" \/>\n<meta name=\"twitter:label1\" content=\"Gesch\u00e4tzte Lesezeit\" \/>\n\t<meta name=\"twitter:data1\" content=\"2\u00a0Minuten\" \/>\n<script type=\"application\/ld+json\" class=\"yoast-schema-graph\">{\"@context\":\"https:\\\/\\\/schema.org\",\"@graph\":[{\"@type\":\"WebPage\",\"@id\":\"https:\\\/\\\/www.eukratom.com\\\/de\\\/wie-man-eine-badebombe-macht\\\/\",\"url\":\"https:\\\/\\\/www.eukratom.com\\\/de\\\/wie-man-eine-badebombe-macht\\\/\",\"name\":\"DIY Badebomben - einfaches selbstgemachtes Rezept\",\"isPartOf\":{\"@id\":\"https:\\\/\\\/www.eukratom.com\\\/de\\\/#website\"},\"primaryImageOfPage\":{\"@id\":\"https:\\\/\\\/www.eukratom.com\\\/de\\\/wie-man-eine-badebombe-macht\\\/#primaryimage\"},\"image\":{\"@id\":\"https:\\\/\\\/www.eukratom.com\\\/de\\\/wie-man-eine-badebombe-macht\\\/#primaryimage\"},\"thumbnailUrl\":\"https:\\\/\\\/www.eukratom.com\\\/wp-content\\\/uploads\\\/2025\\\/09\\\/bath_bombs-Banner.webp\",\"datePublished\":\"2025-09-25T12:10:08+00:00\",\"dateModified\":\"2025-12-25T09:23:55+00:00\",\"description\":\"Erfahren Sie, wie Sie mit diesem einfachen Schritt-f\u00fcr-Schritt-Rezept aus nat\u00fcrlichen Zutaten Ihre eigenen bunten und duftenden Badebomben zu Hause herstellen k\u00f6nnen.\",\"breadcrumb\":{\"@id\":\"https:\\\/\\\/www.eukratom.com\\\/de\\\/wie-man-eine-badebombe-macht\\\/#breadcrumb\"},\"inLanguage\":\"de\",\"potentialAction\":[{\"@type\":\"ReadAction\",\"target\":[\"https:\\\/\\\/www.eukratom.com\\\/de\\\/wie-man-eine-badebombe-macht\\\/\"]}]},{\"@type\":\"ImageObject\",\"inLanguage\":\"de\",\"@id\":\"https:\\\/\\\/www.eukratom.com\\\/de\\\/wie-man-eine-badebombe-macht\\\/#primaryimage\",\"url\":\"https:\\\/\\\/www.eukratom.com\\\/wp-content\\\/uploads\\\/2025\\\/09\\\/bath_bombs-Banner.webp\",\"contentUrl\":\"https:\\\/\\\/www.eukratom.com\\\/wp-content\\\/uploads\\\/2025\\\/09\\\/bath_bombs-Banner.webp\",\"width\":1344,\"height\":896,\"caption\":\"Gr\u00fcne und gelbe handgefertigte Badebomben\"},{\"@type\":\"BreadcrumbList\",\"@id\":\"https:\\\/\\\/www.eukratom.com\\\/de\\\/wie-man-eine-badebombe-macht\\\/#breadcrumb\",\"itemListElement\":[{\"@type\":\"ListItem\",\"position\":1,\"name\":\"Home\",\"item\":\"https:\\\/\\\/www.eukratom.com\\\/de\\\/\"},{\"@type\":\"ListItem\",\"position\":2,\"name\":\"Wie man eine Badebombe macht\"}]},{\"@type\":\"WebSite\",\"@id\":\"https:\\\/\\\/www.eukratom.com\\\/de\\\/#website\",\"url\":\"https:\\\/\\\/www.eukratom.com\\\/de\\\/\",\"name\":\"EUKRATOM\",\"description\":\"Best Kratom Online in Europe\",\"publisher\":{\"@id\":\"https:\\\/\\\/www.eukratom.com\\\/de\\\/#organization\"},\"potentialAction\":[{\"@type\":\"SearchAction\",\"target\":{\"@type\":\"EntryPoint\",\"urlTemplate\":\"https:\\\/\\\/www.eukratom.com\\\/de\\\/?s={search_term_string}\"},\"query-input\":{\"@type\":\"PropertyValueSpecification\",\"valueRequired\":true,\"valueName\":\"search_term_string\"}}],\"inLanguage\":\"de\"},{\"@type\":\"Organization\",\"@id\":\"https:\\\/\\\/www.eukratom.com\\\/de\\\/#organization\",\"name\":\"EUKRATOM\",\"url\":\"https:\\\/\\\/www.eukratom.com\\\/de\\\/\",\"logo\":{\"@type\":\"ImageObject\",\"inLanguage\":\"de\",\"@id\":\"https:\\\/\\\/www.eukratom.com\\\/de\\\/#\\\/schema\\\/logo\\\/image\\\/\",\"url\":\"https:\\\/\\\/www.eukratom.com\\\/wp-content\\\/uploads\\\/2023\\\/02\\\/EUkratom.com_.svg\",\"contentUrl\":\"https:\\\/\\\/www.eukratom.com\\\/wp-content\\\/uploads\\\/2023\\\/02\\\/EUkratom.com_.svg\",\"width\":1,\"height\":1,\"caption\":\"EUKRATOM\"},\"image\":{\"@id\":\"https:\\\/\\\/www.eukratom.com\\\/de\\\/#\\\/schema\\\/logo\\\/image\\\/\"}}]}<\/script>\n<!-- \/ Yoast SEO plugin. -->","yoast_head_json":{"title":"DIY Badebomben - einfaches selbstgemachtes Rezept","description":"Erfahren Sie, wie Sie mit diesem einfachen Schritt-f\u00fcr-Schritt-Rezept aus nat\u00fcrlichen Zutaten Ihre eigenen bunten und duftenden Badebomben zu Hause herstellen k\u00f6nnen.","robots":{"index":"index","follow":"follow","max-snippet":"max-snippet:-1","max-image-preview":"max-image-preview:large","max-video-preview":"max-video-preview:-1"},"canonical":"https:\/\/www.eukratom.com\/de\/wie-man-eine-badebombe-macht\/","og_locale":"de_DE","og_type":"article","og_title":"DIY Badebomben - einfaches selbstgemachtes Rezept","og_description":"Erfahren Sie, wie Sie mit diesem einfachen Schritt-f\u00fcr-Schritt-Rezept aus nat\u00fcrlichen Zutaten Ihre eigenen bunten und duftenden Badebomben zu Hause herstellen k\u00f6nnen.","og_url":"https:\/\/www.eukratom.com\/de\/wie-man-eine-badebombe-macht\/","og_site_name":"EUKRATOM","article_modified_time":"2025-12-25T09:23:55+00:00","og_image":[{"width":1344,"height":896,"url":"https:\/\/www.eukratom.com\/wp-content\/uploads\/2025\/09\/bath_bombs-Banner.webp","type":"image\/webp"}],"twitter_card":"summary_large_image","twitter_misc":{"Gesch\u00e4tzte Lesezeit":"2\u00a0Minuten"},"schema":{"@context":"https:\/\/schema.org","@graph":[{"@type":"WebPage","@id":"https:\/\/www.eukratom.com\/de\/wie-man-eine-badebombe-macht\/","url":"https:\/\/www.eukratom.com\/de\/wie-man-eine-badebombe-macht\/","name":"DIY Badebomben - einfaches selbstgemachtes Rezept","isPartOf":{"@id":"https:\/\/www.eukratom.com\/de\/#website"},"primaryImageOfPage":{"@id":"https:\/\/www.eukratom.com\/de\/wie-man-eine-badebombe-macht\/#primaryimage"},"image":{"@id":"https:\/\/www.eukratom.com\/de\/wie-man-eine-badebombe-macht\/#primaryimage"},"thumbnailUrl":"https:\/\/www.eukratom.com\/wp-content\/uploads\/2025\/09\/bath_bombs-Banner.webp","datePublished":"2025-09-25T12:10:08+00:00","dateModified":"2025-12-25T09:23:55+00:00","description":"Erfahren Sie, wie Sie mit diesem einfachen Schritt-f\u00fcr-Schritt-Rezept aus nat\u00fcrlichen Zutaten Ihre eigenen bunten und duftenden Badebomben zu Hause herstellen k\u00f6nnen.","breadcrumb":{"@id":"https:\/\/www.eukratom.com\/de\/wie-man-eine-badebombe-macht\/#breadcrumb"},"inLanguage":"de","potentialAction":[{"@type":"ReadAction","target":["https:\/\/www.eukratom.com\/de\/wie-man-eine-badebombe-macht\/"]}]},{"@type":"ImageObject","inLanguage":"de","@id":"https:\/\/www.eukratom.com\/de\/wie-man-eine-badebombe-macht\/#primaryimage","url":"https:\/\/www.eukratom.com\/wp-content\/uploads\/2025\/09\/bath_bombs-Banner.webp","contentUrl":"https:\/\/www.eukratom.com\/wp-content\/uploads\/2025\/09\/bath_bombs-Banner.webp","width":1344,"height":896,"caption":"Gr\u00fcne und gelbe handgefertigte Badebomben"},{"@type":"BreadcrumbList","@id":"https:\/\/www.eukratom.com\/de\/wie-man-eine-badebombe-macht\/#breadcrumb","itemListElement":[{"@type":"ListItem","position":1,"name":"Home","item":"https:\/\/www.eukratom.com\/de\/"},{"@type":"ListItem","position":2,"name":"Wie man eine Badebombe macht"}]},{"@type":"WebSite","@id":"https:\/\/www.eukratom.com\/de\/#website","url":"https:\/\/www.eukratom.com\/de\/","name":"EUKRATOM","description":"Best Kratom Online in Europe","publisher":{"@id":"https:\/\/www.eukratom.com\/de\/#organization"},"potentialAction":[{"@type":"SearchAction","target":{"@type":"EntryPoint","urlTemplate":"https:\/\/www.eukratom.com\/de\/?s={search_term_string}"},"query-input":{"@type":"PropertyValueSpecification","valueRequired":true,"valueName":"search_term_string"}}],"inLanguage":"de"},{"@type":"Organization","@id":"https:\/\/www.eukratom.com\/de\/#organization","name":"EUKRATOM","url":"https:\/\/www.eukratom.com\/de\/","logo":{"@type":"ImageObject","inLanguage":"de","@id":"https:\/\/www.eukratom.com\/de\/#\/schema\/logo\/image\/","url":"https:\/\/www.eukratom.com\/wp-content\/uploads\/2023\/02\/EUkratom.com_.svg","contentUrl":"https:\/\/www.eukratom.com\/wp-content\/uploads\/2023\/02\/EUkratom.com_.svg","width":1,"height":1,"caption":"EUKRATOM"},"image":{"@id":"https:\/\/www.eukratom.com\/de\/#\/schema\/logo\/image\/"}}]}},"jetpack_sharing_enabled":true,"_links":{"self":[{"href":"https:\/\/www.eukratom.com\/de\/wp-json\/wp\/v2\/pages\/13359","targetHints":{"allow":["GET"]}}],"collection":[{"href":"https:\/\/www.eukratom.com\/de\/wp-json\/wp\/v2\/pages"}],"about":[{"href":"https:\/\/www.eukratom.com\/de\/wp-json\/wp\/v2\/types\/page"}],"author":[{"embeddable":true,"href":"https:\/\/www.eukratom.com\/de\/wp-json\/wp\/v2\/users\/624"}],"replies":[{"embeddable":true,"href":"https:\/\/www.eukratom.com\/de\/wp-json\/wp\/v2\/comments?post=13359"}],"version-history":[{"count":11,"href":"https:\/\/www.eukratom.com\/de\/wp-json\/wp\/v2\/pages\/13359\/revisions"}],"predecessor-version":[{"id":14959,"href":"https:\/\/www.eukratom.com\/de\/wp-json\/wp\/v2\/pages\/13359\/revisions\/14959"}],"wp:featuredmedia":[{"embeddable":true,"href":"https:\/\/www.eukratom.com\/de\/wp-json\/wp\/v2\/media\/13358"}],"wp:attachment":[{"href":"https:\/\/www.eukratom.com\/de\/wp-json\/wp\/v2\/media?parent=13359"}],"curies":[{"name":"wp","href":"https:\/\/api.w.org\/{rel}","templated":true}]}}