{"id":11778,"date":"2021-02-23T00:51:24","date_gmt":"2021-02-22T23:51:24","guid":{"rendered":"https:\/\/www.eukratom.com\/bedingungen-und-konditionen\/"},"modified":"2025-09-13T10:12:59","modified_gmt":"2025-09-13T08:12:59","slug":"terms-and-conditions","status":"publish","type":"page","link":"https:\/\/www.eukratom.com\/de\/terms-and-conditions\/","title":{"rendered":"Bedingungen und Konditionen"},"content":{"rendered":"  <div id=\"page-header-997448113\" class=\"page-header-wrapper\">\n  <div class=\"page-title light simple-title\">\n\n    \n    <div class=\"page-title-inner container align-center text-center flex-row-col medium-flex-wrap\" >\n              <div class=\"title-wrapper flex-col\">\n          <h1 class=\"entry-title mb-0\">\n            Bedingungen und Konditionen          <\/h1>\n        <\/div>\n                    <div class=\"title-content flex-col\">\n        <div class=\"title-breadcrumbs pb-half pt-half\"><nav class=\"woocommerce-breadcrumb breadcrumbs uppercase\" aria-label=\"Breadcrumb\">Start<\/nav><\/div>      <\/div>\n    <\/div>\n\n     \n<style>\n#page-header-997448113 .page-title-inner {\n  min-height: 0px;\n}\n<\/style>\n  <\/div>\n    <\/div>\n  \n<ol>\n<li><strong>Details zum Unternehmen<br \/><\/strong><\/li>\n<\/ol>\n<ul>\n<li>Das Unternehmen Alta Mensa B.V. (RSIN 867987273) hat seinen Hauptsitz in Mijdrecht, Niederlande. Die Postanschrift des Unternehmens lautet Vermogenweg 111, 3641 ST Mijdrecht. <\/li>\n<li>Wenn Sie sich mit uns in Verbindung setzen m\u00f6chten, senden Sie bitte eine E-Mail mit Ihrer Anfrage und Ihren Kontaktdaten an contact@eukratom.com und wir werden uns in K\u00fcrze bei Ihnen melden.<\/li>\n<\/ul>\n<ol start=\"2\">\n<li><strong>Einschr\u00e4nkung der Haftung<\/strong><\/li>\n<\/ol>\n<ul>\n<li>Der K\u00e4ufer erkennt an, dass alle vom Verk\u00e4ufer gekauften Waren keine Lebensmittel, Tierfutter oder in irgendeiner Weise f\u00fcr den menschlichen Verzehr bestimmt sind. Der K\u00e4ufer erkennt an, dass alle Waren, die von uns als Zutaten verkauft werden, als Rohstoffe f\u00fcr das Handwerk bestimmt sind. Der K\u00e4ufer erkennt an, dass der Verzehr und die Zubereitung zum Verzehr der vom Verk\u00e4ufer gelieferten Waren einen Missbrauch dieser Waren darstellt. Der K\u00e4ufer macht den Verk\u00e4ufer weder f\u00fcr vorhersehbare noch f\u00fcr unvorhersehbare Folgen verantwortlich und haftet auch nicht f\u00fcr Sch\u00e4den oder Personensch\u00e4den, die sich aus dem Missbrauch dieser Waren ergeben. Der K\u00e4ufer ist sich bewusst, dass der Verzehr oder die Zubereitung zum Verzehr bestimmter vom Verk\u00e4ufer verkaufter Waren die Gesundheit gef\u00e4hrden und einen Versto\u00df gegen das Gesetz darstellen kann.    <\/li>\n<li>Der K\u00e4ufer ist daf\u00fcr verantwortlich, die vom Verk\u00e4ufer angebotenen Waren an einem sicheren, f\u00fcr Minderj\u00e4hrige unzug\u00e4nglichen Ort aufzubewahren.<\/li>\n<li>Dar\u00fcber hinaus wird keine Verantwortung f\u00fcr \u00c4nderungen an Produkten\/Produktmerkmalen \u00fcbernommen, die vom jeweiligen Lieferanten vorgenommen wurden, sowie f\u00fcr andere Faktoren, die au\u00dferhalb unserer Kontrolle liegen.<\/li>\n<li>Wir \u00fcbernehmen keine Verantwortung f\u00fcr Verz\u00f6gerungen\/Fehler, die auf Umst\u00e4nde zur\u00fcckzuf\u00fchren sind, die au\u00dferhalb der Kontrolle des Unternehmens liegen (H\u00f6here Gewalt). Zu diesen Umst\u00e4nden k\u00f6nnen Arbeitsk\u00e4mpfe, Feuer, Krieg, Regierungsbeschl\u00fcsse, verringerte oder ausbleibende Lieferungen von Lieferanten geh\u00f6ren. <\/li>\n<li>Fragen an uns bez\u00fcglich des Konsums von Kratom werden nicht akzeptiert. Wenn wir erfahren, dass jemand Kratom konsumiert hat oder die Absicht hat, dies zu tun, verweigern wir dieser Person zuk\u00fcnftige K\u00e4ufe bei uns. <\/li>\n<\/ul>\n<ol start=\"3\">\n<li><strong>Kaufen<\/strong><\/li>\n<\/ol>\n<ul>\n<li>Wir \u00fcberpr\u00fcfen jeden neuen Kunden, der eine Bestellung aufgibt. Wir behalten uns das Recht vor, Kunden unter 18 Jahren abzulehnen. <\/li>\n<li>Wenn Sie Ihre Bestellung abgeschlossen haben, wird eine Auftragsbest\u00e4tigung an Ihre E-Mail-Adresse gesendet. In dieser Best\u00e4tigung finden Sie alle Angaben zu den Produkten, dem Preis, der Rechnungs- und Lieferadresse. <\/li>\n<li>Wenn die Auftragsbest\u00e4tigung einen Fehler enth\u00e4lt, sollten Sie uns umgehend per E-Mail unter contact@eukratom.com kontaktieren.<\/li>\n<\/ul>\n<ol start=\"4\">\n<li><strong>Lieferung<\/strong><\/li>\n<\/ol>\n<ul>\n<li>\n<p data-start=\"75\" data-end=\"198\">Unsere normalen Lieferzeiten betragen 1-7 Tage, abh\u00e4ngig von der gew\u00e4hlten Versandart und dem Zielort. Wir bieten an: <\/p>\n<ul data-start=\"200\" data-end=\"272\">\n<li data-start=\"200\" data-end=\"238\">\n<p data-start=\"202\" data-end=\"238\"><strong data-start=\"202\" data-end=\"217\">DHL Express<\/strong>: 1-2 Arbeitstage<\/p>\n<\/li>\n<li data-start=\"239\" data-end=\"272\">\n<p data-start=\"241\" data-end=\"272\"><strong data-start=\"241\" data-end=\"251\">PostNL<\/strong>: 1-7 Arbeitstage<\/p>\n<\/li>\n<\/ul>\n<\/li>\n<li>Bitte beachten Sie, dass Bestellungen, die am Wochenende aufgegeben werden, fr\u00fchestens am darauffolgenden Montag versandt werden.<br data-start=\"366\" data-end=\"369\">Sollte es zu Verz\u00f6gerungen bei der Lieferung kommen (ohne dass wir Sie \u00fcber eine l\u00e4ngere Lieferzeit informiert haben), kontaktieren Sie uns bitte unter der E-Mail-Adresse: <strong data-start=\"505\" data-end=\"529\"><a class=\"cursor-pointer\" rel=\"noopener\" data-start=\"507\" data-end=\"527\">contact@eukratom.com<\/a><\/strong>.<\/li>\n<\/ul>\n<ol start=\"5\">\n<li><strong>Preisgestaltung<\/strong><\/li>\n<\/ol>\n<ul>\n<li>Alle Preise im Shop sind in EUR angegeben und enthalten standardm\u00e4\u00dfig 21% Mehrwertsteuer. Der anwendbare Mehrwertsteuersatz wird auf der Grundlage des Wohnsitzlandes des Kunden gem\u00e4\u00df den EU-Mehrwertsteuervorschriften berechnet. F\u00fcr Bestellungen au\u00dferhalb der EU wird keine Mehrwertsteuer berechnet.  <\/li>\n<li>Wir behalten uns das Recht vor, die Preise aufgrund von Preis\u00e4nderungen seitens des Lieferanten, Druckfehlern in der Preisliste und Fehlern in den Preisen aufgrund falscher Informationen zu \u00e4ndern.<\/li>\n<\/ul>\n<ol start=\"6\">\n<li><strong>Recht auf Widerruf<\/strong><\/li>\n<\/ol>\n<ul>\n<li>Beim Kauf von Waren auf der Website haben Sie als Kunde ein gesetzliches Widerrufsrecht von 14 Tagen, das ab dem Zeitpunkt gilt, an dem Sie einen bestellten Artikel erhalten haben.<\/li>\n<\/ul>\n<p>6.1 <strong>Wenn Sie von Ihrem Widerrufsrecht Gebrauch machen <\/strong>:  <\/p>\n<ul>\n<li>Sie m\u00fcssen uns mitteilen, dass Sie Ihre Meinung ge\u00e4ndert haben. Die Mitteilung sollte an contact@eukratom.com gesendet werden. In Ihrer Nachricht sollten Sie deutlich Ihren Namen, Ihre Adresse, Ihre E-Mail-Adresse, Ihre Bestellnummer und die Waren, die Sie zur\u00fcckgeben m\u00f6chten, angeben.  <\/li>\n<li>Sie sollten die Produkte unverz\u00fcglich, sp\u00e4testens jedoch innerhalb der gesetzlichen Frist von 14 Tagen nach der Widerrufsbelehrung an uns zur\u00fccksenden.<\/li>\n<li>Sie sind f\u00fcr den R\u00fcckversand, die Lieferung und den Zustand der Produkte w\u00e4hrend der R\u00fccksendung verantwortlich. Daher sollten die Produkte gut verpackt und in ihrer Originalverpackung versendet werden. <\/li>\n<li>Wir behalten uns das Recht vor, bei gebrauchten oder besch\u00e4digten Produkten einen Betrag, der der Wertminderung gegen\u00fcber dem urspr\u00fcnglichen Wert des Produkts entspricht, vom Erstattungsbetrag abzuziehen.<\/li>\n<\/ul>\n<p>6.2 <strong>Das Widerrufsrecht gilt nicht f\u00fcr:<\/strong><\/p>\n<ul>\n<li>Produkte, die aus gesundheitlichen oder hygienischen Gr\u00fcnden versiegelt (geplombt) wurden und bei denen das Siegel (Plombe) von Ihnen aufgebrochen wurde.<\/li>\n<li>Produkte, die eine versiegelte Audio- oder Videoaufnahme enthalten und deren Siegel von Ihnen gebrochen wurde.<\/li>\n<li>Ma\u00dfgefertigtes Produkt, das speziell auf Sie zugeschnitten ist oder eine deutliche pers\u00f6nliche Note nach Ihren W\u00fcnschen hat.<\/li>\n<li>Dienstleistungen, die vollst\u00e4ndig erbracht wurden und bei denen Sie dem Beginn der Dienstleistung ausdr\u00fccklich zugestimmt haben, ohne dass ein Widerrufsrecht besteht.<\/li>\n<li>Waren, die schnell verderben k\u00f6nnen, wie z.B. Lebensmittel.<\/li>\n<\/ul>\n<ol start=\"7\">\n<li><strong>Reklamationen und Beschwerden<br \/><\/strong><\/li>\n<\/ol>\n<ul>\n<li>Wir pr\u00fcfen alle Produkte, bevor sie an Sie versandt werden. Sollte das Produkt bei der Ankunft dennoch besch\u00e4digt oder falsch versandt worden sein, verpflichten wir uns gem\u00e4\u00df den geltenden Verbraucherschutzgesetzen, den Fehler ohne Kosten f\u00fcr Sie zu beheben. <\/li>\n<li>Bevor Sie ein defektes Produkt zur\u00fcckschicken, m\u00fcssen Sie immer eine Genehmigung von uns einholen.<\/li>\n<li>Die Reklamation muss sofort nach Entdeckung des Mangels erfolgen.<\/li>\n<\/ul>\n<p>7.1 <strong>Wie gehen Sie bei einer Beschwerde vor?<br \/><\/strong><\/p>\n<ul>\n<li>Fehler und Defekte sollten immer an contact@eukratom.com gemeldet werden, wobei Sie Ihren Namen, Ihre Adresse, Ihre E-Mail-Adresse, Ihre Bestellnummer und eine Beschreibung des Defekts angeben.<\/li>\n<li>Wenn wir nicht in der Lage sind, das Problem zu beheben oder ein \u00e4hnliches Produkt zu liefern, erstatten wir Ihnen den Kaufpreis f\u00fcr das fehlerhafte Produkt in \u00dcbereinstimmung mit den geltenden Verbraucherschutzgesetzen. Bei anerkannten Reklamationen \u00fcbernehmen wir die Kosten f\u00fcr den R\u00fcckversand. <\/li>\n<li>Wir behalten uns das Recht vor, eine Reklamation abzulehnen, wenn sich herausstellt, dass das Produkt nicht im Sinne der geltenden Verbraucherschutzgesetze fehlerhaft ist. Im Falle von Streitigkeiten folgen wir den Richtlinien des niederl\u00e4ndischen Streitschlichtungsausschusses (De Geschillencommissie), siehe <a class=\"\" href=\"https:\/\/www.degeschillencommissie.nl\" target=\"_new\" rel=\"noopener\" data-start=\"985\" data-end=\"1013\">www.degeschillencommissie.nl.<\/a> <\/li>\n<\/ul>\n<ol start=\"8\">\n<li><strong>Informationen zum Produkt<\/strong><\/li>\n<\/ol>\n<ul>\n<li>Wir behalten uns das Recht auf eventuelle Druckfehler auf dieser Website sowie den endg\u00fcltigen Verkauf der Produkte vor. Wir garantieren nicht, dass die Bilder das Aussehen der Produkte genau wiedergeben, da es je nach Bildschirm, Fotoqualit\u00e4t und Aufl\u00f6sung zu Farbunterschieden kommen kann. Wir bem\u00fchen uns stets, die Produkte so genau wie m\u00f6glich darzustellen.  <\/li>\n<\/ul>\n<ol start=\"9\">\n<li><strong>Informationen \u00fcber Cookies<\/strong><\/li>\n<\/ol>\n<ul>\n<li>Gem\u00e4\u00df dem Gesetz \u00fcber elektronische Informationen m\u00fcssen die Besucher einer Website \u00fcber die Verwendung von Cookies zum Schutz der Privatsph\u00e4re informiert werden. Die Informationen im Cookie k\u00f6nnen dazu verwendet werden, das Surfverhalten eines Benutzers zu verfolgen. Ein Cookie ist eine kleine Textdatei, die die von Ihnen besuchte Website auf Ihrem Computer speichern m\u00f6chte, um auf verschiedene Funktionen zugreifen zu k\u00f6nnen. Sie k\u00f6nnen Ihren Webbrowser so einstellen, dass er Cookies automatisch ablehnt. Weitere Informationen finden Sie auf der Website der Agentur f\u00fcr Post und Telekommunikation.    <\/li>\n<\/ul>\n<ol start=\"10\">\n<li><strong>Pers\u00f6nliche Daten<\/strong><\/li>\n<\/ol>\n<ul>\n<li>Wenn Sie bei EUKratom einkaufen, akzeptieren Sie unsere Datenschutzrichtlinien und unsere Verarbeitung Ihrer pers\u00f6nlichen Daten. Wir sch\u00e4tzen Ihre pers\u00f6nliche Privatsph\u00e4re und sammeln nicht mehr Informationen als f\u00fcr die Bearbeitung Ihrer Bestellung notwendig. Wir verkaufen Ihre Daten nicht und geben sie nicht ohne rechtliche Grundlage an Dritte weiter.  <\/li>\n<li>EUKratom ist verantwortlich f\u00fcr die Verarbeitung der pers\u00f6nlichen Daten, die Sie uns als Kunde zur Verf\u00fcgung gestellt haben. Ihre pers\u00f6nlichen Daten werden von uns verarbeitet, um Ihre Bestellung zu verwalten, sowie in F\u00e4llen, in denen Sie Newsletter oder Werbeangebote angefordert haben &#8211; um das Marketing auf Ihre individuellen Bed\u00fcrfnisse zuzuschneiden. <\/li>\n<li>Im Folgenden finden Sie eine Zusammenfassung dar\u00fcber, wie wir Ihre Daten in \u00dcbereinstimmung mit der Allgemeinen Datenschutzverordnung (GDPR) speichern und verarbeiten.<\/li>\n<\/ul>\n<p>10.1 <strong>Was sind personenbezogene Daten?<\/strong><\/p>\n<ul>\n<li>Als personenbezogene Daten gelten alle Informationen, die direkt oder indirekt einer nat\u00fcrlichen Person zugeordnet werden k\u00f6nnen.<\/li>\n<\/ul>\n<p>10.2 <strong>Welche Daten speichern wir?<\/strong><\/p>\n<ul>\n<li>Um Ihre Bestellung zu bearbeiten und Fragen zu Ihrer Bestellung zu beantworten (Kundenservice), speichern wir Ihren Vor- und Nachnamen, Ihre Adresse, Telefonnummer, E-Mail-Adresse, IP-Adresse und Kaufhistorie.<\/li>\n<li>Ihre Daten werden so lange gespeichert, wie wir eine rechtliche Grundlage haben, um Ihre Daten zu verarbeiten, z.B. um den Vertrag zwischen uns zu erf\u00fcllen oder um einer gesetzlichen Verpflichtung nachzukommen, z.B. gem\u00e4\u00df dem Rechnungslegungsgesetz.<\/li>\n<\/ul>\n<p>10.3 <strong>Rechtsgrundlage<\/strong><\/p>\n<ul>\n<li>Im Zusammenhang mit einem Kauf werden Ihre pers\u00f6nlichen Daten verarbeitet, um den Vertrag mit Ihnen zu erf\u00fcllen.<\/li>\n<li>Marketing, Kampagnen und \u00e4hnliche Mailings erfolgen mit Ihrer Zustimmung.<\/li>\n<\/ul>\n<p>10.4 <strong>Welche Informationen werden weitergegeben und zu welchem Zweck?<\/strong><\/p>\n<p>10.4.1 <strong>Zahlungsanbieter<\/strong><\/p>\n<ul>\n<li>W\u00e4hrend des Kaufvorgangs werden Ihre pers\u00f6nlichen Daten an unseren Zahlungsanbieter weitergegeben. Zu den gespeicherten Informationen geh\u00f6ren Vorname, Nachname, Adresse, E-Mail-Adresse und Telefonnummer. <\/li>\n<li>Wenn Sie sich f\u00fcr die Zahlung per Rechnung entscheiden, wird Ihre Sozialversicherungsnummer ebenfalls vom Zahlungsanbieter gespeichert. Die Informationen werden gespeichert, um den Kauf abzuschlie\u00dfen und beide Parteien vor Betrug zu sch\u00fctzen. <\/li>\n<li>Die Zahlungsanbieter (Zahlungsdienste), die wir nutzen, sind: \u00dcberweisung.<\/li>\n<\/ul>\n<p>10.4.2 <strong>Fracht<\/strong><\/p>\n<ul>\n<li>Damit wir Ihre Bestellungen ausliefern und unsere Vereinbarung erf\u00fcllen k\u00f6nnen, m\u00fcssen wir bestimmte Informationen an das Versandunternehmen weitergeben. Zu den Informationen, die an das Versandunternehmen weitergegeben werden, geh\u00f6ren Ihr Vorname, Ihr Nachname und Ihre Lieferadresse. Auch Ihre E-Mail-Adresse und\/oder Handynummer kann zu Benachrichtigungszwecken an das Versandunternehmen weitergegeben werden. Die Versandunternehmen, mit denen wir zusammenarbeiten, sind: PostNL und DHL express   <\/li>\n<\/ul>\n<p>10.4.3 <strong>Newsletter<\/strong><\/p>\n<ul>\n<li>Wenn Sie sich f\u00fcr unseren Newsletter angemeldet haben, werden Ihr Vorname, Nachname und Ihre E-Mail-Adresse an unseren Newsletter-Anbieter weitergegeben. Dies geschieht, um Sie \u00fcber Informationen und Angebote zu Marketingzwecken auf dem Laufenden zu halten. Wir verwenden Klaviyo f\u00fcr den Versand unserer Newsletter.  <\/li>\n<\/ul>\n<p>10.4.4 <strong>Zustimmung des Kunden zur Aufforderung zur \u00dcberpr\u00fcfung nach dem Kauf<\/strong><\/p>\n<ul>\n<li>Der K\u00e4ufer erkl\u00e4rt sich damit einverstanden, per E-Mail Einladungen zu erhalten, um die von ihm gekauften Produkte zu bewerten.<\/li>\n<\/ul>\n<p>10.5 <strong>Das Recht auf Zugang<\/strong><\/p>\n<ul>\n<li>Sie haben das Recht, einen Auszug aus allen Informationen zu erhalten, die wir \u00fcber Sie haben. Der Auszug wird elektronisch in einem lesbaren Format geliefert. <\/li>\n<\/ul>\n<p>10.6 <strong>Recht auf Berichtigung<\/strong><\/p>\n<ul>\n<li>Sie haben das Recht, uns aufzufordern, unrichtige Informationen zu aktualisieren oder zus\u00e4tzliche, unvollst\u00e4ndige Informationen zu liefern.<\/li>\n<\/ul>\n<p>10.7 <strong>Das Recht auf Vergessenwerden<\/strong><\/p>\n<ul>\n<li>Sie haben das Recht, jederzeit die L\u00f6schung Ihrer personenbezogenen Daten zu verlangen. Es gibt jedoch einige Ausnahmen vom Recht auf L\u00f6schung, z.B. wenn die Daten aufbewahrt werden m\u00fcssen, um eine gesetzliche Verpflichtung zu erf\u00fcllen (z.B. gem\u00e4\u00df dem Rechnungslegungsgesetz). <\/li>\n<\/ul>\n<p>10.8 <strong>Verantwortlich f\u00fcr den Datenschutz<br \/><\/strong><\/p>\n<ul>\n<li>EUKratom ist f\u00fcr die Speicherung und Verarbeitung personenbezogener Daten im Webshop verantwortlich und sorgt daf\u00fcr, dass die Regeln eingehalten werden.<\/li>\n<\/ul>\n<p>10.9 <strong>So sch\u00fctzen wir Ihre pers\u00f6nlichen Daten<br \/><\/strong><\/p>\n<ul>\n<li>Wir verwenden Industriestandards wie SSL\/TLS und Einweg-Hash-Algorithmen, um sensible Informationen wie pers\u00f6nliche Daten und Passw\u00f6rter sicher zu speichern, zu verarbeiten und zu \u00fcbertragen.<\/li>\n<\/ul>\n<ol start=\"11\">\n<li><strong>\u00c4nderungen der Allgemeinen Gesch\u00e4ftsbedingungen<br \/><\/strong><\/li>\n<\/ol>\n<ul>\n<li>Wir behalten uns das Recht vor, die Allgemeinen Gesch\u00e4ftsbedingungen jederzeit zu \u00e4ndern. \u00c4nderungen an den Bedingungen werden online auf der Website ver\u00f6ffentlicht. Die ge\u00e4nderten Bedingungen gelten in Verbindung mit Bestellungen oder Besuchen auf der Website als akzeptiert.  <\/li>\n<\/ul>\n<ol start=\"12\">\n<li>\n<p data-start=\"138\" data-end=\"169\"><strong data-start=\"138\" data-end=\"167\">Streitigkeiten und Rechtswahl<\/strong><\/p>\n<\/li>\n<\/ol>\n<ul>\n<li>Falls ein Streitfall nicht g\u00fctlich mit dem Kundendienst des Unternehmens und dem Kunden beigelegt werden kann, k\u00f6nnen Sie sich als Kunde an <em data-start=\"303\" data-end=\"327\">De Geschillencommissie<\/em> (Der niederl\u00e4ndische Streitschlichtungsausschuss) wenden, siehe <a class=\"cursor-pointer\" target=\"_new\" rel=\"noopener\" data-start=\"364\" data-end=\"392\">www.degeschillencommissie.nl.<\/a> F\u00fcr Einwohner eines anderen EU-Landes als den Niederlanden k\u00f6nnen Beschwerden online \u00fcber die Plattform der EU-Kommission zur Streitbeilegung eingereicht werden, siehe <a class=\"\" href=\"https:\/\/ec.europa.eu\/consumers\/odr\" target=\"_new\" rel=\"noopener\" data-start=\"549\" data-end=\"582\">https:\/\/ec.europa.eu\/consumers\/odr.<\/a> <\/li>\n<li>Im Falle eines Rechtsstreits werden wir uns an die Entscheidungen von De Geschillencommissie oder anderen gleichwertigen Streitbeilegungsstellen halten.<\/li>\n<li>Alle Streitigkeiten \u00fcber die Auslegung oder Anwendung dieser Allgemeinen Gesch\u00e4ftsbedingungen unterliegen dem niederl\u00e4ndischen Recht und der niederl\u00e4ndischen Gesetzgebung und werden entsprechend ausgelegt.<\/li>\n<\/ul>\n","protected":false},"excerpt":{"rendered":"<p>Details zum Unternehmen Das Unternehmen Alta Mensa B.V. (RSIN 867987273) hat seinen Hauptsitz in Mijdrecht, Niederlande. Die Postanschrift des Unternehmens lautet Vermogenweg 111, 3641 ST Mijdrecht. Wenn Sie sich mit uns in Verbindung setzen m\u00f6chten, senden Sie bitte eine E-Mail mit Ihrer Anfrage und Ihren Kontaktdaten an contact@eukratom.com und wir werden uns in K\u00fcrze bei [&#8230;]\n","protected":false},"author":1,"featured_media":0,"parent":0,"menu_order":0,"comment_status":"closed","ping_status":"closed","template":"","meta":{"footnotes":""},"class_list":["post-11778","page","type-page","status-publish","hentry"],"yoast_head":"<!-- This site is optimized with the Yoast SEO plugin v27.5 - https:\/\/yoast.com\/product\/yoast-seo-wordpress\/ -->\n<title>|<\/title>\n<meta name=\"description\" content=\"Sind Sie auf der Suche nach einem zuverl\u00e4ssigen Gesch\u00e4ft, das Kratom verkauft? Dann sind Sie bei uns genau richtig. Lesen Sie vor dem Kauf unsere Allgemeinen Gesch\u00e4ftsbedingungen.\" \/>\n<meta name=\"robots\" content=\"noindex, nofollow\" \/>\n<meta property=\"og:locale\" content=\"de_DE\" \/>\n<meta property=\"og:type\" content=\"article\" \/>\n<meta property=\"og:title\" content=\"|\" \/>\n<meta property=\"og:description\" content=\"Sind Sie auf der Suche nach einem zuverl\u00e4ssigen Gesch\u00e4ft, das Kratom verkauft? Dann sind Sie bei uns genau richtig. Lesen Sie vor dem Kauf unsere Allgemeinen Gesch\u00e4ftsbedingungen.\" \/>\n<meta property=\"og:url\" content=\"https:\/\/www.eukratom.com\/de\/terms-and-conditions\/\" \/>\n<meta property=\"og:site_name\" content=\"EUKRATOM\" \/>\n<meta property=\"article:modified_time\" content=\"2025-09-13T08:12:59+00:00\" \/>\n<meta name=\"twitter:card\" content=\"summary_large_image\" \/>\n<meta name=\"twitter:label1\" content=\"Gesch\u00e4tzte Lesezeit\" \/>\n\t<meta name=\"twitter:data1\" content=\"10\u00a0Minuten\" \/>\n<script type=\"application\/ld+json\" class=\"yoast-schema-graph\">{\"@context\":\"https:\\\/\\\/schema.org\",\"@graph\":[{\"@type\":\"WebPage\",\"@id\":\"https:\\\/\\\/www.eukratom.com\\\/de\\\/terms-and-conditions\\\/\",\"url\":\"https:\\\/\\\/www.eukratom.com\\\/de\\\/terms-and-conditions\\\/\",\"name\":\"|\",\"isPartOf\":{\"@id\":\"https:\\\/\\\/www.eukratom.com\\\/de\\\/#website\"},\"datePublished\":\"2021-02-22T23:51:24+00:00\",\"dateModified\":\"2025-09-13T08:12:59+00:00\",\"description\":\"Sind Sie auf der Suche nach einem zuverl\u00e4ssigen Gesch\u00e4ft, das Kratom verkauft? Dann sind Sie bei uns genau richtig. Lesen Sie vor dem Kauf unsere Allgemeinen Gesch\u00e4ftsbedingungen.\",\"breadcrumb\":{\"@id\":\"https:\\\/\\\/www.eukratom.com\\\/de\\\/terms-and-conditions\\\/#breadcrumb\"},\"inLanguage\":\"de\",\"potentialAction\":[{\"@type\":\"ReadAction\",\"target\":[\"https:\\\/\\\/www.eukratom.com\\\/de\\\/terms-and-conditions\\\/\"]}]},{\"@type\":\"BreadcrumbList\",\"@id\":\"https:\\\/\\\/www.eukratom.com\\\/de\\\/terms-and-conditions\\\/#breadcrumb\",\"itemListElement\":[{\"@type\":\"ListItem\",\"position\":1,\"name\":\"Home\",\"item\":\"https:\\\/\\\/www.eukratom.com\\\/de\\\/\"},{\"@type\":\"ListItem\",\"position\":2,\"name\":\"Bedingungen und Konditionen\"}]},{\"@type\":\"WebSite\",\"@id\":\"https:\\\/\\\/www.eukratom.com\\\/de\\\/#website\",\"url\":\"https:\\\/\\\/www.eukratom.com\\\/de\\\/\",\"name\":\"EUKRATOM\",\"description\":\"Best Kratom Online in Europe\",\"publisher\":{\"@id\":\"https:\\\/\\\/www.eukratom.com\\\/de\\\/#organization\"},\"potentialAction\":[{\"@type\":\"SearchAction\",\"target\":{\"@type\":\"EntryPoint\",\"urlTemplate\":\"https:\\\/\\\/www.eukratom.com\\\/de\\\/?s={search_term_string}\"},\"query-input\":{\"@type\":\"PropertyValueSpecification\",\"valueRequired\":true,\"valueName\":\"search_term_string\"}}],\"inLanguage\":\"de\"},{\"@type\":\"Organization\",\"@id\":\"https:\\\/\\\/www.eukratom.com\\\/de\\\/#organization\",\"name\":\"EUKRATOM\",\"url\":\"https:\\\/\\\/www.eukratom.com\\\/de\\\/\",\"logo\":{\"@type\":\"ImageObject\",\"inLanguage\":\"de\",\"@id\":\"https:\\\/\\\/www.eukratom.com\\\/de\\\/#\\\/schema\\\/logo\\\/image\\\/\",\"url\":\"https:\\\/\\\/www.eukratom.com\\\/wp-content\\\/uploads\\\/2023\\\/02\\\/EUkratom.com_.svg\",\"contentUrl\":\"https:\\\/\\\/www.eukratom.com\\\/wp-content\\\/uploads\\\/2023\\\/02\\\/EUkratom.com_.svg\",\"width\":1,\"height\":1,\"caption\":\"EUKRATOM\"},\"image\":{\"@id\":\"https:\\\/\\\/www.eukratom.com\\\/de\\\/#\\\/schema\\\/logo\\\/image\\\/\"}}]}<\/script>\n<!-- \/ Yoast SEO plugin. -->","yoast_head_json":{"title":"|","description":"Sind Sie auf der Suche nach einem zuverl\u00e4ssigen Gesch\u00e4ft, das Kratom verkauft? Dann sind Sie bei uns genau richtig. Lesen Sie vor dem Kauf unsere Allgemeinen Gesch\u00e4ftsbedingungen.","robots":{"index":"noindex","follow":"nofollow"},"og_locale":"de_DE","og_type":"article","og_title":"|","og_description":"Sind Sie auf der Suche nach einem zuverl\u00e4ssigen Gesch\u00e4ft, das Kratom verkauft? Dann sind Sie bei uns genau richtig. Lesen Sie vor dem Kauf unsere Allgemeinen Gesch\u00e4ftsbedingungen.","og_url":"https:\/\/www.eukratom.com\/de\/terms-and-conditions\/","og_site_name":"EUKRATOM","article_modified_time":"2025-09-13T08:12:59+00:00","twitter_card":"summary_large_image","twitter_misc":{"Gesch\u00e4tzte Lesezeit":"10\u00a0Minuten"},"schema":{"@context":"https:\/\/schema.org","@graph":[{"@type":"WebPage","@id":"https:\/\/www.eukratom.com\/de\/terms-and-conditions\/","url":"https:\/\/www.eukratom.com\/de\/terms-and-conditions\/","name":"|","isPartOf":{"@id":"https:\/\/www.eukratom.com\/de\/#website"},"datePublished":"2021-02-22T23:51:24+00:00","dateModified":"2025-09-13T08:12:59+00:00","description":"Sind Sie auf der Suche nach einem zuverl\u00e4ssigen Gesch\u00e4ft, das Kratom verkauft? Dann sind Sie bei uns genau richtig. Lesen Sie vor dem Kauf unsere Allgemeinen Gesch\u00e4ftsbedingungen.","breadcrumb":{"@id":"https:\/\/www.eukratom.com\/de\/terms-and-conditions\/#breadcrumb"},"inLanguage":"de","potentialAction":[{"@type":"ReadAction","target":["https:\/\/www.eukratom.com\/de\/terms-and-conditions\/"]}]},{"@type":"BreadcrumbList","@id":"https:\/\/www.eukratom.com\/de\/terms-and-conditions\/#breadcrumb","itemListElement":[{"@type":"ListItem","position":1,"name":"Home","item":"https:\/\/www.eukratom.com\/de\/"},{"@type":"ListItem","position":2,"name":"Bedingungen und Konditionen"}]},{"@type":"WebSite","@id":"https:\/\/www.eukratom.com\/de\/#website","url":"https:\/\/www.eukratom.com\/de\/","name":"EUKRATOM","description":"Best Kratom Online in Europe","publisher":{"@id":"https:\/\/www.eukratom.com\/de\/#organization"},"potentialAction":[{"@type":"SearchAction","target":{"@type":"EntryPoint","urlTemplate":"https:\/\/www.eukratom.com\/de\/?s={search_term_string}"},"query-input":{"@type":"PropertyValueSpecification","valueRequired":true,"valueName":"search_term_string"}}],"inLanguage":"de"},{"@type":"Organization","@id":"https:\/\/www.eukratom.com\/de\/#organization","name":"EUKRATOM","url":"https:\/\/www.eukratom.com\/de\/","logo":{"@type":"ImageObject","inLanguage":"de","@id":"https:\/\/www.eukratom.com\/de\/#\/schema\/logo\/image\/","url":"https:\/\/www.eukratom.com\/wp-content\/uploads\/2023\/02\/EUkratom.com_.svg","contentUrl":"https:\/\/www.eukratom.com\/wp-content\/uploads\/2023\/02\/EUkratom.com_.svg","width":1,"height":1,"caption":"EUKRATOM"},"image":{"@id":"https:\/\/www.eukratom.com\/de\/#\/schema\/logo\/image\/"}}]}},"jetpack_sharing_enabled":true,"_links":{"self":[{"href":"https:\/\/www.eukratom.com\/de\/wp-json\/wp\/v2\/pages\/11778","targetHints":{"allow":["GET"]}}],"collection":[{"href":"https:\/\/www.eukratom.com\/de\/wp-json\/wp\/v2\/pages"}],"about":[{"href":"https:\/\/www.eukratom.com\/de\/wp-json\/wp\/v2\/types\/page"}],"author":[{"embeddable":true,"href":"https:\/\/www.eukratom.com\/de\/wp-json\/wp\/v2\/users\/1"}],"replies":[{"embeddable":true,"href":"https:\/\/www.eukratom.com\/de\/wp-json\/wp\/v2\/comments?post=11778"}],"version-history":[{"count":0,"href":"https:\/\/www.eukratom.com\/de\/wp-json\/wp\/v2\/pages\/11778\/revisions"}],"wp:attachment":[{"href":"https:\/\/www.eukratom.com\/de\/wp-json\/wp\/v2\/media?parent=11778"}],"curies":[{"name":"wp","href":"https:\/\/api.w.org\/{rel}","templated":true}]}}