{"id":11770,"date":"2022-03-13T11:41:46","date_gmt":"2022-03-13T10:41:46","guid":{"rendered":"https:\/\/www.eukratom.com\/wie-man-seife-herstellt\/"},"modified":"2025-12-23T14:43:13","modified_gmt":"2025-12-23T13:43:13","slug":"how-to-make-soap","status":"publish","type":"page","link":"https:\/\/www.eukratom.com\/de\/how-to-make-soap\/","title":{"rendered":"Wie man Seife herstellt"},"content":{"rendered":"  <div id=\"page-header-1947666537\" class=\"page-header-wrapper\">\n  <div class=\"page-title dark featured-title\">\n\n        <div class=\"page-title-bg\">\n      <div class=\"title-bg fill bg-fill\"\n        data-parallax-container=\".page-title\"\n        data-parallax-background\n        data-parallax=\"-\">\n      <\/div>\n      <div class=\"title-overlay fill\"><\/div>\n    <\/div>\n    \n    <div class=\"page-title-inner container align-center text-center flex-row-col medium-flex-wrap\" >\n              <div class=\"title-wrapper flex-col\">\n          <h1 class=\"entry-title mb-0\">\n            Kratom-Seife - DIY-Rezept          <\/h1>\n        <\/div>\n                    <div class=\"title-content flex-col\">\n        <div class=\"title-breadcrumbs pb-half pt-half\"><nav class=\"woocommerce-breadcrumb breadcrumbs uppercase\" aria-label=\"Breadcrumb\">Start<\/nav><\/div>      <\/div>\n    <\/div>\n\n     \n<style>\n#page-header-1947666537 .page-title-inner {\n  min-height: 200px;\n}\n#page-header-1947666537 {\n  margin-bottom: 30px;\n}\n#page-header-1947666537 .title-bg {\n  background-image: url(https:\/\/www.eukratom.com\/wp-content\/uploads\/2025\/01\/Kratom-soap-1024x574-1.webp);\n}\n<\/style>\n  <\/div>\n    <\/div>\n  \n<h2>Kratom Seife selber machen<\/h2>\n<p>Waschen Sie Ihre Haut zusammen mit EUkratom mit einer pflegenden Kratom-Seife. Die Herstellung Ihrer eigenen Kratom-Seife ist ganz einfach und das Beste daran ist, dass Sie die volle Kontrolle \u00fcber alle Zutaten haben, die darin enthalten sind. Daher ist die Auswahl hochwertiger Zutaten von entscheidender Bedeutung. Wir zeigen Ihnen Schritt f\u00fcr Schritt, wie Sie Ihre eigene Kratom-Seife herstellen k\u00f6nnen!   <\/p>\n<h3>Zutaten (f\u00fcr 2-3 kleine Seifen, ca. 40 Minuten)<\/h3>\n<ul>\n<li>200 g Seifengrundlage auf Glycerinbasis<\/li>\n<li>20 g einer beliebigen getrockneten Blume oder eines Krauts<\/li>\n<li>1 Teel\u00f6ffel \u00e4therisches \u00d6l Ihrer Wahl<\/li>\n<li>1 Teel\u00f6ffel Kratom Pulver<\/li>\n<li>Seifenformen<\/li>\n<\/ul>\n<h3>Schritt-f\u00fcr-Schritt-Anleitung<\/h3>\n<h4>1. Schmelzen Sie die Seifenbasis<\/h4>\n<p>Beginnen Sie damit, die Seifenbasis in einem Wasserbad zu schmelzen. Verwenden Sie eine hitzebest\u00e4ndige Sch\u00fcssel \u00fcber kochendem Wasser. R\u00fchren Sie regelm\u00e4\u00dfig um, um ein Verklumpen zu verhindern und ein gleichm\u00e4\u00dfiges Schmelzen zu gew\u00e4hrleisten. Achten Sie jedoch darauf, dass kein Wasser in direkten Kontakt mit der Seifenbasis kommt.   <\/p>\n<h4>2. Bereiten Sie die Kratom-Mischung vor<\/h4>\n<p>W\u00e4hrend die Basis schmilzt, <a href=\"https:\/\/www.eukratom.com\/de\/products\/kratom-kaufen\/\">mischen Sie das Kratom-Pulver mit den Kr\u00e4utern und dem \u00e4therischen \u00d6l Ihrer Wahl<\/a>. R\u00fchren Sie vorsichtig um, um alle Zutaten gleichm\u00e4\u00dfig zu vermischen. <\/p>\n<h4>3. Mixturen kombinieren<\/h4>\n<p>Sobald die Seifenbasis vollst\u00e4ndig geschmolzen ist, f\u00fcgen Sie die Kratom-Mischung vorsichtig hinzu. R\u00fchren Sie gr\u00fcndlich um, um eine glatte, gleichm\u00e4\u00dfige Mischung zu erhalten. <\/p>\n<h4>4. In Formen gie\u00dfen<\/h4>\n<p>Gie\u00dfen Sie die Mischung dann langsam in Ihre Seifenformen. Um Luftblasen zu vermeiden, gie\u00dfen Sie vorsichtig und gleichm\u00e4\u00dfig. <\/p>\n<h4>5. Lassen Sie die Seife abbinden<\/h4>\n<p>Lassen Sie die Seife bei Raumtemperatur abk\u00fchlen und aush\u00e4rten. Je nach Gr\u00f6\u00dfe Ihrer Formen kann dies einige Stunden dauern. <\/p>\n<h4>6. Aus den Formen nehmen<\/h4>\n<p>Sobald sich die Seife fest anf\u00fchlt, nehmen Sie sie vorsichtig aus den Formen. Achten Sie darauf, die Form beim Herausnehmen nicht zu besch\u00e4digen. <\/p>\n<h4>7. Lagern Sie die Seife<\/h4>\n<p>Zum Schluss wickeln Sie jeden Riegel in Frischhaltefolie oder Pergamentpapier ein. Die besten Ergebnisse erzielen Sie, wenn Sie sie \u00fcber Nacht in den K\u00fchlschrank stellen, damit sie vollst\u00e4ndig aush\u00e4rten k\u00f6nnen. <\/p>\n<h3>Qualit\u00e4t ist wichtig<\/h3>\n<p>Es ist wichtig, dass Sie bei der Herstellung von Seife nur hochwertiges Kratom verwenden. Das Kratom, das wir verwenden, wird im Labor getestet, wodurch sichergestellt wird, dass Ihr Endprodukt frei von Bakterien, Schwermetallen und anderen Verunreinigungen ist. So wird Ihre selbstgemachte Seife nicht nur nat\u00fcrlich, sondern auch sicher und wirksam sein. Sie finden reines, laborgepr\u00fcftes Kratom-Pulver von <a href=\"https:\/\/www.eurofins.se\/\">einem der besten Lieferanten Schwedens &#8211; direkt<\/a>hier bei EU Kratom.   <\/p>\n","protected":false},"excerpt":{"rendered":"<p>Kratom Seife selber machen Waschen Sie Ihre Haut zusammen mit EUkratom mit einer pflegenden Kratom-Seife. Die Herstellung Ihrer eigenen Kratom-Seife ist ganz einfach und das Beste daran ist, dass Sie die volle Kontrolle \u00fcber alle Zutaten haben, die darin enthalten sind. Daher ist die Auswahl hochwertiger Zutaten von entscheidender Bedeutung. Wir zeigen Ihnen Schritt f\u00fcr [&#8230;]\n","protected":false},"author":1,"featured_media":11771,"parent":0,"menu_order":0,"comment_status":"closed","ping_status":"closed","template":"","meta":{"footnotes":""},"class_list":["post-11770","page","type-page","status-publish","has-post-thumbnail","hentry"],"yoast_head":"<!-- This site is optimized with the Yoast SEO plugin v27.5 - https:\/\/yoast.com\/product\/yoast-seo-wordpress\/ -->\n<title>Wie man Seife macht | EUKratom.com | Kratom Seife<\/title>\n<meta name=\"description\" content=\"Lernen Sie mit unserer einfachen Schritt-f\u00fcr-Schritt-Anleitung, wie Sie Ihre eigene Kratom-Seife zu Hause herstellen k\u00f6nnen - mit Glycerin, nat\u00fcrlichen \u00d6len und Kratom-Pulver.\" \/>\n<meta name=\"robots\" content=\"index, follow, max-snippet:-1, max-image-preview:large, max-video-preview:-1\" \/>\n<link rel=\"canonical\" href=\"https:\/\/www.eukratom.com\/de\/how-to-make-soap\/\" \/>\n<meta property=\"og:locale\" content=\"de_DE\" \/>\n<meta property=\"og:type\" content=\"article\" \/>\n<meta property=\"og:title\" content=\"Wie man Seife macht | EUKratom.com | Kratom Seife\" \/>\n<meta property=\"og:description\" content=\"Lernen Sie mit unserer einfachen Schritt-f\u00fcr-Schritt-Anleitung, wie Sie Ihre eigene Kratom-Seife zu Hause herstellen k\u00f6nnen - mit Glycerin, nat\u00fcrlichen \u00d6len und Kratom-Pulver.\" \/>\n<meta property=\"og:url\" content=\"https:\/\/www.eukratom.com\/de\/how-to-make-soap\/\" \/>\n<meta property=\"og:site_name\" content=\"EUKRATOM\" \/>\n<meta property=\"article:modified_time\" content=\"2025-12-23T13:43:13+00:00\" \/>\n<meta property=\"og:image\" content=\"https:\/\/www.eukratom.com\/wp-content\/uploads\/2025\/01\/Kratom-soap-1024x574-1.webp\" \/>\n\t<meta property=\"og:image:width\" content=\"1024\" \/>\n\t<meta property=\"og:image:height\" content=\"574\" \/>\n\t<meta property=\"og:image:type\" content=\"image\/webp\" \/>\n<meta name=\"twitter:card\" content=\"summary_large_image\" \/>\n<meta name=\"twitter:label1\" content=\"Gesch\u00e4tzte Lesezeit\" \/>\n\t<meta name=\"twitter:data1\" content=\"2\u00a0Minuten\" \/>\n<script type=\"application\/ld+json\" class=\"yoast-schema-graph\">{\"@context\":\"https:\\\/\\\/schema.org\",\"@graph\":[{\"@type\":\"WebPage\",\"@id\":\"https:\\\/\\\/www.eukratom.com\\\/de\\\/how-to-make-soap\\\/\",\"url\":\"https:\\\/\\\/www.eukratom.com\\\/de\\\/how-to-make-soap\\\/\",\"name\":\"Wie man Seife macht | EUKratom.com | Kratom Seife\",\"isPartOf\":{\"@id\":\"https:\\\/\\\/www.eukratom.com\\\/de\\\/#website\"},\"primaryImageOfPage\":{\"@id\":\"https:\\\/\\\/www.eukratom.com\\\/de\\\/how-to-make-soap\\\/#primaryimage\"},\"image\":{\"@id\":\"https:\\\/\\\/www.eukratom.com\\\/de\\\/how-to-make-soap\\\/#primaryimage\"},\"thumbnailUrl\":\"https:\\\/\\\/www.eukratom.com\\\/wp-content\\\/uploads\\\/2025\\\/01\\\/Kratom-soap-1024x574-1.webp\",\"datePublished\":\"2022-03-13T10:41:46+00:00\",\"dateModified\":\"2025-12-23T13:43:13+00:00\",\"description\":\"Lernen Sie mit unserer einfachen Schritt-f\u00fcr-Schritt-Anleitung, wie Sie Ihre eigene Kratom-Seife zu Hause herstellen k\u00f6nnen - mit Glycerin, nat\u00fcrlichen \u00d6len und Kratom-Pulver.\",\"breadcrumb\":{\"@id\":\"https:\\\/\\\/www.eukratom.com\\\/de\\\/how-to-make-soap\\\/#breadcrumb\"},\"inLanguage\":\"de\",\"potentialAction\":[{\"@type\":\"ReadAction\",\"target\":[\"https:\\\/\\\/www.eukratom.com\\\/de\\\/how-to-make-soap\\\/\"]}]},{\"@type\":\"ImageObject\",\"inLanguage\":\"de\",\"@id\":\"https:\\\/\\\/www.eukratom.com\\\/de\\\/how-to-make-soap\\\/#primaryimage\",\"url\":\"https:\\\/\\\/www.eukratom.com\\\/wp-content\\\/uploads\\\/2025\\\/01\\\/Kratom-soap-1024x574-1.webp\",\"contentUrl\":\"https:\\\/\\\/www.eukratom.com\\\/wp-content\\\/uploads\\\/2025\\\/01\\\/Kratom-soap-1024x574-1.webp\",\"width\":1024,\"height\":574,\"caption\":\"Kratom Seife auf einem Teller\"},{\"@type\":\"BreadcrumbList\",\"@id\":\"https:\\\/\\\/www.eukratom.com\\\/de\\\/how-to-make-soap\\\/#breadcrumb\",\"itemListElement\":[{\"@type\":\"ListItem\",\"position\":1,\"name\":\"Home\",\"item\":\"https:\\\/\\\/www.eukratom.com\\\/de\\\/\"},{\"@type\":\"ListItem\",\"position\":2,\"name\":\"Wie man Seife herstellt\"}]},{\"@type\":\"WebSite\",\"@id\":\"https:\\\/\\\/www.eukratom.com\\\/de\\\/#website\",\"url\":\"https:\\\/\\\/www.eukratom.com\\\/de\\\/\",\"name\":\"EUKRATOM\",\"description\":\"Best Kratom Online in Europe\",\"publisher\":{\"@id\":\"https:\\\/\\\/www.eukratom.com\\\/de\\\/#organization\"},\"potentialAction\":[{\"@type\":\"SearchAction\",\"target\":{\"@type\":\"EntryPoint\",\"urlTemplate\":\"https:\\\/\\\/www.eukratom.com\\\/de\\\/?s={search_term_string}\"},\"query-input\":{\"@type\":\"PropertyValueSpecification\",\"valueRequired\":true,\"valueName\":\"search_term_string\"}}],\"inLanguage\":\"de\"},{\"@type\":\"Organization\",\"@id\":\"https:\\\/\\\/www.eukratom.com\\\/de\\\/#organization\",\"name\":\"EUKRATOM\",\"url\":\"https:\\\/\\\/www.eukratom.com\\\/de\\\/\",\"logo\":{\"@type\":\"ImageObject\",\"inLanguage\":\"de\",\"@id\":\"https:\\\/\\\/www.eukratom.com\\\/de\\\/#\\\/schema\\\/logo\\\/image\\\/\",\"url\":\"https:\\\/\\\/www.eukratom.com\\\/wp-content\\\/uploads\\\/2023\\\/02\\\/EUkratom.com_.svg\",\"contentUrl\":\"https:\\\/\\\/www.eukratom.com\\\/wp-content\\\/uploads\\\/2023\\\/02\\\/EUkratom.com_.svg\",\"width\":1,\"height\":1,\"caption\":\"EUKRATOM\"},\"image\":{\"@id\":\"https:\\\/\\\/www.eukratom.com\\\/de\\\/#\\\/schema\\\/logo\\\/image\\\/\"}}]}<\/script>\n<!-- \/ Yoast SEO plugin. -->","yoast_head_json":{"title":"Wie man Seife macht | EUKratom.com | Kratom Seife","description":"Lernen Sie mit unserer einfachen Schritt-f\u00fcr-Schritt-Anleitung, wie Sie Ihre eigene Kratom-Seife zu Hause herstellen k\u00f6nnen - mit Glycerin, nat\u00fcrlichen \u00d6len und Kratom-Pulver.","robots":{"index":"index","follow":"follow","max-snippet":"max-snippet:-1","max-image-preview":"max-image-preview:large","max-video-preview":"max-video-preview:-1"},"canonical":"https:\/\/www.eukratom.com\/de\/how-to-make-soap\/","og_locale":"de_DE","og_type":"article","og_title":"Wie man Seife macht | EUKratom.com | Kratom Seife","og_description":"Lernen Sie mit unserer einfachen Schritt-f\u00fcr-Schritt-Anleitung, wie Sie Ihre eigene Kratom-Seife zu Hause herstellen k\u00f6nnen - mit Glycerin, nat\u00fcrlichen \u00d6len und Kratom-Pulver.","og_url":"https:\/\/www.eukratom.com\/de\/how-to-make-soap\/","og_site_name":"EUKRATOM","article_modified_time":"2025-12-23T13:43:13+00:00","og_image":[{"width":1024,"height":574,"url":"https:\/\/www.eukratom.com\/wp-content\/uploads\/2025\/01\/Kratom-soap-1024x574-1.webp","type":"image\/webp"}],"twitter_card":"summary_large_image","twitter_misc":{"Gesch\u00e4tzte Lesezeit":"2\u00a0Minuten"},"schema":{"@context":"https:\/\/schema.org","@graph":[{"@type":"WebPage","@id":"https:\/\/www.eukratom.com\/de\/how-to-make-soap\/","url":"https:\/\/www.eukratom.com\/de\/how-to-make-soap\/","name":"Wie man Seife macht | EUKratom.com | Kratom Seife","isPartOf":{"@id":"https:\/\/www.eukratom.com\/de\/#website"},"primaryImageOfPage":{"@id":"https:\/\/www.eukratom.com\/de\/how-to-make-soap\/#primaryimage"},"image":{"@id":"https:\/\/www.eukratom.com\/de\/how-to-make-soap\/#primaryimage"},"thumbnailUrl":"https:\/\/www.eukratom.com\/wp-content\/uploads\/2025\/01\/Kratom-soap-1024x574-1.webp","datePublished":"2022-03-13T10:41:46+00:00","dateModified":"2025-12-23T13:43:13+00:00","description":"Lernen Sie mit unserer einfachen Schritt-f\u00fcr-Schritt-Anleitung, wie Sie Ihre eigene Kratom-Seife zu Hause herstellen k\u00f6nnen - mit Glycerin, nat\u00fcrlichen \u00d6len und Kratom-Pulver.","breadcrumb":{"@id":"https:\/\/www.eukratom.com\/de\/how-to-make-soap\/#breadcrumb"},"inLanguage":"de","potentialAction":[{"@type":"ReadAction","target":["https:\/\/www.eukratom.com\/de\/how-to-make-soap\/"]}]},{"@type":"ImageObject","inLanguage":"de","@id":"https:\/\/www.eukratom.com\/de\/how-to-make-soap\/#primaryimage","url":"https:\/\/www.eukratom.com\/wp-content\/uploads\/2025\/01\/Kratom-soap-1024x574-1.webp","contentUrl":"https:\/\/www.eukratom.com\/wp-content\/uploads\/2025\/01\/Kratom-soap-1024x574-1.webp","width":1024,"height":574,"caption":"Kratom Seife auf einem Teller"},{"@type":"BreadcrumbList","@id":"https:\/\/www.eukratom.com\/de\/how-to-make-soap\/#breadcrumb","itemListElement":[{"@type":"ListItem","position":1,"name":"Home","item":"https:\/\/www.eukratom.com\/de\/"},{"@type":"ListItem","position":2,"name":"Wie man Seife herstellt"}]},{"@type":"WebSite","@id":"https:\/\/www.eukratom.com\/de\/#website","url":"https:\/\/www.eukratom.com\/de\/","name":"EUKRATOM","description":"Best Kratom Online in Europe","publisher":{"@id":"https:\/\/www.eukratom.com\/de\/#organization"},"potentialAction":[{"@type":"SearchAction","target":{"@type":"EntryPoint","urlTemplate":"https:\/\/www.eukratom.com\/de\/?s={search_term_string}"},"query-input":{"@type":"PropertyValueSpecification","valueRequired":true,"valueName":"search_term_string"}}],"inLanguage":"de"},{"@type":"Organization","@id":"https:\/\/www.eukratom.com\/de\/#organization","name":"EUKRATOM","url":"https:\/\/www.eukratom.com\/de\/","logo":{"@type":"ImageObject","inLanguage":"de","@id":"https:\/\/www.eukratom.com\/de\/#\/schema\/logo\/image\/","url":"https:\/\/www.eukratom.com\/wp-content\/uploads\/2023\/02\/EUkratom.com_.svg","contentUrl":"https:\/\/www.eukratom.com\/wp-content\/uploads\/2023\/02\/EUkratom.com_.svg","width":1,"height":1,"caption":"EUKRATOM"},"image":{"@id":"https:\/\/www.eukratom.com\/de\/#\/schema\/logo\/image\/"}}]}},"jetpack_sharing_enabled":true,"_links":{"self":[{"href":"https:\/\/www.eukratom.com\/de\/wp-json\/wp\/v2\/pages\/11770","targetHints":{"allow":["GET"]}}],"collection":[{"href":"https:\/\/www.eukratom.com\/de\/wp-json\/wp\/v2\/pages"}],"about":[{"href":"https:\/\/www.eukratom.com\/de\/wp-json\/wp\/v2\/types\/page"}],"author":[{"embeddable":true,"href":"https:\/\/www.eukratom.com\/de\/wp-json\/wp\/v2\/users\/1"}],"replies":[{"embeddable":true,"href":"https:\/\/www.eukratom.com\/de\/wp-json\/wp\/v2\/comments?post=11770"}],"version-history":[{"count":9,"href":"https:\/\/www.eukratom.com\/de\/wp-json\/wp\/v2\/pages\/11770\/revisions"}],"predecessor-version":[{"id":14927,"href":"https:\/\/www.eukratom.com\/de\/wp-json\/wp\/v2\/pages\/11770\/revisions\/14927"}],"wp:featuredmedia":[{"embeddable":true,"href":"https:\/\/www.eukratom.com\/de\/wp-json\/wp\/v2\/media\/11771"}],"wp:attachment":[{"href":"https:\/\/www.eukratom.com\/de\/wp-json\/wp\/v2\/media?parent=11770"}],"curies":[{"name":"wp","href":"https:\/\/api.w.org\/{rel}","templated":true}]}}