{"id":11757,"date":"2021-02-17T15:47:10","date_gmt":"2021-02-17T14:47:10","guid":{"rendered":"https:\/\/www.eukratom.com\/ueber-uns\/"},"modified":"2025-12-23T14:24:57","modified_gmt":"2025-12-23T13:24:57","slug":"about-eu-kratom","status":"publish","type":"page","link":"https:\/\/www.eukratom.com\/de\/about-eu-kratom\/","title":{"rendered":"\u00dcber uns"},"content":{"rendered":"  <div id=\"page-header-1531146847\" class=\"page-header-wrapper\">\n  <div class=\"page-title light divided-title\">\n\n    \n    <div class=\"page-title-inner container align-center text-center flex-row-col medium-flex-wrap\" >\n              <div class=\"title-wrapper flex-col\">\n          <h1 class=\"entry-title mb-0\">\n            EU Kratom          <\/h1>\n        <\/div>\n                    <div class=\"title-content flex-col\">\n        <div class=\"title-breadcrumbs pb-half pt-half\"><nav class=\"woocommerce-breadcrumb breadcrumbs uppercase\" aria-label=\"Breadcrumb\">Start<\/nav><\/div>      <\/div>\n    <\/div>\n\n     \n<style>\n#page-header-1531146847 .page-title-inner {\n  min-height: 0px;\n}\n#page-header-1531146847 {\n  margin-bottom: 0px;\n}\n<\/style>\n  <\/div>\n  <div class=\"container header-wrapper-divider\"><hr\/><\/div>  <\/div>\n  \n\n\t<section class=\"section\" id=\"section_1784223810\">\n\t\t<div class=\"section-bg fill\" >\n\t\t\t\t\t\t\t\t\t\n\t\t\t\n\n\t\t<\/div>\n\n\t\t\n\n\t\t<div class=\"section-content relative\">\n\t\t\t\n<div class=\"row\"  id=\"row-1237169636\">\n\n\t<div id=\"col-1899423243\" class=\"col small-12 large-12\"  >\n\t\t\t\t<div class=\"col-inner\" style=\"background-color:rgb(255,255,255);\" >\n\t\t\t\n\t\t\t\n<div class=\"row align-center\"  id=\"row-1138435880\">\n\n\t<div id=\"col-439734942\" class=\"col medium-9 small-10 large-7\"  >\n\t\t\t\t<div class=\"col-inner text-center\"  >\n\t\t\t\n\t\t\t\n<h2>Kratom, Integrit\u00e4t und Fairness<\/h2>\n<p>EU Kratom operiert von den Niederlanden aus und steht fest auf Werten wie Integrit\u00e4t, Fairness und Hingabe. Wir haben mit dieser Mission begonnen, weil wir von einem Markt frustriert waren, der zu oft von Profit und nicht von Transparenz und Vertrauen bestimmt wird. Anstatt diesen Standard zu akzeptieren, haben wir uns entschieden, es besser zu machen. Wir glauben, dass Gerechtigkeit und Ehrlichkeit niemals optional sein sollten. Deshalb haben wir EU Kratom gegr\u00fcndet &#8211; um eine vertrauensw\u00fcrdige und prinzipienfeste Alternative f\u00fcr die Beschaffung von hochwertigem Kratom zu bieten.    <\/p>\n\t\t<\/div>\n\t\t\t\t\n<style>\n#col-439734942 > .col-inner {\n  margin: 20px 0px 20px 0px;\n}\n<\/style>\n\t<\/div>\n\n\t\n<\/div>\n<div class=\"row align-center\"  id=\"row-754731473\">\n\n\t<div id=\"col-2005166258\" class=\"col medium-11 small-12 large-10\"  >\n\t\t\t\t<div class=\"col-inner\"  >\n\t\t\t\n\t\t\t\n\n  <div class=\"banner has-hover has-parallax\" id=\"banner-1732341639\">\n          <div class=\"banner-inner fill\">\n        <div class=\"banner-bg fill\" data-parallax=\"-6\" data-parallax-container=\".banner\" data-parallax-background>\n            <img loading=\"lazy\" decoding=\"async\" width=\"1456\" height=\"816\" src=\"https:\/\/www.eukratom.com\/wp-content\/uploads\/2025\/07\/EuKartomAboutUs.webp\" class=\"bg attachment-original size-original\" alt=\"A beautiful kratom jungle with nice nature\" \/>                                    \n                    <\/div>\n\t\t\n        <div class=\"banner-layers container\">\n            <div class=\"fill banner-link\"><\/div>            \n   <div id=\"text-box-1751314819\" class=\"text-box banner-layer x50 md-x50 lg-x50 y50 md-y50 lg-y50 res-text\">\n                                <div class=\"text-box-content text dark\">\n              \n              <div class=\"text-inner text-center\">\n                  \n              <\/div>\n           <\/div>\n                            \n<style>\n#text-box-1751314819 {\n  width: 60%;\n}\n#text-box-1751314819 .text-box-content {\n  font-size: 100%;\n}\n@media (min-width:550px) {\n  #text-box-1751314819 {\n    width: 60%;\n  }\n}\n<\/style>\n    <\/div>\n \n        <\/div>\n      <\/div>\n\n            \n<style>\n#banner-1732341639 {\n  padding-top: 300px;\n}\n#banner-1732341639 .banner-bg img {\n  object-position: 52% 0%;\n}\n@media (min-width:850px) {\n  #banner-1732341639 {\n    padding-top: 500px;\n  }\n}\n<\/style>\n  <\/div>\n\n\n\t\t<\/div>\n\t\t\t\t\n<style>\n#col-2005166258 > .col-inner {\n  margin: 0px 0px -160px 0px;\n}\n<\/style>\n\t<\/div>\n\n\t\n<\/div>\n\t\t<\/div>\n\t\t\t\t\n<style>\n#col-1899423243 > .col-inner {\n  padding: 50px 0px 0px 0px;\n  margin: -70px 0px 0px 0px;\n}\n<\/style>\n\t<\/div>\n\n\t\n<\/div>\n\t\t<\/div>\n\n\t\t\n<style>\n#section_1784223810 {\n  padding-top: 30px;\n  padding-bottom: 30px;\n}\n<\/style>\n\t<\/section>\n\t\n\n\t<section class=\"section\" id=\"section_1440594352\">\n\t\t<div class=\"section-bg fill\" >\n\t\t\t\t\t\t\t\t\t\n\t\t\t\n\n\t\t<\/div>\n\n\t\t\n\n\t\t<div class=\"section-content relative\">\n\t\t\t\n<div class=\"row align-center\"  id=\"row-1053973020\">\n\n\t<div id=\"col-1693611318\" class=\"col medium-11 small-12 large-10\"  >\n\t\t\t\t<div class=\"col-inner\"  >\n\t\t\t\n\t\t\t\n\t<div id=\"text-1980564730\" class=\"text\">\n\t\t\n<h2>Aus dem Herzen Borneos, f\u00fcr Sie.<\/h2>\n<p data-start=\"707\" data-end=\"1191\">Dank dieser Verbindungen haben wir ein breites Netzwerk von passionierten Kratom-Experten in ganz Indonesien aufgebaut. Wir suchen st\u00e4ndig nach den<strong> <a href=\"https:\/\/eukratom.com\/products\/kratom\/\">Produkte, nach denen Sie suchen<\/a><\/strong>, wobei wir gro\u00dfen Wert auf Qualit\u00e4tssicherung legen. Die Unternehmen, mit denen wir zusammenarbeiten, \u00fcberpr\u00fcfen regelm\u00e4\u00dfig die Bauern, f\u00fchren Qualit\u00e4tskontrollen durch und bieten Schulungen an. Diese <strong><a href=\"https:\/\/en.wikipedia.org\/wiki\/Standard_operating_procedure\">wird sichergestellt, dass alle Beteiligten standardisierte Verfahren einhalten<\/a><\/strong>und unterst\u00fctzen gleichzeitig faire Arbeitsbedingungen, eine angemessene Entlohnung und erstklassige Produktqualit\u00e4t.   <\/p>\n<p data-start=\"1193\" data-end=\"1583\">Dar\u00fcber hinaus wird jede Charge Kratom-Bl\u00e4tter in einem unabh\u00e4ngigen Labor getestet. Diese Tests best\u00e4tigen, dass die Bl\u00e4tter frei von Bakterien, Schwermetallen und anderen Verunreinigungen sind. Au\u00dferdem findet der Trocknungsprozess in einer modernen, zentralisierten Anlage statt. Diese hochmoderne Umgebung stellt sicher, dass die optimalen Bedingungen aufrechterhalten werden, damit die Bl\u00e4tter ihre beabsichtigte Qualit\u00e4t behalten.   <\/p>\n\t\t\n<style>\n#text-1980564730 {\n  text-align: center;\n}\n@media (min-width:550px) {\n  #text-1980564730 {\n    text-align: center;\n  }\n}\n<\/style>\n\t<\/div>\n\t\n\t\t<\/div>\n\t\t\t\t\t<\/div>\n\n\t\n\n<style>\n#row-1053973020 > .col > .col-inner {\n  padding: 50px 0px 20px 0px;\n}\n@media (min-width:550px) {\n  #row-1053973020 > .col > .col-inner {\n    padding: 100px 0px 50px 0px;\n  }\n}\n<\/style>\n<\/div>\n<div class=\"row align-center\"  id=\"row-641368007\">\n\n\t<div id=\"col-804098332\" class=\"col medium-11 small-12 large-10\"  >\n\t\t\t\t<div class=\"col-inner\"  >\n\t\t\t\n\t\t\t\n<div class=\"row row-large align-middle\"  id=\"row-363986758\">\n\n\t<div id=\"col-774631793\" class=\"col medium-4 small-12 large-6\"  >\n\t\t\t\t<div class=\"col-inner\"  >\n\t\t\t\n\t\t\t\n\n  <div class=\"banner has-hover\" id=\"banner-1217994830\">\n          <div class=\"banner-inner fill\">\n        <div class=\"banner-bg fill\" >\n            <img loading=\"lazy\" decoding=\"async\" width=\"1000\" height=\"1000\" src=\"https:\/\/www.eukratom.com\/wp-content\/uploads\/2025\/01\/White-Vein-Kratom.webp\" class=\"bg attachment-original size-original\" alt=\"Wei\u00dfes Kratom\" \/>                                    \n                    <\/div>\n\t\t\n        <div class=\"banner-layers container\">\n            <div class=\"fill banner-link\"><\/div>            \n   <div id=\"text-box-601335824\" class=\"text-box banner-layer x50 md-x50 lg-x50 y50 md-y50 lg-y50 res-text\">\n                                <div class=\"text-box-content text dark\">\n              \n              <div class=\"text-inner text-center\">\n                  \n              <\/div>\n           <\/div>\n                            \n<style>\n#text-box-601335824 {\n  width: 60%;\n}\n#text-box-601335824 .text-box-content {\n  font-size: 100%;\n}\n@media (min-width:550px) {\n  #text-box-601335824 {\n    width: 60%;\n  }\n}\n<\/style>\n    <\/div>\n \n        <\/div>\n      <\/div>\n\n            \n<style>\n#banner-1217994830 {\n  padding-top: 300px;\n  background-color: rgba(255, 255, 255, 0);\n}\n#banner-1217994830 .banner-bg img {\n  object-position: 0% 0%;\n}\n@media (min-width:550px) {\n  #banner-1217994830 {\n    padding-top: 99.99%;\n  }\n}\n<\/style>\n  <\/div>\n\n\n\t\t<\/div>\n\t\t\t\t\t<\/div>\n\n\t\n\n\t<div id=\"col-1396900137\" class=\"col medium-8 small-12 large-6\"  >\n\t\t\t\t<div class=\"col-inner text-center\"  >\n\t\t\t\n\t\t\t\n\t<div id=\"text-1243391982\" class=\"text\">\n\t\t\n<h3>EU Kratom liebt Qualit\u00e4t<\/h3>\n<p data-start=\"294\" data-end=\"628\">Ein wichtiger Teil unseres Engagements f\u00fcr hervorragende Qualit\u00e4t ist die Art und Weise, wie wir die Bauern, mit denen wir zusammenarbeiten, bewerten. Wir bewerten sorgf\u00e4ltig Hygiene, Arbeitsstandards, Arbeitsbedingungen, L\u00f6hne, Produktqualit\u00e4t und mehr. Um sicherzustellen, dass diese Standards konsequent eingehalten werden, haben wir uns mit einer indonesischen Kratom-Organisation zusammengetan, die diese Verfahren \u00fcberwacht und durchsetzt.  <\/p>\n<p data-start=\"630\" data-end=\"954\">Dank dieser Strategie profitieren die Bauern und unsere Partnerorganisation von h\u00f6heren Ums\u00e4tzen &#8211; vor allem in marginalen Gebieten. Gleichzeitig werden unsere eigenen Gewinnspannen reduziert. Aber das Endergebnis ist es wert. Die Kunden erhalten nicht nur alles, was sie brauchen, sondern auch ein kleines Extra in Bezug auf Qualit\u00e4t, Ethik und Sorgfalt.   <\/p>\n\t\t\n<style>\n#text-1243391982 {\n  text-align: center;\n}\n<\/style>\n\t<\/div>\n\t\n<a href=\"https:\/\/eukratom.com\/de\/products\/kratom\/\" class=\"button primary is-underline\" >\n\t\t<span>SHOP<\/span>\n\t<\/a>\n\n\t\t<\/div>\n\t\t\t\t\t<\/div>\n\n\t\n<\/div>\n<div class=\"row row-large align-middle\"  id=\"row-1362374438\">\n\n\t<div id=\"col-2115824967\" class=\"col medium-8 small-12 large-6\"  >\n\t\t\t\t<div class=\"col-inner text-center\"  >\n\t\t\t\n\t\t\t\n\t<div id=\"text-2631662462\" class=\"text\">\n\t\t\n<h3>EU kratom &#8211; Kundenorientierung<\/h3>\n<p data-start=\"264\" data-end=\"497\">Wir bei EU Kratom verstehen, dass die Bed\u00fcrfnisse, W\u00fcnsche und Erwartungen unserer Kunden nicht immer klar formuliert sind. Wir haben es uns jedoch zur Aufgabe gemacht, durch st\u00e4ndige Bem\u00fchungen und kontinuierliche Verbesserungen \u00fcber diese Anforderungen hinauszugehen. <\/p>\n<p data-start=\"499\" data-end=\"749\">Aufgrund der mangelnden Transparenz in der Branche haben wir uns zu v\u00f6lliger Offenheit in jedem Aspekt unserer Arbeit verpflichtet. Auf diese Weise stellen wir sicher, dass unsere Kunden der Qualit\u00e4t unserer Produkte und der Zuverl\u00e4ssigkeit unserer Dienstleistungen voll und ganz vertrauen k\u00f6nnen. <\/p>\n<p data-start=\"751\" data-end=\"938\">Indem wir nur die besten Waren anbieten und w\u00e4hrend des gesamten Prozesses Ehrlichkeit walten lassen, wollen wir die Erwartungen aller, die sich f\u00fcr EU Kratom entscheiden, nicht nur erf\u00fcllen, sondern \u00fcbertreffen.<\/p>\n\t\t\n<style>\n#text-2631662462 {\n  text-align: center;\n}\n<\/style>\n\t<\/div>\n\t\n<a href=\"https:\/\/eukratom.com\/de\/blog\/\" class=\"button primary is-underline\" >\n\t\t<span>BLOG<\/span>\n\t<\/a>\n\n\t\t<\/div>\n\t\t\t\t\t<\/div>\n\n\t\n\n\t<div id=\"col-1579502593\" class=\"col medium-4 small-12 large-6 medium-col-first\"  >\n\t\t\t\t<div class=\"col-inner\"  >\n\t\t\t\n\t\t\t\n\n  <div class=\"banner has-hover\" id=\"banner-464156783\">\n          <div class=\"banner-inner fill\">\n        <div class=\"banner-bg fill\" >\n            <img loading=\"lazy\" decoding=\"async\" width=\"1000\" height=\"1000\" src=\"https:\/\/www.eukratom.com\/wp-content\/uploads\/2025\/07\/customerO.webp\" class=\"bg attachment-large size-large\" alt=\"two persons shake hands\" \/>                                    \n                    <\/div>\n\t\t\n        <div class=\"banner-layers container\">\n            <div class=\"fill banner-link\"><\/div>            \n   <div id=\"text-box-1569718100\" class=\"text-box banner-layer x50 md-x50 lg-x50 y50 md-y50 lg-y50 res-text\">\n                                <div class=\"text-box-content text dark\">\n              \n              <div class=\"text-inner text-center\">\n                  \n              <\/div>\n           <\/div>\n                            \n<style>\n#text-box-1569718100 {\n  width: 60%;\n}\n#text-box-1569718100 .text-box-content {\n  font-size: 100%;\n}\n@media (min-width:550px) {\n  #text-box-1569718100 {\n    width: 60%;\n  }\n}\n<\/style>\n    <\/div>\n \n        <\/div>\n      <\/div>\n\n            \n<style>\n#banner-464156783 {\n  padding-top: 300px;\n}\n@media (min-width:550px) {\n  #banner-464156783 {\n    padding-top: 99.99%;\n  }\n}\n<\/style>\n  <\/div>\n\n\n\t\t<\/div>\n\t\t\t\t\t<\/div>\n\n\t\n<\/div>\n<div class=\"row row-large align-middle\"  id=\"row-1853247842\">\n\n\t<div id=\"col-1889964080\" class=\"col medium-4 small-12 large-6\"  >\n\t\t\t\t<div class=\"col-inner\"  >\n\t\t\t\n\t\t\t\n\n  <div class=\"banner has-hover\" id=\"banner-1023604728\">\n          <div class=\"banner-inner fill\">\n        <div class=\"banner-bg fill\" >\n            <img loading=\"lazy\" decoding=\"async\" width=\"1000\" height=\"1000\" src=\"https:\/\/www.eukratom.com\/wp-content\/uploads\/2025\/07\/EUkratom-wall.webp\" class=\"bg attachment-original size-original\" alt=\"Eukratom logo with a gray background\" \/>                                    \n                    <\/div>\n\t\t\n        <div class=\"banner-layers container\">\n            <div class=\"fill banner-link\"><\/div>            \n   <div id=\"text-box-1609451277\" class=\"text-box banner-layer x50 md-x50 lg-x50 y50 md-y50 lg-y50 res-text\">\n                                <div class=\"text-box-content text dark\">\n              \n              <div class=\"text-inner text-center\">\n                  \n              <\/div>\n           <\/div>\n                            \n<style>\n#text-box-1609451277 {\n  width: 60%;\n}\n#text-box-1609451277 .text-box-content {\n  font-size: 100%;\n}\n@media (min-width:550px) {\n  #text-box-1609451277 {\n    width: 60%;\n  }\n}\n<\/style>\n    <\/div>\n \n        <\/div>\n      <\/div>\n\n            \n<style>\n#banner-1023604728 {\n  padding-top: 300px;\n}\n@media (min-width:550px) {\n  #banner-1023604728 {\n    padding-top: 80%;\n  }\n}\n<\/style>\n  <\/div>\n\n\n\t\t<\/div>\n\t\t\t\t\t<\/div>\n\n\t\n\n\t<div id=\"col-869819550\" class=\"col medium-8 small-12 large-6\"  >\n\t\t\t\t<div class=\"col-inner text-center\"  >\n\t\t\t\n\t\t\t\n<a href=\"https:\/\/eukratom.com\/de\/contact\/\" class=\"button primary is-underline\" >\n\t\t<span>KONTAKT US<\/span>\n\t<\/a>\n\n\t\t<\/div>\n\t\t\t\t\t<\/div>\n\n\t\n<\/div>\n\t\t<\/div>\n\t\t\t\t\t<\/div>\n\n\t\n<\/div>\n\t\t<\/div>\n\n\t\t\n<style>\n#section_1440594352 {\n  padding-top: 80px;\n  padding-bottom: 80px;\n  background-color: rgb(244, 244, 244);\n}\n<\/style>\n\t<\/section>\n\t\n","protected":false},"excerpt":{"rendered":"","protected":false},"author":1,"featured_media":11758,"parent":0,"menu_order":0,"comment_status":"closed","ping_status":"closed","template":"","meta":{"footnotes":""},"class_list":["post-11757","page","type-page","status-publish","has-post-thumbnail","hentry"],"yoast_head":"<!-- This site is optimized with the Yoast SEO plugin v27.5 - https:\/\/yoast.com\/product\/yoast-seo-wordpress\/ -->\n<title>\u00dcber EUKratom | G\u00fcnstiger Anbieter DE | Gepr\u00fcfte Qualit\u00e4t<\/title>\n<meta name=\"description\" content=\"Erfahren Sie mehr \u00fcber EUKratom, einen g\u00fcnstigen Anbieter von hochwertigem Kratom und Alternativen in Deutschland. Faire Preise und zuverl\u00e4ssiger Service.\" \/>\n<meta name=\"robots\" content=\"index, follow, max-snippet:-1, max-image-preview:large, max-video-preview:-1\" \/>\n<link rel=\"canonical\" href=\"https:\/\/www.eukratom.com\/de\/about-eu-kratom\/\" \/>\n<meta property=\"og:locale\" content=\"de_DE\" \/>\n<meta property=\"og:type\" content=\"article\" \/>\n<meta property=\"og:title\" content=\"\u00dcber EUKratom | G\u00fcnstiger Anbieter DE | Gepr\u00fcfte Qualit\u00e4t\" \/>\n<meta property=\"og:description\" content=\"Erfahren Sie mehr \u00fcber EUKratom, einen g\u00fcnstigen Anbieter von hochwertigem Kratom und Alternativen in Deutschland. Faire Preise und zuverl\u00e4ssiger Service.\" \/>\n<meta property=\"og:url\" content=\"https:\/\/www.eukratom.com\/de\/about-eu-kratom\/\" \/>\n<meta property=\"og:site_name\" content=\"EUKRATOM\" \/>\n<meta property=\"article:modified_time\" content=\"2025-12-23T13:24:57+00:00\" \/>\n<meta property=\"og:image\" content=\"https:\/\/www.eukratom.com\/wp-content\/uploads\/2025\/07\/EuKartomAboutUs.webp\" \/>\n\t<meta property=\"og:image:width\" content=\"1456\" \/>\n\t<meta property=\"og:image:height\" content=\"816\" \/>\n\t<meta property=\"og:image:type\" content=\"image\/webp\" \/>\n<meta name=\"twitter:card\" content=\"summary_large_image\" \/>\n<meta name=\"twitter:label1\" content=\"Gesch\u00e4tzte Lesezeit\" \/>\n\t<meta name=\"twitter:data1\" content=\"4\u00a0Minuten\" \/>\n<script type=\"application\/ld+json\" class=\"yoast-schema-graph\">{\"@context\":\"https:\\\/\\\/schema.org\",\"@graph\":[{\"@type\":\"WebPage\",\"@id\":\"https:\\\/\\\/www.eukratom.com\\\/de\\\/about-eu-kratom\\\/\",\"url\":\"https:\\\/\\\/www.eukratom.com\\\/de\\\/about-eu-kratom\\\/\",\"name\":\"\u00dcber EUKratom | G\u00fcnstiger Anbieter DE | Gepr\u00fcfte Qualit\u00e4t\",\"isPartOf\":{\"@id\":\"https:\\\/\\\/www.eukratom.com\\\/de\\\/#website\"},\"primaryImageOfPage\":{\"@id\":\"https:\\\/\\\/www.eukratom.com\\\/de\\\/about-eu-kratom\\\/#primaryimage\"},\"image\":{\"@id\":\"https:\\\/\\\/www.eukratom.com\\\/de\\\/about-eu-kratom\\\/#primaryimage\"},\"thumbnailUrl\":\"https:\\\/\\\/www.eukratom.com\\\/wp-content\\\/uploads\\\/2025\\\/07\\\/EuKartomAboutUs.webp\",\"datePublished\":\"2021-02-17T14:47:10+00:00\",\"dateModified\":\"2025-12-23T13:24:57+00:00\",\"description\":\"Erfahren Sie mehr \u00fcber EUKratom, einen g\u00fcnstigen Anbieter von hochwertigem Kratom und Alternativen in Deutschland. Faire Preise und zuverl\u00e4ssiger Service.\",\"breadcrumb\":{\"@id\":\"https:\\\/\\\/www.eukratom.com\\\/de\\\/about-eu-kratom\\\/#breadcrumb\"},\"inLanguage\":\"de\",\"potentialAction\":[{\"@type\":\"ReadAction\",\"target\":[\"https:\\\/\\\/www.eukratom.com\\\/de\\\/about-eu-kratom\\\/\"]}]},{\"@type\":\"ImageObject\",\"inLanguage\":\"de\",\"@id\":\"https:\\\/\\\/www.eukratom.com\\\/de\\\/about-eu-kratom\\\/#primaryimage\",\"url\":\"https:\\\/\\\/www.eukratom.com\\\/wp-content\\\/uploads\\\/2025\\\/07\\\/EuKartomAboutUs.webp\",\"contentUrl\":\"https:\\\/\\\/www.eukratom.com\\\/wp-content\\\/uploads\\\/2025\\\/07\\\/EuKartomAboutUs.webp\",\"width\":1456,\"height\":816,\"caption\":\"A beautiful kratom jungle with nice nature\"},{\"@type\":\"BreadcrumbList\",\"@id\":\"https:\\\/\\\/www.eukratom.com\\\/de\\\/about-eu-kratom\\\/#breadcrumb\",\"itemListElement\":[{\"@type\":\"ListItem\",\"position\":1,\"name\":\"Home\",\"item\":\"https:\\\/\\\/www.eukratom.com\\\/de\\\/\"},{\"@type\":\"ListItem\",\"position\":2,\"name\":\"\u00dcber uns\"}]},{\"@type\":\"WebSite\",\"@id\":\"https:\\\/\\\/www.eukratom.com\\\/de\\\/#website\",\"url\":\"https:\\\/\\\/www.eukratom.com\\\/de\\\/\",\"name\":\"EUKRATOM\",\"description\":\"Best Kratom Online in Europe\",\"publisher\":{\"@id\":\"https:\\\/\\\/www.eukratom.com\\\/de\\\/#organization\"},\"potentialAction\":[{\"@type\":\"SearchAction\",\"target\":{\"@type\":\"EntryPoint\",\"urlTemplate\":\"https:\\\/\\\/www.eukratom.com\\\/de\\\/?s={search_term_string}\"},\"query-input\":{\"@type\":\"PropertyValueSpecification\",\"valueRequired\":true,\"valueName\":\"search_term_string\"}}],\"inLanguage\":\"de\"},{\"@type\":\"Organization\",\"@id\":\"https:\\\/\\\/www.eukratom.com\\\/de\\\/#organization\",\"name\":\"EUKRATOM\",\"url\":\"https:\\\/\\\/www.eukratom.com\\\/de\\\/\",\"logo\":{\"@type\":\"ImageObject\",\"inLanguage\":\"de\",\"@id\":\"https:\\\/\\\/www.eukratom.com\\\/de\\\/#\\\/schema\\\/logo\\\/image\\\/\",\"url\":\"https:\\\/\\\/www.eukratom.com\\\/wp-content\\\/uploads\\\/2023\\\/02\\\/EUkratom.com_.svg\",\"contentUrl\":\"https:\\\/\\\/www.eukratom.com\\\/wp-content\\\/uploads\\\/2023\\\/02\\\/EUkratom.com_.svg\",\"width\":1,\"height\":1,\"caption\":\"EUKRATOM\"},\"image\":{\"@id\":\"https:\\\/\\\/www.eukratom.com\\\/de\\\/#\\\/schema\\\/logo\\\/image\\\/\"}}]}<\/script>\n<!-- \/ Yoast SEO plugin. -->","yoast_head_json":{"title":"\u00dcber EUKratom | G\u00fcnstiger Anbieter DE | Gepr\u00fcfte Qualit\u00e4t","description":"Erfahren Sie mehr \u00fcber EUKratom, einen g\u00fcnstigen Anbieter von hochwertigem Kratom und Alternativen in Deutschland. Faire Preise und zuverl\u00e4ssiger Service.","robots":{"index":"index","follow":"follow","max-snippet":"max-snippet:-1","max-image-preview":"max-image-preview:large","max-video-preview":"max-video-preview:-1"},"canonical":"https:\/\/www.eukratom.com\/de\/about-eu-kratom\/","og_locale":"de_DE","og_type":"article","og_title":"\u00dcber EUKratom | G\u00fcnstiger Anbieter DE | Gepr\u00fcfte Qualit\u00e4t","og_description":"Erfahren Sie mehr \u00fcber EUKratom, einen g\u00fcnstigen Anbieter von hochwertigem Kratom und Alternativen in Deutschland. Faire Preise und zuverl\u00e4ssiger Service.","og_url":"https:\/\/www.eukratom.com\/de\/about-eu-kratom\/","og_site_name":"EUKRATOM","article_modified_time":"2025-12-23T13:24:57+00:00","og_image":[{"width":1456,"height":816,"url":"https:\/\/www.eukratom.com\/wp-content\/uploads\/2025\/07\/EuKartomAboutUs.webp","type":"image\/webp"}],"twitter_card":"summary_large_image","twitter_misc":{"Gesch\u00e4tzte Lesezeit":"4\u00a0Minuten"},"schema":{"@context":"https:\/\/schema.org","@graph":[{"@type":"WebPage","@id":"https:\/\/www.eukratom.com\/de\/about-eu-kratom\/","url":"https:\/\/www.eukratom.com\/de\/about-eu-kratom\/","name":"\u00dcber EUKratom | G\u00fcnstiger Anbieter DE | Gepr\u00fcfte Qualit\u00e4t","isPartOf":{"@id":"https:\/\/www.eukratom.com\/de\/#website"},"primaryImageOfPage":{"@id":"https:\/\/www.eukratom.com\/de\/about-eu-kratom\/#primaryimage"},"image":{"@id":"https:\/\/www.eukratom.com\/de\/about-eu-kratom\/#primaryimage"},"thumbnailUrl":"https:\/\/www.eukratom.com\/wp-content\/uploads\/2025\/07\/EuKartomAboutUs.webp","datePublished":"2021-02-17T14:47:10+00:00","dateModified":"2025-12-23T13:24:57+00:00","description":"Erfahren Sie mehr \u00fcber EUKratom, einen g\u00fcnstigen Anbieter von hochwertigem Kratom und Alternativen in Deutschland. Faire Preise und zuverl\u00e4ssiger Service.","breadcrumb":{"@id":"https:\/\/www.eukratom.com\/de\/about-eu-kratom\/#breadcrumb"},"inLanguage":"de","potentialAction":[{"@type":"ReadAction","target":["https:\/\/www.eukratom.com\/de\/about-eu-kratom\/"]}]},{"@type":"ImageObject","inLanguage":"de","@id":"https:\/\/www.eukratom.com\/de\/about-eu-kratom\/#primaryimage","url":"https:\/\/www.eukratom.com\/wp-content\/uploads\/2025\/07\/EuKartomAboutUs.webp","contentUrl":"https:\/\/www.eukratom.com\/wp-content\/uploads\/2025\/07\/EuKartomAboutUs.webp","width":1456,"height":816,"caption":"A beautiful kratom jungle with nice nature"},{"@type":"BreadcrumbList","@id":"https:\/\/www.eukratom.com\/de\/about-eu-kratom\/#breadcrumb","itemListElement":[{"@type":"ListItem","position":1,"name":"Home","item":"https:\/\/www.eukratom.com\/de\/"},{"@type":"ListItem","position":2,"name":"\u00dcber uns"}]},{"@type":"WebSite","@id":"https:\/\/www.eukratom.com\/de\/#website","url":"https:\/\/www.eukratom.com\/de\/","name":"EUKRATOM","description":"Best Kratom Online in Europe","publisher":{"@id":"https:\/\/www.eukratom.com\/de\/#organization"},"potentialAction":[{"@type":"SearchAction","target":{"@type":"EntryPoint","urlTemplate":"https:\/\/www.eukratom.com\/de\/?s={search_term_string}"},"query-input":{"@type":"PropertyValueSpecification","valueRequired":true,"valueName":"search_term_string"}}],"inLanguage":"de"},{"@type":"Organization","@id":"https:\/\/www.eukratom.com\/de\/#organization","name":"EUKRATOM","url":"https:\/\/www.eukratom.com\/de\/","logo":{"@type":"ImageObject","inLanguage":"de","@id":"https:\/\/www.eukratom.com\/de\/#\/schema\/logo\/image\/","url":"https:\/\/www.eukratom.com\/wp-content\/uploads\/2023\/02\/EUkratom.com_.svg","contentUrl":"https:\/\/www.eukratom.com\/wp-content\/uploads\/2023\/02\/EUkratom.com_.svg","width":1,"height":1,"caption":"EUKRATOM"},"image":{"@id":"https:\/\/www.eukratom.com\/de\/#\/schema\/logo\/image\/"}}]}},"jetpack_sharing_enabled":true,"_links":{"self":[{"href":"https:\/\/www.eukratom.com\/de\/wp-json\/wp\/v2\/pages\/11757","targetHints":{"allow":["GET"]}}],"collection":[{"href":"https:\/\/www.eukratom.com\/de\/wp-json\/wp\/v2\/pages"}],"about":[{"href":"https:\/\/www.eukratom.com\/de\/wp-json\/wp\/v2\/types\/page"}],"author":[{"embeddable":true,"href":"https:\/\/www.eukratom.com\/de\/wp-json\/wp\/v2\/users\/1"}],"replies":[{"embeddable":true,"href":"https:\/\/www.eukratom.com\/de\/wp-json\/wp\/v2\/comments?post=11757"}],"version-history":[{"count":10,"href":"https:\/\/www.eukratom.com\/de\/wp-json\/wp\/v2\/pages\/11757\/revisions"}],"predecessor-version":[{"id":14912,"href":"https:\/\/www.eukratom.com\/de\/wp-json\/wp\/v2\/pages\/11757\/revisions\/14912"}],"wp:featuredmedia":[{"embeddable":true,"href":"https:\/\/www.eukratom.com\/de\/wp-json\/wp\/v2\/media\/11758"}],"wp:attachment":[{"href":"https:\/\/www.eukratom.com\/de\/wp-json\/wp\/v2\/media?parent=11757"}],"curies":[{"name":"wp","href":"https:\/\/api.w.org\/{rel}","templated":true}]}}