{"id":11753,"date":"2022-03-05T09:45:58","date_gmt":"2022-03-05T08:45:58","guid":{"rendered":"https:\/\/www.eukratom.com\/faq\/"},"modified":"2025-12-23T13:27:06","modified_gmt":"2025-12-23T12:27:06","slug":"faq","status":"publish","type":"page","link":"https:\/\/www.eukratom.com\/de\/faq\/","title":{"rendered":"FAQ"},"content":{"rendered":"  <div id=\"page-header-1621061104\" class=\"page-header-wrapper\">\n  <div class=\"page-title light simple-title\">\n\n    \n    <div class=\"page-title-inner container align-center text-center flex-row-col medium-flex-wrap\" >\n              <div class=\"title-wrapper flex-col\">\n          <h1 class=\"entry-title mb-0\">\n            FAQ          <\/h1>\n        <\/div>\n                    <div class=\"title-content flex-col\">\n        <div class=\"title-breadcrumbs pb-half pt-half\"><nav class=\"woocommerce-breadcrumb breadcrumbs uppercase\" aria-label=\"Breadcrumb\">Start<\/nav><\/div>      <\/div>\n    <\/div>\n\n     \n<style>\n#page-header-1621061104 .page-title-inner {\n  min-height: 0px;\n}\n<\/style>\n  <\/div>\n    <\/div>\n   \t<div id=\"text-641885324\" class=\"text\">\n\t\t\n<h2>H\u00e4ufig gestellte Fragen zum Kauf von Kratom in der EU<\/h2>\n<p>Der Online-Kauf von Kratom in der EU kann eine Menge Fragen aufwerfen &#8211; von der Legalit\u00e4t \u00fcber den Versand bis hin zur Suche nach vertrauensw\u00fcrdigen Anbietern. Diese FAQ soll klare, sachliche Antworten geben, damit Sie fundierte Entscheidungen treffen und h\u00e4ufige Fallstricke vermeiden k\u00f6nnen. Es werden keine medizinischen oder konsumbezogenen Behauptungen aufgestellt &#8211; nur eine zuverl\u00e4ssige Anleitung f\u00fcr verantwortungsbewusste K\u00e4ufer.  <\/p>\n<hr>\n\t\t\n<style>\n#text-641885324 {\n  text-align: center;\n}\n<\/style>\n\t<\/div>\n\t\n<h3>Kratom<\/h3>\n<hr>\n<p><strong>Was ist Kratom?<br \/><\/strong>Mitragyna Speciosa ist eine Pflanze, die gemeinhin als Kratom bezeichnet wird. Die Pflanze, Mitragyna Speciosa oder Kratom, ist in S\u00fcdostasien, vor allem in Indonesien, heimisch und w\u00e4chst dort nat\u00fcrlich. <\/p>\n<p><strong>Ist Kratom in Europa legal?<br \/><\/strong>Ja, Kratom ist in der Mehrzahl der <a href=\"https:\/\/www.gov.uk\/eu-eea\">EU-L\u00e4nder<\/a> legal. Wir raten Ihnen jedoch dringend, sich vor einer Bestellung \u00fcber die Legalit\u00e4t in Ihrem Land zu informieren.<\/p>\n<p><strong>Testen Sie Ihr Kratom im Labor?<br \/><\/strong>Ja, unabh\u00e4ngige Drittlabore testen jede Charge.<\/p>\n<h3>Lieferung<\/h3>\n<hr>\n<p><strong data-start=\"79\" data-end=\"116\">Versenden Sie aus den Niederlanden?<\/strong><br data-start=\"116\" data-end=\"119\">Ja, alle unsere Pakete werden von den Niederlanden aus mit PostNL und DHL Express verschickt.<\/p>\n<p><strong data-start=\"197\" data-end=\"227\">Liefern Sie auch in mein Land?<\/strong><br data-start=\"227\" data-end=\"230\">Wir liefern in alle EU-L\u00e4nder sowie nach Gro\u00dfbritannien, <strong data-start=\"273\" data-end=\"293\">au\u00dfer nach Schweden<\/strong>.<\/p>\n<p><strong>Kann ich die Adresse \u00e4ndern, an die meine Bestellung geliefert werden soll?<br \/><\/strong>W\u00e4hrend Sie eine Bestellung aufgeben oder ein Konto anlegen, haben Sie die M\u00f6glichkeit, die Lieferadresse anzugeben.<\/p>\n<p><strong>Kann mein Paket unauff\u00e4llig verpackt werden?<br \/><\/strong>Wir versenden unsere Umverpackungen immer ohne Marke oder Logo.<\/p>\n<p><strong>Senden Sie Pakete direkt an Postf\u00e4cher?<br \/><\/strong>Ja. Wenn Sie die Option f\u00fcr ein Hauspaket oder eine Agentur w\u00e4hlen, wird das Paket in den Briefkasten geliefert. Allerdings kann es vorkommen, dass PostNL die direkte Zustellung in den Briefkasten aus verschiedenen Gr\u00fcnden f\u00fcr unm\u00f6glich h\u00e4lt, aber dennoch an die n\u00e4chstgelegene Agentur zustellt.  <\/p>\n<p><strong>Kann ich das Paket verfolgen?<br \/><\/strong>Ja. Sobald wir das Paket verschickt haben, senden wir die Tracking-Nummer per E-Mail an den Empf\u00e4nger. <\/p>\n<p><strong>Kann ich das Paket bei Ihnen abholen?<br \/><\/strong>Nein.<\/p>\n<h3>Bestellung<\/h3>\n<hr>\n<p><strong>Haben Sie eine Altersgrenze?<br \/><\/strong>Ja. Wir verkaufen nur an Verbraucher, die mindestens 18 Jahre alt sind, und wir behalten uns das Recht vor, Besucher zu \u00fcberpr\u00fcfen und den Service zu verweigern. <\/p>\n<p><strong>Bieten Sie R\u00fcckerstattungen an?<\/strong><br \/>Innerhalb von 14 Tagen nach dem Kauf haben Sie die M\u00f6glichkeit, das Produkt zur\u00fcckzusenden und eine vollst\u00e4ndige R\u00fcckerstattung des Kaufpreises zu erhalten. Allerdings muss die Verpackung versiegelt bleiben. <\/p>\n<p><strong>Kann ich einen Kauf stornieren?<br \/><\/strong>Nat\u00fcrlich sollten Sie sich so schnell wie m\u00f6glich mit unserem Kundenservice in Verbindung setzen. Da wir die Bestellung jedoch nicht stornieren k\u00f6nnen, wenn das Paket bereits auf dem Weg zu Ihnen ist, schicken Sie uns bitte so schnell wie m\u00f6glich eine E-Mail. <\/p>\n<h3>Bezahlung<\/h3>\n<hr>\n<p><strong>Welche Zahlungsmittel akzeptieren Sie?<br \/><\/strong>Wir akzeptieren Zahlungen per Bank\u00fcberweisung.<\/p>\n<p>&nbsp;<\/p>\n<p>Haben Sie keine Antwort auf Ihre Fragen erhalten? Bitte <a href=\"https:\/\/eukratom.com\/de\/contact\/\">wenden Sie sich an unseren Kundenservice<\/a>. Wir bem\u00fchen uns, E-Mails innerhalb von 24 Stunden zu beantworten. <\/p>\n","protected":false},"excerpt":{"rendered":"<p>Kratom Was ist Kratom?Mitragyna Speciosa ist eine Pflanze, die gemeinhin als Kratom bezeichnet wird. Die Pflanze, Mitragyna Speciosa oder Kratom, ist in S\u00fcdostasien, vor allem in Indonesien, heimisch und w\u00e4chst dort nat\u00fcrlich. Ist Kratom in Europa legal?Ja, Kratom ist in der Mehrzahl der EU-L\u00e4nder legal. Wir raten Ihnen jedoch dringend, sich vor einer Bestellung \u00fcber [&#8230;]\n","protected":false},"author":1,"featured_media":0,"parent":0,"menu_order":0,"comment_status":"closed","ping_status":"closed","template":"","meta":{"footnotes":""},"class_list":["post-11753","page","type-page","status-publish","hentry"],"yoast_head":"<!-- This site is optimized with the Yoast SEO plugin v27.5 - https:\/\/yoast.com\/product\/yoast-seo-wordpress\/ -->\n<title>Kratom FAQ | Antworten &amp; Allgemeine Informationen<\/title>\n<meta name=\"description\" content=\"Antworten auf h\u00e4ufige Fragen zu Kratom, Bestellungen, Versand und allgemeinen Informationen. Klare und aktuelle FAQ von EUKratom.\" \/>\n<meta name=\"robots\" content=\"index, follow, max-snippet:-1, max-image-preview:large, max-video-preview:-1\" \/>\n<link rel=\"canonical\" href=\"https:\/\/www.eukratom.com\/de\/faq\/\" \/>\n<meta property=\"og:locale\" content=\"de_DE\" \/>\n<meta property=\"og:type\" content=\"article\" \/>\n<meta property=\"og:title\" content=\"Kratom FAQ | Antworten &amp; Allgemeine Informationen\" \/>\n<meta property=\"og:description\" content=\"Antworten auf h\u00e4ufige Fragen zu Kratom, Bestellungen, Versand und allgemeinen Informationen. Klare und aktuelle FAQ von EUKratom.\" \/>\n<meta property=\"og:url\" content=\"https:\/\/www.eukratom.com\/de\/faq\/\" \/>\n<meta property=\"og:site_name\" content=\"EUKRATOM\" \/>\n<meta property=\"article:modified_time\" content=\"2025-12-23T12:27:06+00:00\" \/>\n<meta name=\"twitter:card\" content=\"summary_large_image\" \/>\n<meta name=\"twitter:label1\" content=\"Gesch\u00e4tzte Lesezeit\" \/>\n\t<meta name=\"twitter:data1\" content=\"3\u00a0Minuten\" \/>\n<script type=\"application\/ld+json\" class=\"yoast-schema-graph\">{\"@context\":\"https:\\\/\\\/schema.org\",\"@graph\":[{\"@type\":\"WebPage\",\"@id\":\"https:\\\/\\\/www.eukratom.com\\\/de\\\/faq\\\/\",\"url\":\"https:\\\/\\\/www.eukratom.com\\\/de\\\/faq\\\/\",\"name\":\"Kratom FAQ | Antworten & Allgemeine Informationen\",\"isPartOf\":{\"@id\":\"https:\\\/\\\/www.eukratom.com\\\/de\\\/#website\"},\"datePublished\":\"2022-03-05T08:45:58+00:00\",\"dateModified\":\"2025-12-23T12:27:06+00:00\",\"description\":\"Antworten auf h\u00e4ufige Fragen zu Kratom, Bestellungen, Versand und allgemeinen Informationen. Klare und aktuelle FAQ von EUKratom.\",\"breadcrumb\":{\"@id\":\"https:\\\/\\\/www.eukratom.com\\\/de\\\/faq\\\/#breadcrumb\"},\"inLanguage\":\"de\",\"potentialAction\":[{\"@type\":\"ReadAction\",\"target\":[\"https:\\\/\\\/www.eukratom.com\\\/de\\\/faq\\\/\"]}]},{\"@type\":\"BreadcrumbList\",\"@id\":\"https:\\\/\\\/www.eukratom.com\\\/de\\\/faq\\\/#breadcrumb\",\"itemListElement\":[{\"@type\":\"ListItem\",\"position\":1,\"name\":\"Home\",\"item\":\"https:\\\/\\\/www.eukratom.com\\\/de\\\/\"},{\"@type\":\"ListItem\",\"position\":2,\"name\":\"FAQ\"}]},{\"@type\":\"WebSite\",\"@id\":\"https:\\\/\\\/www.eukratom.com\\\/de\\\/#website\",\"url\":\"https:\\\/\\\/www.eukratom.com\\\/de\\\/\",\"name\":\"EUKRATOM\",\"description\":\"Best Kratom Online in Europe\",\"publisher\":{\"@id\":\"https:\\\/\\\/www.eukratom.com\\\/de\\\/#organization\"},\"potentialAction\":[{\"@type\":\"SearchAction\",\"target\":{\"@type\":\"EntryPoint\",\"urlTemplate\":\"https:\\\/\\\/www.eukratom.com\\\/de\\\/?s={search_term_string}\"},\"query-input\":{\"@type\":\"PropertyValueSpecification\",\"valueRequired\":true,\"valueName\":\"search_term_string\"}}],\"inLanguage\":\"de\"},{\"@type\":\"Organization\",\"@id\":\"https:\\\/\\\/www.eukratom.com\\\/de\\\/#organization\",\"name\":\"EUKRATOM\",\"url\":\"https:\\\/\\\/www.eukratom.com\\\/de\\\/\",\"logo\":{\"@type\":\"ImageObject\",\"inLanguage\":\"de\",\"@id\":\"https:\\\/\\\/www.eukratom.com\\\/de\\\/#\\\/schema\\\/logo\\\/image\\\/\",\"url\":\"https:\\\/\\\/www.eukratom.com\\\/wp-content\\\/uploads\\\/2023\\\/02\\\/EUkratom.com_.svg\",\"contentUrl\":\"https:\\\/\\\/www.eukratom.com\\\/wp-content\\\/uploads\\\/2023\\\/02\\\/EUkratom.com_.svg\",\"width\":1,\"height\":1,\"caption\":\"EUKRATOM\"},\"image\":{\"@id\":\"https:\\\/\\\/www.eukratom.com\\\/de\\\/#\\\/schema\\\/logo\\\/image\\\/\"}}]}<\/script>\n<!-- \/ Yoast SEO plugin. -->","yoast_head_json":{"title":"Kratom FAQ | Antworten & Allgemeine Informationen","description":"Antworten auf h\u00e4ufige Fragen zu Kratom, Bestellungen, Versand und allgemeinen Informationen. Klare und aktuelle FAQ von EUKratom.","robots":{"index":"index","follow":"follow","max-snippet":"max-snippet:-1","max-image-preview":"max-image-preview:large","max-video-preview":"max-video-preview:-1"},"canonical":"https:\/\/www.eukratom.com\/de\/faq\/","og_locale":"de_DE","og_type":"article","og_title":"Kratom FAQ | Antworten & Allgemeine Informationen","og_description":"Antworten auf h\u00e4ufige Fragen zu Kratom, Bestellungen, Versand und allgemeinen Informationen. Klare und aktuelle FAQ von EUKratom.","og_url":"https:\/\/www.eukratom.com\/de\/faq\/","og_site_name":"EUKRATOM","article_modified_time":"2025-12-23T12:27:06+00:00","twitter_card":"summary_large_image","twitter_misc":{"Gesch\u00e4tzte Lesezeit":"3\u00a0Minuten"},"schema":{"@context":"https:\/\/schema.org","@graph":[{"@type":"WebPage","@id":"https:\/\/www.eukratom.com\/de\/faq\/","url":"https:\/\/www.eukratom.com\/de\/faq\/","name":"Kratom FAQ | Antworten & Allgemeine Informationen","isPartOf":{"@id":"https:\/\/www.eukratom.com\/de\/#website"},"datePublished":"2022-03-05T08:45:58+00:00","dateModified":"2025-12-23T12:27:06+00:00","description":"Antworten auf h\u00e4ufige Fragen zu Kratom, Bestellungen, Versand und allgemeinen Informationen. Klare und aktuelle FAQ von EUKratom.","breadcrumb":{"@id":"https:\/\/www.eukratom.com\/de\/faq\/#breadcrumb"},"inLanguage":"de","potentialAction":[{"@type":"ReadAction","target":["https:\/\/www.eukratom.com\/de\/faq\/"]}]},{"@type":"BreadcrumbList","@id":"https:\/\/www.eukratom.com\/de\/faq\/#breadcrumb","itemListElement":[{"@type":"ListItem","position":1,"name":"Home","item":"https:\/\/www.eukratom.com\/de\/"},{"@type":"ListItem","position":2,"name":"FAQ"}]},{"@type":"WebSite","@id":"https:\/\/www.eukratom.com\/de\/#website","url":"https:\/\/www.eukratom.com\/de\/","name":"EUKRATOM","description":"Best Kratom Online in Europe","publisher":{"@id":"https:\/\/www.eukratom.com\/de\/#organization"},"potentialAction":[{"@type":"SearchAction","target":{"@type":"EntryPoint","urlTemplate":"https:\/\/www.eukratom.com\/de\/?s={search_term_string}"},"query-input":{"@type":"PropertyValueSpecification","valueRequired":true,"valueName":"search_term_string"}}],"inLanguage":"de"},{"@type":"Organization","@id":"https:\/\/www.eukratom.com\/de\/#organization","name":"EUKRATOM","url":"https:\/\/www.eukratom.com\/de\/","logo":{"@type":"ImageObject","inLanguage":"de","@id":"https:\/\/www.eukratom.com\/de\/#\/schema\/logo\/image\/","url":"https:\/\/www.eukratom.com\/wp-content\/uploads\/2023\/02\/EUkratom.com_.svg","contentUrl":"https:\/\/www.eukratom.com\/wp-content\/uploads\/2023\/02\/EUkratom.com_.svg","width":1,"height":1,"caption":"EUKRATOM"},"image":{"@id":"https:\/\/www.eukratom.com\/de\/#\/schema\/logo\/image\/"}}]}},"jetpack_sharing_enabled":true,"_links":{"self":[{"href":"https:\/\/www.eukratom.com\/de\/wp-json\/wp\/v2\/pages\/11753","targetHints":{"allow":["GET"]}}],"collection":[{"href":"https:\/\/www.eukratom.com\/de\/wp-json\/wp\/v2\/pages"}],"about":[{"href":"https:\/\/www.eukratom.com\/de\/wp-json\/wp\/v2\/types\/page"}],"author":[{"embeddable":true,"href":"https:\/\/www.eukratom.com\/de\/wp-json\/wp\/v2\/users\/1"}],"replies":[{"embeddable":true,"href":"https:\/\/www.eukratom.com\/de\/wp-json\/wp\/v2\/comments?post=11753"}],"version-history":[{"count":2,"href":"https:\/\/www.eukratom.com\/de\/wp-json\/wp\/v2\/pages\/11753\/revisions"}],"predecessor-version":[{"id":14891,"href":"https:\/\/www.eukratom.com\/de\/wp-json\/wp\/v2\/pages\/11753\/revisions\/14891"}],"wp:attachment":[{"href":"https:\/\/www.eukratom.com\/de\/wp-json\/wp\/v2\/media?parent=11753"}],"curies":[{"name":"wp","href":"https:\/\/api.w.org\/{rel}","templated":true}]}}