{"id":11744,"date":"2025-06-28T17:44:22","date_gmt":"2025-06-28T15:44:22","guid":{"rendered":"https:\/\/www.eukratom.com\/grosshandel-kratom\/"},"modified":"2025-12-23T13:12:41","modified_gmt":"2025-12-23T12:12:41","slug":"grosshandel-kratom","status":"publish","type":"page","link":"https:\/\/www.eukratom.com\/de\/grosshandel-kratom\/","title":{"rendered":"Gro\u00dfhandel"},"content":{"rendered":"  <div id=\"page-header-1588700632\" class=\"page-header-wrapper\">\n  <div class=\"page-title light simple-title\">\n\n    \n    <div class=\"page-title-inner container align-center text-center flex-row-col medium-flex-wrap\" >\n              <div class=\"title-wrapper flex-col\">\n          <h1 class=\"entry-title mb-0\">\n            Kratom und Alternativen im Gro\u00dfhandel kaufen          <\/h1>\n        <\/div>\n                    <div class=\"title-content flex-col\">\n        <div class=\"title-breadcrumbs pb-half pt-half\"><nav class=\"woocommerce-breadcrumb breadcrumbs uppercase\" aria-label=\"Breadcrumb\">Start<\/nav><\/div>      <\/div>\n    <\/div>\n\n       <\/div>\n    <\/div>\n  \n\n\t<section class=\"section\" id=\"section_373395386\">\n\t\t<div class=\"section-bg fill\" >\n\t\t\t<img loading=\"lazy\" decoding=\"async\" width=\"1200\" height=\"550\" src=\"https:\/\/www.eukratom.com\/wp-content\/uploads\/2025\/06\/EUkratom.webp\" class=\"bg attachment- size-\" alt=\"Das beste Kratom in der EU von EUkratom\" \/>\t\t\t\t\t\t\n\t\t\t\n\n\t\t<\/div>\n\n\t\t\n\t<div class=\"ux-shape-divider ux-shape-divider--bottom ux-shape-divider--style-waves-opacity-3\">\n\t\t<svg viewBox=\"0 0 1000 300\" xmlns=\"http:\/\/www.w3.org\/2000\/svg\" preserveAspectRatio=\"none\">\n\t<path class=\"ux-shape-fill\" opacity=\"0.05\" d=\"M1014 264V386H206L34 300C34 300 344.42 277.16 436 221C542 156 590 160 704 209C811 255 899.11 214.94 979 346L1014 264Z\"\/>\n\t<path class=\"ux-shape-fill\" opacity=\"0.1\" d=\"M-302 55C-302 55 -66.73 263.25 50 214C178 160 283 116 353 141C445.68 174.1 534.28 256.19 588 249C692.9 235 764.52 75.94 855 131C940.61 183.09 1000 254 1000 254V328L-306 338L-302 55Z\"\/>\n\t<path class=\"ux-shape-fill\" opacity=\"0.15\" d=\"M-286 255C-286 255 -72 152 52 126C176 100 255 155 436 227C581.57 284.91 614.7 277.79 708 227C787 184 1009 3.0001 1093 164C1146 265.63 1031 293 1031 293L924 377L-288 389L-286 255Z\"\/>\n\t<path class=\"ux-shape-fill\" opacity=\"0.3\" d=\"M-24 69C-24 69 275.68 370.66 389 314C397 310 622 316 673 356C690.47 369.7 845 224 890 182C944.8 130.85 1018 92 1078 143C1154.12 207.7 1196 242 1196 242L1184 374L-28 386L-24 69Z\"\/>\n\t<path class=\"ux-shape-fill\" d=\"M-12 201C-12 201 58 284 182 258C306 232 342.29 221.23 456 264C565 305 640.82 288.36 721 249C776 222 837.5 191.31 935 253C984 284 1030 279 1030 279L1024 430L-12 440V201Z\"\/>\n<\/svg>\n\t<\/div>\n\n\t\t<div class=\"section-content relative\">\n\t\t\t\n\t\t<\/div>\n\n\t\t\n<style>\n#section_373395386 {\n  padding-top: 30px;\n  padding-bottom: 30px;\n  min-height: 300px;\n}\n#section_373395386 .ux-shape-divider--bottom svg {\n  height: 50px;\n  --divider-width: 100%;\n}\n<\/style>\n\t<\/section>\n\t\n\n\t<section class=\"section\" id=\"section_525074576\">\n\t\t<div class=\"section-bg fill\" >\n\t\t\t\t\t\t\t\t\t\n\t\t\t\n\n\t\t<\/div>\n\n\t\t\n\n\t\t<div class=\"section-content relative\">\n\t\t\t\n<div class=\"row row-collapse\"  id=\"row-1074604532\">\n\n\t<div id=\"col-218234349\" class=\"col medium-9 small-12 large-9\"  >\n\t\t\t\t<div class=\"col-inner\"  >\n\t\t\t\n\t\t\t\n\t<div id=\"text-1508611272\" class=\"text\">\n\t\t\n<h2>Kratom Gro\u00dfhandel &#8211; Gro\u00dfbestellungen &amp; B2B Lieferung<\/h2>\n<p>Sind Sie auf der Suche nach einem zuverl\u00e4ssigen Kratom-Lieferanten f\u00fcr Gro\u00dfeink\u00e4ufe? Bei <strong>EUKratom<\/strong> bieten wir qualitativ hochwertiges Kratom zu Gro\u00dfhandelspreisen f\u00fcr Einzelh\u00e4ndler, Distributoren und Gro\u00dfabnehmer weltweit. <\/p>\n<h3>Warum EUKratom als Ihr Kratom-Gro\u00dfhandelspartner w\u00e4hlen?<\/h3>\n<ul>\n<li><strong><a href=\"https:\/\/nusabotanicals.com\/\">Wir besitzen und kontrollieren<\/a> die gesamte Wertsch\u00f6pfungskette<\/strong> in Indonesien<\/li>\n<li><strong>Laborgepr\u00fcftes, hochwertiges Kratom<\/strong> aus vertrauensw\u00fcrdigen Quellen<\/li>\n<li><strong>Schneller EU-Versand<\/strong> aus unserem europ\u00e4ischen Lager<\/li>\n<li><strong>Wettbewerbsf\u00e4hige Preise<\/strong> mit individuellen Angeboten<\/li>\n<li><strong>Flexible Bestellgr\u00f6\u00dfen<\/strong> und Verpackungsoptionen<\/li>\n<li><strong>Engagierter englischsprachiger B2B-Support<\/strong><\/li>\n<\/ul>\n<h3>Wir passen unser Angebot an Ihre Bed\u00fcrfnisse an<\/h3>\n<ul>\n<li>Ben\u00f6tigen Sie einen schnellen Versand aus unserem europ\u00e4ischen Lager?<\/li>\n<li>Suchen Sie nach den frischesten Produkten, die direkt von den Bauern bezogen werden?<\/li>\n<li>Sie m\u00f6chten verkaufsfertige gef\u00fcllte und versiegelte Standbodenbeutel mit Ihrem Branding?<\/li>\n<li>Bevorzugen Sie 1-5 kg vakuumversiegelte Gro\u00dfverpackungen?<\/li>\n<li>Ben\u00f6tigen Sie eine professionelle Website?<\/li>\n<\/ul>\n<p><strong>Der Himmel ist die Grenze &#8211; sagen Sie uns, was Sie brauchen, und wir machen es m\u00f6glich.<\/strong><\/p>\n<h3>Brauchen Sie eine Website?<\/h3>\n<p>Wir bieten auch komplette Website-L\u00f6sungen f\u00fcr Wiederverk\u00e4ufer, Gro\u00dfh\u00e4ndler und Eigenmarken an. Ganz gleich, ob Sie eine einfache Landing Page oder einen voll ausgestatteten E-Commerce-Shop ben\u00f6tigen, wir k\u00f6nnen Ihnen helfen, online zu gehen &#8211; schnell, professionell und kosteng\u00fcnstig. Wir bieten auch monatliche SEO-Services an, um besser zu ranken.  <\/p>\n<h3>Wer kann Kratom im Gro\u00dfhandel bestellen?<\/h3>\n<p>Wir arbeiten mit einer Vielzahl von Partnern zusammen, darunter:<\/p>\n<ul>\n<li>Online-Shops und physische Einzelh\u00e4ndler<\/li>\n<li>Wiederverk\u00e4ufer auf der Suche nach margenstarken Produkten<\/li>\n<li>Einzelne Gro\u00dfabnehmer<\/li>\n<\/ul>\n<h3>Wie Sie eine Gro\u00dfhandelsanfrage stellen<\/h3>\n<p>To request a wholesale price list or place a bulk order, contact us through the form below or email us directly at: <a href=\"mailto:contact@eukratom.com\">contact@eukratom.com<\/a>. Partner with one of Europe\u2019s most trusted kratom providers \u2014 we\u2019re ready to support your business growth with reliable products and great service.<\/p>\n<h2>Kratom-Alternativen Gro\u00dfhandel &#8211; Gro\u00dfbestellungen &amp; B2B Lieferung<\/h2>\n<p>Neben Premium-Kratom liefert EUKratom auch eine Reihe nat\u00fcrlicher Kratom-Alternativen, die f\u00fcr Wiederverk\u00e4ufer und Wellness-Marken geeignet sind, insbesondere in Regionen, in denen Kratom verboten oder eingeschr\u00e4nkt ist. Diese pflanzlichen Alternativen k\u00f6nnen auch in gro\u00dfen Mengen bestellt werden, mit demselben zuverl\u00e4ssigen Service und zu wettbewerbsf\u00e4higen Preisen. Unsere Auswahl umfasst:  <\/p>\n<ul>\n<li><strong>Mitragyna Hirsuta<\/strong><\/li>\n<li><strong>Mitragyna Javanica<\/strong><\/li>\n<li><strong>Mitragyna Rotundifolia<\/strong><\/li>\n<li><strong>Sakae Naa (Combretum quadrangulare)<\/strong><\/li>\n<li><strong>Blauer Lotus (Nymphaea caerulea)<\/strong><\/li>\n<li><strong>Akuamma (Picralima nitida)<\/strong><\/li>\n<li><strong>Damiana (Turnera diffusa)<\/strong><\/li>\n<\/ul>\n<h2>Sind Sie bereit anzufangen?<\/h2>\n<p>F\u00fcllen Sie das untenstehende Formular aus und unser Team wird sich innerhalb von 24 Stunden mit Ihnen in Verbindung setzen, um Ihnen Preise, Verf\u00fcgbarkeit und die n\u00e4chsten Schritte mitzuteilen. Keine Verpflichtung &#8211; nur ein Gespr\u00e4ch. <\/p>\n\t\t\n<style>\n#text-1508611272 {\n  text-align: left;\n}\n<\/style>\n\t<\/div>\n\t\n\t\t<\/div>\n\t\t\t\t\t<\/div>\n\n\t\n\n\t<div id=\"col-58251918\" class=\"col medium-9 small-12 large-9\"  >\n\t\t\t\t<div class=\"col-inner text-left\"  >\n\t\t\t\n\t\t\t\n\n<div class=\"wpcf7 no-js\" id=\"wpcf7-f11829-o1\" lang=\"de-DE\" dir=\"ltr\" data-wpcf7-id=\"11829\">\n<div class=\"screen-reader-response\"><p role=\"status\" aria-live=\"polite\" aria-atomic=\"true\"><\/p> <ul><\/ul><\/div>\n<form action=\"\/de\/wp-json\/wp\/v2\/pages\/11744#wpcf7-f11829-o1\" method=\"post\" class=\"wpcf7-form init\" aria-label=\"Kontaktformular\" novalidate=\"novalidate\" data-status=\"init\">\n<fieldset class=\"hidden-fields-container\"><input type=\"hidden\" name=\"_wpcf7\" value=\"11829\" \/><input type=\"hidden\" name=\"_wpcf7_version\" value=\"6.1.5\" \/><input type=\"hidden\" name=\"_wpcf7_locale\" value=\"de_DE\" \/><input type=\"hidden\" name=\"_wpcf7_unit_tag\" value=\"wpcf7-f11829-o1\" \/><input type=\"hidden\" name=\"_wpcf7_container_post\" value=\"0\" \/><input type=\"hidden\" name=\"_wpcf7_posted_data_hash\" value=\"\" \/>\n<\/fieldset>\n<p><span class=\"wpcf7-form-control-wrap\" data-name=\"ihr-name\"><input size=\"40\" maxlength=\"400\" class=\"wpcf7-form-control wpcf7-text wpcf7-validates-as-required\" aria-required=\"true\" aria-invalid=\"false\" value=\"Vollst\u00e4ndiger Name*\" type=\"text\" name=\"ihr-name\" \/><\/span>\n<\/p>\n<p><span class=\"wpcf7-form-control-wrap\" data-name=\"your-company\"><input size=\"40\" maxlength=\"400\" class=\"wpcf7-form-control wpcf7-text\" aria-invalid=\"false\" placeholder=\"Name des Unternehmens\" value=\"\" type=\"text\" name=\"your-company\" \/><\/span>\n<\/p>\n<p>[email*Ihre-E-Mail-Platzhalter \"E-Mail-Adresse*\"]\n<\/p>\n<p><span class=\"wpcf7-form-control-wrap\" data-name=\"your-phone\"><input size=\"40\" maxlength=\"400\" class=\"wpcf7-form-control wpcf7-tel wpcf7-text wpcf7-validates-as-tel\" aria-invalid=\"false\" placeholder=\"Telefon Nummer\" value=\"\" type=\"tel\" name=\"your-phone\" \/><\/span>\n<\/p>\n<p><span class=\"wpcf7-form-control-wrap\" data-name=\"ihr-land\"><input size=\"40\" maxlength=\"400\" class=\"wpcf7-form-control wpcf7-text wpcf7-validates-as-required\" aria-required=\"true\" aria-invalid=\"false\" value=\"Land*\" type=\"text\" name=\"ihr-land\" \/><\/span>\n<\/p>\n<p><span class=\"wpcf7-form-control-wrap\" data-name=\"your-business-type\"><select class=\"wpcf7-form-control wpcf7-select wpcf7-validates-as-required\" id=\"your-business-type\" aria-required=\"true\" aria-invalid=\"false\" name=\"your-business-type\"><option value=\"Art des Gesch\u00e4fts*\">Art des Gesch\u00e4fts*<\/option><option value=\"Einzelh\u00e4ndler\">Einzelh\u00e4ndler<\/option><option value=\"Vertriebsh\u00e4ndler\">Vertriebsh\u00e4ndler<\/option><option value=\"Online-Shop\">Online-Shop<\/option><option value=\"Pers\u00f6nliche Gro\u00dfbestellung\">Pers\u00f6nliche Gro\u00dfbestellung<\/option><option value=\"Andere\">Andere<\/option><\/select><\/span>\n<\/p>\n<p><span class=\"wpcf7-form-control-wrap\" data-name=\"your-volume\"><select class=\"wpcf7-form-control wpcf7-select\" id=\"your-volume\" aria-invalid=\"false\" name=\"your-volume\"><option value=\"Gesch\u00e4tztes monatliches Volumen\">Gesch\u00e4tztes monatliches Volumen<\/option><option value=\"10-20 kg\">10-20 kg<\/option><option value=\"20-50 kg\">20-50 kg<\/option><option value=\"50-100 kg\">50-100 kg<\/option><option value=\"100-500 kg\">100-500 kg<\/option><option value=\"500+ kg\">500+ kg<\/option><option value=\"Bin noch nicht sicher\">Bin noch nicht sicher<\/option><\/select><\/span>\n<\/p>\n<p><label>An welchen Produkten sind Sie interessiert?<\/label><br \/>\n<span class=\"wpcf7-form-control-wrap\" data-name=\"your-products\"><span class=\"wpcf7-form-control wpcf7-checkbox wpcf7-validates-as-required\"><span class=\"wpcf7-list-item first\"><label><input type=\"checkbox\" name=\"your-products[]\" value=\"Kratom Pulver\" \/><span class=\"wpcf7-list-item-label\">Kratom Pulver<\/span><\/label><\/span><span class=\"wpcf7-list-item\"><label><input type=\"checkbox\" name=\"your-products[]\" value=\"Mitragyna Hirsuta\" \/><span class=\"wpcf7-list-item-label\">Mitragyna Hirsuta<\/span><\/label><\/span><span class=\"wpcf7-list-item\"><label><input type=\"checkbox\" name=\"your-products[]\" value=\"Mitragyna Javanica\" \/><span class=\"wpcf7-list-item-label\">Mitragyna Javanica<\/span><\/label><\/span><span class=\"wpcf7-list-item\"><label><input type=\"checkbox\" name=\"your-products[]\" value=\"Mitragyna Rotundifolia\" \/><span class=\"wpcf7-list-item-label\">Mitragyna Rotundifolia<\/span><\/label><\/span><span class=\"wpcf7-list-item\"><label><input type=\"checkbox\" name=\"your-products[]\" value=\"Sakae Naa\" \/><span class=\"wpcf7-list-item-label\">Sakae Naa<\/span><\/label><\/span><span class=\"wpcf7-list-item\"><label><input type=\"checkbox\" name=\"your-products[]\" value=\"Akuamma\" \/><span class=\"wpcf7-list-item-label\">Akuamma<\/span><\/label><\/span><span class=\"wpcf7-list-item\"><label><input type=\"checkbox\" name=\"your-products[]\" value=\"Blue Lotus\" \/><span class=\"wpcf7-list-item-label\">Blue Lotus<\/span><\/label><\/span><span class=\"wpcf7-list-item last\"><label><input type=\"checkbox\" name=\"your-products[]\" value=\"Damiana\" \/><span class=\"wpcf7-list-item-label\">Damiana<\/span><\/label><\/span><\/span><\/span>\n<\/p>\n<p><label>Wie m\u00f6chten Sie es verpackt haben?<\/label><br \/>\n<span class=\"wpcf7-form-control-wrap\" data-name=\"your-packaging\"><span class=\"wpcf7-form-control wpcf7-checkbox wpcf7-validates-as-required\"><span class=\"wpcf7-list-item first\"><label><input type=\"checkbox\" name=\"your-packaging[]\" value=\"Bulk-Beutel (1-5kg Vakuum)\" \/><span class=\"wpcf7-list-item-label\">Bulk-Beutel (1-5kg Vakuum)<\/span><\/label><\/span><span class=\"wpcf7-list-item\"><label><input type=\"checkbox\" name=\"your-packaging[]\" value=\"Eigenmarke\" \/><span class=\"wpcf7-list-item-label\">Eigenmarke<\/span><\/label><\/span><span class=\"wpcf7-list-item last\"><label><input type=\"checkbox\" name=\"your-packaging[]\" value=\"Vorgef\u00fcllte Standbodenbeutel\" \/><span class=\"wpcf7-list-item-label\">Vorgef\u00fcllte Standbodenbeutel<\/span><\/label><\/span><\/span><\/span>\n<\/p>\n<p><label>Sind Sie an unseren anderen Dienstleistungen interessiert?<\/label><br \/>\n<span class=\"wpcf7-form-control-wrap\" data-name=\"your-services\"><span class=\"wpcf7-form-control wpcf7-checkbox wpcf7-validates-as-required\"><span class=\"wpcf7-list-item first\"><label><input type=\"checkbox\" name=\"your-services[]\" value=\"Eine neue, sofort einsatzbereite Website\" \/><span class=\"wpcf7-list-item-label\">Eine neue, sofort einsatzbereite Website<\/span><\/label><\/span><span class=\"wpcf7-list-item\"><label><input type=\"checkbox\" name=\"your-services[]\" value=\"Monatliche SEO, um besser zu ranken\" \/><span class=\"wpcf7-list-item-label\">Monatliche SEO, um besser zu ranken<\/span><\/label><\/span><span class=\"wpcf7-list-item last\"><label><input type=\"checkbox\" name=\"your-services[]\" value=\"Nein, danke\" \/><span class=\"wpcf7-list-item-label\">Nein, danke<\/span><\/label><\/span><\/span><\/span>\n<\/p>\n<p><label for=\"your-message\">Erz\u00e4hlen Sie uns ein wenig \u00fcber Ihre Bed\u00fcrfnisse<\/label><br \/>\n<span class=\"wpcf7-form-control-wrap\" data-name=\"your-message\"><textarea cols=\"40\" rows=\"10\" maxlength=\"2000\" class=\"wpcf7-form-control wpcf7-textarea\" id=\"your-message\" aria-invalid=\"false\" placeholder=\"Schreiben Sie uns alles, was wir wissen sollten, z. B. Lieferpr\u00e4ferenzen, Belastungsw\u00fcnsche, Angaben zum Branding usw.\" name=\"your-message\"><\/textarea><\/span>\n<\/p>\n<p><input class=\"wpcf7-form-control wpcf7-submit has-spinner\" type=\"submit\" value=\"Gro\u00dfhandelsanfrage starten\" \/>\n<\/p><input type=\"hidden\" id=\"ct_checkjs_cf7_4734ba6f3de83d861c3176a6273cac6d\" name=\"ct_checkjs_cf7\" value=\"0\" \/><script >setTimeout(function(){var ct_input_name = \"ct_checkjs_cf7_4734ba6f3de83d861c3176a6273cac6d\";if (document.getElementById(ct_input_name) !== null) {var ct_input_value = document.getElementById(ct_input_name).value;document.getElementById(ct_input_name).value = document.getElementById(ct_input_name).value.replace(ct_input_value, '1169281599');}}, 1000);<\/script><input\n                    class=\"apbct_special_field apbct_email_id__wp_contact_form_7\"\n                    name=\"apbct__email_id__wp_contact_form_7\"\n                    aria-label=\"apbct__label_id__wp_contact_form_7\"\n                    type=\"text\" size=\"30\" maxlength=\"200\" autocomplete=\"off\"\n                    value=\"\"\n                \/><div class=\"wpcf7-response-output\" aria-hidden=\"true\"><\/div>\n<\/form>\n<\/div>\n\n\t\t<\/div>\n\t\t\t\t\t<\/div>\n\n\t\n<\/div>\n\t\t<\/div>\n\n\t\t\n<style>\n#section_525074576 {\n  padding-top: 30px;\n  padding-bottom: 30px;\n}\n<\/style>\n\t<\/section>\n\t\n","protected":false},"excerpt":{"rendered":"","protected":false},"author":6,"featured_media":0,"parent":0,"menu_order":0,"comment_status":"closed","ping_status":"closed","template":"","meta":{"footnotes":""},"class_list":["post-11744","page","type-page","status-publish","hentry"],"yoast_head":"<!-- This site is optimized with the Yoast SEO plugin v27.5 - https:\/\/yoast.com\/product\/yoast-seo-wordpress\/ -->\n<title>Kratom &amp; Alternativen Gro\u00dfhandel | B2B Lieferant EU<\/title>\n<meta name=\"description\" content=\"Kratom und Alternativen im Gro\u00dfhandel kaufen. Gepr\u00fcfte Qualit\u00e4t, schneller EU-Versand und flexible B2B-L\u00f6sungen f\u00fcr H\u00e4ndler.\" \/>\n<meta name=\"robots\" content=\"index, follow, max-snippet:-1, max-image-preview:large, max-video-preview:-1\" \/>\n<link rel=\"canonical\" href=\"https:\/\/www.eukratom.com\/de\/grosshandel-kratom\/\" \/>\n<meta property=\"og:locale\" content=\"de_DE\" \/>\n<meta property=\"og:type\" content=\"article\" \/>\n<meta property=\"og:title\" content=\"Kratom &amp; Alternativen Gro\u00dfhandel | B2B Lieferant EU\" \/>\n<meta property=\"og:description\" content=\"Kratom und Alternativen im Gro\u00dfhandel kaufen. Gepr\u00fcfte Qualit\u00e4t, schneller EU-Versand und flexible B2B-L\u00f6sungen f\u00fcr H\u00e4ndler.\" \/>\n<meta property=\"og:url\" content=\"https:\/\/www.eukratom.com\/de\/grosshandel-kratom\/\" \/>\n<meta property=\"og:site_name\" content=\"EUKRATOM\" \/>\n<meta property=\"article:modified_time\" content=\"2025-12-23T12:12:41+00:00\" \/>\n<meta name=\"twitter:card\" content=\"summary_large_image\" \/>\n<meta name=\"twitter:label1\" content=\"Gesch\u00e4tzte Lesezeit\" \/>\n\t<meta name=\"twitter:data1\" content=\"2\u00a0Minuten\" \/>\n<script type=\"application\/ld+json\" class=\"yoast-schema-graph\">{\"@context\":\"https:\\\/\\\/schema.org\",\"@graph\":[{\"@type\":\"WebPage\",\"@id\":\"https:\\\/\\\/www.eukratom.com\\\/de\\\/grosshandel-kratom\\\/\",\"url\":\"https:\\\/\\\/www.eukratom.com\\\/de\\\/grosshandel-kratom\\\/\",\"name\":\"Kratom & Alternativen Gro\u00dfhandel | B2B Lieferant EU\",\"isPartOf\":{\"@id\":\"https:\\\/\\\/www.eukratom.com\\\/de\\\/#website\"},\"datePublished\":\"2025-06-28T15:44:22+00:00\",\"dateModified\":\"2025-12-23T12:12:41+00:00\",\"description\":\"Kratom und Alternativen im Gro\u00dfhandel kaufen. Gepr\u00fcfte Qualit\u00e4t, schneller EU-Versand und flexible B2B-L\u00f6sungen f\u00fcr H\u00e4ndler.\",\"breadcrumb\":{\"@id\":\"https:\\\/\\\/www.eukratom.com\\\/de\\\/grosshandel-kratom\\\/#breadcrumb\"},\"inLanguage\":\"de\",\"potentialAction\":[{\"@type\":\"ReadAction\",\"target\":[\"https:\\\/\\\/www.eukratom.com\\\/de\\\/grosshandel-kratom\\\/\"]}]},{\"@type\":\"BreadcrumbList\",\"@id\":\"https:\\\/\\\/www.eukratom.com\\\/de\\\/grosshandel-kratom\\\/#breadcrumb\",\"itemListElement\":[{\"@type\":\"ListItem\",\"position\":1,\"name\":\"Home\",\"item\":\"https:\\\/\\\/www.eukratom.com\\\/de\\\/\"},{\"@type\":\"ListItem\",\"position\":2,\"name\":\"Gro\u00dfhandel\"}]},{\"@type\":\"WebSite\",\"@id\":\"https:\\\/\\\/www.eukratom.com\\\/de\\\/#website\",\"url\":\"https:\\\/\\\/www.eukratom.com\\\/de\\\/\",\"name\":\"EUKRATOM\",\"description\":\"Best Kratom Online in Europe\",\"publisher\":{\"@id\":\"https:\\\/\\\/www.eukratom.com\\\/de\\\/#organization\"},\"potentialAction\":[{\"@type\":\"SearchAction\",\"target\":{\"@type\":\"EntryPoint\",\"urlTemplate\":\"https:\\\/\\\/www.eukratom.com\\\/de\\\/?s={search_term_string}\"},\"query-input\":{\"@type\":\"PropertyValueSpecification\",\"valueRequired\":true,\"valueName\":\"search_term_string\"}}],\"inLanguage\":\"de\"},{\"@type\":\"Organization\",\"@id\":\"https:\\\/\\\/www.eukratom.com\\\/de\\\/#organization\",\"name\":\"EUKRATOM\",\"url\":\"https:\\\/\\\/www.eukratom.com\\\/de\\\/\",\"logo\":{\"@type\":\"ImageObject\",\"inLanguage\":\"de\",\"@id\":\"https:\\\/\\\/www.eukratom.com\\\/de\\\/#\\\/schema\\\/logo\\\/image\\\/\",\"url\":\"https:\\\/\\\/www.eukratom.com\\\/wp-content\\\/uploads\\\/2023\\\/02\\\/EUkratom.com_.svg\",\"contentUrl\":\"https:\\\/\\\/www.eukratom.com\\\/wp-content\\\/uploads\\\/2023\\\/02\\\/EUkratom.com_.svg\",\"width\":1,\"height\":1,\"caption\":\"EUKRATOM\"},\"image\":{\"@id\":\"https:\\\/\\\/www.eukratom.com\\\/de\\\/#\\\/schema\\\/logo\\\/image\\\/\"}}]}<\/script>\n<!-- \/ Yoast SEO plugin. -->","yoast_head_json":{"title":"Kratom & Alternativen Gro\u00dfhandel | B2B Lieferant EU","description":"Kratom und Alternativen im Gro\u00dfhandel kaufen. Gepr\u00fcfte Qualit\u00e4t, schneller EU-Versand und flexible B2B-L\u00f6sungen f\u00fcr H\u00e4ndler.","robots":{"index":"index","follow":"follow","max-snippet":"max-snippet:-1","max-image-preview":"max-image-preview:large","max-video-preview":"max-video-preview:-1"},"canonical":"https:\/\/www.eukratom.com\/de\/grosshandel-kratom\/","og_locale":"de_DE","og_type":"article","og_title":"Kratom & Alternativen Gro\u00dfhandel | B2B Lieferant EU","og_description":"Kratom und Alternativen im Gro\u00dfhandel kaufen. Gepr\u00fcfte Qualit\u00e4t, schneller EU-Versand und flexible B2B-L\u00f6sungen f\u00fcr H\u00e4ndler.","og_url":"https:\/\/www.eukratom.com\/de\/grosshandel-kratom\/","og_site_name":"EUKRATOM","article_modified_time":"2025-12-23T12:12:41+00:00","twitter_card":"summary_large_image","twitter_misc":{"Gesch\u00e4tzte Lesezeit":"2\u00a0Minuten"},"schema":{"@context":"https:\/\/schema.org","@graph":[{"@type":"WebPage","@id":"https:\/\/www.eukratom.com\/de\/grosshandel-kratom\/","url":"https:\/\/www.eukratom.com\/de\/grosshandel-kratom\/","name":"Kratom & Alternativen Gro\u00dfhandel | B2B Lieferant EU","isPartOf":{"@id":"https:\/\/www.eukratom.com\/de\/#website"},"datePublished":"2025-06-28T15:44:22+00:00","dateModified":"2025-12-23T12:12:41+00:00","description":"Kratom und Alternativen im Gro\u00dfhandel kaufen. Gepr\u00fcfte Qualit\u00e4t, schneller EU-Versand und flexible B2B-L\u00f6sungen f\u00fcr H\u00e4ndler.","breadcrumb":{"@id":"https:\/\/www.eukratom.com\/de\/grosshandel-kratom\/#breadcrumb"},"inLanguage":"de","potentialAction":[{"@type":"ReadAction","target":["https:\/\/www.eukratom.com\/de\/grosshandel-kratom\/"]}]},{"@type":"BreadcrumbList","@id":"https:\/\/www.eukratom.com\/de\/grosshandel-kratom\/#breadcrumb","itemListElement":[{"@type":"ListItem","position":1,"name":"Home","item":"https:\/\/www.eukratom.com\/de\/"},{"@type":"ListItem","position":2,"name":"Gro\u00dfhandel"}]},{"@type":"WebSite","@id":"https:\/\/www.eukratom.com\/de\/#website","url":"https:\/\/www.eukratom.com\/de\/","name":"EUKRATOM","description":"Best Kratom Online in Europe","publisher":{"@id":"https:\/\/www.eukratom.com\/de\/#organization"},"potentialAction":[{"@type":"SearchAction","target":{"@type":"EntryPoint","urlTemplate":"https:\/\/www.eukratom.com\/de\/?s={search_term_string}"},"query-input":{"@type":"PropertyValueSpecification","valueRequired":true,"valueName":"search_term_string"}}],"inLanguage":"de"},{"@type":"Organization","@id":"https:\/\/www.eukratom.com\/de\/#organization","name":"EUKRATOM","url":"https:\/\/www.eukratom.com\/de\/","logo":{"@type":"ImageObject","inLanguage":"de","@id":"https:\/\/www.eukratom.com\/de\/#\/schema\/logo\/image\/","url":"https:\/\/www.eukratom.com\/wp-content\/uploads\/2023\/02\/EUkratom.com_.svg","contentUrl":"https:\/\/www.eukratom.com\/wp-content\/uploads\/2023\/02\/EUkratom.com_.svg","width":1,"height":1,"caption":"EUKRATOM"},"image":{"@id":"https:\/\/www.eukratom.com\/de\/#\/schema\/logo\/image\/"}}]}},"jetpack_sharing_enabled":true,"_links":{"self":[{"href":"https:\/\/www.eukratom.com\/de\/wp-json\/wp\/v2\/pages\/11744","targetHints":{"allow":["GET"]}}],"collection":[{"href":"https:\/\/www.eukratom.com\/de\/wp-json\/wp\/v2\/pages"}],"about":[{"href":"https:\/\/www.eukratom.com\/de\/wp-json\/wp\/v2\/types\/page"}],"author":[{"embeddable":true,"href":"https:\/\/www.eukratom.com\/de\/wp-json\/wp\/v2\/users\/6"}],"replies":[{"embeddable":true,"href":"https:\/\/www.eukratom.com\/de\/wp-json\/wp\/v2\/comments?post=11744"}],"version-history":[{"count":4,"href":"https:\/\/www.eukratom.com\/de\/wp-json\/wp\/v2\/pages\/11744\/revisions"}],"predecessor-version":[{"id":14871,"href":"https:\/\/www.eukratom.com\/de\/wp-json\/wp\/v2\/pages\/11744\/revisions\/14871"}],"wp:attachment":[{"href":"https:\/\/www.eukratom.com\/de\/wp-json\/wp\/v2\/media?parent=11744"}],"curies":[{"name":"wp","href":"https:\/\/api.w.org\/{rel}","templated":true}]}}